{"id":97,"date":"2011-09-29T08:59:02","date_gmt":"2011-09-29T08:59:02","guid":{"rendered":"http:\/\/www.bc-maps.com\/mapa-vectorial-eps\/"},"modified":"2025-12-03T08:30:54","modified_gmt":"2025-12-03T08:30:54","slug":"sevilla","status":"publish","type":"page","link":"https:\/\/www.bc-maps.com\/mapa-vectorial-eps\/mapas-vectoriales\/espana\/ciudades\/sevilla\/","title":{"rendered":"Sevilla mapa vectorial illustrator eps editable"},"content":{"rendered":"\n<h1 class=\"wp-block-heading\">Planos y mapas vectoriales de Sevilla<\/h1>\n\n\n\n<h2 class=\"wp-block-heading\">Mapas vectoriales editables en formato eps, illustrator o pdf.<\/h2>\n\n\n\n<h3 class=\"wp-block-heading\">Planos vectoriales de ciudades<\/h3>\n\n\n\n<p>Podemos crear cualquier tipo de mapa de la ciudad de Sevilla, planos parciales, planos generales, planos de detalle\u2026etc.<\/p>\n\n\n\n<figure class=\"wp-block-gallery has-nested-images columns-default is-cropped wp-block-gallery-1 is-layout-flex wp-block-gallery-is-layout-flex\">\n<figure class=\"wp-block-image size-large\"><a href=\"https:\/\/www.bc-maps.com\/wp-content\/uploads\/2011\/09\/LUPA-SEVILLA.jpg\" target=\"_blank\" rel=\"noopener noreferrer\"><img loading=\"lazy\" decoding=\"async\" width=\"963\" height=\"1024\" data-id=\"3441\" src=\"https:\/\/www.bc-maps.com\/wp-content\/uploads\/2011\/09\/LUPA-SEVILLA-963x1024.jpg\" alt=\"Mapa vectorial Sevilla illustrator eps zoom\" class=\"wp-image-3441\" srcset=\"https:\/\/www.bc-maps.com\/wp-content\/uploads\/2011\/09\/LUPA-SEVILLA-963x1024.jpg 963w, https:\/\/www.bc-maps.com\/wp-content\/uploads\/2011\/09\/LUPA-SEVILLA-282x300.jpg 282w, https:\/\/www.bc-maps.com\/wp-content\/uploads\/2011\/09\/LUPA-SEVILLA-768x816.jpg 768w\" sizes=\"auto, (max-width: 963px) 100vw, 963px\" \/><\/a><figcaption class=\"wp-element-caption\">Mapa vectorial Sevilla illustrator eps zoom<\/figcaption><\/figure>\n<\/figure>\n\n\n\n<figure class=\"wp-block-gallery has-nested-images columns-default is-cropped wp-block-gallery-2 is-layout-flex wp-block-gallery-is-layout-flex\">\n<figure class=\"wp-block-image size-large\"><a href=\"https:\/\/www.bc-maps.com\/wp-content\/uploads\/2011\/09\/mapa-vectorial-illustrator-eps-Sevilla-full.jpg\" target=\"_blank\" rel=\"noopener noreferrer\"><img loading=\"lazy\" decoding=\"async\" width=\"1024\" height=\"938\" data-id=\"3442\" src=\"https:\/\/www.bc-maps.com\/wp-content\/uploads\/2011\/09\/mapa-vectorial-illustrator-eps-Sevilla-full-1024x938.jpg\" alt=\"mapa vectorial illustrator eps Sevilla full\" class=\"wp-image-3442\" srcset=\"https:\/\/www.bc-maps.com\/wp-content\/uploads\/2011\/09\/mapa-vectorial-illustrator-eps-Sevilla-full-1024x938.jpg 1024w, https:\/\/www.bc-maps.com\/wp-content\/uploads\/2011\/09\/mapa-vectorial-illustrator-eps-Sevilla-full-300x275.jpg 300w, https:\/\/www.bc-maps.com\/wp-content\/uploads\/2011\/09\/mapa-vectorial-illustrator-eps-Sevilla-full-768x703.jpg 768w, https:\/\/www.bc-maps.com\/wp-content\/uploads\/2011\/09\/mapa-vectorial-illustrator-eps-Sevilla-full.jpg 1772w\" sizes=\"auto, (max-width: 1024px) 100vw, 1024px\" \/><\/a><figcaption class=\"wp-element-caption\">mapa vectorial illustrator eps Sevilla full<\/figcaption><\/figure>\n<\/figure>\n\n\n\n<p>&nbsp;<\/p>\n\n\n\n<p>El contenido depender\u00e1 del tama\u00f1o de la zona y la escala o medidas de reproducci\u00f3n, no trabajamos con textos inferiores a 5 puntos para que sean legibles.<\/p>\n\n\n\n<p>La informaci\u00f3n disponible va desde&nbsp;monumentos, lugares de inter\u00e9s y populares, museos, oficinas de turismo, centros comerciales, medios de transporte.<\/p>\n\n\n\n<p>Tambi\u00e9n podemos a\u00f1adir cualquier otra informaci\u00f3n pr\u00e1ctica que nos soliciten ustedes.<\/p>\n\n\n\n<p>Nuestros mapas est\u00e1n estructurados por medio de capas y son totalmente editables, modificables, &nbsp;tanto &nbsp;colores y&nbsp;fuentes\/textos.<\/p>\n\n\n\n<p>Nuestro ficheros&nbsp;son libres de derechos para cualquier reproducci\u00f3n, incluyendo nuestro copyright.<\/p>\n\n\n\n<p>Los maps&nbsp;est\u00e1n creados con licencias oficiales de programas de <a href=\"http:\/\/www.adobe.com\/es\">Adobe<\/a>, habitualmente entregamos en version CC, pero podemos entregar tambi\u00e9n en otras versiones.<\/p>\n","protected":false},"excerpt":{"rendered":"<p>Planos y mapas vectoriales de Sevilla Mapas vectoriales editables en formato eps, illustrator o pdf. Planos vectoriales de ciudades Podemos crear cualquier tipo de mapa de la ciudad de Sevilla, planos parciales, planos generales, planos de detalle\u2026etc. &nbsp; El contenido depender\u00e1 del tama\u00f1o de la zona y la escala o medidas de reproducci\u00f3n, no trabajamos &hellip; <a href=\"https:\/\/www.bc-maps.com\/mapa-vectorial-eps\/mapas-vectoriales\/espana\/ciudades\/sevilla\/\" class=\"more-link\">Seguir leyendo <span class=\"screen-reader-text\">Sevilla mapa vectorial illustrator eps editable<\/span> <span class=\"meta-nav\">&rarr;<\/span><\/a><\/p>\n","protected":false},"author":1,"featured_media":3442,"parent":52,"menu_order":3,"comment_status":"closed","ping_status":"closed","template":"","meta":{"footnotes":""},"class_list":["post-97","page","type-page","status-publish","has-post-thumbnail","hentry"],"_links":{"self":[{"href":"https:\/\/www.bc-maps.com\/mapa-vectorial-eps\/wp-json\/wp\/v2\/pages\/97","targetHints":{"allow":["GET"]}}],"collection":[{"href":"https:\/\/www.bc-maps.com\/mapa-vectorial-eps\/wp-json\/wp\/v2\/pages"}],"about":[{"href":"https:\/\/www.bc-maps.com\/mapa-vectorial-eps\/wp-json\/wp\/v2\/types\/page"}],"author":[{"embeddable":true,"href":"https:\/\/www.bc-maps.com\/mapa-vectorial-eps\/wp-json\/wp\/v2\/users\/1"}],"replies":[{"embeddable":true,"href":"https:\/\/www.bc-maps.com\/mapa-vectorial-eps\/wp-json\/wp\/v2\/comments?post=97"}],"version-history":[{"count":5,"href":"https:\/\/www.bc-maps.com\/mapa-vectorial-eps\/wp-json\/wp\/v2\/pages\/97\/revisions"}],"predecessor-version":[{"id":8236,"href":"https:\/\/www.bc-maps.com\/mapa-vectorial-eps\/wp-json\/wp\/v2\/pages\/97\/revisions\/8236"}],"up":[{"embeddable":true,"href":"https:\/\/www.bc-maps.com\/mapa-vectorial-eps\/wp-json\/wp\/v2\/pages\/52"}],"wp:featuredmedia":[{"embeddable":true,"href":"https:\/\/www.bc-maps.com\/mapa-vectorial-eps\/wp-json\/wp\/v2\/media\/3442"}],"wp:attachment":[{"href":"https:\/\/www.bc-maps.com\/mapa-vectorial-eps\/wp-json\/wp\/v2\/media?parent=97"}],"curies":[{"name":"wp","href":"https:\/\/api.w.org\/{rel}","templated":true}]}}