{"id":95,"date":"2011-09-29T08:58:00","date_gmt":"2011-09-29T08:58:00","guid":{"rendered":"http:\/\/www.bc-maps.com\/mapa-vectorial-eps\/"},"modified":"2021-10-05T09:25:44","modified_gmt":"2021-10-05T09:25:44","slug":"valencia","status":"publish","type":"page","link":"https:\/\/www.bc-maps.com\/mapa-vectorial-eps\/mapas-vectoriales\/espana\/ciudades\/valencia\/","title":{"rendered":"Valencia mapa vectorial illustrator eps editable"},"content":{"rendered":"<h1>Planos y mapas vectoriales de Valencia<\/h1>\n<h2>Mapas vectoriales editables eps, illustrator, freehand, pdf.<\/h2>\n<h3>Planos vectoriales de ciudades<\/h3>\n<p>Podemos crear cualquier tipo de mapa de la ciudad de Valencia, planos parciales, planos generales, planos de detalle\u2026etc.<\/p>\n<figure id=\"attachment_3249\" aria-describedby=\"caption-attachment-3249\" style=\"width: 300px\" class=\"wp-caption alignnone\"><a href=\"http:\/\/www.bc-maps.com\/wp-content\/uploads\/2014\/03\/Valencia-mapa-vectorial-illustrator-eps.jpg\" target=\"_blank\" rel=\"noopener noreferrer\"><img loading=\"lazy\" decoding=\"async\" class=\"wp-image-3249 size-medium\" title=\"Valencia mapa vectorial illustrator eps full\" src=\"http:\/\/www.bc-maps.com\/wp-content\/uploads\/2014\/03\/Valencia-mapa-vectorial-illustrator-eps-300x235.jpg\" alt=\"Valencia mapa vectorial illustrator eps full\" width=\"300\" height=\"235\" srcset=\"https:\/\/www.bc-maps.com\/wp-content\/uploads\/2014\/03\/Valencia-mapa-vectorial-illustrator-eps-300x235.jpg 300w, https:\/\/www.bc-maps.com\/wp-content\/uploads\/2014\/03\/Valencia-mapa-vectorial-illustrator-eps-768x603.jpg 768w, https:\/\/www.bc-maps.com\/wp-content\/uploads\/2014\/03\/Valencia-mapa-vectorial-illustrator-eps-1024x803.jpg 1024w\" sizes=\"auto, (max-width: 300px) 100vw, 300px\" \/><\/a><figcaption id=\"caption-attachment-3249\" class=\"wp-caption-text\">Valencia mapa vectorial illustrator eps full<\/figcaption><\/figure>\n<p>&nbsp;<\/p>\n<figure id=\"attachment_2218\" aria-describedby=\"caption-attachment-2218\" style=\"width: 300px\" class=\"wp-caption alignnone\"><a href=\"http:\/\/www.bc-maps.com\/wp-content\/uploads\/2014\/03\/Mapa-vectorial-centro-Valencia.jpg\" target=\"_blank\" rel=\"noopener noreferrer\"><img loading=\"lazy\" decoding=\"async\" class=\"wp-image-2218 size-medium\" title=\"Mapa vectorial eps illustrator centro Valencia\" src=\"http:\/\/www.bc-maps.com\/wp-content\/uploads\/2014\/03\/Mapa-vectorial-centro-Valencia-300x211.jpg\" alt=\"Mapa vectorial eps illustrator centro Valencia\" width=\"300\" height=\"211\" srcset=\"https:\/\/www.bc-maps.com\/wp-content\/uploads\/2014\/03\/Mapa-vectorial-centro-Valencia-300x211.jpg 300w, https:\/\/www.bc-maps.com\/wp-content\/uploads\/2014\/03\/Mapa-vectorial-centro-Valencia-1024x722.jpg 1024w, https:\/\/www.bc-maps.com\/wp-content\/uploads\/2014\/03\/Mapa-vectorial-centro-Valencia.jpg 1066w\" sizes=\"auto, (max-width: 300px) 100vw, 300px\" \/><\/a><figcaption id=\"caption-attachment-2218\" class=\"wp-caption-text\">Mapa vectorial eps illustrator centro Valencia<\/figcaption><\/figure>\n<p>&nbsp;<\/p>\n<p>El contenido depender\u00e1 del tama\u00f1o de la zona y la escala o medidas de reproducci\u00f3n, no trabajamos con textos inferiores a 5 puntos para que sean legibles.<\/p>\n<p>La informaci\u00f3n disponible va desde\u00a0monumentos, lugares de inter\u00e9s y populares, museos, oficinas de turismo, centros comerciales, medios de transporte.<\/p>\n<p>Tambi\u00e9n podemos a\u00f1adir cualquier otra informaci\u00f3n pr\u00e1ctica que nos soliciten ustedes.<\/p>\n<p>Nuestros mapas est\u00e1n estructurados por medio de capas y son totalmente editables, modificables, \u00a0tanto \u00a0colores y\u00a0fuentes\/textos.<\/p>\n<p>Nuestro ficheros\u00a0son libres de derechos para cualquier reproducci\u00f3n, incluyendo nuestro copyright.<\/p>\n<p>Los maps\u00a0est\u00e1n creados con licencias oficiales de programas de <a href=\"http:\/\/www.adobe.com\/es\">Adobe,<\/a> habitualmente entregamos en version CC, pero podemos entregar tambi\u00e9n en otras versiones.<\/p>\n<p>&nbsp;<\/p>\n","protected":false},"excerpt":{"rendered":"<p>Planos y mapas vectoriales de Valencia Mapas vectoriales editables eps, illustrator, freehand, pdf. Planos vectoriales de ciudades Podemos crear cualquier tipo de mapa de la ciudad de Valencia, planos parciales, planos generales, planos de detalle\u2026etc. &nbsp; &nbsp; El contenido depender\u00e1 del tama\u00f1o de la zona y la escala o medidas de reproducci\u00f3n, no trabajamos con &hellip; <a href=\"https:\/\/www.bc-maps.com\/mapa-vectorial-eps\/mapas-vectoriales\/espana\/ciudades\/valencia\/\" class=\"more-link\">Seguir leyendo <span class=\"screen-reader-text\">Valencia mapa vectorial illustrator eps editable<\/span> <span class=\"meta-nav\">&rarr;<\/span><\/a><\/p>\n","protected":false},"author":1,"featured_media":0,"parent":52,"menu_order":2,"comment_status":"closed","ping_status":"closed","template":"","meta":{"footnotes":""},"class_list":["post-95","page","type-page","status-publish","hentry"],"_links":{"self":[{"href":"https:\/\/www.bc-maps.com\/mapa-vectorial-eps\/wp-json\/wp\/v2\/pages\/95","targetHints":{"allow":["GET"]}}],"collection":[{"href":"https:\/\/www.bc-maps.com\/mapa-vectorial-eps\/wp-json\/wp\/v2\/pages"}],"about":[{"href":"https:\/\/www.bc-maps.com\/mapa-vectorial-eps\/wp-json\/wp\/v2\/types\/page"}],"author":[{"embeddable":true,"href":"https:\/\/www.bc-maps.com\/mapa-vectorial-eps\/wp-json\/wp\/v2\/users\/1"}],"replies":[{"embeddable":true,"href":"https:\/\/www.bc-maps.com\/mapa-vectorial-eps\/wp-json\/wp\/v2\/comments?post=95"}],"version-history":[{"count":3,"href":"https:\/\/www.bc-maps.com\/mapa-vectorial-eps\/wp-json\/wp\/v2\/pages\/95\/revisions"}],"predecessor-version":[{"id":4923,"href":"https:\/\/www.bc-maps.com\/mapa-vectorial-eps\/wp-json\/wp\/v2\/pages\/95\/revisions\/4923"}],"up":[{"embeddable":true,"href":"https:\/\/www.bc-maps.com\/mapa-vectorial-eps\/wp-json\/wp\/v2\/pages\/52"}],"wp:attachment":[{"href":"https:\/\/www.bc-maps.com\/mapa-vectorial-eps\/wp-json\/wp\/v2\/media?parent=95"}],"curies":[{"name":"wp","href":"https:\/\/api.w.org\/{rel}","templated":true}]}}