{"id":93,"date":"2011-09-29T08:56:47","date_gmt":"2011-09-29T08:56:47","guid":{"rendered":"http:\/\/www.bc-maps.com\/mapa-vectorial-eps\/"},"modified":"2021-10-05T09:25:05","modified_gmt":"2021-10-05T09:25:05","slug":"madrid","status":"publish","type":"page","link":"https:\/\/www.bc-maps.com\/mapa-vectorial-eps\/mapas-vectoriales\/espana\/ciudades\/madrid\/","title":{"rendered":"Madrid mapa vectorial illustrator eps editable"},"content":{"rendered":"<h1>Planos y mapas vectoriales de Madrid<\/h1>\n<h2>Mapas vectoriales editables eps, illustrator, freehand, pdf de Madrid.<\/h2>\n<h3>Planos vectoriales de ciudades<\/h3>\n<p>Podemos crear cualquier tipo de mapa de la ciudad de Madrid, planos\/mapas parciales, planos generales, planos de detalle\u2026etc.<\/p>\n<p>El contenido de informaci\u00f3n depender\u00e1 del tama\u00f1o de la zona y la escala o medidas de reproducci\u00f3n, ya que no trabajamos con textos inferiores a 5 puntos para que sean legibles.<\/p>\n<figure id=\"attachment_2790\" aria-describedby=\"caption-attachment-2790\" style=\"width: 300px\" class=\"wp-caption alignnone\"><a href=\"http:\/\/www.bc-maps.com\/wp-content\/uploads\/2017\/05\/Madrid-mapa-plano-vectorial-illustrator-eps.jpg\"><img loading=\"lazy\" decoding=\"async\" class=\"wp-image-2790 size-medium\" title=\"Madrid mapa plano vectorial illustrator eps\" src=\"http:\/\/www.bc-maps.com\/wp-content\/uploads\/2017\/05\/Madrid-mapa-plano-vectorial-illustrator-eps-300x233.jpg\" alt=\"Madrid mapa plano vectorial illustrator eps\" width=\"300\" height=\"233\" srcset=\"https:\/\/www.bc-maps.com\/wp-content\/uploads\/2017\/05\/Madrid-mapa-plano-vectorial-illustrator-eps-300x233.jpg 300w, https:\/\/www.bc-maps.com\/wp-content\/uploads\/2017\/05\/Madrid-mapa-plano-vectorial-illustrator-eps-768x598.jpg 768w, https:\/\/www.bc-maps.com\/wp-content\/uploads\/2017\/05\/Madrid-mapa-plano-vectorial-illustrator-eps-1024x797.jpg 1024w\" sizes=\"auto, (max-width: 300px) 100vw, 300px\" \/><\/a><figcaption id=\"caption-attachment-2790\" class=\"wp-caption-text\">Madrid mapa plano vectorial illustrator eps<\/figcaption><\/figure>\n<figure id=\"attachment_3365\" aria-describedby=\"caption-attachment-3365\" style=\"width: 300px\" class=\"wp-caption alignnone\"><a href=\"http:\/\/www.bc-maps.com\/wp-content\/uploads\/2018\/07\/Mapa-vectorial-illustrator-eps-Madrid-MH.jpg\" target=\"_blank\" rel=\"noopener noreferrer\"><img loading=\"lazy\" decoding=\"async\" class=\"wp-image-3365 size-medium\" title=\"Mapa vectorial illustrator eps Madrid MH\" src=\"http:\/\/www.bc-maps.com\/wp-content\/uploads\/2018\/07\/Mapa-vectorial-illustrator-eps-Madrid-MH-300x214.jpg\" alt=\"Mapa vectorial illustrator eps Madrid MH\" width=\"300\" height=\"214\" srcset=\"https:\/\/www.bc-maps.com\/wp-content\/uploads\/2018\/07\/Mapa-vectorial-illustrator-eps-Madrid-MH-300x214.jpg 300w, https:\/\/www.bc-maps.com\/wp-content\/uploads\/2018\/07\/Mapa-vectorial-illustrator-eps-Madrid-MH-768x547.jpg 768w, https:\/\/www.bc-maps.com\/wp-content\/uploads\/2018\/07\/Mapa-vectorial-illustrator-eps-Madrid-MH-1024x729.jpg 1024w\" sizes=\"auto, (max-width: 300px) 100vw, 300px\" \/><\/a><figcaption id=\"caption-attachment-3365\" class=\"wp-caption-text\">Mapa vectorial illustrator eps Madrid MH<\/figcaption><\/figure>\n<p>El contenido depender\u00e1 del tama\u00f1o de la zona y la escala o medidas de reproducci\u00f3n, no trabajamos con textos inferiores a 5 puntos para que sean legibles.<\/p>\n<p>La informaci\u00f3n disponible va desde\u00a0monumentos, lugares de inter\u00e9s y populares, museos, oficinas de turismo, centros comerciales, medios de transporte.<\/p>\n<p>Museo del Prado, Museo Thyssen, Cosmocaixa, Palacio Real, Parque del Retiro..etc<\/p>\n<p>Tambi\u00e9n podemos a\u00f1adir cualquier otra informaci\u00f3n pr\u00e1ctica que nos soliciten ustedes, como pueden ser metro, cercan\u00edas, Ave ..etc<\/p>\n<p>Nuestros mapas est\u00e1n estructurados por medio de capas y son totalmente editables, modificables, \u00a0tanto \u00a0colores y\u00a0fuentes\/textos.<\/p>\n<p>Nuestro ficheros\u00a0son libres de derechos para cualquier reproducci\u00f3n, incluyendo nuestro copyright.<\/p>\n<p>Los maps\u00a0est\u00e1n creados con licencias oficiales de programas de <a href=\"http:\/\/www.adobe.com\/es\">Adobe,<\/a> habitualmente entregamos en version CC, pero podemos entregar tambi\u00e9n en otras versiones.<\/p>\n","protected":false},"excerpt":{"rendered":"<p>Planos y mapas vectoriales de Madrid Mapas vectoriales editables eps, illustrator, freehand, pdf de Madrid. Planos vectoriales de ciudades Podemos crear cualquier tipo de mapa de la ciudad de Madrid, planos\/mapas parciales, planos generales, planos de detalle\u2026etc. El contenido de informaci\u00f3n depender\u00e1 del tama\u00f1o de la zona y la escala o medidas de reproducci\u00f3n, ya &hellip; <a href=\"https:\/\/www.bc-maps.com\/mapa-vectorial-eps\/mapas-vectoriales\/espana\/ciudades\/madrid\/\" class=\"more-link\">Seguir leyendo <span class=\"screen-reader-text\">Madrid mapa vectorial illustrator eps editable<\/span> <span class=\"meta-nav\">&rarr;<\/span><\/a><\/p>\n","protected":false},"author":1,"featured_media":2790,"parent":52,"menu_order":1,"comment_status":"closed","ping_status":"closed","template":"","meta":{"footnotes":""},"class_list":["post-93","page","type-page","status-publish","has-post-thumbnail","hentry"],"_links":{"self":[{"href":"https:\/\/www.bc-maps.com\/mapa-vectorial-eps\/wp-json\/wp\/v2\/pages\/93","targetHints":{"allow":["GET"]}}],"collection":[{"href":"https:\/\/www.bc-maps.com\/mapa-vectorial-eps\/wp-json\/wp\/v2\/pages"}],"about":[{"href":"https:\/\/www.bc-maps.com\/mapa-vectorial-eps\/wp-json\/wp\/v2\/types\/page"}],"author":[{"embeddable":true,"href":"https:\/\/www.bc-maps.com\/mapa-vectorial-eps\/wp-json\/wp\/v2\/users\/1"}],"replies":[{"embeddable":true,"href":"https:\/\/www.bc-maps.com\/mapa-vectorial-eps\/wp-json\/wp\/v2\/comments?post=93"}],"version-history":[{"count":6,"href":"https:\/\/www.bc-maps.com\/mapa-vectorial-eps\/wp-json\/wp\/v2\/pages\/93\/revisions"}],"predecessor-version":[{"id":4917,"href":"https:\/\/www.bc-maps.com\/mapa-vectorial-eps\/wp-json\/wp\/v2\/pages\/93\/revisions\/4917"}],"up":[{"embeddable":true,"href":"https:\/\/www.bc-maps.com\/mapa-vectorial-eps\/wp-json\/wp\/v2\/pages\/52"}],"wp:featuredmedia":[{"embeddable":true,"href":"https:\/\/www.bc-maps.com\/mapa-vectorial-eps\/wp-json\/wp\/v2\/media\/2790"}],"wp:attachment":[{"href":"https:\/\/www.bc-maps.com\/mapa-vectorial-eps\/wp-json\/wp\/v2\/media?parent=93"}],"curies":[{"name":"wp","href":"https:\/\/api.w.org\/{rel}","templated":true}]}}