{"id":91,"date":"2021-08-29T08:55:00","date_gmt":"2021-08-29T08:55:00","guid":{"rendered":"http:\/\/www.bc-maps.com\/mapa-vectorial-eps\/"},"modified":"2023-06-16T15:52:21","modified_gmt":"2023-06-16T15:52:21","slug":"madrid-ilustrator","status":"publish","type":"page","link":"https:\/\/www.bc-maps.com\/mapa-vectorial-eps\/madrid-ilustrator\/","title":{"rendered":"Madrid Mapa vectorial Illustrator eps"},"content":{"rendered":"<h1>Planos y mapas vectoriales de Madrid<\/h1>\n<h2>Mapas vectoriales editables con de las calles de Madrid<\/h2>\n<h3>Planos vectoriales de ciudades de Madrid<\/h3>\n<p>Podemos crear cualquier tipo de mapa de la ciudad de Madrid, planos parciales, planos generales, planos de detalle\u2026etc.<\/p>\n<p>Un <strong>mapa vectorial en illustrator eps<\/strong> de <strong>Madrid<\/strong> es un archivo digital que representa gr\u00e1ficamente la geograf\u00eda, la infraestructura y otros elementos geoespaciales de la ciudad \u00a0en forma de vectores.<\/p>\n<p>Los mapas se entregan en formatos editables <strong><a href=\"http:\/\/www.adobe.es\">adobe<\/a> illustrator, eps<\/strong><\/p>\n<p>Estas son algunas de las caracter\u00edsticas comunes de un mapa vectorial:<\/p>\n<p>1. Escalabilidad: Los mapas vectoriales son escalables, lo que significa que se pueden ampliar o reducir sin perder calidad.<\/p>\n<p>2. Geometr\u00eda precisa: Los elementos en un mapa vectorial se representan mediante formas geom\u00e9tricas, como l\u00edneas, puntos y pol\u00edgonos. Estas formas se definen matem\u00e1ticamente, lo que garantiza una representaci\u00f3n precisa de la geograf\u00eda y las caracter\u00edsticas del terreno.<\/p>\n<p>3. Capas y atributos: Un mapa vectorial puede contener diferentes capas que representan diferentes tipos de informaci\u00f3n, como carreteras, r\u00edos, edificios, \u00e1reas verdes, entre otros. .<\/p>\n<p>4. Edici\u00f3n y personalizaci\u00f3n: Los mapas vectoriales son editables, lo que permite agregar, eliminar o modificar elementos seg\u00fan las necesidades del usuario. Tambi\u00e9n se pueden personalizar mediante la selecci\u00f3n de colores, estilos de l\u00ednea y s\u00edmbolos.<\/p>\n<p>5. Compatibilidad: Los mapas vectoriales suelen estar disponibles en formatos est\u00e1ndar, como SVG (Scalable Vector Graphics), AI (Adobe Illustrator), EPS (Encapsulated PostScript) o DXF (Drawing Exchange Format), lo que permite su visualizaci\u00f3n y edici\u00f3n en diferentes software de dise\u00f1o y cartograf\u00eda.<\/p>\n<p>Estas caracter\u00edsticas hacen que los mapas vectoriales sean \u00fatiles para an\u00e1lisis espacial, planificaci\u00f3n urbana, navegaci\u00f3n, representaci\u00f3n cartogr\u00e1fica y otras aplicaciones donde la precisi\u00f3n y la flexibilidad son importantes.<\/p>\n<p>El contenido de informaci\u00f3n depender\u00e1 del tama\u00f1o de la zona y la escala o medidas de reproducci\u00f3n, ya que no trabajamos con textos inferiores a 5 puntos para que sean legibles.<\/p>\n<p>Los mapas pueden contener las l\u00edneas de Metro, Estaciones de Cercan\u00edas, los principales lugares de inter\u00e9s como por ejemplo\u00a0Plaza Mayor, Puerta del Sol, Iglesia de San Gin\u00e9s, Plaza de la Villa en Madrid, Plaza de Isabel II en Madrid, Plaza de Oriente, Palacio Real de Madrid, Catedral de la Almudena en Madrid, Capilla del Obispo en la plaza de la Paja, Museos de Madrid, Museo del Prado, Museo Thyssen Bornemisza, Museo Centro de Arte Reina Sof\u00eda, Museo Arqueol\u00f3gico Nacional, Museo Sorolla, Museo del Romanticismo, Museo Cerralbo, Museo de Am\u00e9rica, Museo L\u00e1zaro Galdiano, Paseo del Prado , Fuente de Cibeles , Palacio de Cibeles, Palacio de Linares, Plaza de Neptuno y alrededores, Iglesia de los Jer\u00f3nimos, Estaci\u00f3n de Atocha&#8230;etc<\/p>\n<figure id=\"attachment_4044\" aria-describedby=\"caption-attachment-4044\" style=\"width: 300px\" class=\"wp-caption alignnone\"><a href=\"http:\/\/www.bc-maps.com\/wp-content\/uploads\/2018\/09\/Mapa-Madrid-Castellana-Norte.jpg\" target=\"_blank\" rel=\"noopener\"><img loading=\"lazy\" decoding=\"async\" class=\"wp-image-4044 size-medium\" title=\"Mapa Madrid Castellana Norte\" src=\"http:\/\/www.bc-maps.com\/wp-content\/uploads\/2018\/09\/Mapa-Madrid-Castellana-Norte-300x232.jpg\" alt=\"Mapa Madrid Castellana Norte\" width=\"300\" height=\"232\" srcset=\"https:\/\/www.bc-maps.com\/wp-content\/uploads\/2018\/09\/Mapa-Madrid-Castellana-Norte-300x232.jpg 300w, https:\/\/www.bc-maps.com\/wp-content\/uploads\/2018\/09\/Mapa-Madrid-Castellana-Norte-768x593.jpg 768w, https:\/\/www.bc-maps.com\/wp-content\/uploads\/2018\/09\/Mapa-Madrid-Castellana-Norte-1024x791.jpg 1024w\" sizes=\"auto, (max-width: 300px) 100vw, 300px\" \/><\/a><figcaption id=\"caption-attachment-4044\" class=\"wp-caption-text\">Madrid<br \/>Mapa Madrid Castellana Norte<\/figcaption><\/figure>\n<figure id=\"attachment_3919\" aria-describedby=\"caption-attachment-3919\" style=\"width: 300px\" class=\"wp-caption alignnone\"><a href=\"http:\/\/www.bc-maps.com\/wp-content\/uploads\/2012\/11\/Area-Metropolitana-Madrid-mapa-vectorial-illustrator-eps.jpg\" target=\"_blank\" rel=\"noopener\"><img loading=\"lazy\" decoding=\"async\" class=\"wp-image-3919 size-medium\" title=\"Area Metropolitana Madrid mapa vectorial illustrator eps\" src=\"http:\/\/www.bc-maps.com\/wp-content\/uploads\/2012\/11\/Area-Metropolitana-Madrid-mapa-vectorial-illustrator-eps-300x238.jpg\" alt=\"Area Metropolitana Madrid mapa vectorial illustrator eps\" width=\"300\" height=\"238\" srcset=\"https:\/\/www.bc-maps.com\/wp-content\/uploads\/2012\/11\/Area-Metropolitana-Madrid-mapa-vectorial-illustrator-eps-300x238.jpg 300w, https:\/\/www.bc-maps.com\/wp-content\/uploads\/2012\/11\/Area-Metropolitana-Madrid-mapa-vectorial-illustrator-eps-768x608.jpg 768w, https:\/\/www.bc-maps.com\/wp-content\/uploads\/2012\/11\/Area-Metropolitana-Madrid-mapa-vectorial-illustrator-eps-1024x811.jpg 1024w, https:\/\/www.bc-maps.com\/wp-content\/uploads\/2012\/11\/Area-Metropolitana-Madrid-mapa-vectorial-illustrator-eps.jpg 1701w\" sizes=\"auto, (max-width: 300px) 100vw, 300px\" \/><\/a><figcaption id=\"caption-attachment-3919\" class=\"wp-caption-text\">Area Metropolitana Madrid mapa vectorial illustrator eps<\/figcaption><\/figure>\n<figure id=\"attachment_3365\" aria-describedby=\"caption-attachment-3365\" style=\"width: 300px\" class=\"wp-caption alignnone\"><a href=\"http:\/\/www.bc-maps.com\/wp-content\/uploads\/2018\/07\/Mapa-vectorial-illustrator-eps-Madrid-MH.jpg\" target=\"_blank\" rel=\"noopener\"><img loading=\"lazy\" decoding=\"async\" class=\"wp-image-3365 size-medium\" title=\"Mapa vectorial illustrator eps Madrid MH\" src=\"http:\/\/www.bc-maps.com\/wp-content\/uploads\/2018\/07\/Mapa-vectorial-illustrator-eps-Madrid-MH-300x214.jpg\" alt=\"Mapa vectorial illustrator eps Madrid MH\" width=\"300\" height=\"214\" srcset=\"https:\/\/www.bc-maps.com\/wp-content\/uploads\/2018\/07\/Mapa-vectorial-illustrator-eps-Madrid-MH-300x214.jpg 300w, https:\/\/www.bc-maps.com\/wp-content\/uploads\/2018\/07\/Mapa-vectorial-illustrator-eps-Madrid-MH-768x547.jpg 768w, https:\/\/www.bc-maps.com\/wp-content\/uploads\/2018\/07\/Mapa-vectorial-illustrator-eps-Madrid-MH-1024x729.jpg 1024w\" sizes=\"auto, (max-width: 300px) 100vw, 300px\" \/><\/a><figcaption id=\"caption-attachment-3365\" class=\"wp-caption-text\">Mapa vectorial illustrator eps Madrid MH<\/figcaption><\/figure>\n<figure id=\"attachment_2990\" aria-describedby=\"caption-attachment-2990\" style=\"width: 257px\" class=\"wp-caption alignnone\"><a href=\"http:\/\/www.bc-maps.com\/wp-content\/uploads\/2014\/09\/Mapa-vectorial-latina-Madrid-1.jpg\" target=\"_blank\" rel=\"noopener\"><img loading=\"lazy\" decoding=\"async\" class=\"wp-image-2990 size-medium\" title=\"Mapa vectorial La Latina Madrid illustrator eps\" src=\"http:\/\/www.bc-maps.com\/wp-content\/uploads\/2014\/09\/Mapa-vectorial-latina-Madrid-1-257x300.jpg\" alt=\"Mapa vectorial La Latina Madrid illustrator eps\" width=\"257\" height=\"300\" srcset=\"https:\/\/www.bc-maps.com\/wp-content\/uploads\/2014\/09\/Mapa-vectorial-latina-Madrid-1-257x300.jpg 257w, https:\/\/www.bc-maps.com\/wp-content\/uploads\/2014\/09\/Mapa-vectorial-latina-Madrid-1-768x898.jpg 768w, https:\/\/www.bc-maps.com\/wp-content\/uploads\/2014\/09\/Mapa-vectorial-latina-Madrid-1-876x1024.jpg 876w, https:\/\/www.bc-maps.com\/wp-content\/uploads\/2014\/09\/Mapa-vectorial-latina-Madrid-1.jpg 1739w\" sizes=\"auto, (max-width: 257px) 100vw, 257px\" \/><\/a><figcaption id=\"caption-attachment-2990\" class=\"wp-caption-text\">Mapa vectorial La Latina Madrid illustrator eps<\/figcaption><\/figure>\n<p>El contenido depender\u00e1 del tama\u00f1o de la zona y la escala o medidas de reproducci\u00f3n, no trabajamos con textos inferiores a 5 puntos para que sean legibles.<\/p>\n<p>La informaci\u00f3n disponible va desde\u00a0monumentos, lugares de inter\u00e9s y populares, museos, oficinas de turismo, centros comerciales, medios de transporte.<\/p>\n<p>Tambi\u00e9n podemos a\u00f1adir cualquier otra informaci\u00f3n pr\u00e1ctica que nos soliciten ustedes.<\/p>\n<p>Nuestros mapas est\u00e1n estructurados por medio de capas y son totalmente editables, modificables, \u00a0tanto \u00a0colores y\u00a0fuentes\/textos.<\/p>\n<p>Nuestro ficheros\u00a0son libres de derechos para cualquier reproducci\u00f3n, incluyendo nuestro copyright.<\/p>\n<p>Los maps\u00a0est\u00e1n creados con licencias oficiales de programas de Adobe, habitualmente entregamos en version CC, pero podemos entregar tambi\u00e9n en otras versiones.<\/p>\n","protected":false},"excerpt":{"rendered":"<p>Planos y mapas vectoriales de Madrid Mapas vectoriales editables con de las calles de Madrid Planos vectoriales de ciudades de Madrid Podemos crear cualquier tipo de mapa de la ciudad de Madrid, planos parciales, planos generales, planos de detalle\u2026etc. Un mapa vectorial en illustrator eps de Madrid es un archivo digital que representa gr\u00e1ficamente la &hellip; <a href=\"https:\/\/www.bc-maps.com\/mapa-vectorial-eps\/madrid-ilustrator\/\" class=\"more-link\">Seguir leyendo <span class=\"screen-reader-text\">Madrid Mapa vectorial Illustrator eps<\/span> <span class=\"meta-nav\">&rarr;<\/span><\/a><\/p>\n","protected":false},"author":1,"featured_media":3365,"parent":0,"menu_order":0,"comment_status":"closed","ping_status":"closed","template":"","meta":{"footnotes":""},"class_list":["post-91","page","type-page","status-publish","has-post-thumbnail","hentry"],"_links":{"self":[{"href":"https:\/\/www.bc-maps.com\/mapa-vectorial-eps\/wp-json\/wp\/v2\/pages\/91","targetHints":{"allow":["GET"]}}],"collection":[{"href":"https:\/\/www.bc-maps.com\/mapa-vectorial-eps\/wp-json\/wp\/v2\/pages"}],"about":[{"href":"https:\/\/www.bc-maps.com\/mapa-vectorial-eps\/wp-json\/wp\/v2\/types\/page"}],"author":[{"embeddable":true,"href":"https:\/\/www.bc-maps.com\/mapa-vectorial-eps\/wp-json\/wp\/v2\/users\/1"}],"replies":[{"embeddable":true,"href":"https:\/\/www.bc-maps.com\/mapa-vectorial-eps\/wp-json\/wp\/v2\/comments?post=91"}],"version-history":[{"count":11,"href":"https:\/\/www.bc-maps.com\/mapa-vectorial-eps\/wp-json\/wp\/v2\/pages\/91\/revisions"}],"predecessor-version":[{"id":5382,"href":"https:\/\/www.bc-maps.com\/mapa-vectorial-eps\/wp-json\/wp\/v2\/pages\/91\/revisions\/5382"}],"wp:featuredmedia":[{"embeddable":true,"href":"https:\/\/www.bc-maps.com\/mapa-vectorial-eps\/wp-json\/wp\/v2\/media\/3365"}],"wp:attachment":[{"href":"https:\/\/www.bc-maps.com\/mapa-vectorial-eps\/wp-json\/wp\/v2\/media?parent=91"}],"curies":[{"name":"wp","href":"https:\/\/api.w.org\/{rel}","templated":true}]}}