{"id":8309,"date":"2025-03-17T08:55:00","date_gmt":"2025-03-17T08:55:00","guid":{"rendered":"https:\/\/www.bc-maps.com\/mapa-vectorial-eps\/mapa-comarcas-gudar-javalambre-teruel-vectorial-editable-ilustrator-eps-2\/"},"modified":"2025-12-15T17:40:43","modified_gmt":"2025-12-15T17:40:43","slug":"mapa-comarcal-cuencas-mineras-teruel-vectorial-editable-ilustrator-eps","status":"publish","type":"page","link":"https:\/\/www.bc-maps.com\/mapa-vectorial-eps\/mapa-comarcal-cuencas-mineras-teruel-vectorial-editable-ilustrator-eps\/","title":{"rendered":"Mapa comarcal de las Cuencas Mineras formato editable vectorial Illustrator eps"},"content":{"rendered":"\n<h2 class=\"wp-block-heading\">Planos y mapas vectoriales de <strong data-start=\"197\" data-end=\"225\">las Cuencas Mineras<\/strong><\/h2>\n\n\n\n<h2 class=\"wp-block-heading\">Mapas vectoriales editables estructurados por capas de los comarcas de <strong data-start=\"197\" data-end=\"225\">Teruel<\/strong><\/h2>\n\n\n\n<p>Disponemos de un <strong data-start=\"197\" data-end=\"225\">mapa vectorial de la comarca de las Cuencas Mineras <\/strong>con la divisi\u00f3n completa y los nombres de sus <strong data-start=\"254\" data-end=\"279\">municipios <\/strong>, dise\u00f1ado para ofrecer la m\u00e1xima calidad y precisi\u00f3n.<\/p>\n\n\n\n<p>Este archivo es totalmente <strong data-start=\"361\" data-end=\"394\">editable en <a href=\"http:\/\/www.adobe.es\">Adobe Illustrator<\/a><\/strong>, permitiendo personalizar colores, etiquetas y otros elementos gr\u00e1ficos seg\u00fan las necesidades del usuario.<\/p>\n\n\n<div class=\"wp-block-image\">\n<figure class=\"aligncenter size-large\"><a href=\"https:\/\/www.bc-maps.com\/wp-content\/uploads\/2025\/12\/Cuencas-Mineras-Teruel-mapa-vectorial-illustrator-eps.jpg\" target=\"_blank\" rel=\"noopener noreferrer\"><img loading=\"lazy\" decoding=\"async\" width=\"725\" height=\"1024\" src=\"https:\/\/www.bc-maps.com\/wp-content\/uploads\/2025\/12\/Cuencas-Mineras-Teruel-mapa-vectorial-illustrator-eps-725x1024.jpg\" alt=\"\" class=\"wp-image-8311\" srcset=\"https:\/\/www.bc-maps.com\/wp-content\/uploads\/2025\/12\/Cuencas-Mineras-Teruel-mapa-vectorial-illustrator-eps-725x1024.jpg 725w, https:\/\/www.bc-maps.com\/wp-content\/uploads\/2025\/12\/Cuencas-Mineras-Teruel-mapa-vectorial-illustrator-eps-212x300.jpg 212w, https:\/\/www.bc-maps.com\/wp-content\/uploads\/2025\/12\/Cuencas-Mineras-Teruel-mapa-vectorial-illustrator-eps-768x1085.jpg 768w, https:\/\/www.bc-maps.com\/wp-content\/uploads\/2025\/12\/Cuencas-Mineras-Teruel-mapa-vectorial-illustrator-eps-1087x1536.jpg 1087w, https:\/\/www.bc-maps.com\/wp-content\/uploads\/2025\/12\/Cuencas-Mineras-Teruel-mapa-vectorial-illustrator-eps-1449x2048.jpg 1449w, https:\/\/www.bc-maps.com\/wp-content\/uploads\/2025\/12\/Cuencas-Mineras-Teruel-mapa-vectorial-illustrator-eps.jpg 1605w\" sizes=\"auto, (max-width: 725px) 100vw, 725px\" \/><\/a><\/figure>\n<\/div>\n\n\n<h4 class=\"wp-block-heading\">Comarcas de <strong data-start=\"197\" data-end=\"225\">Teruel<\/strong><\/h4>\n\n\n\n<p>Sierra de Albarrac\u00edn, Jiloca, Comunidad de Teruel, G\u00fadar-Javalambre, Maestrazgo, Cuenca Mineras, Andorra Sierra de Arcos, Bajo Mart\u00edn, Bajo Arag\u00f3n, Matarra\u00f1a\/Matarranya<\/p>\n\n\n\n<p><strong data-start=\"1012\" data-end=\"1040\">Caracter\u00edsticas del Mapa<\/strong><\/p>\n\n\n\n<ul class=\"wp-block-list\">\n<li><strong data-start=\"1045\" data-end=\"1066\">Formato vectorial<\/strong> totalmente editable en Illustrator, ideal para dise\u00f1o e impresi\u00f3n.<\/li>\n\n\n\n<li><strong data-start=\"1138\" data-end=\"1174\">Divisi\u00f3n completa por municipios<\/strong>, con sus l\u00edmites bien definidos.<\/li>\n\n\n\n<li><strong data-start=\"1212\" data-end=\"1267\">Diferenciaci\u00f3n de comarcas oficiales y no oficiales<\/strong>, respetando la estructura territorial de cada comunidad.<\/li>\n\n\n\n<li><strong data-start=\"1329\" data-end=\"1364\">Alta resoluci\u00f3n y escalabilidad<\/strong>, permitiendo ampliaciones sin p\u00e9rdida de calidad.<\/li>\n\n\n\n<li><strong data-start=\"1419\" data-end=\"1471\">Compatible con distintos materiales de impresi\u00f3n<\/strong>, como papel, vinilo o panel r\u00edgido.<\/li>\n<\/ul>\n\n\n\n<h4 class=\"wp-block-heading\"><strong data-start=\"509\" data-end=\"564\">Diferenciaci\u00f3n de Comarcas Oficiales y no oficiales<\/strong><\/h4>\n\n\n\n<p>En algunas comunidades aut\u00f3nomas, las <strong data-start=\"605\" data-end=\"617\">comarcas<\/strong> cuentan con una divisi\u00f3n oficial establecida por sus respectivas administraciones. Sin embargo, en otras regiones, no existe una delimitaci\u00f3n administrativa reconocida, por lo que hemos adoptado criterios basados en <strong data-start=\"834\" data-end=\"885\">comarcas hist\u00f3ricas, funcionales o de uso com\u00fan<\/strong> ampliamente aceptadas. De este modo, garantizamos que el mapa refleje la realidad territorial y cultural de cada zona.<\/p>\n","protected":false},"excerpt":{"rendered":"<p>Planos y mapas vectoriales de las Cuencas Mineras Mapas vectoriales editables estructurados por capas de los comarcas de Teruel Disponemos de un mapa vectorial de la comarca de las Cuencas Mineras con la divisi\u00f3n completa y los nombres de sus municipios , dise\u00f1ado para ofrecer la m\u00e1xima calidad y precisi\u00f3n. Este archivo es totalmente editable &hellip; <a href=\"https:\/\/www.bc-maps.com\/mapa-vectorial-eps\/mapa-comarcal-cuencas-mineras-teruel-vectorial-editable-ilustrator-eps\/\" class=\"more-link\">Seguir leyendo <span class=\"screen-reader-text\">Mapa comarcal de las Cuencas Mineras formato editable vectorial Illustrator eps<\/span> <span class=\"meta-nav\">&rarr;<\/span><\/a><\/p>\n","protected":false},"author":1,"featured_media":8311,"parent":0,"menu_order":0,"comment_status":"closed","ping_status":"closed","template":"","meta":{"footnotes":""},"class_list":["post-8309","page","type-page","status-publish","has-post-thumbnail","hentry"],"_links":{"self":[{"href":"https:\/\/www.bc-maps.com\/mapa-vectorial-eps\/wp-json\/wp\/v2\/pages\/8309","targetHints":{"allow":["GET"]}}],"collection":[{"href":"https:\/\/www.bc-maps.com\/mapa-vectorial-eps\/wp-json\/wp\/v2\/pages"}],"about":[{"href":"https:\/\/www.bc-maps.com\/mapa-vectorial-eps\/wp-json\/wp\/v2\/types\/page"}],"author":[{"embeddable":true,"href":"https:\/\/www.bc-maps.com\/mapa-vectorial-eps\/wp-json\/wp\/v2\/users\/1"}],"replies":[{"embeddable":true,"href":"https:\/\/www.bc-maps.com\/mapa-vectorial-eps\/wp-json\/wp\/v2\/comments?post=8309"}],"version-history":[{"count":3,"href":"https:\/\/www.bc-maps.com\/mapa-vectorial-eps\/wp-json\/wp\/v2\/pages\/8309\/revisions"}],"predecessor-version":[{"id":8315,"href":"https:\/\/www.bc-maps.com\/mapa-vectorial-eps\/wp-json\/wp\/v2\/pages\/8309\/revisions\/8315"}],"wp:featuredmedia":[{"embeddable":true,"href":"https:\/\/www.bc-maps.com\/mapa-vectorial-eps\/wp-json\/wp\/v2\/media\/8311"}],"wp:attachment":[{"href":"https:\/\/www.bc-maps.com\/mapa-vectorial-eps\/wp-json\/wp\/v2\/media?parent=8309"}],"curies":[{"name":"wp","href":"https:\/\/api.w.org\/{rel}","templated":true}]}}