{"id":8302,"date":"2025-12-14T13:16:00","date_gmt":"2025-12-14T13:16:00","guid":{"rendered":"https:\/\/www.bc-maps.com\/mapa-vectorial-eps\/mapa-municipios-comarcas-aragon-vectorial-editable-ilustrator-eps-2\/"},"modified":"2025-12-15T17:57:25","modified_gmt":"2025-12-15T17:57:25","slug":"mapa-comarcas-aragon-vectorial-editable-ilustrator-eps","status":"publish","type":"page","link":"https:\/\/www.bc-maps.com\/mapa-vectorial-eps\/mapa-comarcas-aragon-vectorial-editable-ilustrator-eps\/","title":{"rendered":"Mapa de las comarcas de Arag\u00f3n formato editable vectorial Illustrator eps"},"content":{"rendered":"<h2>Planos y mapas vectoriales de las comarcas <strong data-start=\"197\" data-end=\"225\">de la Comunidad de Arag\u00f3n<\/strong><\/h2>\n<h2>Mapas vectoriales editables estructurados por capas de los municipios y comarcas de <strong data-start=\"197\" data-end=\"225\">Arag\u00f3n<\/strong><\/h2>\n<p>Disponemos de <strong>mapas vectoriales de las diferentes comarcas\u00a0de Arag\u00f3n<\/strong>\u00a0con la divisi\u00f3n completa y los nombres de los <strong data-start=\"254\" data-end=\"279\">municipios<\/strong>, dise\u00f1ado para ofrecer la m\u00e1xima calidad y precisi\u00f3n.<\/p>\n<figure id=\"attachment_7642\" aria-describedby=\"caption-attachment-7642\" style=\"width: 229px\" class=\"wp-caption aligncenter\"><a title=\"Mapa Comarcas Arag\u00f3n\" href=\"https:\/\/www.bc-maps.com\/wp-content\/uploads\/2025\/03\/Mapa-municipios-comarcas-Aragon-vectorial-illustrator-eps.jpg\" target=\"_blank\" rel=\"noopener\"><img loading=\"lazy\" decoding=\"async\" class=\"size-medium wp-image-7642\" src=\"https:\/\/www.bc-maps.com\/wp-content\/uploads\/2025\/03\/Mapa-municipios-comarcas-Aragon-vectorial-illustrator-eps-229x300.jpg\" alt=\"Mapa de municipios y comarcas de Aragon, formato vectorial illustrator eps\" width=\"229\" height=\"300\" srcset=\"https:\/\/www.bc-maps.com\/wp-content\/uploads\/2025\/03\/Mapa-municipios-comarcas-Aragon-vectorial-illustrator-eps-229x300.jpg 229w, https:\/\/www.bc-maps.com\/wp-content\/uploads\/2025\/03\/Mapa-municipios-comarcas-Aragon-vectorial-illustrator-eps-781x1024.jpg 781w, https:\/\/www.bc-maps.com\/wp-content\/uploads\/2025\/03\/Mapa-municipios-comarcas-Aragon-vectorial-illustrator-eps-768x1007.jpg 768w, https:\/\/www.bc-maps.com\/wp-content\/uploads\/2025\/03\/Mapa-municipios-comarcas-Aragon-vectorial-illustrator-eps.jpg 973w\" sizes=\"auto, (max-width: 229px) 100vw, 229px\" \/><\/a><figcaption id=\"caption-attachment-7642\" class=\"wp-caption-text\">Mapa de municipios y comarcas de Aragon, formato vectorial illustrator eps<\/figcaption><\/figure>\n<figure id=\"attachment_8307\" aria-describedby=\"caption-attachment-8307\" style=\"width: 298px\" class=\"wp-caption aligncenter\"><a title=\"Mapa de G\u00fadar-Javalambre\" href=\"https:\/\/www.bc-maps.com\/wp-content\/uploads\/2025\/12\/Mapa-vectorial-comarca-Gudar-Javalambre-illustrator-eps.jpg\" target=\"_blank\" rel=\"noopener\"><img loading=\"lazy\" decoding=\"async\" class=\"size-medium wp-image-8307\" src=\"https:\/\/www.bc-maps.com\/wp-content\/uploads\/2025\/12\/Mapa-vectorial-comarca-Gudar-Javalambre-illustrator-eps-298x300.jpg\" alt=\"Mapa vectorial comarca Gudar Javalambre illustrator eps\" width=\"298\" height=\"300\" srcset=\"https:\/\/www.bc-maps.com\/wp-content\/uploads\/2025\/12\/Mapa-vectorial-comarca-Gudar-Javalambre-illustrator-eps-298x300.jpg 298w, https:\/\/www.bc-maps.com\/wp-content\/uploads\/2025\/12\/Mapa-vectorial-comarca-Gudar-Javalambre-illustrator-eps-1016x1024.jpg 1016w, https:\/\/www.bc-maps.com\/wp-content\/uploads\/2025\/12\/Mapa-vectorial-comarca-Gudar-Javalambre-illustrator-eps-150x150.jpg 150w, https:\/\/www.bc-maps.com\/wp-content\/uploads\/2025\/12\/Mapa-vectorial-comarca-Gudar-Javalambre-illustrator-eps-768x774.jpg 768w, https:\/\/www.bc-maps.com\/wp-content\/uploads\/2025\/12\/Mapa-vectorial-comarca-Gudar-Javalambre-illustrator-eps-1524x1536.jpg 1524w, https:\/\/www.bc-maps.com\/wp-content\/uploads\/2025\/12\/Mapa-vectorial-comarca-Gudar-Javalambre-illustrator-eps.jpg 1772w\" sizes=\"auto, (max-width: 298px) 100vw, 298px\" \/><\/a><figcaption id=\"caption-attachment-8307\" class=\"wp-caption-text\">Mapa vectorial comarca Gudar Javalambre illustrator eps<\/figcaption><\/figure>\n<div class=\"Y3BBE\" data-sfc-cp=\"\" data-hveid=\"CAIQAA\" data-processed=\"true\">\n<div class=\"Y3BBE\" data-sfc-cp=\"\" data-hveid=\"CAMQAA\" data-processed=\"true\"><strong class=\"Yjhzub\" data-processed=\"true\">Huesca<\/strong><button class=\"rBl3me\" tabindex=\"0\" data-amic=\"true\" data-icl-uuid=\"fcb78ae7-bb5c-4546-adca-fcfdb6a2ed1f\" aria-label=\"Ver enlaces relacionados\" data-wiz-attrbind=\"disabled=wByinc_q\/C5gNJc;class=wByinc_q\/UpSNec;\" data-ved=\"2ahUKEwiro-_flMCRAxXDT6QEHeT-JEoQye0OegQIAxAB\" data-processed=\"true\"><\/button><\/div>\n<ul class=\"KsbFXc U6u95\" data-processed=\"true\">\n<li data-hveid=\"CAQQAA\" data-processed=\"true\"><span class=\"T286Pc\" data-sfc-cp=\"\" data-processed=\"true\">La Jacetania, Alto G\u00e1llego, Sobrarbe, Ribagorza, Hoya de Huesca, Somontano de Barbastro, Cinca Medio, La Litera, Bajo Cinca, Val d&#8217;Aran (compartida con Catalu\u00f1a).<\/span><button class=\"rBl3me\" tabindex=\"0\" data-amic=\"true\" data-icl-uuid=\"9a41f8ea-8611-4fee-a880-e57e9a42cef5\" aria-label=\"Ver enlaces relacionados\" data-wiz-attrbind=\"disabled=wByinc_w\/C5gNJc;class=wByinc_w\/UpSNec;\" data-ved=\"2ahUKEwiro-_flMCRAxXDT6QEHeT-JEoQye0OegQIBBAB\" data-processed=\"true\"><\/button><\/li>\n<\/ul>\n<div class=\"Y3BBE\" data-sfc-cp=\"\" data-hveid=\"CAUQAA\" data-processed=\"true\"><strong class=\"Yjhzub\" data-processed=\"true\">Zaragoza<\/strong><button class=\"rBl3me\" tabindex=\"0\" data-amic=\"true\" data-icl-uuid=\"433eb3d5-3642-431d-87f9-39bdb1186735\" aria-label=\"Ver enlaces relacionados\" data-wiz-attrbind=\"disabled=wByinc_11\/C5gNJc;class=wByinc_11\/UpSNec;\" data-ved=\"2ahUKEwiro-_flMCRAxXDT6QEHeT-JEoQye0OegQIBRAB\" data-processed=\"true\"><\/button><\/div>\n<ul class=\"KsbFXc U6u95\" data-processed=\"true\">\n<li data-hveid=\"CAYQAA\" data-processed=\"true\"><span class=\"T286Pc\" data-sfc-cp=\"\" data-processed=\"true\">Cinco Villas, Ribera Alta del Ebro, La Almunia de Do\u00f1a Godina, Valdejal\u00f3n, Campo de Cari\u00f1ena, Calatayud, Aranda, Ribera Baja del Ebro, Bajo Mart\u00edn, Maestrazgo(compartida con Teruel), Sierra de Albarrac\u00edn (compartida con Teruel), Sierra de G\u00fadar (compartida con Teruel), Bajo Arag\u00f3n-Caspe, Bajo Arag\u00f3n (compartida con Teruel).<\/span><span class=\"uJ19be notranslate\" data-wiz-uids=\"wByinc_1d,wByinc_1e,wByinc_1f\" data-processed=\"true\"><span class=\"vKEkVd\" data-animation-atomic=\"\" data-wiz-attrbind=\"class=wByinc_1d\/TKHnVd;\" data-processed=\"true\">\u00a0<button class=\"rBl3me\" tabindex=\"0\" data-amic=\"true\" data-icl-uuid=\"15c57169-b44a-48ca-b974-fa4f01e668dd\" aria-label=\"Ver enlaces relacionados\" data-wiz-attrbind=\"disabled=wByinc_1d\/C5gNJc;class=wByinc_1d\/UpSNec;\" data-ved=\"2ahUKEwiro-_flMCRAxXDT6QEHeT-JEoQye0OegQIBhAH\" data-processed=\"true\"><\/button><\/span><\/span><\/li>\n<\/ul>\n<div class=\"Y3BBE\" data-sfc-cp=\"\" data-hveid=\"CAcQAA\" data-processed=\"true\"><strong class=\"Yjhzub\" data-processed=\"true\">Teruel<\/strong><button class=\"rBl3me\" tabindex=\"0\" data-amic=\"true\" data-icl-uuid=\"64599f29-aa3c-4685-bcf1-81a2b8717291\" aria-label=\"Ver enlaces relacionados\" data-wiz-attrbind=\"disabled=wByinc_1i\/C5gNJc;class=wByinc_1i\/UpSNec;\" data-ved=\"2ahUKEwiro-_flMCRAxXDT6QEHeT-JEoQye0OegQIBxAB\" data-processed=\"true\"><\/button><\/div>\n<ul class=\"KsbFXc U6u95\" data-processed=\"true\">\n<li data-hveid=\"CAgQAA\" data-processed=\"true\"><span class=\"T286Pc\" data-sfc-cp=\"\" data-processed=\"true\">Comunidad de Teruel, Sierra de Albarrac\u00edn, <a href=\"https:\/\/www.bc-maps.com\/mapa-vectorial-eps\/mapa-comarcas-gudar-javalambre-teruel-vectorial-editable-ilustrator-eps\/\">Sierra de G\u00fadar,<\/a> Maestrazgo, Bajo Arag\u00f3n, Jiloca, <a title=\"Mapa Cuencas Mineras\" href=\"https:\/\/www.bc-maps.com\/mapa-vectorial-eps\/mapa-comarcal-cuencas-mineras-teruel-vectorial-editable-ilustrator-eps\/\" target=\"_blank\" rel=\"noopener\">Cuencas Mineras<\/a>, Andorra-Sierra de los Arcos, Bajo Mart\u00edn(compartida con Zaragoza), Bajo Arag\u00f3n-Caspe (compartida con Zaragoza).<\/span><\/li>\n<\/ul>\n<\/div>\n<p>Este archivo es totalmente <strong data-start=\"361\" data-end=\"394\">editable en <a href=\"http:\/\/www.adobe.es\">Adobe Illustrator<\/a><\/strong>, permitiendo personalizar colores, etiquetas y otros elementos gr\u00e1ficos seg\u00fan las necesidades del usuario.<\/p>\n<h3><strong data-start=\"1012\" data-end=\"1040\">Caracter\u00edsticas del Mapa<\/strong><\/h3>\n<ul data-start=\"1043\" data-end=\"1509\">\n<li data-start=\"1043\" data-end=\"1135\"><strong data-start=\"1045\" data-end=\"1066\">Formato vectorial<\/strong> totalmente editable en Illustrator, ideal para dise\u00f1o e impresi\u00f3n.<\/li>\n<li data-start=\"1136\" data-end=\"1209\"><strong data-start=\"1138\" data-end=\"1174\">Divisi\u00f3n completa por municipios<\/strong>, con sus l\u00edmites bien definidos.<\/li>\n<li data-start=\"1210\" data-end=\"1326\"><strong data-start=\"1212\" data-end=\"1267\">Diferenciaci\u00f3n de comarcas oficiales y no oficiales<\/strong>, respetando la estructura territorial de cada comunidad.<\/li>\n<li data-start=\"1327\" data-end=\"1416\"><strong data-start=\"1329\" data-end=\"1364\">Alta resoluci\u00f3n y escalabilidad<\/strong>, permitiendo ampliaciones sin p\u00e9rdida de calidad.<\/li>\n<li data-start=\"1417\" data-end=\"1509\"><strong data-start=\"1419\" data-end=\"1471\">Compatible con distintos materiales de impresi\u00f3n<\/strong>, como papel, vinilo o panel r\u00edgido.<\/li>\n<\/ul>\n<h4 data-start=\"505\" data-end=\"566\"><strong data-start=\"509\" data-end=\"564\">Diferenciaci\u00f3n de Comarcas Oficiales y no oficiales<\/strong><\/h4>\n<p data-start=\"567\" data-end=\"1006\">En algunas comunidades aut\u00f3nomas, las <strong data-start=\"605\" data-end=\"617\">comarcas<\/strong> cuentan con una divisi\u00f3n oficial establecida por sus respectivas administraciones. Sin embargo, en otras regiones, no existe una delimitaci\u00f3n administrativa reconocida, por lo que hemos adoptado criterios basados en <strong data-start=\"834\" data-end=\"885\">comarcas hist\u00f3ricas, funcionales o de uso com\u00fan<\/strong> ampliamente aceptadas. De este modo, garantizamos que el mapa refleje la realidad territorial y cultural de cada zona.<\/p>\n","protected":false},"excerpt":{"rendered":"<p>Planos y mapas vectoriales de las comarcas de la Comunidad de Arag\u00f3n Mapas vectoriales editables estructurados por capas de los municipios y comarcas de Arag\u00f3n Disponemos de mapas vectoriales de las diferentes comarcas\u00a0de Arag\u00f3n\u00a0con la divisi\u00f3n completa y los nombres de los municipios, dise\u00f1ado para ofrecer la m\u00e1xima calidad y precisi\u00f3n. Huesca La Jacetania, Alto &hellip; <a href=\"https:\/\/www.bc-maps.com\/mapa-vectorial-eps\/mapa-comarcas-aragon-vectorial-editable-ilustrator-eps\/\" class=\"more-link\">Seguir leyendo <span class=\"screen-reader-text\">Mapa de las comarcas de Arag\u00f3n formato editable vectorial Illustrator eps<\/span> <span class=\"meta-nav\">&rarr;<\/span><\/a><\/p>\n","protected":false},"author":1,"featured_media":7642,"parent":0,"menu_order":0,"comment_status":"closed","ping_status":"closed","template":"","meta":{"footnotes":""},"class_list":["post-8302","page","type-page","status-publish","has-post-thumbnail","hentry"],"_links":{"self":[{"href":"https:\/\/www.bc-maps.com\/mapa-vectorial-eps\/wp-json\/wp\/v2\/pages\/8302","targetHints":{"allow":["GET"]}}],"collection":[{"href":"https:\/\/www.bc-maps.com\/mapa-vectorial-eps\/wp-json\/wp\/v2\/pages"}],"about":[{"href":"https:\/\/www.bc-maps.com\/mapa-vectorial-eps\/wp-json\/wp\/v2\/types\/page"}],"author":[{"embeddable":true,"href":"https:\/\/www.bc-maps.com\/mapa-vectorial-eps\/wp-json\/wp\/v2\/users\/1"}],"replies":[{"embeddable":true,"href":"https:\/\/www.bc-maps.com\/mapa-vectorial-eps\/wp-json\/wp\/v2\/comments?post=8302"}],"version-history":[{"count":2,"href":"https:\/\/www.bc-maps.com\/mapa-vectorial-eps\/wp-json\/wp\/v2\/pages\/8302\/revisions"}],"predecessor-version":[{"id":8317,"href":"https:\/\/www.bc-maps.com\/mapa-vectorial-eps\/wp-json\/wp\/v2\/pages\/8302\/revisions\/8317"}],"wp:featuredmedia":[{"embeddable":true,"href":"https:\/\/www.bc-maps.com\/mapa-vectorial-eps\/wp-json\/wp\/v2\/media\/7642"}],"wp:attachment":[{"href":"https:\/\/www.bc-maps.com\/mapa-vectorial-eps\/wp-json\/wp\/v2\/media?parent=8302"}],"curies":[{"name":"wp","href":"https:\/\/api.w.org\/{rel}","templated":true}]}}