{"id":8178,"date":"2025-10-25T07:55:00","date_gmt":"2025-10-25T07:55:00","guid":{"rendered":"https:\/\/www.bc-maps.com\/mapa-vectorial-eps\/mapa-mural-valencia-ciudad-codigos-postales-foam-forex-imanes-velleda-2\/"},"modified":"2025-11-04T08:12:44","modified_gmt":"2025-11-04T08:12:44","slug":"mapa-vectorial-valencia-ciudad-codigos-postales-barrios-distritos-illustrator-eps","status":"publish","type":"page","link":"https:\/\/www.bc-maps.com\/mapa-vectorial-eps\/mapa-vectorial-valencia-ciudad-codigos-postales-barrios-distritos-illustrator-eps\/","title":{"rendered":"Mapa vectorial illustrator eps de Valencia con c\u00f3digos postales, barrios o distritos"},"content":{"rendered":"\n<h2 class=\"wp-block-heading\">Mapa editable de Valencia<\/h2>\n\n\n\n<h2 class=\"wp-block-heading\">Mapa en formato illustrator con los distritos, barrios o c\u00f3digos postales de Valencia<\/h2>\n\n\n\n<p>Disponemos de un <strong data-start=\"197\" data-end=\"225\">mapa vectorial <\/strong>de Valencia que nos permite elaborar cualquier mapa zonal de la ciudad .Podemos incluir la divisi\u00f3n completa de <strong data-start=\"254\" data-end=\"279\">c\u00f3digos postales , barrios o distritos<\/strong>, dise\u00f1ado para ofrecer la m\u00e1xima calidad y precisi\u00f3n. Este archivo es totalmente <strong data-start=\"361\" data-end=\"394\">editable en <a href=\"http:\/\/www.adobe.es\">Adobe Illustrator<\/a><\/strong>, permitiendo personalizar colores, etiquetas y otros elementos gr\u00e1ficos seg\u00fan las necesidades del usuario.<\/p>\n\n\n\n<figure class=\"wp-block-gallery has-nested-images columns-default is-cropped wp-block-gallery-1 is-layout-flex wp-block-gallery-is-layout-flex\">\n<figure class=\"wp-block-image alignnone size-medium wp-image-8175\"><a href=\"https:\/\/www.bc-maps.com\/wp-content\/uploads\/2025\/11\/mapa-mural-codigos-postales-valencia-detalle.jpg\" target=\"_blank\" rel=\" noreferrer noopener\"><img decoding=\"async\" src=\"https:\/\/www.bc-maps.com\/wp-content\/uploads\/2025\/11\/mapa-mural-codigos-postales-valencia-detalle-300x230.jpg\" alt=\"Mapa mural codigos postales valencia detalle\"\/><\/a><figcaption class=\"wp-element-caption\">Mapa mural codigos postales Valencia detalle<\/figcaption><\/figure>\n<\/figure>\n\n\n\n<figure class=\"wp-block-gallery has-nested-images columns-default is-cropped wp-block-gallery-2 is-layout-flex wp-block-gallery-is-layout-flex\">\n<figure class=\"wp-block-image alignnone size-medium wp-image-8176\"><a href=\"https:\/\/www.bc-maps.com\/wp-content\/uploads\/2025\/11\/mapa-mural-codigos-postales-valencia.jpg\" target=\"_blank\" rel=\" noreferrer noopener\"><img decoding=\"async\" src=\"https:\/\/www.bc-maps.com\/wp-content\/uploads\/2025\/11\/mapa-mural-codigos-postales-valencia-300x229.jpg\" alt=\"Mapa mural codigos postales valencia\"\/><\/a><figcaption class=\"wp-element-caption\">Mapa mural codigos postales Valencia<\/figcaption><\/figure>\n<\/figure>\n\n\n\n<p><\/p>\n\n\n\n<h2 class=\"wp-block-heading\"><strong data-start=\"1012\" data-end=\"1040\">DISTRITOS DE LA CIUDAD DE VALENCIA<\/strong><\/h2>\n\n\n\n<p>Ciutat Vella, Ensanche, Extramurs, Campanar, La Zaid\u00eda, El Pla del Real, Olivereta, Patraix, Jes\u00fas, Quatre Carreres, Poblados Mar\u00edtimos, Caminos al Grao, Algir\u00f3s, Benimaclet, Rasca\u00f1a, Benicalap, Poblados del Norte, Poblados del Oeste, Poblados del Sur<\/p>\n\n\n\n<h2 class=\"wp-block-heading\"><strong data-start=\"1012\" data-end=\"1040\">BARRIOS Y PEDAN\u00cdAS DE LA CIUDAD DE VALENCIA<\/strong><\/h2>\n\n\n\n<p>La Seu, La Xerea, El Carmen, El Pilar (Velluters), El Mercado, &nbsp;San Francisco,Ruzafa, Pla del Remei y Gran V\u00eda, El Bot\u00e1nico, La Roqueta, La Petxina , Arrancapins,&nbsp;Campanar, Les Tendetes, El Calvari, &nbsp;Sant Pau, Marchalenes, Morvedre, Trinidad, Tormos, &nbsp;San Antonio, Exposici\u00f3n, Mestalla, Jaime Roig y Ciudad Universitaria,&nbsp;Nou Moles, Soternes, Tres Forques, La Fuensanta, La Luz, Patraix, San Isidro, Vara de Quart, Safranar , Favara, La Raiosa, L&#8217;Hort de Senabre, La Cruz Cubierta, San Marcelino, &nbsp;Camino Real, Monteolivete, En Corts, Malilla, Fuente de San Luis, Na Rovella, La Punta, &nbsp;Ciudad de las Artes y las Ciencias, El Grao, Caba\u00f1al-Ca\u00f1amelar, Malvarrosa, Beter\u00f3, &nbsp;Nazaret, Ayora, Albors, La Creu del Grau, Cam\u00ed Fondo, &nbsp;Penya-Roja, L&#8217;Illa Perduda, Ciutat Jard\u00ed, L&#8217;Amistat, La Bega Baixa, &nbsp;La Carrasca, Benimaclet, &nbsp;Camino de Vera, Orriols, Torrefiel , San Lorenzo, Benicalap, Ciutat Fallera, Benifaraig, Pueblo Nuevo, Carpesa, Casas de B\u00e1rcena, Mahuella, Masarrochos, &nbsp;Borbot\u00f3, Benim\u00e1met , Beniferri, Horno de Alcedo, Castellar-Oliveral, Pinedo, El Saler, El Palmar, El Perellonet, La Torre, &nbsp;Faitanarados<\/p>\n\n\n\n<h2 class=\"wp-block-heading\"><strong data-start=\"1012\" data-end=\"1040\">Caracter\u00edsticas del Mapa<\/strong><\/h2>\n\n\n\n<ul class=\"wp-block-list\">\n<li><strong data-start=\"1045\" data-end=\"1066\">Formato vectorial<\/strong> totalmente editable en Illustrator, ideal para dise\u00f1o e impresi\u00f3n.<\/li>\n\n\n\n<li><strong data-start=\"1138\" data-end=\"1174\">Divisi\u00f3n completa por municipios<\/strong>, con sus l\u00edmites bien definidos.<\/li>\n\n\n\n<li><strong data-start=\"1212\" data-end=\"1267\">Diferenciaci\u00f3n de comarcas oficiales y no oficiales<\/strong>, respetando la estructura territorial de cada comunidad.<\/li>\n\n\n\n<li><strong data-start=\"1329\" data-end=\"1364\">Alta resoluci\u00f3n y escalabilidad<\/strong>, permitiendo ampliaciones sin p\u00e9rdida de calidad.<\/li>\n\n\n\n<li><strong data-start=\"1419\" data-end=\"1471\">Compatible con distintos materiales de impresi\u00f3n<\/strong>, como papel, vinilo o panel r\u00edgido.<br><p data-start=\"2467\" data-end=\"2854\" data-is-last-node=\"\" data-is-only-node=\"\">&nbsp;<\/p><br><\/li>\n<\/ul>\n\n\n\n<p>&nbsp;<\/p>\n","protected":false},"excerpt":{"rendered":"<p>Mapa editable de Valencia Mapa en formato illustrator con los distritos, barrios o c\u00f3digos postales de Valencia Disponemos de un mapa vectorial de Valencia que nos permite elaborar cualquier mapa zonal de la ciudad .Podemos incluir la divisi\u00f3n completa de c\u00f3digos postales , barrios o distritos, dise\u00f1ado para ofrecer la m\u00e1xima calidad y precisi\u00f3n. Este &hellip; <a href=\"https:\/\/www.bc-maps.com\/mapa-vectorial-eps\/mapa-vectorial-valencia-ciudad-codigos-postales-barrios-distritos-illustrator-eps\/\" class=\"more-link\">Seguir leyendo <span class=\"screen-reader-text\">Mapa vectorial illustrator eps de Valencia con c\u00f3digos postales, barrios o distritos<\/span> <span class=\"meta-nav\">&rarr;<\/span><\/a><\/p>\n","protected":false},"author":1,"featured_media":8175,"parent":0,"menu_order":0,"comment_status":"closed","ping_status":"closed","template":"","meta":{"footnotes":""},"class_list":["post-8178","page","type-page","status-publish","has-post-thumbnail","hentry"],"_links":{"self":[{"href":"https:\/\/www.bc-maps.com\/mapa-vectorial-eps\/wp-json\/wp\/v2\/pages\/8178","targetHints":{"allow":["GET"]}}],"collection":[{"href":"https:\/\/www.bc-maps.com\/mapa-vectorial-eps\/wp-json\/wp\/v2\/pages"}],"about":[{"href":"https:\/\/www.bc-maps.com\/mapa-vectorial-eps\/wp-json\/wp\/v2\/types\/page"}],"author":[{"embeddable":true,"href":"https:\/\/www.bc-maps.com\/mapa-vectorial-eps\/wp-json\/wp\/v2\/users\/1"}],"replies":[{"embeddable":true,"href":"https:\/\/www.bc-maps.com\/mapa-vectorial-eps\/wp-json\/wp\/v2\/comments?post=8178"}],"version-history":[{"count":2,"href":"https:\/\/www.bc-maps.com\/mapa-vectorial-eps\/wp-json\/wp\/v2\/pages\/8178\/revisions"}],"predecessor-version":[{"id":8181,"href":"https:\/\/www.bc-maps.com\/mapa-vectorial-eps\/wp-json\/wp\/v2\/pages\/8178\/revisions\/8181"}],"wp:featuredmedia":[{"embeddable":true,"href":"https:\/\/www.bc-maps.com\/mapa-vectorial-eps\/wp-json\/wp\/v2\/media\/8175"}],"wp:attachment":[{"href":"https:\/\/www.bc-maps.com\/mapa-vectorial-eps\/wp-json\/wp\/v2\/media?parent=8178"}],"curies":[{"name":"wp","href":"https:\/\/api.w.org\/{rel}","templated":true}]}}