{"id":814,"date":"2012-05-24T10:37:23","date_gmt":"2012-05-24T10:37:23","guid":{"rendered":"http:\/\/www.bc-maps.com\/mapa-vectorial-eps\/"},"modified":"2021-10-05T09:26:56","modified_gmt":"2021-10-05T09:26:56","slug":"a-coruna-provincia-illustrator","status":"publish","type":"page","link":"https:\/\/www.bc-maps.com\/mapa-vectorial-eps\/mapas-vectoriales\/espana\/comunidades-provincias\/a-coruna-provincia-illustrator\/","title":{"rendered":"A Coru\u00f1a mapa vectorial provincia illustrator editable eps"},"content":{"rendered":"<h1>Mapas vectoriales editables de carreteras de\u00a0A Coru\u00f1a<\/h1>\n<h2>Mapa vectorial A Coru\u00f1a provincia\u00a0a en eps, ai, pdf y cartografia digital.<\/h2>\n<p>BC Maps elabora su cartograf\u00eda digital \u00a0y sus mapas vectoriales adapt\u00e1ndose a la necesidad de cada cliente.\u00a0El mapa vectorial A Coru\u00f1a provincia\u00a0se entrega siempre totalmente editable, adobe illustrator, eps, freehand, corel o pdf, svg.<\/p>\n<figure id=\"attachment_3258\" aria-describedby=\"caption-attachment-3258\" style=\"width: 300px\" class=\"wp-caption alignnone\"><a href=\"http:\/\/www.bc-maps.com\/wp-content\/uploads\/2012\/05\/Galicia-mapa-vectorial-illustrator-eps.jpg\" target=\"_blank\" rel=\"noopener noreferrer\"><img loading=\"lazy\" decoding=\"async\" class=\"wp-image-3258 size-medium\" title=\"Mapa vectorial A Coru\u00f1a provincia \" src=\"http:\/\/www.bc-maps.com\/wp-content\/uploads\/2012\/05\/Galicia-mapa-vectorial-illustrator-eps-300x292.jpg\" alt=\"Mapa vectorial A Coru\u00f1a provincia \" width=\"300\" height=\"292\" srcset=\"https:\/\/www.bc-maps.com\/wp-content\/uploads\/2012\/05\/Galicia-mapa-vectorial-illustrator-eps-300x292.jpg 300w, https:\/\/www.bc-maps.com\/wp-content\/uploads\/2012\/05\/Galicia-mapa-vectorial-illustrator-eps-768x747.jpg 768w, https:\/\/www.bc-maps.com\/wp-content\/uploads\/2012\/05\/Galicia-mapa-vectorial-illustrator-eps-1024x995.jpg 1024w, https:\/\/www.bc-maps.com\/wp-content\/uploads\/2012\/05\/Galicia-mapa-vectorial-illustrator-eps.jpg 1575w\" sizes=\"auto, (max-width: 300px) 100vw, 300px\" \/><\/a><figcaption id=\"caption-attachment-3258\" class=\"wp-caption-text\">Mapa vectorial A Coru\u00f1a provincia<\/figcaption><\/figure>\n<p>El contenido de informaci\u00f3n depender\u00e1 del tama\u00f1o de la zona y la escala o medidas de reproducci\u00f3n, es por ello<\/p>\n<p>que no trabajamos con textos inferiores a 5 puntos para que sean legibles.<\/p>\n<p>Habitualmente se entregan ficheros en formato\u00a0<a href=\"http:\/\/www.adobe.com\/es\/products\/illustrator.html\">Illustrator CC<\/a>, totalmente editables, colores y textos, estructurados por medio de casas de informaci\u00f3n por esto mismo<\/p>\n<p>se facilitan los cambios y personalizaciones, inclusi\u00f3n de lugares de inter\u00e9s, museos, colegios, monumentos&#8230;etc<\/p>\n","protected":false},"excerpt":{"rendered":"<p>Mapas vectoriales editables de carreteras de\u00a0A Coru\u00f1a Mapa vectorial A Coru\u00f1a provincia\u00a0a en eps, ai, pdf y cartografia digital. BC Maps elabora su cartograf\u00eda digital \u00a0y sus mapas vectoriales adapt\u00e1ndose a la necesidad de cada cliente.\u00a0El mapa vectorial A Coru\u00f1a provincia\u00a0se entrega siempre totalmente editable, adobe illustrator, eps, freehand, corel o pdf, svg. El contenido &hellip; <a href=\"https:\/\/www.bc-maps.com\/mapa-vectorial-eps\/mapas-vectoriales\/espana\/comunidades-provincias\/a-coruna-provincia-illustrator\/\" class=\"more-link\">Seguir leyendo <span class=\"screen-reader-text\">A Coru\u00f1a mapa vectorial provincia illustrator editable eps<\/span> <span class=\"meta-nav\">&rarr;<\/span><\/a><\/p>\n","protected":false},"author":1,"featured_media":0,"parent":54,"menu_order":0,"comment_status":"closed","ping_status":"closed","template":"","meta":{"footnotes":""},"class_list":["post-814","page","type-page","status-publish","hentry"],"_links":{"self":[{"href":"https:\/\/www.bc-maps.com\/mapa-vectorial-eps\/wp-json\/wp\/v2\/pages\/814","targetHints":{"allow":["GET"]}}],"collection":[{"href":"https:\/\/www.bc-maps.com\/mapa-vectorial-eps\/wp-json\/wp\/v2\/pages"}],"about":[{"href":"https:\/\/www.bc-maps.com\/mapa-vectorial-eps\/wp-json\/wp\/v2\/types\/page"}],"author":[{"embeddable":true,"href":"https:\/\/www.bc-maps.com\/mapa-vectorial-eps\/wp-json\/wp\/v2\/users\/1"}],"replies":[{"embeddable":true,"href":"https:\/\/www.bc-maps.com\/mapa-vectorial-eps\/wp-json\/wp\/v2\/comments?post=814"}],"version-history":[{"count":6,"href":"https:\/\/www.bc-maps.com\/mapa-vectorial-eps\/wp-json\/wp\/v2\/pages\/814\/revisions"}],"predecessor-version":[{"id":4929,"href":"https:\/\/www.bc-maps.com\/mapa-vectorial-eps\/wp-json\/wp\/v2\/pages\/814\/revisions\/4929"}],"up":[{"embeddable":true,"href":"https:\/\/www.bc-maps.com\/mapa-vectorial-eps\/wp-json\/wp\/v2\/pages\/54"}],"wp:attachment":[{"href":"https:\/\/www.bc-maps.com\/mapa-vectorial-eps\/wp-json\/wp\/v2\/media?parent=814"}],"curies":[{"name":"wp","href":"https:\/\/api.w.org\/{rel}","templated":true}]}}