{"id":8096,"date":"2025-10-08T19:15:05","date_gmt":"2025-10-08T19:15:05","guid":{"rendered":"https:\/\/www.bc-maps.com\/mapa-vectorial-eps\/eslovenia-mapa-vectorial-ilustrator-eps-2\/"},"modified":"2025-10-11T09:17:57","modified_gmt":"2025-10-11T09:17:57","slug":"moldavia-mapa-vectorial-illustrator-eps","status":"publish","type":"page","link":"https:\/\/www.bc-maps.com\/mapa-vectorial-eps\/moldavia-mapa-vectorial-illustrator-eps\/","title":{"rendered":"Moldavia mapas vectoriales, illustrator, eps"},"content":{"rendered":"\n<h1 class=\"wp-block-heading\">Moldavia mapas editables vectoriales con capas<\/h1>\n\n\n\n<h2 class=\"wp-block-heading\">Mapas vectoriales de los diferentes Distritos, raioane, de Moldavia<\/h2>\n\n\n\n<h2 class=\"wp-block-heading\">Mapas editables eps illustrator ciudades de Moldavia<\/h2>\n\n\n\n<p>Podemos crear cualquier tipo de mapa de Moldavia, mapas de ciudades, mapas de distritos, mapas de municipios &#8230;etc. Un ejemplo de lo que podemos hacer ser\u00eda este mapa :<\/p>\n\n\n\n<figure class=\"wp-block-gallery has-nested-images columns-default is-cropped wp-block-gallery-1 is-layout-flex wp-block-gallery-is-layout-flex\">\n<figure class=\"wp-block-image size-large alignnone size-medium wp-image-7962\"><a href=\"https:\/\/www.bc-maps.com\/wp-content\/uploads\/2025\/10\/Moldavia-mapa-vectorial-illustrator-eps.jpg\" target=\"_blank\" rel=\" noreferrer noopener\"><img loading=\"lazy\" decoding=\"async\" width=\"922\" height=\"1024\" data-id=\"8099\" src=\"https:\/\/www.bc-maps.com\/wp-content\/uploads\/2025\/10\/Moldavia-mapa-vectorial-illustrator-eps-922x1024.jpg\" alt=\"\" class=\"wp-image-8099\" srcset=\"https:\/\/www.bc-maps.com\/wp-content\/uploads\/2025\/10\/Moldavia-mapa-vectorial-illustrator-eps-922x1024.jpg 922w, https:\/\/www.bc-maps.com\/wp-content\/uploads\/2025\/10\/Moldavia-mapa-vectorial-illustrator-eps-270x300.jpg 270w, https:\/\/www.bc-maps.com\/wp-content\/uploads\/2025\/10\/Moldavia-mapa-vectorial-illustrator-eps-768x853.jpg 768w, https:\/\/www.bc-maps.com\/wp-content\/uploads\/2025\/10\/Moldavia-mapa-vectorial-illustrator-eps.jpg 1063w\" sizes=\"auto, (max-width: 922px) 100vw, 922px\" \/><\/a><figcaption class=\"wp-element-caption\">Alemania mapa vectorial illustrator eps<\/figcaption><\/figure>\n<\/figure>\n\n\n\n<h5 class=\"wp-block-heading\">Distritos (raioane)<\/h5>\n\n\n\n<p>Anenii Noi, Basarabeasca, Briceni, Cahul, Cantemir, C\u0103l\u0103ra\u0219i, C\u0103u\u0219eni, Criuleni, Dondu\u0219eni, Drochia, Dub\u0103sari, Edine\u021b, F\u0103le\u0219ti, Flore\u0219ti, Glodeni, H\u00eence\u0219ti, Ialoveni, Leova, Nisporeni, Ocni\u021ba, Orhei, Rezina, R\u00ee\u0219cani, S\u00eengerei, Soroca, Str\u0103\u0219eni, \u0218old\u0103ne\u0219ti, \u0218tefan Vod\u0103, Taraclia, Telene\u0219ti, Ungheni<\/p>\n\n\n\n<h5 class=\"wp-block-heading\">CIUDADES<\/h5>\n\n\n\n<p>Chi\u0219in\u0103u, B\u0103l\u021bi, Tiraspol, Bender (Tighina), R\u00eebni\u021ba, Cahul, Ungheni, Orhei, Soroca, Comrat<\/p>\n\n\n\n<p>Un <strong>mapa vectorial en illustrator eps<\/strong> de <strong>Moldavia <\/strong>, 100% editable, tanto texto como colores, le permitir\u00e1 incorporarlo a sus publicaciones. Este archivo digital que representa gr\u00e1ficamente la geograf\u00eda, la infraestructura y otros elementos geoespaciales \u00a0en forma de vectores.<\/p>\n\n\n\n<p>Los mapas se entregan en formatos editables <strong><a href=\"http:\/\/www.adobe.es\">adobe<\/a> illustrator, eps<\/strong><\/p>\n\n\n\n<p>Estas son algunas de las caracter\u00edsticas comunes de un mapa vectorial:<\/p>\n\n\n\n<p>1. Escalabilidad: Los mapas vectoriales son escalables, lo que significa que se pueden ampliar o reducir sin perder calidad.<\/p>\n\n\n\n<p>2. Geometr\u00eda precisa: Los elementos en un mapa vectorial se representan mediante formas geom\u00e9tricas, como l\u00edneas, puntos y pol\u00edgonos. Estas formas se definen matem\u00e1ticamente, lo que garantiza una representaci\u00f3n precisa de la geograf\u00eda y las caracter\u00edsticas del terreno.<\/p>\n\n\n\n<p>3. Capas y atributos: Un mapa vectorial puede contener diferentes capas que representan diferentes tipos de informaci\u00f3n, como carreteras, r\u00edos, edificios, \u00e1reas verdes, entre otros. .<\/p>\n\n\n\n<p>4. Edici\u00f3n y personalizaci\u00f3n: Los mapas vectoriales son editables, lo que permite agregar, eliminar o modificar elementos seg\u00fan las necesidades del usuario. Tambi\u00e9n se pueden personalizar mediante la selecci\u00f3n de colores, estilos de l\u00ednea y s\u00edmbolos.<\/p>\n\n\n\n<p>5. Compatibilidad: Los mapas vectoriales suelen estar disponibles en formatos est\u00e1ndar, como SVG (Scalable Vector Graphics), AI (Adobe Illustrator), EPS (Encapsulated PostScript) o DXF (Drawing Exchange Format), lo que permite su visualizaci\u00f3n y edici\u00f3n en diferentes software de dise\u00f1o y cartograf\u00eda.<\/p>\n\n\n\n<p>Estas caracter\u00edsticas hacen que los mapas vectoriales sean \u00fatiles para an\u00e1lisis espacial, planificaci\u00f3n urbana, navegaci\u00f3n, representaci\u00f3n cartogr\u00e1fica y otras aplicaciones donde la precisi\u00f3n y la flexibilidad son importantes. Los mapas de ciudades pueden contener el nombre de todas las calles o solo las principales, as\u00ed como los lugares de inter\u00e9s m\u00e1s importantes.<\/p>\n\n\n\n<p>El contenido de informaci\u00f3n depender\u00e1 del tama\u00f1o de la zona y la escala o medidas de reproducci\u00f3n, ya que no trabajamos con textos inferiores a 5 puntos. Todos nuestros mapas estan estructurados por medio de capas y son totalmenete editables, colores y textos.Los mapas son libres de derechos de reproducci\u00f3n, incluyendo nuestro copyright, s\u00f3lo pagar\u00e1 por ellos una vez.<\/p>\n","protected":false},"excerpt":{"rendered":"<p>Moldavia mapas editables vectoriales con capas Mapas vectoriales de los diferentes Distritos, raioane, de Moldavia Mapas editables eps illustrator ciudades de Moldavia Podemos crear cualquier tipo de mapa de Moldavia, mapas de ciudades, mapas de distritos, mapas de municipios &#8230;etc. Un ejemplo de lo que podemos hacer ser\u00eda este mapa : Distritos (raioane) Anenii Noi, &hellip; <a href=\"https:\/\/www.bc-maps.com\/mapa-vectorial-eps\/moldavia-mapa-vectorial-illustrator-eps\/\" class=\"more-link\">Seguir leyendo <span class=\"screen-reader-text\">Moldavia mapas vectoriales, illustrator, eps<\/span> <span class=\"meta-nav\">&rarr;<\/span><\/a><\/p>\n","protected":false},"author":1,"featured_media":8099,"parent":0,"menu_order":0,"comment_status":"closed","ping_status":"closed","template":"","meta":{"footnotes":""},"class_list":["post-8096","page","type-page","status-publish","has-post-thumbnail","hentry"],"_links":{"self":[{"href":"https:\/\/www.bc-maps.com\/mapa-vectorial-eps\/wp-json\/wp\/v2\/pages\/8096","targetHints":{"allow":["GET"]}}],"collection":[{"href":"https:\/\/www.bc-maps.com\/mapa-vectorial-eps\/wp-json\/wp\/v2\/pages"}],"about":[{"href":"https:\/\/www.bc-maps.com\/mapa-vectorial-eps\/wp-json\/wp\/v2\/types\/page"}],"author":[{"embeddable":true,"href":"https:\/\/www.bc-maps.com\/mapa-vectorial-eps\/wp-json\/wp\/v2\/users\/1"}],"replies":[{"embeddable":true,"href":"https:\/\/www.bc-maps.com\/mapa-vectorial-eps\/wp-json\/wp\/v2\/comments?post=8096"}],"version-history":[{"count":2,"href":"https:\/\/www.bc-maps.com\/mapa-vectorial-eps\/wp-json\/wp\/v2\/pages\/8096\/revisions"}],"predecessor-version":[{"id":8100,"href":"https:\/\/www.bc-maps.com\/mapa-vectorial-eps\/wp-json\/wp\/v2\/pages\/8096\/revisions\/8100"}],"wp:featuredmedia":[{"embeddable":true,"href":"https:\/\/www.bc-maps.com\/mapa-vectorial-eps\/wp-json\/wp\/v2\/media\/8099"}],"wp:attachment":[{"href":"https:\/\/www.bc-maps.com\/mapa-vectorial-eps\/wp-json\/wp\/v2\/media?parent=8096"}],"curies":[{"name":"wp","href":"https:\/\/api.w.org\/{rel}","templated":true}]}}