{"id":808,"date":"2019-04-23T10:36:49","date_gmt":"2019-04-23T10:36:49","guid":{"rendered":"http:\/\/www.bc-maps.com\/mapa-vectorial-eps\/"},"modified":"2024-10-20T06:39:49","modified_gmt":"2024-10-20T06:39:49","slug":"provincia-castellon-municipios-illustrator","status":"publish","type":"page","link":"https:\/\/www.bc-maps.com\/mapa-vectorial-eps\/provincia-castellon-municipios-illustrator\/","title":{"rendered":"Municipios de Castell\u00f3n mapa vectorial  de la provincia o de sus municipios"},"content":{"rendered":"<h1>Planos y mapas vectoriales de Castell\u00f3\/Castell\u00f3n<\/h1>\n<h2>Mapas vectoriales editables estructurados con capas de la provincia, comarcas o municipios.<\/h2>\n<h3>Planos vectoriales de ciudades de la provincia de Castell\u00f3n<\/h3>\n<p>Podemos crear cualquier tipo de mapa de la provincia de Castell\u00f3\/ Castell\u00f3n mapas de municipios, callejeros, mapas de comarcas, planos parciales, planos generales, planos de detalle, \u2026etc.<\/p>\n<p>Los mapas se entregan en formatos editables <a href=\"http:\/\/www.adobe.es\">adobe<\/a> illustrator, eps.<\/p>\n<p><a style=\"font-weight: bold; display: inline !important;\" href=\"http:\/\/www.bc-maps.com\/wp-content\/uploads\/2019\/04\/Mapa-vectorial-illustrator-eps-municipios-provincia-Castellon.jpg\" target=\"_blank\" rel=\"noopener noreferrer\"><img loading=\"lazy\" decoding=\"async\" class=\"Mapa vectorial illustrator eps municipios Castell\u00f3n provincia  wp-image-4103\" title=\"Mapa vectorial illustrator eps municipios Castell\u00f3n provincia \" src=\"http:\/\/www.bc-maps.com\/wp-content\/uploads\/2019\/04\/Mapa-vectorial-illustrator-eps-municipios-provincia-Castellon-251x300.jpg\" alt=\"Mapa vectorial illustrator eps municipios Castell\u00f3n provincia \" width=\"313\" height=\"374\" srcset=\"https:\/\/www.bc-maps.com\/wp-content\/uploads\/2019\/04\/Mapa-vectorial-illustrator-eps-municipios-provincia-Castellon-251x300.jpg 251w, https:\/\/www.bc-maps.com\/wp-content\/uploads\/2019\/04\/Mapa-vectorial-illustrator-eps-municipios-provincia-Castellon-768x919.jpg 768w, https:\/\/www.bc-maps.com\/wp-content\/uploads\/2019\/04\/Mapa-vectorial-illustrator-eps-municipios-provincia-Castellon-856x1024.jpg 856w, https:\/\/www.bc-maps.com\/wp-content\/uploads\/2019\/04\/Mapa-vectorial-illustrator-eps-municipios-provincia-Castellon.jpg 1635w\" sizes=\"auto, (max-width: 313px) 100vw, 313px\" \/><\/a><\/p>\n<p><strong>Mapa vectorial illustrator eps municipios Castell\u00f3n provincia <\/strong><\/p>\n<h5><strong>Comarcas de Castell\u00f3n :<\/strong><\/h5>\n<p>Alcalat\u00e9n,\u00a0Alto Maestrazgo,\u00a0Alto Mijares,\u00a0Alto Palancia,\u00a0Bajo Maestrazgo,\u00a0Plana Alta,\u00a0Plana Baja,\u00a0Los Puertos de Morella<\/p>\n<h4><strong>Municipios de Castell\u00f3n :<\/strong><\/h4>\n<p>Atzeneta del Maestrat, A\u00edn, Alboc\u00e0sser, Alcal\u00e0 de Xivert, Alcora, l&#8217;, L&#8217;Alc\u00fadia de Veo, Alfondeguilla, Algimia de Almonacid, <a href=\"https:\/\/www.bc-maps.com\/mapa-vectorial-eps\/almassora-castellon-mapa-vectorial-illustrator-eps-ai-cc\/\">Almassora<\/a>, Almed\u00edjar, Almenara, <a href=\"https:\/\/www.bc-maps.com\/mapa-vectorial-eps\/les-alqueries-castellon-mapa-vectorial-illustrator-eps-ai-cc\/\">les Alqueries<\/a>, Altura, Ara\u00f1uel, Ares del Maestrat, Argelita, Artana, Ai\u00f2der, Assu\u00e9var, Barraques, Beg\u00eds, Benafer, Benafigos, Benassal, Benicarl\u00f3, Benic\u00e0ssim, Benlloc, Betx\u00ed, Borriol, <a href=\"https:\/\/www.bc-maps.com\/mapa-vectorial-eps\/borriana-burriana-castellon-mapa-vectorial-illustrator-eps-ai-cc\/\">Borriana<\/a>,<\/p>\n<p>Cabanes, C\u00e0lig, Canet lo Roig, Castell de Cabres, Castellfort, Castellnovo, <a href=\"https:\/\/www.bc-maps.com\/mapa-vectorial-eps\/castello-ilustrator-eps\/\">Castell\u00f3 de la Plana<\/a>, Castillo de Villamalefa, Cat\u00ed, Caudiel, Cervera del Maestrat, Xilxes, Xert, Xodos, Ch\u00f3var, Cinctorres, Cirat, Cortes de Arenoso, Costur, Coves de Vinrom\u00e0, les, Culla, Eslida,<\/p>\n<p>Espadilla, Fanzara, Figueroles, Forcall, Fuente la Reina, Fuentes de Ay\u00f3dar, Gaibiel, Geldo, Herbers, Higueras, Jana, La, J\u00e9rica, Llucena, Llosa, la, Ludiente, Mata de Morella, la, Matet, Moncofa, Mont\u00e1n, Montanejos, Morella, Navajas, <a href=\"https:\/\/www.bc-maps.com\/mapa-vectorial-eps\/nules-castellon-mapa-vectorial-illustrator-eps-ai-cc\/\">Nules<\/a>, Olocau del Rey, Onda, Orpesa, Palanques,<\/p>\n<p>Pav\u00edas, Pen\u00edscola, Pina de Montalgrao, Portell de Morella, Puebla de Arenoso, Pobla de Benifass\u00e0, la, Pobla Tornesa, la, Ribesalbes, Rossell, Saca\u00f1et, Salzadella, la, Sant Rafel del Riu, Sant Joan de Mor\u00f3, Sant Jordi,<\/p>\n<p>Sant Mateu, Santa Magdalena de Polp\u00eds, Segorbe, Serratella, la, La Serra d&#8217;en Galceran, Soneja, Sot de Ferrer, Suera, Tales, Teresa, T\u00edrig, La Todolella, Toga, Tor\u00e1s, Toro, El, Torralba del Pinar, Torre d&#8217;En Besora, la, Torre d&#8217;en Dom\u00e9nec, la, Torreblanca, Torrechiva, Traiguera, Useres, les, La Vall d&#8217;Alba, Vall de Almonacid, Vall d&#8217;Uix\u00f3, la, Vallat, Vallibona,<\/p>\n<p>Vilafam\u00e9s, Vilafranca, Villahermosa del R\u00edo, Villamalur, Vilanova d&#8217;Alcolea, Villanueva de Viver, Vilar de Canes, <a href=\"https:\/\/www.bc-maps.com\/mapa-vectorial-eps\/vila-real-villarreal-castellon-mapa-vectorial-illustrator-eps-ai-cc\/\">Vila-real<\/a>, Vilavella, la, Villores, <a href=\"https:\/\/www.bc-maps.com\/mapa-vectorial-eps\/mapas-vectoriales\/espana\/ciudades\/vinaros\/\">Vinar\u00f2s<\/a>, Vistabella del Maestrat, Viver, Sorita, Zucaina,<\/p>\n<p>Para facilitar los cambios los mapas vectoriales est\u00e1n estructurados por medio de capas de informaci\u00f3n.<\/p>\n<p>Tambi\u00e9n podemos realizar un mapa de carreteras a diferentes escalas, variando por tanto el nivel de detalle y contenido de informaci\u00f3n.<\/p>\n<p>La opci\u00f3n del mapa de la provincia con la divisi\u00f3n en municipios y comarcas puede ayudar en delimitar zonas de influencia.<\/p>\n<p>Asimismo para trabajo de marketing e implementaci\u00f3n comercial de las empresas en nuevos mercados.<\/p>\n","protected":false},"excerpt":{"rendered":"<p>Planos y mapas vectoriales de Castell\u00f3\/Castell\u00f3n Mapas vectoriales editables estructurados con capas de la provincia, comarcas o municipios. Planos vectoriales de ciudades de la provincia de Castell\u00f3n Podemos crear cualquier tipo de mapa de la provincia de Castell\u00f3\/ Castell\u00f3n mapas de municipios, callejeros, mapas de comarcas, planos parciales, planos generales, planos de detalle, \u2026etc. Los &hellip; <a href=\"https:\/\/www.bc-maps.com\/mapa-vectorial-eps\/provincia-castellon-municipios-illustrator\/\" class=\"more-link\">Seguir leyendo <span class=\"screen-reader-text\">Municipios de Castell\u00f3n mapa vectorial  de la provincia o de sus municipios<\/span> <span class=\"meta-nav\">&rarr;<\/span><\/a><\/p>\n","protected":false},"author":1,"featured_media":4103,"parent":0,"menu_order":0,"comment_status":"closed","ping_status":"closed","template":"","meta":{"footnotes":""},"class_list":["post-808","page","type-page","status-publish","has-post-thumbnail","hentry"],"_links":{"self":[{"href":"https:\/\/www.bc-maps.com\/mapa-vectorial-eps\/wp-json\/wp\/v2\/pages\/808","targetHints":{"allow":["GET"]}}],"collection":[{"href":"https:\/\/www.bc-maps.com\/mapa-vectorial-eps\/wp-json\/wp\/v2\/pages"}],"about":[{"href":"https:\/\/www.bc-maps.com\/mapa-vectorial-eps\/wp-json\/wp\/v2\/types\/page"}],"author":[{"embeddable":true,"href":"https:\/\/www.bc-maps.com\/mapa-vectorial-eps\/wp-json\/wp\/v2\/users\/1"}],"replies":[{"embeddable":true,"href":"https:\/\/www.bc-maps.com\/mapa-vectorial-eps\/wp-json\/wp\/v2\/comments?post=808"}],"version-history":[{"count":14,"href":"https:\/\/www.bc-maps.com\/mapa-vectorial-eps\/wp-json\/wp\/v2\/pages\/808\/revisions"}],"predecessor-version":[{"id":6890,"href":"https:\/\/www.bc-maps.com\/mapa-vectorial-eps\/wp-json\/wp\/v2\/pages\/808\/revisions\/6890"}],"wp:featuredmedia":[{"embeddable":true,"href":"https:\/\/www.bc-maps.com\/mapa-vectorial-eps\/wp-json\/wp\/v2\/media\/4103"}],"wp:attachment":[{"href":"https:\/\/www.bc-maps.com\/mapa-vectorial-eps\/wp-json\/wp\/v2\/media?parent=808"}],"curies":[{"name":"wp","href":"https:\/\/api.w.org\/{rel}","templated":true}]}}