{"id":8012,"date":"2025-10-09T21:15:05","date_gmt":"2025-10-09T21:15:05","guid":{"rendered":"https:\/\/www.bc-maps.com\/mapa-vectorial-eps\/bosnia-herzegovina-mapa-vectorial-ilustrator-eps-2\/"},"modified":"2025-10-11T09:16:14","modified_gmt":"2025-10-11T09:16:14","slug":"bulgaria-mapa-vectorial-illustrator-eps","status":"publish","type":"page","link":"https:\/\/www.bc-maps.com\/mapa-vectorial-eps\/bulgaria-mapa-vectorial-illustrator-eps\/","title":{"rendered":"Bulgaria mapas vectoriales, illustrator, eps"},"content":{"rendered":"\n<h1 class=\"wp-block-heading\">Bulgaria mapas editables vectoriales con capas<\/h1>\n\n\n\n<h2 class=\"wp-block-heading\">Mapas vectoriales de las diferentes Oblast, Regiones,  del pa\u00eds<\/h2>\n\n\n\n<h2 class=\"wp-block-heading\">Mapas editables eps illustrator ciudades de Bulgaria<\/h2>\n\n\n\n<p>Podemos crear cualquier tipo de mapa de Bulgaria mapas de ciudades, mapas de regiones, mapas de provincias, mapas zonales &#8230;etc. Un ejemplo de lo que podemos hacer ser\u00eda este mapa :<\/p>\n\n\n<div class=\"wp-block-image\">\n<figure class=\"aligncenter size-large\"><a href=\"https:\/\/www.bc-maps.com\/wp-content\/uploads\/2025\/10\/Bulgaria-mapa-vectorial-illustrator-eps.jpg\" target=\"_blank\" rel=\" noreferrer noopener\"><img loading=\"lazy\" decoding=\"async\" width=\"1024\" height=\"922\" src=\"https:\/\/www.bc-maps.com\/wp-content\/uploads\/2025\/10\/Bulgaria-mapa-vectorial-illustrator-eps-1024x922.jpg\" alt=\"\" class=\"wp-image-8015\" srcset=\"https:\/\/www.bc-maps.com\/wp-content\/uploads\/2025\/10\/Bulgaria-mapa-vectorial-illustrator-eps-1024x922.jpg 1024w, https:\/\/www.bc-maps.com\/wp-content\/uploads\/2025\/10\/Bulgaria-mapa-vectorial-illustrator-eps-300x270.jpg 300w, https:\/\/www.bc-maps.com\/wp-content\/uploads\/2025\/10\/Bulgaria-mapa-vectorial-illustrator-eps-768x691.jpg 768w, https:\/\/www.bc-maps.com\/wp-content\/uploads\/2025\/10\/Bulgaria-mapa-vectorial-illustrator-eps.jpg 1181w\" sizes=\"auto, (max-width: 1024px) 100vw, 1024px\" \/><\/a><\/figure>\n<\/div>\n\n\n<h5 class=\"wp-block-heading\">Regiones<\/h5>\n\n\n\n<p>Blagoevgrad, Burgas, Dobrich, Gabrovo, Haskovo, Kardzhali, Kyustendil, Lovech, Montana, Pazardzhik, Pernik, Pleven, Plovdiv, Razgrad, Ruse, Shumen, Silistra, Sliven, Smolyan, Sofia (ciudad), Sofia (provincia), Stara Zagora, Targovishte, Varna, Veliko Tarnovo, Vidin, Vratsa, Yambol<\/p>\n\n\n\n<h5 class=\"wp-block-heading\">CIUDADES<\/h5>\n\n\n\n<p>Sof\u00eda, Plovdiv, Varna, Burgas, Ruse, Stara Zagora, Pleven, Sliven, Dobrich, Shumen, Pernik, Haskovo, Yambol, Pazardzhik, Blagoevgrad<\/p>\n\n\n\n<p>Un <strong>mapa vectorial en illustrator eps<\/strong> de <strong>Bulgaria <\/strong>, 100% editable tanto texto como colores, y le  permitir\u00e1 incorporarlo a sus publicaciones. Este archivo digital que representa gr\u00e1ficamente la geograf\u00eda, la infraestructura y otros elementos geoespaciales \u00a0en forma de vectores.<\/p>\n\n\n\n<p>Los mapas se entregan en formatos editables <strong><a href=\"http:\/\/www.adobe.es\">adobe<\/a> illustrator, eps<\/strong><\/p>\n\n\n\n<p>Estas son algunas de las caracter\u00edsticas comunes de un mapa vectorial:<\/p>\n\n\n\n<p>1. Escalabilidad: Los mapas vectoriales son escalables, lo que significa que se pueden ampliar o reducir sin perder calidad.<\/p>\n\n\n\n<p>2. Geometr\u00eda precisa: Los elementos en un mapa vectorial se representan mediante formas geom\u00e9tricas, como l\u00edneas, puntos y pol\u00edgonos. Estas formas se definen matem\u00e1ticamente, lo que garantiza una representaci\u00f3n precisa de la geograf\u00eda y las caracter\u00edsticas del terreno.<\/p>\n\n\n\n<p>3. Capas y atributos: Un mapa vectorial puede contener diferentes capas que representan diferentes tipos de informaci\u00f3n, como carreteras, r\u00edos, edificios, \u00e1reas verdes, entre otros. .<\/p>\n\n\n\n<p>4. Edici\u00f3n y personalizaci\u00f3n: Los mapas vectoriales son editables, lo que permite agregar, eliminar o modificar elementos seg\u00fan las necesidades del usuario. Tambi\u00e9n se pueden personalizar mediante la selecci\u00f3n de colores, estilos de l\u00ednea y s\u00edmbolos.<\/p>\n\n\n\n<p>5. Compatibilidad: Los mapas vectoriales suelen estar disponibles en formatos est\u00e1ndar, como SVG (Scalable Vector Graphics), AI (Adobe Illustrator), EPS (Encapsulated PostScript) o DXF (Drawing Exchange Format), lo que permite su visualizaci\u00f3n y edici\u00f3n en diferentes software de dise\u00f1o y cartograf\u00eda.<\/p>\n\n\n\n<p>Estas caracter\u00edsticas hacen que los mapas vectoriales sean \u00fatiles para an\u00e1lisis espacial, planificaci\u00f3n urbana, navegaci\u00f3n, representaci\u00f3n cartogr\u00e1fica y otras aplicaciones donde la precisi\u00f3n y la flexibilidad son importantes.<\/p>\n\n\n\n<p>Los mapas de ciudades pueden contener el nombre de todas las calles o solo las principales, as\u00ed como los lugares de inter\u00e9s m\u00e1s importantes.<\/p>\n\n\n\n<p>El contenido de informaci\u00f3n depender\u00e1 del tama\u00f1o de la zona y la escala o medidas de reproducci\u00f3n, ya que no trabajamos con textos inferiores a 5 puntos<\/p>\n\n\n\n<p>Todos nuestros mapas estan estructurados por medio de capas y son totalmenete editables, colores y textos.<\/p>\n\n\n\n<p>Los mapas son libres de derechos de reproducci\u00f3n, incluyendo nuestro copyright, s\u00f3lo pagar\u00e1 por ellos una vez.<\/p>\n","protected":false},"excerpt":{"rendered":"<p>Bulgaria mapas editables vectoriales con capas Mapas vectoriales de las diferentes Oblast, Regiones, del pa\u00eds Mapas editables eps illustrator ciudades de Bulgaria Podemos crear cualquier tipo de mapa de Bulgaria mapas de ciudades, mapas de regiones, mapas de provincias, mapas zonales &#8230;etc. Un ejemplo de lo que podemos hacer ser\u00eda este mapa : Regiones Blagoevgrad, &hellip; <a href=\"https:\/\/www.bc-maps.com\/mapa-vectorial-eps\/bulgaria-mapa-vectorial-illustrator-eps\/\" class=\"more-link\">Seguir leyendo <span class=\"screen-reader-text\">Bulgaria mapas vectoriales, illustrator, eps<\/span> <span class=\"meta-nav\">&rarr;<\/span><\/a><\/p>\n","protected":false},"author":1,"featured_media":8015,"parent":0,"menu_order":0,"comment_status":"closed","ping_status":"closed","template":"","meta":{"footnotes":""},"class_list":["post-8012","page","type-page","status-publish","has-post-thumbnail","hentry"],"_links":{"self":[{"href":"https:\/\/www.bc-maps.com\/mapa-vectorial-eps\/wp-json\/wp\/v2\/pages\/8012","targetHints":{"allow":["GET"]}}],"collection":[{"href":"https:\/\/www.bc-maps.com\/mapa-vectorial-eps\/wp-json\/wp\/v2\/pages"}],"about":[{"href":"https:\/\/www.bc-maps.com\/mapa-vectorial-eps\/wp-json\/wp\/v2\/types\/page"}],"author":[{"embeddable":true,"href":"https:\/\/www.bc-maps.com\/mapa-vectorial-eps\/wp-json\/wp\/v2\/users\/1"}],"replies":[{"embeddable":true,"href":"https:\/\/www.bc-maps.com\/mapa-vectorial-eps\/wp-json\/wp\/v2\/comments?post=8012"}],"version-history":[{"count":3,"href":"https:\/\/www.bc-maps.com\/mapa-vectorial-eps\/wp-json\/wp\/v2\/pages\/8012\/revisions"}],"predecessor-version":[{"id":8018,"href":"https:\/\/www.bc-maps.com\/mapa-vectorial-eps\/wp-json\/wp\/v2\/pages\/8012\/revisions\/8018"}],"wp:featuredmedia":[{"embeddable":true,"href":"https:\/\/www.bc-maps.com\/mapa-vectorial-eps\/wp-json\/wp\/v2\/media\/8015"}],"wp:attachment":[{"href":"https:\/\/www.bc-maps.com\/mapa-vectorial-eps\/wp-json\/wp\/v2\/media?parent=8012"}],"curies":[{"name":"wp","href":"https:\/\/api.w.org\/{rel}","templated":true}]}}