{"id":7973,"date":"2025-10-08T19:15:05","date_gmt":"2025-10-08T19:15:05","guid":{"rendered":"https:\/\/www.bc-maps.com\/mapa-vectorial-eps\/alemania-mapa-vectorial-ilustrator-eps-2\/"},"modified":"2025-10-11T09:15:43","modified_gmt":"2025-10-11T09:15:43","slug":"alemania-mapa-vectorial-illustrator-eps","status":"publish","type":"page","link":"https:\/\/www.bc-maps.com\/mapa-vectorial-eps\/alemania-mapa-vectorial-illustrator-eps\/","title":{"rendered":"Alemania mapas vectoriales, illustrator, eps"},"content":{"rendered":"\n<h1 class=\"wp-block-heading\">Alemania mapas editables vectoriales con capas<\/h1>\n\n\n\n<h2 class=\"wp-block-heading\">Mapas vectoriales de los diferentes Lands y regiones de Alemania<\/h2>\n\n\n\n<h2 class=\"wp-block-heading\">Mapas editables eps illustrator ciudades de Alemania<\/h2>\n\n\n\n<p>Podemos crear cualquier tipo de mapa de Alemania, mapas de ciudades, mapas de Lands, mapas de regiones &#8230;etc. Unos ejemplos de los que podemos hacer ser\u00edan estos mapas :<\/p>\n\n\n\n<figure class=\"wp-block-gallery has-nested-images columns-default is-cropped wp-block-gallery-1 is-layout-flex wp-block-gallery-is-layout-flex\">\n<figure data-wp-context=\"{&quot;imageId&quot;:&quot;69d389aba911b&quot;}\" data-wp-interactive=\"core\/image\" data-wp-key=\"69d389aba911b\" class=\"wp-block-image size-large alignnone size-medium wp-image-7962 wp-lightbox-container\"><img loading=\"lazy\" decoding=\"async\" width=\"819\" height=\"1024\" data-wp-class--hide=\"state.isContentHidden\" data-wp-class--show=\"state.isContentVisible\" data-wp-init=\"callbacks.setButtonStyles\" data-wp-on--click=\"actions.showLightbox\" data-wp-on--load=\"callbacks.setButtonStyles\" data-wp-on-window--resize=\"callbacks.setButtonStyles\" data-id=\"7962\" src=\"https:\/\/www.bc-maps.com\/wp-content\/uploads\/2025\/10\/Alemania-mapa-vectorial-illustrator-eps-819x1024.jpg\" alt=\"Alemania mapa vectorial illustrator eps\" class=\"wp-image-7962\" srcset=\"https:\/\/www.bc-maps.com\/wp-content\/uploads\/2025\/10\/Alemania-mapa-vectorial-illustrator-eps-819x1024.jpg 819w, https:\/\/www.bc-maps.com\/wp-content\/uploads\/2025\/10\/Alemania-mapa-vectorial-illustrator-eps-240x300.jpg 240w, https:\/\/www.bc-maps.com\/wp-content\/uploads\/2025\/10\/Alemania-mapa-vectorial-illustrator-eps-768x960.jpg 768w, https:\/\/www.bc-maps.com\/wp-content\/uploads\/2025\/10\/Alemania-mapa-vectorial-illustrator-eps.jpg 945w\" sizes=\"auto, (max-width: 819px) 100vw, 819px\" \/><button\n\t\t\tclass=\"lightbox-trigger\"\n\t\t\ttype=\"button\"\n\t\t\taria-haspopup=\"dialog\"\n\t\t\taria-label=\"Agrandar\"\n\t\t\tdata-wp-init=\"callbacks.initTriggerButton\"\n\t\t\tdata-wp-on--click=\"actions.showLightbox\"\n\t\t\tdata-wp-style--right=\"state.imageButtonRight\"\n\t\t\tdata-wp-style--top=\"state.imageButtonTop\"\n\t\t>\n\t\t\t<svg xmlns=\"http:\/\/www.w3.org\/2000\/svg\" width=\"12\" height=\"12\" fill=\"none\" viewBox=\"0 0 12 12\">\n\t\t\t\t<path fill=\"#fff\" d=\"M2 0a2 2 0 0 0-2 2v2h1.5V2a.5.5 0 0 1 .5-.5h2V0H2Zm2 10.5H2a.5.5 0 0 1-.5-.5V8H0v2a2 2 0 0 0 2 2h2v-1.5ZM8 12v-1.5h2a.5.5 0 0 0 .5-.5V8H12v2a2 2 0 0 1-2 2H8Zm2-12a2 2 0 0 1 2 2v2h-1.5V2a.5.5 0 0 0-.5-.5H8V0h2Z\" \/>\n\t\t\t<\/svg>\n\t\t<\/button><figcaption class=\"wp-element-caption\">Alemania mapa vectorial illustrator eps<\/figcaption><\/figure>\n<\/figure>\n\n\n\n<figure class=\"wp-block-gallery has-nested-images columns-default is-cropped wp-block-gallery-2 is-layout-flex wp-block-gallery-is-layout-flex\">\n<figure class=\"wp-block-image size-large alignnone size-medium wp-image-2873 is-style-default\"><a href=\"https:\/\/www.bc-maps.com\/wp-content\/uploads\/2012\/06\/HNOS-MARIN-ALEMANIA.jpg\" target=\"_blank\" rel=\" noreferrer noopener\"><img loading=\"lazy\" decoding=\"async\" width=\"768\" height=\"1024\" data-id=\"2873\" src=\"https:\/\/www.bc-maps.com\/wp-content\/uploads\/2012\/06\/HNOS-MARIN-ALEMANIA-768x1024.jpg\" alt=\"Alemania mapa vectorial illustrator eps\" class=\"wp-image-2873\" srcset=\"https:\/\/www.bc-maps.com\/wp-content\/uploads\/2012\/06\/HNOS-MARIN-ALEMANIA-768x1024.jpg 768w, https:\/\/www.bc-maps.com\/wp-content\/uploads\/2012\/06\/HNOS-MARIN-ALEMANIA-225x300.jpg 225w\" sizes=\"auto, (max-width: 768px) 100vw, 768px\" \/><\/a><figcaption class=\"wp-element-caption\">Alemania mapa vectorial illustrator eps<\/figcaption><\/figure>\n<\/figure>\n\n\n\n<figure class=\"wp-block-gallery has-nested-images columns-default is-cropped wp-block-gallery-3 is-layout-flex wp-block-gallery-is-layout-flex\">\n<figure class=\"wp-block-image size-large alignnone size-medium wp-image-2958\"><a href=\"https:\/\/www.bc-maps.com\/wp-content\/uploads\/2012\/06\/Munich-mapa-vectorial-eps-illustrator.jpg\" target=\"_blank\" rel=\" noreferrer noopener\"><img loading=\"lazy\" decoding=\"async\" width=\"1024\" height=\"769\" data-id=\"2958\" src=\"https:\/\/www.bc-maps.com\/wp-content\/uploads\/2012\/06\/Munich-mapa-vectorial-eps-illustrator-1024x769.jpg\" alt=\"Munich mapa vectorial eps illustrator\" class=\"wp-image-2958\" srcset=\"https:\/\/www.bc-maps.com\/wp-content\/uploads\/2012\/06\/Munich-mapa-vectorial-eps-illustrator-1024x769.jpg 1024w, https:\/\/www.bc-maps.com\/wp-content\/uploads\/2012\/06\/Munich-mapa-vectorial-eps-illustrator-300x225.jpg 300w, https:\/\/www.bc-maps.com\/wp-content\/uploads\/2012\/06\/Munich-mapa-vectorial-eps-illustrator-768x576.jpg 768w, https:\/\/www.bc-maps.com\/wp-content\/uploads\/2012\/06\/Munich-mapa-vectorial-eps-illustrator.jpg 1355w\" sizes=\"auto, (max-width: 1024px) 100vw, 1024px\" \/><\/a><figcaption class=\"wp-element-caption\">Munich mapa vectorial eps illustrator<\/figcaption><\/figure>\n<\/figure>\n\n\n\n<figure class=\"wp-block-gallery has-nested-images columns-default is-cropped wp-block-gallery-4 is-layout-flex wp-block-gallery-is-layout-flex\">\n<figure class=\"wp-block-image size-large alignnone size-medium wp-image-3047\"><a href=\"https:\/\/www.bc-maps.com\/wp-content\/uploads\/2012\/06\/Berlin-mapa-vectorial-illustrator-eps.jpg\" target=\"_blank\" rel=\" noreferrer noopener\"><img loading=\"lazy\" decoding=\"async\" width=\"1024\" height=\"566\" data-id=\"3047\" src=\"https:\/\/www.bc-maps.com\/wp-content\/uploads\/2012\/06\/Berlin-mapa-vectorial-illustrator-eps-1024x566.jpg\" alt=\"Berlin mapa vectorial illustrator eps\" class=\"wp-image-3047\" srcset=\"https:\/\/www.bc-maps.com\/wp-content\/uploads\/2012\/06\/Berlin-mapa-vectorial-illustrator-eps-1024x566.jpg 1024w, https:\/\/www.bc-maps.com\/wp-content\/uploads\/2012\/06\/Berlin-mapa-vectorial-illustrator-eps-300x166.jpg 300w, https:\/\/www.bc-maps.com\/wp-content\/uploads\/2012\/06\/Berlin-mapa-vectorial-illustrator-eps-768x424.jpg 768w, https:\/\/www.bc-maps.com\/wp-content\/uploads\/2012\/06\/Berlin-mapa-vectorial-illustrator-eps-672x372.jpg 672w, https:\/\/www.bc-maps.com\/wp-content\/uploads\/2012\/06\/Berlin-mapa-vectorial-illustrator-eps.jpg 1272w\" sizes=\"auto, (max-width: 1024px) 100vw, 1024px\" \/><\/a><figcaption class=\"wp-element-caption\">Berlin mapa vectorial illustrator eps<\/figcaption><\/figure>\n<\/figure>\n\n\n\n<h5 class=\"wp-block-heading\">LANDS<\/h5>\n\n\n\n<p>Baden-Wurtemberg, Baviera, Berl\u00edn, Brandeburgo, Bremen, Hamburgo, Hesse, Mecklemburgo-Pomerania Occidental, Baja Sajonia, Renania del Norte-Westfalia, Renania-Palatinado, Sarre, Sajonia, Sajonia-Anhalt,Schleswig-Holstein, Turingia<\/p>\n\n\n\n<h5 class=\"wp-block-heading\">CIUDADES<\/h5>\n\n\n\n<p><a href=\"https:\/\/www.bc-maps.com\/mapa-vectorial-eps\/mapas-vectoriales\/mapas-de-europa\/ciudades\/berlin-ilustrator\/\" data-type=\"page\" data-id=\"1087\">Berlin<\/a>, Hamburgo, <a href=\"https:\/\/www.bc-maps.com\/mapa-vectorial-eps\/mapa-vectorial-munich-illustrator-eps\/\" data-type=\"page\" data-id=\"5422\">M\u00fanich<\/a>, Colonia, <a href=\"https:\/\/www.bc-maps.com\/mapa-vectorial-eps\/mapas-vectoriales\/mapas-de-europa\/ciudades\/frankfurt-ilustrator\/\" data-type=\"page\" data-id=\"1107\">Fr\u00e1ncfort<\/a>, Stuttgart, D\u00fcsseldorf, Dortmund, Essen, Bremen, Dresde, Leipzig, Han\u00f3ver, N\u00faremberg, Duisburgo, Bochum, Wuppertal, Bonn, Bielefeld, Mannheim, Karlsruhe, M\u00fcnster, Wiesbaden, Augsburgo, Aquisgr\u00e1n, M\u00f6nchengladbach,&nbsp;Gelsenkirchen, Brunswick, Chemnitz, Kiel, Krefeld, Halle, Magdeburgo, Friburgo, Oberhausen, Lubeck, Erfurt, Rostock, Maguncia, Kassel,Hagen, Hamm, Saarbr\u00fccken, M\u00fclheim, Herne, Ludwigshafen, Osnabr\u00fcck, Leverkusen, Solingen<\/p>\n\n\n\n<p>Un <strong>mapa vectorial en illustrator eps<\/strong> de <strong>Alemania <\/strong>, 100% editable, tanto texto como colores, le  permitir\u00e1 incorporarlo a sus publicaciones. Este archivo digital que representa gr\u00e1ficamente la geograf\u00eda, la infraestructura y otros elementos geoespaciales \u00a0en forma de vectores.<\/p>\n\n\n\n<p>Los mapas se entregan en formatos editables <strong><a href=\"http:\/\/www.adobe.es\">adobe<\/a> illustrator, eps<\/strong><\/p>\n\n\n\n<p>Estas son algunas de las caracter\u00edsticas comunes de un mapa vectorial:<\/p>\n\n\n\n<p>1. Escalabilidad: Los mapas vectoriales son escalables, lo que significa que se pueden ampliar o reducir sin perder calidad.<\/p>\n\n\n\n<p>2. Geometr\u00eda precisa: Los elementos en un mapa vectorial se representan mediante formas geom\u00e9tricas, como l\u00edneas, puntos y pol\u00edgonos. Estas formas se definen matem\u00e1ticamente, lo que garantiza una representaci\u00f3n precisa de la geograf\u00eda y las caracter\u00edsticas del terreno.<\/p>\n\n\n\n<p>3. Capas y atributos: Un mapa vectorial puede contener diferentes capas que representan diferentes tipos de informaci\u00f3n, como carreteras, r\u00edos, edificios, \u00e1reas verdes, entre otros. .<\/p>\n\n\n\n<p>4. Edici\u00f3n y personalizaci\u00f3n: Los mapas vectoriales son editables, lo que permite agregar, eliminar o modificar elementos seg\u00fan las necesidades del usuario. Tambi\u00e9n se pueden personalizar mediante la selecci\u00f3n de colores, estilos de l\u00ednea y s\u00edmbolos.<\/p>\n\n\n\n<p>5. Compatibilidad: Los mapas vectoriales suelen estar disponibles en formatos est\u00e1ndar, como SVG (Scalable Vector Graphics), AI (Adobe Illustrator), EPS (Encapsulated PostScript) o DXF (Drawing Exchange Format), lo que permite su visualizaci\u00f3n y edici\u00f3n en diferentes software de dise\u00f1o y cartograf\u00eda.<\/p>\n\n\n\n<p>Estas caracter\u00edsticas hacen que los mapas vectoriales sean \u00fatiles para an\u00e1lisis espacial, planificaci\u00f3n urbana, navegaci\u00f3n, representaci\u00f3n cartogr\u00e1fica y otras aplicaciones donde la precisi\u00f3n y la flexibilidad son importantes.<\/p>\n\n\n\n<p>Los mapas de ciudades pueden contener el nombre de todas las calles o solo las principales, as\u00ed como los lugares de inter\u00e9s m\u00e1s importantes.<\/p>\n\n\n\n<p>El contenido de informaci\u00f3n depender\u00e1 del tama\u00f1o de la zona y la escala o medidas de reproducci\u00f3n, ya que no trabajamos con textos inferiores a 5 puntos<\/p>\n\n\n\n<p>Todos nuestros mapas estan estructurados por medio de capas y son totalmenete editables, colores y textos.<\/p>\n\n\n\n<p>Los mapas son libres de derechos de reproducci\u00f3n, incluyendo nuestro copyright, s\u00f3lo pagar\u00e1 por ellos una vez.<\/p>\n","protected":false},"excerpt":{"rendered":"<p>Alemania mapas editables vectoriales con capas Mapas vectoriales de los diferentes Lands y regiones de Alemania Mapas editables eps illustrator ciudades de Alemania Podemos crear cualquier tipo de mapa de Alemania, mapas de ciudades, mapas de Lands, mapas de regiones &#8230;etc. Unos ejemplos de los que podemos hacer ser\u00edan estos mapas : LANDS Baden-Wurtemberg, Baviera, &hellip; <a href=\"https:\/\/www.bc-maps.com\/mapa-vectorial-eps\/alemania-mapa-vectorial-illustrator-eps\/\" class=\"more-link\">Seguir leyendo <span class=\"screen-reader-text\">Alemania mapas vectoriales, illustrator, eps<\/span> <span class=\"meta-nav\">&rarr;<\/span><\/a><\/p>\n","protected":false},"author":1,"featured_media":7962,"parent":0,"menu_order":0,"comment_status":"closed","ping_status":"closed","template":"","meta":{"footnotes":""},"class_list":["post-7973","page","type-page","status-publish","has-post-thumbnail","hentry"],"_links":{"self":[{"href":"https:\/\/www.bc-maps.com\/mapa-vectorial-eps\/wp-json\/wp\/v2\/pages\/7973","targetHints":{"allow":["GET"]}}],"collection":[{"href":"https:\/\/www.bc-maps.com\/mapa-vectorial-eps\/wp-json\/wp\/v2\/pages"}],"about":[{"href":"https:\/\/www.bc-maps.com\/mapa-vectorial-eps\/wp-json\/wp\/v2\/types\/page"}],"author":[{"embeddable":true,"href":"https:\/\/www.bc-maps.com\/mapa-vectorial-eps\/wp-json\/wp\/v2\/users\/1"}],"replies":[{"embeddable":true,"href":"https:\/\/www.bc-maps.com\/mapa-vectorial-eps\/wp-json\/wp\/v2\/comments?post=7973"}],"version-history":[{"count":4,"href":"https:\/\/www.bc-maps.com\/mapa-vectorial-eps\/wp-json\/wp\/v2\/pages\/7973\/revisions"}],"predecessor-version":[{"id":8022,"href":"https:\/\/www.bc-maps.com\/mapa-vectorial-eps\/wp-json\/wp\/v2\/pages\/7973\/revisions\/8022"}],"wp:featuredmedia":[{"embeddable":true,"href":"https:\/\/www.bc-maps.com\/mapa-vectorial-eps\/wp-json\/wp\/v2\/media\/7962"}],"wp:attachment":[{"href":"https:\/\/www.bc-maps.com\/mapa-vectorial-eps\/wp-json\/wp\/v2\/media?parent=7973"}],"curies":[{"name":"wp","href":"https:\/\/api.w.org\/{rel}","templated":true}]}}