{"id":7965,"date":"2012-06-12T09:32:11","date_gmt":"2012-06-12T09:32:11","guid":{"rendered":"https:\/\/www.bc-maps.com\/mapa-vectorial-eps\/mapas-vectoriales\/mapas-de-europa\/paises-de-europa\/alemania-illustrator-politico-2\/"},"modified":"2025-10-10T06:20:03","modified_gmt":"2025-10-10T06:20:03","slug":"alemania-illustrator-politico","status":"publish","type":"page","link":"https:\/\/www.bc-maps.com\/mapa-vectorial-eps\/mapas-vectoriales\/mapas-de-europa\/paises-de-europa\/alemania-illustrator-politico\/","title":{"rendered":"Mapas vectoriales de Alemania en Illustrator"},"content":{"rendered":"\n<h1 class=\"wp-block-heading\">Mapas vectoriales de Alemania<\/h1>\n\n\n\n<h2 class=\"wp-block-heading\">Planos editables eps illustrator politicos y de carreteras<\/h2>\n\n\n\n<h3 class=\"wp-block-heading\">Mapas digitales de regiones y lands de Alemania<\/h3>\n\n\n\n<p>Creamos mapas de ciudades de todo el mundo para gu\u00edas de viajes, cat\u00e1logos, administraciones p\u00fablicas\u2026etc.<\/p>\n\n\n\n<p>Un amplio abanico de empresas, en especial editoriales, y ayuntamientos disponen en los \u00faltimos a\u00f1os de mapas suministrados por nuestra empresa.<\/p>\n\n\n\n<p>El mapa vectorial se entrega siempre totalmente editable, textos como colores, y estructurado por medio de capas en formatos <a href=\"http:\/\/www.adobe.com\/es\">adobe illustrator<\/a>,  corel o pdf.<\/p>\n\n\n\n<figure class=\"wp-block-gallery has-nested-images columns-default is-cropped wp-block-gallery-1 is-layout-flex wp-block-gallery-is-layout-flex\">\n<figure class=\"wp-block-image size-large alignnone size-medium wp-image-7962\"><a href=\"https:\/\/www.bc-maps.com\/wp-content\/uploads\/2025\/10\/Alemania-mapa-vectorial-illustrator-eps.jpg\" target=\"_blank\" rel=\" noreferrer noopener\"><img loading=\"lazy\" decoding=\"async\" width=\"819\" height=\"1024\" data-id=\"7962\" src=\"https:\/\/www.bc-maps.com\/wp-content\/uploads\/2025\/10\/Alemania-mapa-vectorial-illustrator-eps-819x1024.jpg\" alt=\"Alemania mapa vectorial illustrator eps\" class=\"wp-image-7962\" srcset=\"https:\/\/www.bc-maps.com\/wp-content\/uploads\/2025\/10\/Alemania-mapa-vectorial-illustrator-eps-819x1024.jpg 819w, https:\/\/www.bc-maps.com\/wp-content\/uploads\/2025\/10\/Alemania-mapa-vectorial-illustrator-eps-240x300.jpg 240w, https:\/\/www.bc-maps.com\/wp-content\/uploads\/2025\/10\/Alemania-mapa-vectorial-illustrator-eps-768x960.jpg 768w, https:\/\/www.bc-maps.com\/wp-content\/uploads\/2025\/10\/Alemania-mapa-vectorial-illustrator-eps.jpg 945w\" sizes=\"auto, (max-width: 819px) 100vw, 819px\" \/><\/a><figcaption class=\"wp-element-caption\">Alemania mapa vectorial illustrator eps<\/figcaption><\/figure>\n<\/figure>\n\n\n\n<figure class=\"wp-block-gallery has-nested-images columns-default is-cropped wp-block-gallery-2 is-layout-flex wp-block-gallery-is-layout-flex\">\n<figure class=\"wp-block-image size-large alignnone\"><a href=\"https:\/\/www.bc-maps.com\/wp-content\/uploads\/2012\/06\/HNOS-MARIN-ALEMANIA.jpg\" target=\"_blank\" rel=\" noreferrer noopener\"><img loading=\"lazy\" decoding=\"async\" width=\"768\" height=\"1024\" data-id=\"2873\" src=\"https:\/\/www.bc-maps.com\/wp-content\/uploads\/2012\/06\/HNOS-MARIN-ALEMANIA-768x1024.jpg\" alt=\"Alemania mapa vectorial illustrator eps\" class=\"wp-image-2873\" srcset=\"https:\/\/www.bc-maps.com\/wp-content\/uploads\/2012\/06\/HNOS-MARIN-ALEMANIA-768x1024.jpg 768w, https:\/\/www.bc-maps.com\/wp-content\/uploads\/2012\/06\/HNOS-MARIN-ALEMANIA-225x300.jpg 225w\" sizes=\"auto, (max-width: 768px) 100vw, 768px\" \/><\/a><figcaption class=\"wp-element-caption\">Alemania mapa vectorial illustrator eps<\/figcaption><\/figure>\n<\/figure>\n\n\n\n<figure class=\"wp-block-gallery has-nested-images columns-default is-cropped wp-block-gallery-3 is-layout-flex wp-block-gallery-is-layout-flex\">\n<figure class=\"wp-block-image size-large alignnone\"><a href=\"https:\/\/www.bc-maps.com\/wp-content\/uploads\/2012\/06\/Munich-mapa-vectorial-eps-illustrator.jpg\" target=\"_blank\" rel=\"noopener noreferrer\"><img loading=\"lazy\" decoding=\"async\" width=\"1024\" height=\"769\" data-id=\"2958\" src=\"https:\/\/www.bc-maps.com\/wp-content\/uploads\/2012\/06\/Munich-mapa-vectorial-eps-illustrator-1024x769.jpg\" alt=\"Munich mapa vectorial eps illustrator\" class=\"wp-image-2958\" srcset=\"https:\/\/www.bc-maps.com\/wp-content\/uploads\/2012\/06\/Munich-mapa-vectorial-eps-illustrator-1024x769.jpg 1024w, https:\/\/www.bc-maps.com\/wp-content\/uploads\/2012\/06\/Munich-mapa-vectorial-eps-illustrator-300x225.jpg 300w, https:\/\/www.bc-maps.com\/wp-content\/uploads\/2012\/06\/Munich-mapa-vectorial-eps-illustrator-768x576.jpg 768w, https:\/\/www.bc-maps.com\/wp-content\/uploads\/2012\/06\/Munich-mapa-vectorial-eps-illustrator.jpg 1355w\" sizes=\"auto, (max-width: 1024px) 100vw, 1024px\" \/><\/a><figcaption class=\"wp-element-caption\">Munich mapa vectorial eps illustrator<\/figcaption><\/figure>\n<\/figure>\n\n\n\n<h5 class=\"wp-block-heading\">LANDS<\/h5>\n\n\n\n<p>Baden-Wurtemberg, Baviera, Berl\u00edn, Brandeburgo, Bremen, Hamburgo, Hesse, Mecklemburgo-Pomerania Occidental, Baja Sajonia, Renania del Norte-Westfalia, Renania-Palatinado, Sarre, Sajonia, Sajonia-Anhalt,Schleswig-Holstein, Turingia<\/p>\n\n\n\n<h5 class=\"wp-block-heading\">CIUDADES<\/h5>\n\n\n\n<p><a href=\"https:\/\/www.bc-maps.com\/mapa-vectorial-eps\/mapas-vectoriales\/mapas-de-europa\/ciudades\/berlin-ilustrator\/\" data-type=\"page\" data-id=\"1087\">Berlin<\/a>, Hamburgo, <a href=\"https:\/\/www.bc-maps.com\/mapa-vectorial-eps\/mapa-vectorial-munich-illustrator-eps\/\" data-type=\"page\" data-id=\"5422\">M\u00fanich<\/a>, Colonia, <a href=\"https:\/\/www.bc-maps.com\/mapa-vectorial-eps\/mapas-vectoriales\/mapas-de-europa\/ciudades\/frankfurt-ilustrator\/\" data-type=\"page\" data-id=\"1107\">Fr\u00e1ncfort<\/a>, Stuttgart, D\u00fcsseldorf, Dortmund, Essen, Bremen, Dresde, Leipzig, Han\u00f3ver, N\u00faremberg, Duisburgo, Bochum, Wuppertal, Bonn, Bielefeld, Mannheim, Karlsruhe, M\u00fcnster, Wiesbaden, Augsburgo, Aquisgr\u00e1n, M\u00f6nchengladbach,&nbsp;Gelsenkirchen, Brunswick, Chemnitz, Kiel, Krefeld, Halle, Magdeburgo, Friburgo, Oberhausen, Lubeck, Erfurt, Rostock, Maguncia, Kassel,Hagen, Hamm, Saarbr\u00fccken, M\u00fclheim, Herne, Ludwigshafen, Osnabr\u00fcck, Leverkusen, Solingen<\/p>\n","protected":false},"excerpt":{"rendered":"<p>Mapas vectoriales de Alemania Planos editables eps illustrator politicos y de carreteras Mapas digitales de regiones y lands de Alemania Creamos mapas de ciudades de todo el mundo para gu\u00edas de viajes, cat\u00e1logos, administraciones p\u00fablicas\u2026etc. Un amplio abanico de empresas, en especial editoriales, y ayuntamientos disponen en los \u00faltimos a\u00f1os de mapas suministrados por nuestra &hellip; <a href=\"https:\/\/www.bc-maps.com\/mapa-vectorial-eps\/mapas-vectoriales\/mapas-de-europa\/paises-de-europa\/alemania-illustrator-politico\/\" class=\"more-link\">Seguir leyendo <span class=\"screen-reader-text\">Mapas vectoriales de Alemania en Illustrator<\/span> <span class=\"meta-nav\">&rarr;<\/span><\/a><\/p>\n","protected":false},"author":1,"featured_media":0,"parent":3616,"menu_order":0,"comment_status":"closed","ping_status":"closed","template":"","meta":{"footnotes":""},"class_list":["post-7965","page","type-page","status-publish","hentry"],"_links":{"self":[{"href":"https:\/\/www.bc-maps.com\/mapa-vectorial-eps\/wp-json\/wp\/v2\/pages\/7965","targetHints":{"allow":["GET"]}}],"collection":[{"href":"https:\/\/www.bc-maps.com\/mapa-vectorial-eps\/wp-json\/wp\/v2\/pages"}],"about":[{"href":"https:\/\/www.bc-maps.com\/mapa-vectorial-eps\/wp-json\/wp\/v2\/types\/page"}],"author":[{"embeddable":true,"href":"https:\/\/www.bc-maps.com\/mapa-vectorial-eps\/wp-json\/wp\/v2\/users\/1"}],"replies":[{"embeddable":true,"href":"https:\/\/www.bc-maps.com\/mapa-vectorial-eps\/wp-json\/wp\/v2\/comments?post=7965"}],"version-history":[{"count":3,"href":"https:\/\/www.bc-maps.com\/mapa-vectorial-eps\/wp-json\/wp\/v2\/pages\/7965\/revisions"}],"predecessor-version":[{"id":8027,"href":"https:\/\/www.bc-maps.com\/mapa-vectorial-eps\/wp-json\/wp\/v2\/pages\/7965\/revisions\/8027"}],"up":[{"embeddable":true,"href":"https:\/\/www.bc-maps.com\/mapa-vectorial-eps\/wp-json\/wp\/v2\/pages\/3616"}],"wp:attachment":[{"href":"https:\/\/www.bc-maps.com\/mapa-vectorial-eps\/wp-json\/wp\/v2\/media?parent=7965"}],"curies":[{"name":"wp","href":"https:\/\/api.w.org\/{rel}","templated":true}]}}