{"id":7927,"date":"2025-10-07T16:13:00","date_gmt":"2025-10-07T16:13:00","guid":{"rendered":"https:\/\/www.bc-maps.com\/mapa-vectorial-eps\/a-coruna-ilustrator-eps-2-2\/"},"modified":"2025-10-09T15:24:24","modified_gmt":"2025-10-09T15:24:24","slug":"mapas-impresos-codigos-postales-ciudades-espana","status":"publish","type":"page","link":"https:\/\/www.bc-maps.com\/mapa-vectorial-eps\/mapas-impresos-codigos-postales-ciudades-espana\/","title":{"rendered":"Mapas c\u00f3digos postales de ciudades de Espa\u00f1a"},"content":{"rendered":"\n<h1 class=\"wp-block-heading\">Planos y mapas murales de ciudades de Espa\u00f1a<\/h1>\n\n\n\n<h3 class=\"wp-block-heading\">Vades de sobremesa &nbsp;con c\u00f3digos postales de ciudades de Espa\u00f1a<\/h3>\n\n\n\n<p>Mapas con c\u00f3digos postales de ciudades de Espa\u00f1a: &nbsp;Albacete, Alicante, Almer\u00eda, \u00c1vila, Badajoz, Barcelona, Bilbao, Burgos, C\u00e1ceres, C\u00e1diz, Castell\u00f3n, Ciudad Real, C\u00f3rdoba, A Coru\u00f1a, Cuenca, Girona, Granada, Guadalajara, Huelva, Huesca, Ja\u00e9n, Le\u00f3n, Lleida, Lugo, Madrid, M\u00e1laga, Murcia, Ourense, Oviedo, Palencia, Palma. Las Palmas, Pamplona, Pontevedra, Logro\u00f1o, Salamanca, San Sebasti\u00e1n, Santander, Segovia, Sevilla, Soria, Tarragona, Santa Cruz de Tenerife, Teruel, Toledo, Valencia, Valladolid, Vitoria-Gasteiz, Zamora, Zaragoza.<\/p>\n\n\n\n<p>Podemos imprimir mapas de cualquier ciudad de Espa\u00f1a.<\/p>\n\n\n\n<figure class=\"wp-block-image alignnone\"><a href=\"https:\/\/www.bc-maps.com\/wp-content\/uploads\/2025\/04\/Vade-mapa-sobremesa-Barcelona-Codigos-postales.jpg\" rel=\"noopener\"><img loading=\"lazy\" decoding=\"async\" width=\"300\" height=\"200\" src=\"https:\/\/www.bc-maps.com\/wp-content\/uploads\/2025\/04\/Vade-mapa-sobremesa-Barcelona-Codigos-postales-300x200.jpg\" alt=\"Vade mapa sobremesa Barcelona Codigos postales\" class=\"wp-image-7853\" srcset=\"https:\/\/www.bc-maps.com\/wp-content\/uploads\/2025\/04\/Vade-mapa-sobremesa-Barcelona-Codigos-postales-300x200.jpg 300w, https:\/\/www.bc-maps.com\/wp-content\/uploads\/2025\/04\/Vade-mapa-sobremesa-Barcelona-Codigos-postales-1024x683.jpg 1024w, https:\/\/www.bc-maps.com\/wp-content\/uploads\/2025\/04\/Vade-mapa-sobremesa-Barcelona-Codigos-postales-768x512.jpg 768w, https:\/\/www.bc-maps.com\/wp-content\/uploads\/2025\/04\/Vade-mapa-sobremesa-Barcelona-Codigos-postales.jpg 1134w\" sizes=\"auto, (max-width: 300px) 100vw, 300px\" \/><\/a><figcaption class=\"wp-element-caption\">Vade mapa sobremesa Barcelona Codigos postales<\/figcaption><\/figure>\n\n\n\n<figure class=\"wp-block-image alignnone\"><a href=\"https:\/\/www.bc-maps.com\/wp-content\/uploads\/2025\/10\/mapa-mural-codigos-postales-ciudad-valencia.jpg\" rel=\"noopener\"><img loading=\"lazy\" decoding=\"async\" width=\"300\" height=\"229\" src=\"https:\/\/www.bc-maps.com\/wp-content\/uploads\/2025\/10\/mapa-mural-codigos-postales-ciudad-valencia-300x229.jpg\" alt=\"mapa mural codigos postales ciudad valencia\" class=\"wp-image-7930\" srcset=\"https:\/\/www.bc-maps.com\/wp-content\/uploads\/2025\/10\/mapa-mural-codigos-postales-ciudad-valencia-300x229.jpg 300w, https:\/\/www.bc-maps.com\/wp-content\/uploads\/2025\/10\/mapa-mural-codigos-postales-ciudad-valencia-1024x783.jpg 1024w, https:\/\/www.bc-maps.com\/wp-content\/uploads\/2025\/10\/mapa-mural-codigos-postales-ciudad-valencia-768x587.jpg 768w, https:\/\/www.bc-maps.com\/wp-content\/uploads\/2025\/10\/mapa-mural-codigos-postales-ciudad-valencia.jpg 1512w\" sizes=\"auto, (max-width: 300px) 100vw, 300px\" \/><\/a><figcaption class=\"wp-element-caption\">mapa mural codigos postales ciudad valencia<\/figcaption><\/figure>\n\n\n\n<p>Tambi\u00e9n podemos a\u00f1adir cualquier otra informaci\u00f3n pr\u00e1ctica que nos soliciten ustedes.<\/p>\n\n\n\n<p>Existen diferentes medidas y formatos, b\u00e1sicamente son dos :<\/p>\n\n\n\n<h5 class=\"wp-block-heading\"><strong><a href=\"http:\/\/ww.mapaspersonalizados.com\" data-type=\"link\" data-id=\"ww.mapaspersonalizados.com\">Mapas murales<\/a><\/strong><\/h5>\n\n\n\n<p>Con diferentes acabados<\/p>\n\n\n\n<p><strong>Foam<\/strong> permite colocar alfileres<\/p>\n\n\n\n<p><strong>Magn\u00e9tico <\/strong>permite colocar&nbsp;im\u00e1nes<\/p>\n\n\n\n<p><strong>Velleda<\/strong>, permite pintar y borra con rotuladores indelebles<\/p>\n\n\n\n<h5 class=\"wp-block-heading\"><strong><a href=\"http:\/\/www.mapaspersonalizados.com\">Mapas de sobremesa (vades)<\/a><\/strong><\/h5>\n\n\n\n<p><b>Pvc flexible, <\/b>que es un material flexible irrompible<\/p>\n\n\n\n<p>Los mapas personalizados de c\u00f3digos postales de ciudades de Espa\u00f1a, elaborados por BC Maps, representan una herramienta invaluable para quienes buscan una comprensi\u00f3n detallada de la geograf\u00eda urbana y la distribuci\u00f3n postal. Estos mapas no solo son visualmente atractivos, sino que tambi\u00e9n ofrecen la posibilidad de incluir informaci\u00f3n adicional a medida, adapt\u00e1ndose a las necesidades espec\u00edficas de cada cliente. Con una variedad de formatos disponibles, como los mapas murales y de sobremesa, BC Maps garantiza que cada usuario encuentre la opci\u00f3n que mejor se adapte a su espacio y uso.<\/p>\n<p>Los mapas murales, disponibles en acabados como foam, magn\u00e9tico y Velleda, son ideales para entornos de trabajo o educativos, permitiendo una interacci\u00f3n din\u00e1mica a trav\u00e9s de la colocaci\u00f3n de alfileres, imanes o la posibilidad de escribir y borrar. Por otro lado, los mapas de sobremesa, fabricados en PVC flexible, destacan por su durabilidad y versatilidad, siendo perfectos para consultas r\u00e1pidas o presentaciones. Esta diversidad en formatos permite a BC Mapas atender tanto a empresas como a particulares, brindando opciones que se integran perfectamente en cualquier contexto.<\/p>\n<p>Al elegir BC Maps, los usuarios pueden confiar en la calidad y precisi\u00f3n de los mapas, que reflejan fielmente la organizaci\u00f3n postal de cada ciudad. Adem\u00e1s, la posibilidad de personalizaci\u00f3n asegura que cada mapa no solo sirva como una herramienta funcional, sino tambi\u00e9n como un recurso informativo que puede enriquecer el conocimiento sobre la estructura urbana. En definitiva, los mapas de c\u00f3digos postales de ciudades de Espa\u00f1a de BC Maps constituyen una soluci\u00f3n pr\u00e1ctica y adaptada a las necesidades contempor\u00e1neas de visualizaci\u00f3n y an\u00e1lisis geogr\u00e1fico.<\/p>\n\n\n","protected":false},"excerpt":{"rendered":"<p>Planos y mapas murales de ciudades de Espa\u00f1a Vades de sobremesa &nbsp;con c\u00f3digos postales de ciudades de Espa\u00f1a Mapas con c\u00f3digos postales de ciudades de Espa\u00f1a: &nbsp;Albacete, Alicante, Almer\u00eda, \u00c1vila, Badajoz, Barcelona, Bilbao, Burgos, C\u00e1ceres, C\u00e1diz, Castell\u00f3n, Ciudad Real, C\u00f3rdoba, A Coru\u00f1a, Cuenca, Girona, Granada, Guadalajara, Huelva, Huesca, Ja\u00e9n, Le\u00f3n, Lleida, Lugo, Madrid, M\u00e1laga, Murcia, &hellip; <a href=\"https:\/\/www.bc-maps.com\/mapa-vectorial-eps\/mapas-impresos-codigos-postales-ciudades-espana\/\" class=\"more-link\">Seguir leyendo <span class=\"screen-reader-text\">Mapas c\u00f3digos postales de ciudades de Espa\u00f1a<\/span> <span class=\"meta-nav\">&rarr;<\/span><\/a><\/p>\n","protected":false},"author":1,"featured_media":7930,"parent":0,"menu_order":0,"comment_status":"closed","ping_status":"closed","template":"","meta":{"footnotes":""},"class_list":["post-7927","page","type-page","status-publish","has-post-thumbnail","hentry"],"_links":{"self":[{"href":"https:\/\/www.bc-maps.com\/mapa-vectorial-eps\/wp-json\/wp\/v2\/pages\/7927","targetHints":{"allow":["GET"]}}],"collection":[{"href":"https:\/\/www.bc-maps.com\/mapa-vectorial-eps\/wp-json\/wp\/v2\/pages"}],"about":[{"href":"https:\/\/www.bc-maps.com\/mapa-vectorial-eps\/wp-json\/wp\/v2\/types\/page"}],"author":[{"embeddable":true,"href":"https:\/\/www.bc-maps.com\/mapa-vectorial-eps\/wp-json\/wp\/v2\/users\/1"}],"replies":[{"embeddable":true,"href":"https:\/\/www.bc-maps.com\/mapa-vectorial-eps\/wp-json\/wp\/v2\/comments?post=7927"}],"version-history":[{"count":5,"href":"https:\/\/www.bc-maps.com\/mapa-vectorial-eps\/wp-json\/wp\/v2\/pages\/7927\/revisions"}],"predecessor-version":[{"id":7947,"href":"https:\/\/www.bc-maps.com\/mapa-vectorial-eps\/wp-json\/wp\/v2\/pages\/7927\/revisions\/7947"}],"wp:featuredmedia":[{"embeddable":true,"href":"https:\/\/www.bc-maps.com\/mapa-vectorial-eps\/wp-json\/wp\/v2\/media\/7930"}],"wp:attachment":[{"href":"https:\/\/www.bc-maps.com\/mapa-vectorial-eps\/wp-json\/wp\/v2\/media?parent=7927"}],"curies":[{"name":"wp","href":"https:\/\/api.w.org\/{rel}","templated":true}]}}