{"id":7911,"date":"2025-07-18T08:10:35","date_gmt":"2025-07-18T08:10:35","guid":{"rendered":"https:\/\/www.bc-maps.com\/mapa-vectorial-eps\/roma-ilustrator-2\/"},"modified":"2025-10-10T16:52:18","modified_gmt":"2025-10-10T16:52:18","slug":"palermo-mapa-vectorial-ilustrator-eps","status":"publish","type":"page","link":"https:\/\/www.bc-maps.com\/mapa-vectorial-eps\/palermo-mapa-vectorial-ilustrator-eps\/","title":{"rendered":"Mapa en Illustrator de Palermo"},"content":{"rendered":"\n<h1 class=\"wp-block-heading\">Planos y mapas vectoriales de Palermo<\/h1>\n\n\n\n<h2 class=\"wp-block-heading\">Mapas vectoriales editables con de las calles de Palermo<\/h2>\n\n\n\n<h3 class=\"wp-block-heading\">Planos vectoriales de ciudades de Italia<\/h3>\n\n\n\n<p>Podemos crear cualquier tipo de mapa de la ciudad depalermo, planos parciales, planos generales, planos de detalle\u2026etc.<\/p>\n\n\n\n<p>Formatos editables, textos y colores, estructurados por medio de capas de informaci\u00f3n, <a href=\"http:\/\/www.adobe.es\">illustrator<\/a>, eps, pdf.<\/p>\n\n\n\n<div class=\"mceTemp\">&nbsp;<\/div>\n\n\n\n<figure class=\"wp-block-gallery has-nested-images columns-default is-cropped wp-block-gallery-1 is-layout-flex wp-block-gallery-is-layout-flex\">\n<figure class=\"wp-block-image size-large\"><a href=\"https:\/\/www.bc-maps.com\/wp-content\/uploads\/2025\/09\/Palermo-mapa-vectorial-illustrator-eps.jpg\" target=\"_blank\" rel=\" noreferrer noopener\"><img loading=\"lazy\" decoding=\"async\" width=\"1024\" height=\"683\" data-id=\"7913\" src=\"https:\/\/www.bc-maps.com\/wp-content\/uploads\/2025\/09\/Palermo-mapa-vectorial-illustrator-eps-1024x683.jpg\" alt=\"Palermo mapa vectorial illustrator eps\" class=\"wp-image-7913\" srcset=\"https:\/\/www.bc-maps.com\/wp-content\/uploads\/2025\/09\/Palermo-mapa-vectorial-illustrator-eps-1024x683.jpg 1024w, https:\/\/www.bc-maps.com\/wp-content\/uploads\/2025\/09\/Palermo-mapa-vectorial-illustrator-eps-300x200.jpg 300w, https:\/\/www.bc-maps.com\/wp-content\/uploads\/2025\/09\/Palermo-mapa-vectorial-illustrator-eps-768x512.jpg 768w, https:\/\/www.bc-maps.com\/wp-content\/uploads\/2025\/09\/Palermo-mapa-vectorial-illustrator-eps-1536x1024.jpg 1536w, https:\/\/www.bc-maps.com\/wp-content\/uploads\/2025\/09\/Palermo-mapa-vectorial-illustrator-eps-2048x1365.jpg 2048w\" sizes=\"auto, (max-width: 1024px) 100vw, 1024px\" \/><\/a><figcaption class=\"wp-element-caption\">Palermo mapa vectorial illustrator eps<\/figcaption><\/figure>\n<\/figure>\n\n\n\n<p>El contenido de informaci\u00f3n depender\u00e1 del tama\u00f1o de la zona y la escala o medidas de reproducci\u00f3n, ya que no trabajamos con textos inferiores a 5 puntos para que sean legibles.<\/p>\n\n\n\n<p data-start=\"0\" data-end=\"410\">Capital de Sicilia, es una ciudad llena de historia, cultura y vida. Fundada por los fenicios, ha sido influenciada por griegos, romanos, \u00e1rabes y normandos, lo que se refleja en su arquitectura y tradiciones. Sus calles vibran con mercados t\u00edpicos como el Vucciria y Ballar\u00f2, donde se mezclan aromas y sabores de la gastronom\u00eda siciliana, famosa por platos como la pasta con sardinas y los cannoli.<\/p>\n<p data-start=\"412\" data-end=\"765\">El centro hist\u00f3rico alberga monumentos destacados, como la Catedral el Palacio de los Normandos y la Capilla Palatina, joyas del arte medieval y \u00e1rabe-normando. La ciudad tambi\u00e9n cuenta con teatros y museos, como el Teatro Massimo, uno de los m\u00e1s grandes de Europa, y la Galer\u00eda Regional de Sicilia, que conserva importantes obras de arte.<\/p>\n<p data-start=\"767\" data-end=\"1153\">La ciudad combina tradici\u00f3n y modernidad, con playas cercanas, jardines y una intensa vida nocturna. A pesar de los desaf\u00edos urbanos, su gente es acogedora y orgullosa de su identidad cultural. La ciudad ofrece una experiencia \u00fanica donde historia, gastronom\u00eda y vida cotidiana se entrelazan, haciendo de ella un destino inolvidable para quienes buscan conocer el coraz\u00f3n de Sicilia.<\/p>\n","protected":false},"excerpt":{"rendered":"<p>Planos y mapas vectoriales de Palermo Mapas vectoriales editables con de las calles de Palermo Planos vectoriales de ciudades de Italia Podemos crear cualquier tipo de mapa de la ciudad depalermo, planos parciales, planos generales, planos de detalle\u2026etc. Formatos editables, textos y colores, estructurados por medio de capas de informaci\u00f3n, illustrator, eps, pdf. &nbsp; El &hellip; <a href=\"https:\/\/www.bc-maps.com\/mapa-vectorial-eps\/palermo-mapa-vectorial-ilustrator-eps\/\" class=\"more-link\">Seguir leyendo <span class=\"screen-reader-text\">Mapa en Illustrator de Palermo<\/span> <span class=\"meta-nav\">&rarr;<\/span><\/a><\/p>\n","protected":false},"author":1,"featured_media":7913,"parent":0,"menu_order":0,"comment_status":"closed","ping_status":"closed","template":"","meta":{"footnotes":""},"class_list":["post-7911","page","type-page","status-publish","has-post-thumbnail","hentry"],"_links":{"self":[{"href":"https:\/\/www.bc-maps.com\/mapa-vectorial-eps\/wp-json\/wp\/v2\/pages\/7911","targetHints":{"allow":["GET"]}}],"collection":[{"href":"https:\/\/www.bc-maps.com\/mapa-vectorial-eps\/wp-json\/wp\/v2\/pages"}],"about":[{"href":"https:\/\/www.bc-maps.com\/mapa-vectorial-eps\/wp-json\/wp\/v2\/types\/page"}],"author":[{"embeddable":true,"href":"https:\/\/www.bc-maps.com\/mapa-vectorial-eps\/wp-json\/wp\/v2\/users\/1"}],"replies":[{"embeddable":true,"href":"https:\/\/www.bc-maps.com\/mapa-vectorial-eps\/wp-json\/wp\/v2\/comments?post=7911"}],"version-history":[{"count":6,"href":"https:\/\/www.bc-maps.com\/mapa-vectorial-eps\/wp-json\/wp\/v2\/pages\/7911\/revisions"}],"predecessor-version":[{"id":8148,"href":"https:\/\/www.bc-maps.com\/mapa-vectorial-eps\/wp-json\/wp\/v2\/pages\/7911\/revisions\/8148"}],"wp:featuredmedia":[{"embeddable":true,"href":"https:\/\/www.bc-maps.com\/mapa-vectorial-eps\/wp-json\/wp\/v2\/media\/7913"}],"wp:attachment":[{"href":"https:\/\/www.bc-maps.com\/mapa-vectorial-eps\/wp-json\/wp\/v2\/media?parent=7911"}],"curies":[{"name":"wp","href":"https:\/\/api.w.org\/{rel}","templated":true}]}}