{"id":788,"date":"2019-03-22T10:34:43","date_gmt":"2019-03-22T10:34:43","guid":{"rendered":"http:\/\/www.bc-maps.com\/mapa-vectorial-eps\/"},"modified":"2019-04-24T10:45:33","modified_gmt":"2019-04-24T10:45:33","slug":"provincia-alicante-municipios-illustrator","status":"publish","type":"page","link":"https:\/\/www.bc-maps.com\/mapa-vectorial-eps\/provincia-alicante-municipios-illustrator\/","title":{"rendered":"Municipios Alicante mapa vectorial  provincia"},"content":{"rendered":"<h1>Mapas vectoriales editables de carreteras y comarcas de Alicante \/ Alacant<\/h1>\n<h2>Mapa Vectorial de municipios Alicante \/ Alacant en eps, illustrator, pdf y cartografia digital.<\/h2>\n<figure id=\"attachment_4116\" aria-describedby=\"caption-attachment-4116\" style=\"width: 263px\" class=\"wp-caption alignnone\"><a href=\"http:\/\/www.bc-maps.com\/wp-content\/uploads\/2019\/04\/Mapa-vectorial-illustrator-eps-municipios-provincia-Alicante.jpg\" target=\"_blank\" rel=\"noopener noreferrer\"><img loading=\"lazy\" decoding=\"async\" class=\"Mapa vectorial illustrator eps municipios Alicante provincia wp-image-4116\" title=\"Mapa vectorial illustrator eps municipios Alicante provincia\" src=\"http:\/\/www.bc-maps.com\/wp-content\/uploads\/2019\/04\/Mapa-vectorial-illustrator-eps-municipios-provincia-Alicante-228x300.jpg\" alt=\"Mapa vectorial illustrator eps municipios Alicante provincia\" width=\"263\" height=\"346\" srcset=\"https:\/\/www.bc-maps.com\/wp-content\/uploads\/2019\/04\/Mapa-vectorial-illustrator-eps-municipios-provincia-Alicante-228x300.jpg 228w, https:\/\/www.bc-maps.com\/wp-content\/uploads\/2019\/04\/Mapa-vectorial-illustrator-eps-municipios-provincia-Alicante-768x1008.jpg 768w, https:\/\/www.bc-maps.com\/wp-content\/uploads\/2019\/04\/Mapa-vectorial-illustrator-eps-municipios-provincia-Alicante-780x1024.jpg 780w, https:\/\/www.bc-maps.com\/wp-content\/uploads\/2019\/04\/Mapa-vectorial-illustrator-eps-municipios-provincia-Alicante.jpg 1639w\" sizes=\"auto, (max-width: 263px) 100vw, 263px\" \/><\/a><figcaption id=\"caption-attachment-4116\" class=\"wp-caption-text\"><strong>Mapa vectorial illustrator eps municipios Alicante provincia<\/strong><\/figcaption><\/figure>\n<p>BC Maps elabora su cartograf\u00eda digital \u00a0y sus mapas vectoriales adapt\u00e1ndose a la necesidad de cada cliente.<\/p>\n<p><strong>Comarcas de Alicante :<\/strong><\/p>\n<p>El Comtat, L&#8217;Alcoi\u00e0, L&#8217;Alt Vinalop\u00f3, El Vinalop\u00f3 Mitj\u00e0, La Marina Alta, La Marina Baixa, L&#8217;Alacant\u00ed, El Baix Vinalop\u00f3, La Vega Baja\/El Baix Segura<\/p>\n<p><strong>Principales Municipios de Alicante :<\/strong><\/p>\n<p>Alacant\u00a0\/\u00a0Alicante, Elda, Torrevieja, Orxeta, Benidoleig, Alcoi\u00a0\/\u00a0Alcoy, Facheca, San Miguel de Salinas, Dolores, Villena, Petrer, La\u00a0Vila\u00a0Joiosa\u00a0\/\u00a0Villajoyosa, X\u00e0bia\u00a0\/\u00a0J\u00e1vea, Daya\u00a0Nueva, Novelda, Calp, Santa Pola, Ibi, El\u00a0Campello, Altea, Sanet y Negrals, Aspe, Mutxamel, Callosa\u00a0de\u00a0Segura, Pilar de la Horadada, Almorad\u00ed, L&#8217;Alf\u00e0s\u00a0del\u00a0Pi, Mon\u00f2ver\u00a0\/\u00a0Mon\u00f3var, Guardamar\u00a0del\u00a0Segura, Rojales, Benissa, Teulada, Confrides, Pego, La Nucia, Albatera<\/p>\n<p>El mapa vectorial municipios Alicante se entrega siempre totalmente editable, <a href=\"http:\/\/www.adobe.es\">adobe illustrator<\/a>, eps, freehand, corel o pdf, svg.<\/p>\n<p>Para facilitar los cambios los mapas vectoriales est\u00e1n estructurados por medio de capas de informaci\u00f3n.<\/p>\n<p>Tambi\u00e9n podemos realizar un mapa de carreteras a diferentes escalas, variando por tanto el nivel de detalle y contenido de informaci\u00f3n.<\/p>\n<p>La opci\u00f3n del mapa de la provincia con la divisi\u00f3n en municipios y comarcas puede ayudar en delimitar zonas de influencia.<\/p>\n<p>Asimismo para trabajo de marketing e implementaci\u00f3n comercial de las empresas en nuevos mercados.<\/p>\n","protected":false},"excerpt":{"rendered":"<p>Mapas vectoriales editables de carreteras y comarcas de Alicante \/ Alacant Mapa Vectorial de municipios Alicante \/ Alacant en eps, illustrator, pdf y cartografia digital. BC Maps elabora su cartograf\u00eda digital \u00a0y sus mapas vectoriales adapt\u00e1ndose a la necesidad de cada cliente. Comarcas de Alicante : El Comtat, L&#8217;Alcoi\u00e0, L&#8217;Alt Vinalop\u00f3, El Vinalop\u00f3 Mitj\u00e0, La &hellip; <a href=\"https:\/\/www.bc-maps.com\/mapa-vectorial-eps\/provincia-alicante-municipios-illustrator\/\" class=\"more-link\">Seguir leyendo <span class=\"screen-reader-text\">Municipios Alicante mapa vectorial  provincia<\/span> <span class=\"meta-nav\">&rarr;<\/span><\/a><\/p>\n","protected":false},"author":1,"featured_media":4116,"parent":0,"menu_order":0,"comment_status":"closed","ping_status":"closed","template":"","meta":{"footnotes":""},"class_list":["post-788","page","type-page","status-publish","has-post-thumbnail","hentry"],"_links":{"self":[{"href":"https:\/\/www.bc-maps.com\/mapa-vectorial-eps\/wp-json\/wp\/v2\/pages\/788","targetHints":{"allow":["GET"]}}],"collection":[{"href":"https:\/\/www.bc-maps.com\/mapa-vectorial-eps\/wp-json\/wp\/v2\/pages"}],"about":[{"href":"https:\/\/www.bc-maps.com\/mapa-vectorial-eps\/wp-json\/wp\/v2\/types\/page"}],"author":[{"embeddable":true,"href":"https:\/\/www.bc-maps.com\/mapa-vectorial-eps\/wp-json\/wp\/v2\/users\/1"}],"replies":[{"embeddable":true,"href":"https:\/\/www.bc-maps.com\/mapa-vectorial-eps\/wp-json\/wp\/v2\/comments?post=788"}],"version-history":[{"count":2,"href":"https:\/\/www.bc-maps.com\/mapa-vectorial-eps\/wp-json\/wp\/v2\/pages\/788\/revisions"}],"predecessor-version":[{"id":4117,"href":"https:\/\/www.bc-maps.com\/mapa-vectorial-eps\/wp-json\/wp\/v2\/pages\/788\/revisions\/4117"}],"wp:featuredmedia":[{"embeddable":true,"href":"https:\/\/www.bc-maps.com\/mapa-vectorial-eps\/wp-json\/wp\/v2\/media\/4116"}],"wp:attachment":[{"href":"https:\/\/www.bc-maps.com\/mapa-vectorial-eps\/wp-json\/wp\/v2\/media?parent=788"}],"curies":[{"name":"wp","href":"https:\/\/api.w.org\/{rel}","templated":true}]}}