{"id":7842,"date":"2025-03-17T08:55:00","date_gmt":"2025-03-17T08:55:00","guid":{"rendered":"https:\/\/www.bc-maps.com\/mapa-vectorial-eps\/mapa-municipios-comarcas-andalucia-vectorial-editable-ilustrator-eps-2\/"},"modified":"2025-03-17T08:55:00","modified_gmt":"2025-03-17T08:55:00","slug":"mapa-municipios-comarcas-andalucia-vectorial-editable-ilustrator-eps-2","status":"publish","type":"page","link":"https:\/\/www.bc-maps.com\/mapa-vectorial-eps\/mapa-municipios-comarcas-andalucia-vectorial-editable-ilustrator-eps-2\/","title":{"rendered":"Mapa de los municipios de Andaluc\u00eda formato editable vectorial Illustrator eps"},"content":{"rendered":"<h2>Planos y mapas vectoriales de <strong data-start=\"197\" data-end=\"225\">Andaluc\u00eda<\/strong><\/h2>\n<h2>Mapas vectoriales editables estructurados por capas de los municipios y comarcas de <strong data-start=\"197\" data-end=\"225\">Andaluc\u00eda<\/strong><\/h2>\n<p>Disponemos de un <strong data-start=\"197\" data-end=\"225\">mapa vectorial de Andaluc\u00eda <\/strong>\u00a0con la divisi\u00f3n completa y los nombres de los <strong data-start=\"254\" data-end=\"279\">municipios y comarcas<\/strong>, dise\u00f1ado para ofrecer la m\u00e1xima calidad y precisi\u00f3n.<\/p>\n<p>Este archivo es totalmente <strong data-start=\"361\" data-end=\"394\">editable en <a href=\"http:\/\/www.adobe.es\">Adobe Illustrator<\/a><\/strong>, permitiendo personalizar colores, etiquetas y otros elementos gr\u00e1ficos seg\u00fan las necesidades del usuario.<\/p>\n<figure id=\"attachment_7637\" aria-describedby=\"caption-attachment-7637\" style=\"width: 373px\" class=\"wp-caption alignnone\"><a href=\"https:\/\/www.bc-maps.com\/wp-content\/uploads\/2025\/03\/Mapa-municipios-comarcas-Andalucia-vectorial-illustrator-eps.jpg\" target=\"_blank\" rel=\"noopener\"><img loading=\"lazy\" decoding=\"async\" class=\"wp-image-7637\" title=\"Mapa de municipios y comarcas de Andalucia, vectorial illustrator eps\" src=\"https:\/\/www.bc-maps.com\/wp-content\/uploads\/2025\/03\/Mapa-municipios-comarcas-Andalucia-vectorial-illustrator-eps-300x165.jpg\" alt=\"Mapa de municipios y comarcas de Andalucia, vectorial illustrator eps\" width=\"373\" height=\"205\" srcset=\"https:\/\/www.bc-maps.com\/wp-content\/uploads\/2025\/03\/Mapa-municipios-comarcas-Andalucia-vectorial-illustrator-eps-300x165.jpg 300w, https:\/\/www.bc-maps.com\/wp-content\/uploads\/2025\/03\/Mapa-municipios-comarcas-Andalucia-vectorial-illustrator-eps-1024x563.jpg 1024w, https:\/\/www.bc-maps.com\/wp-content\/uploads\/2025\/03\/Mapa-municipios-comarcas-Andalucia-vectorial-illustrator-eps-768x422.jpg 768w, https:\/\/www.bc-maps.com\/wp-content\/uploads\/2025\/03\/Mapa-municipios-comarcas-Andalucia-vectorial-illustrator-eps-672x372.jpg 672w, https:\/\/www.bc-maps.com\/wp-content\/uploads\/2025\/03\/Mapa-municipios-comarcas-Andalucia-vectorial-illustrator-eps.jpg 1134w\" sizes=\"auto, (max-width: 373px) 100vw, 373px\" \/><\/a><figcaption id=\"caption-attachment-7637\" class=\"wp-caption-text\">Mapa de municipios y comarcas de Andalucia, vectorial illustrator eps<\/figcaption><\/figure>\n<h4>Provincias de Andaluc\u00eda<\/h4>\n<p><strong><a href=\"https:\/\/www.bc-maps.com\/mapa-vectorial-eps\/mapa-municipios-comarcas-huelva-vectorial-editable-ilustrator-eps\/\">Huelva<\/a>, <a href=\"https:\/\/www.bc-maps.com\/mapa-vectorial-eps\/mapa-municipios-comarcas-cadiz-vectorial-editable-ilustrator-eps\/\">C\u00e1diz<\/a>, <a href=\"https:\/\/www.bc-maps.com\/mapa-vectorial-eps\/mapa-provincia-sevilla-municipios-comarcas-ilustrator-eps\/\">Sevilla<\/a>, <a href=\"https:\/\/www.bc-maps.com\/mapa-vectorial-eps\/mapa-provincia-cordoba-municipios-comarcas-ilustrator-eps\/\">C\u00f3rdoba<\/a>, <a href=\"https:\/\/www.bc-maps.com\/mapa-vectorial-eps\/mapa-provincia-jaen-municipios-comarcas-ilustrator-eps\/\">Ja\u00e9n<\/a>, <a href=\"https:\/\/www.bc-maps.com\/mapa-vectorial-eps\/mapa-provincia-malaga-municipios-comarcas-ilustrator-eps\/\">M\u00e1laga<\/a>, <a href=\"https:\/\/www.bc-maps.com\/mapa-vectorial-eps\/mapa-provincia-granada-municipios-comarcas-ilustrator-eps\/\">Granada<\/a> y <a href=\"https:\/\/www.bc-maps.com\/mapa-vectorial-eps\/mapa-almeria-municipios-ilustrator\/\">Almer\u00eda<\/a><\/strong><\/p>\n<p>El mapa puede servir de base para implementar la informaci\u00f3n que ustedes nos faciliten, como las ubicaciones de sus centro y\/o de la competencia, creando una imagen visual que puede facilitar sus presentaciones, acciones comerciales, an\u00e1lisis del mercado&#8230;etc como realizamos recientemente para la empresa <a href=\"http:\/\/www.memora.es\"><strong>M\u00e9mora<\/strong><\/a><\/p>\n<figure id=\"attachment_5564\" aria-describedby=\"caption-attachment-5564\" style=\"width: 300px\" class=\"wp-caption alignnone\"><a href=\"https:\/\/www.bc-maps.com\/wp-content\/uploads\/2023\/10\/BAGES-MEMORA-4.jpg\" target=\"_blank\" rel=\"noopener\"><img loading=\"lazy\" decoding=\"async\" class=\"wp-image-5564 size-medium\" title=\"Mapa vectorial del Bages Memora\" src=\"https:\/\/www.bc-maps.com\/wp-content\/uploads\/2023\/10\/BAGES-MEMORA-4-300x212.jpg\" alt=\"Mapa vectorial del Bages Memora\" width=\"300\" height=\"212\" srcset=\"https:\/\/www.bc-maps.com\/wp-content\/uploads\/2023\/10\/BAGES-MEMORA-4-300x212.jpg 300w, https:\/\/www.bc-maps.com\/wp-content\/uploads\/2023\/10\/BAGES-MEMORA-4-1024x724.jpg 1024w, https:\/\/www.bc-maps.com\/wp-content\/uploads\/2023\/10\/BAGES-MEMORA-4-768x543.jpg 768w, https:\/\/www.bc-maps.com\/wp-content\/uploads\/2023\/10\/BAGES-MEMORA-4-1536x1086.jpg 1536w, https:\/\/www.bc-maps.com\/wp-content\/uploads\/2023\/10\/BAGES-MEMORA-4-2048x1448.jpg 2048w\" sizes=\"auto, (max-width: 300px) 100vw, 300px\" \/><\/a><figcaption id=\"caption-attachment-5564\" class=\"wp-caption-text\">Mapa vectorial del Bages Memora<\/figcaption><\/figure>\n<h3><strong data-start=\"1012\" data-end=\"1040\">Caracter\u00edsticas del Mapa<\/strong><\/h3>\n<ul data-start=\"1043\" data-end=\"1509\">\n<li data-start=\"1043\" data-end=\"1135\"><strong data-start=\"1045\" data-end=\"1066\">Formato vectorial<\/strong> totalmente editable en Illustrator, ideal para dise\u00f1o e impresi\u00f3n.<\/li>\n<li data-start=\"1136\" data-end=\"1209\"><strong data-start=\"1138\" data-end=\"1174\">Divisi\u00f3n completa por municipios<\/strong>, con sus l\u00edmites bien definidos.<\/li>\n<li data-start=\"1210\" data-end=\"1326\"><strong data-start=\"1212\" data-end=\"1267\">Diferenciaci\u00f3n de comarcas oficiales y no oficiales<\/strong>, respetando la estructura territorial de cada comunidad.<\/li>\n<li data-start=\"1327\" data-end=\"1416\"><strong data-start=\"1329\" data-end=\"1364\">Alta resoluci\u00f3n y escalabilidad<\/strong>, permitiendo ampliaciones sin p\u00e9rdida de calidad.<\/li>\n<li data-start=\"1417\" data-end=\"1509\"><strong data-start=\"1419\" data-end=\"1471\">Compatible con distintos materiales de impresi\u00f3n<\/strong>, como papel, vinilo o panel r\u00edgido.<\/li>\n<\/ul>\n<h4 data-start=\"505\" data-end=\"566\"><strong data-start=\"509\" data-end=\"564\">Diferenciaci\u00f3n de Comarcas Oficiales y no oficiales<\/strong><\/h4>\n<p data-start=\"567\" data-end=\"1006\">En algunas comunidades aut\u00f3nomas, las <strong data-start=\"605\" data-end=\"617\">comarcas<\/strong> cuentan con una divisi\u00f3n oficial establecida por sus respectivas administraciones. Sin embargo, en otras regiones, no existe una delimitaci\u00f3n administrativa reconocida, por lo que hemos adoptado criterios basados en <strong data-start=\"834\" data-end=\"885\">comarcas hist\u00f3ricas, funcionales o de uso com\u00fan<\/strong> ampliamente aceptadas. De este modo, garantizamos que el mapa refleje la realidad territorial y cultural de cada zona.<\/p>\n","protected":false},"excerpt":{"rendered":"<p>Planos y mapas vectoriales de Andaluc\u00eda Mapas vectoriales editables estructurados por capas de los municipios y comarcas de Andaluc\u00eda Disponemos de un mapa vectorial de Andaluc\u00eda \u00a0con la divisi\u00f3n completa y los nombres de los municipios y comarcas, dise\u00f1ado para ofrecer la m\u00e1xima calidad y precisi\u00f3n. Este archivo es totalmente editable en Adobe Illustrator, permitiendo &hellip; <a href=\"https:\/\/www.bc-maps.com\/mapa-vectorial-eps\/mapa-municipios-comarcas-andalucia-vectorial-editable-ilustrator-eps-2\/\" class=\"more-link\">Seguir leyendo <span class=\"screen-reader-text\">Mapa de los municipios de Andaluc\u00eda formato editable vectorial Illustrator eps<\/span> <span class=\"meta-nav\">&rarr;<\/span><\/a><\/p>\n","protected":false},"author":1,"featured_media":7637,"parent":0,"menu_order":0,"comment_status":"closed","ping_status":"closed","template":"","meta":{"footnotes":""},"class_list":["post-7842","page","type-page","status-publish","has-post-thumbnail","hentry"],"_links":{"self":[{"href":"https:\/\/www.bc-maps.com\/mapa-vectorial-eps\/wp-json\/wp\/v2\/pages\/7842","targetHints":{"allow":["GET"]}}],"collection":[{"href":"https:\/\/www.bc-maps.com\/mapa-vectorial-eps\/wp-json\/wp\/v2\/pages"}],"about":[{"href":"https:\/\/www.bc-maps.com\/mapa-vectorial-eps\/wp-json\/wp\/v2\/types\/page"}],"author":[{"embeddable":true,"href":"https:\/\/www.bc-maps.com\/mapa-vectorial-eps\/wp-json\/wp\/v2\/users\/1"}],"replies":[{"embeddable":true,"href":"https:\/\/www.bc-maps.com\/mapa-vectorial-eps\/wp-json\/wp\/v2\/comments?post=7842"}],"version-history":[{"count":0,"href":"https:\/\/www.bc-maps.com\/mapa-vectorial-eps\/wp-json\/wp\/v2\/pages\/7842\/revisions"}],"wp:featuredmedia":[{"embeddable":true,"href":"https:\/\/www.bc-maps.com\/mapa-vectorial-eps\/wp-json\/wp\/v2\/media\/7637"}],"wp:attachment":[{"href":"https:\/\/www.bc-maps.com\/mapa-vectorial-eps\/wp-json\/wp\/v2\/media?parent=7842"}],"curies":[{"name":"wp","href":"https:\/\/api.w.org\/{rel}","templated":true}]}}