{"id":78,"date":"2021-09-29T08:08:10","date_gmt":"2021-09-29T08:08:10","guid":{"rendered":"http:\/\/www.bc-maps.com\/mapa-vectorial-eps\/"},"modified":"2024-12-02T16:15:00","modified_gmt":"2024-12-02T16:15:00","slug":"iemed","status":"publish","type":"page","link":"https:\/\/www.bc-maps.com\/mapa-vectorial-eps\/proyectos\/iemed\/","title":{"rendered":"PROYECTOS IEMED"},"content":{"rendered":"<h1>Mapa Vectorial Eps y Cartografia digital.<\/h1>\n<h2>Proyectos de cartograf\u00eda vectorial.<\/h2>\n<h3>INSTITUTO ESTUDIOS MEDITERR\u00c1NEOS, IEMED.<\/h3>\n<p>BC MAPS ha elaborado los diferentes mapas y gr\u00e1ficos que contiene los anuarios.<\/p>\n<figure id=\"attachment_6984\" aria-describedby=\"caption-attachment-6984\" style=\"width: 271px\" class=\"wp-caption alignnone\"><a href=\"https:\/\/www.bc-maps.com\/wp-content\/uploads\/2024\/12\/Iemed-A.13-Mapes-AOD.jpg\" target=\"_blank\" rel=\"noopener\"><img loading=\"lazy\" decoding=\"async\" class=\"wp-image-6984\" title=\"Mapa Iemed Mediterr\u00e1neo\" src=\"https:\/\/www.bc-maps.com\/wp-content\/uploads\/2024\/12\/Iemed-A.13-Mapes-AOD-205x300.jpg\" alt=\"Mapa Iemed Mediterr\u00e1neo\" width=\"271\" height=\"397\" srcset=\"https:\/\/www.bc-maps.com\/wp-content\/uploads\/2024\/12\/Iemed-A.13-Mapes-AOD-205x300.jpg 205w, https:\/\/www.bc-maps.com\/wp-content\/uploads\/2024\/12\/Iemed-A.13-Mapes-AOD-699x1024.jpg 699w, https:\/\/www.bc-maps.com\/wp-content\/uploads\/2024\/12\/Iemed-A.13-Mapes-AOD-768x1125.jpg 768w, https:\/\/www.bc-maps.com\/wp-content\/uploads\/2024\/12\/Iemed-A.13-Mapes-AOD.jpg 927w\" sizes=\"auto, (max-width: 271px) 100vw, 271px\" \/><\/a><figcaption id=\"caption-attachment-6984\" class=\"wp-caption-text\">Mapa Iemed Mediterr\u00e1neo<\/figcaption><\/figure>\n<figure id=\"attachment_6985\" aria-describedby=\"caption-attachment-6985\" style=\"width: 276px\" class=\"wp-caption alignnone\"><a href=\"https:\/\/www.bc-maps.com\/wp-content\/uploads\/2024\/12\/Iemed-A1-Crisis-UE.jpg\" target=\"_blank\" rel=\"noopener\"><img loading=\"lazy\" decoding=\"async\" class=\"wp-image-6985\" title=\"Mapa Iemed Crisis UE\" src=\"https:\/\/www.bc-maps.com\/wp-content\/uploads\/2024\/12\/Iemed-A1-Crisis-UE-211x300.jpg\" alt=\"Mapa Iemed Crisis UE\" width=\"276\" height=\"392\" srcset=\"https:\/\/www.bc-maps.com\/wp-content\/uploads\/2024\/12\/Iemed-A1-Crisis-UE-211x300.jpg 211w, https:\/\/www.bc-maps.com\/wp-content\/uploads\/2024\/12\/Iemed-A1-Crisis-UE-720x1024.jpg 720w, https:\/\/www.bc-maps.com\/wp-content\/uploads\/2024\/12\/Iemed-A1-Crisis-UE-768x1092.jpg 768w, https:\/\/www.bc-maps.com\/wp-content\/uploads\/2024\/12\/Iemed-A1-Crisis-UE.jpg 880w\" sizes=\"auto, (max-width: 276px) 100vw, 276px\" \/><\/a><figcaption id=\"caption-attachment-6985\" class=\"wp-caption-text\">Mapa Iemed Crisis UE<\/figcaption><\/figure>\n<p>Partiendo de diferentes datos estad\u00edsticos ha clasificado en cada mapas los pa\u00edses de la cuenca del Mediterr\u00e1neo en diferentes grupos, asignando a cada uno de ellos un color, adem\u00e1s hemos creado varios tipos de gr\u00e1ficas, barras, quesitos, l\u00edneas\u2026etc. para que la informaci\u00f3n num\u00e9rica sea f\u00e1cilmente comprensible.<\/p>\n","protected":false},"excerpt":{"rendered":"<p>Mapa Vectorial Eps y Cartografia digital. Proyectos de cartograf\u00eda vectorial. INSTITUTO ESTUDIOS MEDITERR\u00c1NEOS, IEMED. BC MAPS ha elaborado los diferentes mapas y gr\u00e1ficos que contiene los anuarios. Partiendo de diferentes datos estad\u00edsticos ha clasificado en cada mapas los pa\u00edses de la cuenca del Mediterr\u00e1neo en diferentes grupos, asignando a cada uno de ellos un color, &hellip; <a href=\"https:\/\/www.bc-maps.com\/mapa-vectorial-eps\/proyectos\/iemed\/\" class=\"more-link\">Seguir leyendo <span class=\"screen-reader-text\">PROYECTOS IEMED<\/span> <span class=\"meta-nav\">&rarr;<\/span><\/a><\/p>\n","protected":false},"author":1,"featured_media":6985,"parent":6,"menu_order":0,"comment_status":"closed","ping_status":"closed","template":"","meta":{"footnotes":""},"class_list":["post-78","page","type-page","status-publish","has-post-thumbnail","hentry"],"_links":{"self":[{"href":"https:\/\/www.bc-maps.com\/mapa-vectorial-eps\/wp-json\/wp\/v2\/pages\/78","targetHints":{"allow":["GET"]}}],"collection":[{"href":"https:\/\/www.bc-maps.com\/mapa-vectorial-eps\/wp-json\/wp\/v2\/pages"}],"about":[{"href":"https:\/\/www.bc-maps.com\/mapa-vectorial-eps\/wp-json\/wp\/v2\/types\/page"}],"author":[{"embeddable":true,"href":"https:\/\/www.bc-maps.com\/mapa-vectorial-eps\/wp-json\/wp\/v2\/users\/1"}],"replies":[{"embeddable":true,"href":"https:\/\/www.bc-maps.com\/mapa-vectorial-eps\/wp-json\/wp\/v2\/comments?post=78"}],"version-history":[{"count":2,"href":"https:\/\/www.bc-maps.com\/mapa-vectorial-eps\/wp-json\/wp\/v2\/pages\/78\/revisions"}],"predecessor-version":[{"id":6986,"href":"https:\/\/www.bc-maps.com\/mapa-vectorial-eps\/wp-json\/wp\/v2\/pages\/78\/revisions\/6986"}],"up":[{"embeddable":true,"href":"https:\/\/www.bc-maps.com\/mapa-vectorial-eps\/wp-json\/wp\/v2\/pages\/6"}],"wp:featuredmedia":[{"embeddable":true,"href":"https:\/\/www.bc-maps.com\/mapa-vectorial-eps\/wp-json\/wp\/v2\/media\/6985"}],"wp:attachment":[{"href":"https:\/\/www.bc-maps.com\/mapa-vectorial-eps\/wp-json\/wp\/v2\/media?parent=78"}],"curies":[{"name":"wp","href":"https:\/\/api.w.org\/{rel}","templated":true}]}}