{"id":7616,"date":"2025-03-16T07:55:00","date_gmt":"2025-03-16T07:55:00","guid":{"rendered":"https:\/\/www.bc-maps.com\/mapa-vectorial-eps\/mapa-mural-municipios-comarcas-veguerias-cataluna-illustrator-foam-forex-imanes-velleda-2\/"},"modified":"2025-03-17T15:07:28","modified_gmt":"2025-03-17T15:07:28","slug":"mapa-mural-municipios-comarcas-comunidad-valenciana-illustrator-foam-forex-imanes-velleda-2","status":"publish","type":"page","link":"https:\/\/www.bc-maps.com\/mapa-vectorial-eps\/mapa-mural-municipios-comarcas-comunidad-valenciana-illustrator-foam-forex-imanes-velleda-2\/","title":{"rendered":"Mapa mural de municipios y comarcas de Comunidad Valenciana, foam, magn\u00e9tico, imanes"},"content":{"rendered":"<h1>Mapa mural con el nombre de todos los municipios de la <strong data-start=\"197\" data-end=\"225\">Comunidad Valenciana<\/strong><\/h1>\n<h1>Mapa mural con el nombre de todas las comarcas de la <strong data-start=\"197\" data-end=\"225\">Comunidad Valenciana<\/strong><\/h1>\n<p data-start=\"182\" data-end=\"503\">Disponemos de un <strong data-start=\"197\" data-end=\"225\">mapa vectorial <\/strong>que nos permite elaborar un <strong>mapa mural<\/strong> <strong data-start=\"197\" data-end=\"225\">de la Comunidad Valenciana <\/strong>con la divisi\u00f3n completa de <strong data-start=\"254\" data-end=\"279\">municipios y comarcas<\/strong>, dise\u00f1ado para ofrecer la m\u00e1xima calidad y precisi\u00f3n. Este archivo es totalmente <strong data-start=\"361\" data-end=\"394\">editable en <a href=\"http:\/\/www.adobe.es\">Adobe Illustrator<\/a><\/strong>, permitiendo personalizar colores, etiquetas y otros elementos gr\u00e1ficos seg\u00fan las necesidades del usuario.<\/p>\n<h2 data-start=\"1511\" data-end=\"1564\"><strong data-start=\"1515\" data-end=\"1562\">Ideal para Mapas Murales y Grandes Formatos<\/strong><\/h2>\n<p data-start=\"182\" data-end=\"503\">Este fichero nos permite imprimir \u00a0un mapa mural \u00a0personalizado en diferentes tama\u00f1os y materiales como papel, vinilo, pvc flexible, cart\u00f3n pluma\/foam, forex, vinilo f\u00e9rrico adem\u00e1s de completarlo con diferentes acabados , como laminado UV, laminado velleda o perfil de aluminio y as\u00ed entregarlo enmarcado para facilitar su colocaci\u00f3n.<\/p>\n<figure id=\"attachment_7619\" aria-describedby=\"caption-attachment-7619\" style=\"width: 197px\" class=\"wp-caption alignnone\"><a href=\"https:\/\/www.bc-maps.com\/wp-content\/uploads\/2025\/03\/Mapa-mural-municipios-comarcas-Comunidad-Valenciana.jpg\" target=\"_blank\" rel=\"noopener\"><img loading=\"lazy\" decoding=\"async\" class=\"wp-image-7619 size-medium\" title=\"Mapa mural de municipios y comarcas de la Comunidad Valenciana\" src=\"https:\/\/www.bc-maps.com\/wp-content\/uploads\/2025\/03\/Mapa-mural-municipios-comarcas-Comunidad-Valenciana-197x300.jpg\" alt=\"Mapa mural de municipios y comarcas de la Comunidad Valenciana\" width=\"197\" height=\"300\" srcset=\"https:\/\/www.bc-maps.com\/wp-content\/uploads\/2025\/03\/Mapa-mural-municipios-comarcas-Comunidad-Valenciana-197x300.jpg 197w, https:\/\/www.bc-maps.com\/wp-content\/uploads\/2025\/03\/Mapa-mural-municipios-comarcas-Comunidad-Valenciana-672x1024.jpg 672w, https:\/\/www.bc-maps.com\/wp-content\/uploads\/2025\/03\/Mapa-mural-municipios-comarcas-Comunidad-Valenciana-768x1171.jpg 768w, https:\/\/www.bc-maps.com\/wp-content\/uploads\/2025\/03\/Mapa-mural-municipios-comarcas-Comunidad-Valenciana-1008x1536.jpg 1008w, https:\/\/www.bc-maps.com\/wp-content\/uploads\/2025\/03\/Mapa-mural-municipios-comarcas-Comunidad-Valenciana.jpg 1116w\" sizes=\"auto, (max-width: 197px) 100vw, 197px\" \/><\/a><figcaption id=\"caption-attachment-7619\" class=\"wp-caption-text\">Mapa mural de municipios y comarcas de la Comunidad Valenciana<\/figcaption><\/figure>\n<h3><strong data-start=\"1012\" data-end=\"1040\">Comarcas de la Comunidad Valenciana<\/strong><\/h3>\n<p style=\"font-weight: 400;\">Alcalat\u00e9n\u00a0(l&#8217;Alcalat\u00e9n),Alto Maestrazgo\u00a0(Alt Maestrat),Alto Mijares\u00a0(Alt Millars),Alto Palancia\u00a0(Alt Pal\u00e0ncia),Alto Vinalop\u00f3\u00a0(Alt Vinalop\u00f3),<\/p>\n<p style=\"font-weight: 400;\">Bajo Maestrazgo\u00a0(Baix Maestrat),Bajo Vinalop\u00f3\u00a0(Baix Vinalop\u00f3),Campo de Alicante\u00a0(l&#8217;Alacant\u00ed),Campo de Murviedro\u00a0(Camp de Morvedre),Campo de Turia\u00a0(Camp de T\u00faria),<\/p>\n<p style=\"font-weight: 400;\">Canal de Navarr\u00e9s\u00a0(La Canal de Navarr\u00e9s),Condado de Cocentaina\u00a0(El Comtat),Costera\u00a0(La Costera),Huerta Norte\u00a0(Horta Nord),<\/p>\n<p style=\"font-weight: 400;\">Huerta Sur\u00a0(Horta Sud),Hoya de Alcoy\u00a0(l&#8217;Alcoi\u00e0),Hoya de Bu\u00f1ol-Chiva\u00a0(la Foia de Bunyol &#8211; Xiva),Marina Alta,Marina Baja\u00a0(Marina Baixa),<\/p>\n<p style=\"font-weight: 400;\">Plana Alta,Plana Baja\u00a0(Plana Baixa),Los Puertos de Morella\u00a0(Els Ports),Requena-Utiel,Ribera Alta,<\/p>\n<p style=\"font-weight: 400;\">Ribera Baja\u00a0(Ribera Baixa),El Rinc\u00f3n\u00a0(el Rac\u00f3),Safor\u00a0(la Safor),Los Serranos\u00a0(els Serrans),Valencia\u00a0(Val\u00e8ncia),Valle de Albaida\u00a0(la Vall d&#8217;Albaida),Valle de Ayora\u00a0(la Vall d&#8217;Aiora),<\/p>\n<p style=\"font-weight: 400;\">Vega Baja del Segura\u00a0(Baix Segura),Vinalop\u00f3 Medio\u00a0(Vinalop\u00f3 Mitj\u00e0)<\/p>\n<h3><strong data-start=\"1012\" data-end=\"1040\">Caracter\u00edsticas del Mapa<\/strong><\/h3>\n<ul data-start=\"1043\" data-end=\"1509\">\n<li data-start=\"1043\" data-end=\"1135\"><strong data-start=\"1045\" data-end=\"1066\">Formato vectorial<\/strong> totalmente editable en Illustrator, ideal para dise\u00f1o e impresi\u00f3n.<\/li>\n<li data-start=\"1136\" data-end=\"1209\"><strong data-start=\"1138\" data-end=\"1174\">Divisi\u00f3n completa por municipios<\/strong>, con sus l\u00edmites bien definidos.<\/li>\n<li data-start=\"1210\" data-end=\"1326\"><strong data-start=\"1212\" data-end=\"1267\">Diferenciaci\u00f3n de comarcas oficiales y no oficiales<\/strong>, respetando la estructura territorial de cada comunidad.<\/li>\n<li data-start=\"1327\" data-end=\"1416\"><strong data-start=\"1329\" data-end=\"1364\">Alta resoluci\u00f3n y escalabilidad<\/strong>, permitiendo ampliaciones sin p\u00e9rdida de calidad.<\/li>\n<li data-start=\"1417\" data-end=\"1509\"><strong data-start=\"1419\" data-end=\"1471\">Compatible con distintos materiales de impresi\u00f3n<\/strong>, como papel, vinilo o panel r\u00edgido.\n<p data-start=\"2467\" data-end=\"2854\" data-is-last-node=\"\" data-is-only-node=\"\">\n<\/li>\n<\/ul>\n<p data-start=\"1565\" data-end=\"1926\">\n","protected":false},"excerpt":{"rendered":"<p>Mapa mural con el nombre de todos los municipios de la Comunidad Valenciana Mapa mural con el nombre de todas las comarcas de la Comunidad Valenciana Disponemos de un mapa vectorial que nos permite elaborar un mapa mural de la Comunidad Valenciana con la divisi\u00f3n completa de municipios y comarcas, dise\u00f1ado para ofrecer la m\u00e1xima &hellip; <a href=\"https:\/\/www.bc-maps.com\/mapa-vectorial-eps\/mapa-mural-municipios-comarcas-comunidad-valenciana-illustrator-foam-forex-imanes-velleda-2\/\" class=\"more-link\">Seguir leyendo <span class=\"screen-reader-text\">Mapa mural de municipios y comarcas de Comunidad Valenciana, foam, magn\u00e9tico, imanes<\/span> <span class=\"meta-nav\">&rarr;<\/span><\/a><\/p>\n","protected":false},"author":1,"featured_media":7619,"parent":0,"menu_order":0,"comment_status":"closed","ping_status":"closed","template":"","meta":{"footnotes":""},"class_list":["post-7616","page","type-page","status-publish","has-post-thumbnail","hentry"],"_links":{"self":[{"href":"https:\/\/www.bc-maps.com\/mapa-vectorial-eps\/wp-json\/wp\/v2\/pages\/7616","targetHints":{"allow":["GET"]}}],"collection":[{"href":"https:\/\/www.bc-maps.com\/mapa-vectorial-eps\/wp-json\/wp\/v2\/pages"}],"about":[{"href":"https:\/\/www.bc-maps.com\/mapa-vectorial-eps\/wp-json\/wp\/v2\/types\/page"}],"author":[{"embeddable":true,"href":"https:\/\/www.bc-maps.com\/mapa-vectorial-eps\/wp-json\/wp\/v2\/users\/1"}],"replies":[{"embeddable":true,"href":"https:\/\/www.bc-maps.com\/mapa-vectorial-eps\/wp-json\/wp\/v2\/comments?post=7616"}],"version-history":[{"count":2,"href":"https:\/\/www.bc-maps.com\/mapa-vectorial-eps\/wp-json\/wp\/v2\/pages\/7616\/revisions"}],"predecessor-version":[{"id":7620,"href":"https:\/\/www.bc-maps.com\/mapa-vectorial-eps\/wp-json\/wp\/v2\/pages\/7616\/revisions\/7620"}],"wp:featuredmedia":[{"embeddable":true,"href":"https:\/\/www.bc-maps.com\/mapa-vectorial-eps\/wp-json\/wp\/v2\/media\/7619"}],"wp:attachment":[{"href":"https:\/\/www.bc-maps.com\/mapa-vectorial-eps\/wp-json\/wp\/v2\/media?parent=7616"}],"curies":[{"name":"wp","href":"https:\/\/api.w.org\/{rel}","templated":true}]}}