{"id":7604,"date":"2025-03-16T07:55:00","date_gmt":"2025-03-16T07:55:00","guid":{"rendered":"https:\/\/www.bc-maps.com\/mapa-vectorial-eps\/mapa-mural-municipios-comarcas-pais-vasco-euskadi-illustrator-foam-forex-imanes-velleda-2-2\/"},"modified":"2025-03-17T14:55:51","modified_gmt":"2025-03-17T14:55:51","slug":"mapa-mural-municipios-comarcas-veguerias-cataluna-illustrator-foam-forex-imanes-velleda","status":"publish","type":"page","link":"https:\/\/www.bc-maps.com\/mapa-vectorial-eps\/mapa-mural-municipios-comarcas-veguerias-cataluna-illustrator-foam-forex-imanes-velleda\/","title":{"rendered":"Mapa mural de municipios y comarcas de Catalu\u00f1a, foam, magn\u00e9tico, imanes"},"content":{"rendered":"<h1>Mapa mural con el nombre de todos los municipios de Catalu\u00f1a<\/h1>\n<h1>Mapa mural con el nombre de todas las comarcas de Catalu\u00f1a<\/h1>\n<p data-start=\"182\" data-end=\"503\">Disponemos de un <strong data-start=\"197\" data-end=\"225\">mapa vectorial <\/strong>que nos permite elaborar un <strong>mapa mural<\/strong> <strong data-start=\"197\" data-end=\"225\">de Catalu\u00f1a<\/strong>con la divisi\u00f3n completa de <strong data-start=\"254\" data-end=\"279\">municipios y comarcas<\/strong>, dise\u00f1ado para ofrecer la m\u00e1xima calidad y precisi\u00f3n. Este archivo es totalmente <strong data-start=\"361\" data-end=\"394\">editable en <a href=\"http:\/\/www.adobe.es\">Adobe Illustrator<\/a><\/strong>, permitiendo personalizar colores, etiquetas y otros elementos gr\u00e1ficos seg\u00fan las necesidades del usuario.<\/p>\n<h2 data-start=\"1511\" data-end=\"1564\"><strong data-start=\"1515\" data-end=\"1562\">Ideal para Mapas Murales y Grandes Formatos<\/strong><\/h2>\n<p data-start=\"182\" data-end=\"503\">Este fichero nos permite imprimir \u00a0un mapa mural \u00a0personalizado en diferentes tama\u00f1os y materiales como papel, vinilo, pvc flexible, cart\u00f3n pluma\/foam, forex, vinilo f\u00e9rrico adem\u00e1s de completarlo con diferentes acabados , como laminado UV, laminado velleda o perfil de aluminio y as\u00ed entregarlo enmarcado para facilitar su colocaci\u00f3n.<\/p>\n<figure id=\"attachment_7613\" aria-describedby=\"caption-attachment-7613\" style=\"width: 300px\" class=\"wp-caption alignnone\"><a href=\"https:\/\/www.bc-maps.com\/wp-content\/uploads\/2025\/03\/Mapa-mural-municipios-comarcas-Cataluna.jpg\" target=\"_blank\" rel=\"noopener\"><img loading=\"lazy\" decoding=\"async\" class=\"wp-image-7613 size-medium\" title=\"Mapa mural de municipios y comarcas de Catalu\u00f1a\" src=\"https:\/\/www.bc-maps.com\/wp-content\/uploads\/2025\/03\/Mapa-mural-municipios-comarcas-Cataluna-300x273.jpg\" alt=\"Mapa mural de municipios y comarcas de Catalu\u00f1a\" width=\"300\" height=\"273\" srcset=\"https:\/\/www.bc-maps.com\/wp-content\/uploads\/2025\/03\/Mapa-mural-municipios-comarcas-Cataluna-300x273.jpg 300w, https:\/\/www.bc-maps.com\/wp-content\/uploads\/2025\/03\/Mapa-mural-municipios-comarcas-Cataluna-1024x931.jpg 1024w, https:\/\/www.bc-maps.com\/wp-content\/uploads\/2025\/03\/Mapa-mural-municipios-comarcas-Cataluna-768x698.jpg 768w, https:\/\/www.bc-maps.com\/wp-content\/uploads\/2025\/03\/Mapa-mural-municipios-comarcas-Cataluna-1536x1396.jpg 1536w, https:\/\/www.bc-maps.com\/wp-content\/uploads\/2025\/03\/Mapa-mural-municipios-comarcas-Cataluna.jpg 1701w\" sizes=\"auto, (max-width: 300px) 100vw, 300px\" \/><\/a><figcaption id=\"caption-attachment-7613\" class=\"wp-caption-text\">Mapa mural de municipios y comarcas de Catalu\u00f1a<\/figcaption><\/figure>\n<figure id=\"attachment_3311\" aria-describedby=\"caption-attachment-3311\" style=\"width: 300px\" class=\"wp-caption alignnone\"><a href=\"https:\/\/www.bc-maps.com\/wp-content\/uploads\/2012\/06\/Mapa-mural-vectorial-Catalunya-municipis.jpg\" target=\"_blank\" rel=\"noopener\"><img loading=\"lazy\" decoding=\"async\" class=\"wp-image-3311 size-medium\" title=\"Mapa mural vectorial Catalunya municipis\" src=\"https:\/\/www.bc-maps.com\/wp-content\/uploads\/2012\/06\/Mapa-mural-vectorial-Catalunya-municipis-300x300.jpg\" alt=\"Mapa mural vectorial Catalunya municipis\" width=\"300\" height=\"300\" srcset=\"https:\/\/www.bc-maps.com\/wp-content\/uploads\/2012\/06\/Mapa-mural-vectorial-Catalunya-municipis-300x300.jpg 300w, https:\/\/www.bc-maps.com\/wp-content\/uploads\/2012\/06\/Mapa-mural-vectorial-Catalunya-municipis-150x150.jpg 150w, https:\/\/www.bc-maps.com\/wp-content\/uploads\/2012\/06\/Mapa-mural-vectorial-Catalunya-municipis-768x768.jpg 768w, https:\/\/www.bc-maps.com\/wp-content\/uploads\/2012\/06\/Mapa-mural-vectorial-Catalunya-municipis-1024x1024.jpg 1024w\" sizes=\"auto, (max-width: 300px) 100vw, 300px\" \/><\/a><figcaption id=\"caption-attachment-3311\" class=\"wp-caption-text\">Mapa mural vectorial Catalunya municipis<\/figcaption><\/figure>\n<figure id=\"attachment_3314\" aria-describedby=\"caption-attachment-3314\" style=\"width: 300px\" class=\"wp-caption alignnone\"><img loading=\"lazy\" decoding=\"async\" class=\"wp-image-3314 size-medium\" title=\"Mapa mural vectorial Catalunya Vegueries\" src=\"https:\/\/www.bc-maps.com\/wp-content\/uploads\/2012\/06\/Mapa-mural-vectorial-Catalunya-Vegueries-300x300.jpg\" alt=\"Mapa mural vectorial Catalunya Vegueries\" width=\"300\" height=\"300\" srcset=\"https:\/\/www.bc-maps.com\/wp-content\/uploads\/2012\/06\/Mapa-mural-vectorial-Catalunya-Vegueries-300x300.jpg 300w, https:\/\/www.bc-maps.com\/wp-content\/uploads\/2012\/06\/Mapa-mural-vectorial-Catalunya-Vegueries-150x150.jpg 150w, https:\/\/www.bc-maps.com\/wp-content\/uploads\/2012\/06\/Mapa-mural-vectorial-Catalunya-Vegueries-768x768.jpg 768w, https:\/\/www.bc-maps.com\/wp-content\/uploads\/2012\/06\/Mapa-mural-vectorial-Catalunya-Vegueries-1024x1024.jpg 1024w\" sizes=\"auto, (max-width: 300px) 100vw, 300px\" \/><figcaption id=\"caption-attachment-3314\" class=\"wp-caption-text\">Mapa mural vectorial Catalunya Vegueries<\/figcaption><\/figure>\n<h4 data-start=\"505\" data-end=\"566\"><strong data-start=\"509\" data-end=\"564\">Comarcas de Catalu\u00f1a :<\/strong><\/h4>\n<p style=\"font-weight: 400;\"><strong>Alt Pirineu i Aran:<\/strong>\u00a0 Alta Ribagor\u00e7a, Alt Urgell, Cerdanya, Pallars Juss\u00e0, Pallars Sobir\u00e0 i Val d&#8217;Aran.<\/p>\n<p style=\"font-weight: 400;\"><strong>Centrals: <\/strong>\u00a0 Anoia, Bages, Bergued\u00e0, Llu\u00e7an\u00e8s, Moian\u00e8s, Osona, Solson\u00e8s.<\/p>\n<p style=\"font-weight: 400;\"><strong>Barcelona: <\/strong>\u00a0 Alt Pened\u00e8s, Baix Llobregat, Barcelon\u00e8s, Garraf,\u00a0 Maresme, Vall\u00e8s Oriental i Vall\u00e8s Occidental.<\/p>\n<p style=\"font-weight: 400;\"><strong>Girona:<\/strong> Alt Empord\u00e0, Baix Empord\u00e0, Garrotxa, Giron\u00e8s, Pla de l&#8217;Estany,\u00a0 Ripoll\u00e8s i La Selva<\/p>\n<p style=\"font-weight: 400;\"><strong>Ponent: <\/strong>\u00a0 Garrigues, Noguera, Pla d&#8217;Urgell, Segarra, Segri\u00e0 i Urgell.<\/p>\n<p style=\"font-weight: 400;\"><strong>Tarragona:<\/strong>\u00a0 Alt Camp, Baix Camp, Baix Pened\u00e8s,\u00a0 Conca de Barber\u00e0, Priorat i Tarragon\u00e8s.<\/p>\n<p style=\"font-weight: 400;\"><strong>Terres de l&#8217;Ebre:<\/strong>\u00a0\u00a0 Baix Ebre, Montsi\u00e0, Ribera d&#8217;Ebre i Terra Alta.<\/p>\n<h3><strong data-start=\"1012\" data-end=\"1040\">Caracter\u00edsticas del Mapa<\/strong><\/h3>\n<ul data-start=\"1043\" data-end=\"1509\">\n<li data-start=\"1043\" data-end=\"1135\"><strong data-start=\"1045\" data-end=\"1066\">Formato vectorial<\/strong> totalmente editable en Illustrator, ideal para dise\u00f1o e impresi\u00f3n.<\/li>\n<li data-start=\"1136\" data-end=\"1209\"><strong data-start=\"1138\" data-end=\"1174\">Divisi\u00f3n completa por municipios<\/strong>, con sus l\u00edmites bien definidos.<\/li>\n<li data-start=\"1210\" data-end=\"1326\"><strong data-start=\"1212\" data-end=\"1267\">Diferenciaci\u00f3n de comarcas oficiales y no oficiales<\/strong>, respetando la estructura territorial de cada comunidad.<\/li>\n<li data-start=\"1327\" data-end=\"1416\"><strong data-start=\"1329\" data-end=\"1364\">Alta resoluci\u00f3n y escalabilidad<\/strong>, permitiendo ampliaciones sin p\u00e9rdida de calidad.<\/li>\n<li data-start=\"1417\" data-end=\"1509\"><strong data-start=\"1419\" data-end=\"1471\">Compatible con distintos materiales de impresi\u00f3n<\/strong>, como papel, vinilo o panel r\u00edgido.\n<p data-start=\"2467\" data-end=\"2854\" data-is-last-node=\"\" data-is-only-node=\"\">\n<\/li>\n<\/ul>\n<p data-start=\"1565\" data-end=\"1926\">\n","protected":false},"excerpt":{"rendered":"<p>Mapa mural con el nombre de todos los municipios de Catalu\u00f1a Mapa mural con el nombre de todas las comarcas de Catalu\u00f1a Disponemos de un mapa vectorial que nos permite elaborar un mapa mural de Catalu\u00f1acon la divisi\u00f3n completa de municipios y comarcas, dise\u00f1ado para ofrecer la m\u00e1xima calidad y precisi\u00f3n. Este archivo es totalmente &hellip; <a href=\"https:\/\/www.bc-maps.com\/mapa-vectorial-eps\/mapa-mural-municipios-comarcas-veguerias-cataluna-illustrator-foam-forex-imanes-velleda\/\" class=\"more-link\">Seguir leyendo <span class=\"screen-reader-text\">Mapa mural de municipios y comarcas de Catalu\u00f1a, foam, magn\u00e9tico, imanes<\/span> <span class=\"meta-nav\">&rarr;<\/span><\/a><\/p>\n","protected":false},"author":1,"featured_media":7613,"parent":0,"menu_order":0,"comment_status":"closed","ping_status":"closed","template":"","meta":{"footnotes":""},"class_list":["post-7604","page","type-page","status-publish","has-post-thumbnail","hentry"],"_links":{"self":[{"href":"https:\/\/www.bc-maps.com\/mapa-vectorial-eps\/wp-json\/wp\/v2\/pages\/7604","targetHints":{"allow":["GET"]}}],"collection":[{"href":"https:\/\/www.bc-maps.com\/mapa-vectorial-eps\/wp-json\/wp\/v2\/pages"}],"about":[{"href":"https:\/\/www.bc-maps.com\/mapa-vectorial-eps\/wp-json\/wp\/v2\/types\/page"}],"author":[{"embeddable":true,"href":"https:\/\/www.bc-maps.com\/mapa-vectorial-eps\/wp-json\/wp\/v2\/users\/1"}],"replies":[{"embeddable":true,"href":"https:\/\/www.bc-maps.com\/mapa-vectorial-eps\/wp-json\/wp\/v2\/comments?post=7604"}],"version-history":[{"count":3,"href":"https:\/\/www.bc-maps.com\/mapa-vectorial-eps\/wp-json\/wp\/v2\/pages\/7604\/revisions"}],"predecessor-version":[{"id":7615,"href":"https:\/\/www.bc-maps.com\/mapa-vectorial-eps\/wp-json\/wp\/v2\/pages\/7604\/revisions\/7615"}],"wp:featuredmedia":[{"embeddable":true,"href":"https:\/\/www.bc-maps.com\/mapa-vectorial-eps\/wp-json\/wp\/v2\/media\/7613"}],"wp:attachment":[{"href":"https:\/\/www.bc-maps.com\/mapa-vectorial-eps\/wp-json\/wp\/v2\/media?parent=7604"}],"curies":[{"name":"wp","href":"https:\/\/api.w.org\/{rel}","templated":true}]}}