{"id":7592,"date":"2025-03-16T07:55:00","date_gmt":"2025-03-16T07:55:00","guid":{"rendered":"https:\/\/www.bc-maps.com\/mapa-vectorial-eps\/mapa-mural-municipios-comarcas-castilla-la-mancha-illustrator-foam-forex-imanes-velleda-2\/"},"modified":"2025-03-17T10:43:50","modified_gmt":"2025-03-17T10:43:50","slug":"mapa-mural-municipios-comarcas-extremadura-illustrator-foam-forex-imanes-velleda","status":"publish","type":"page","link":"https:\/\/www.bc-maps.com\/mapa-vectorial-eps\/mapa-mural-municipios-comarcas-extremadura-illustrator-foam-forex-imanes-velleda\/","title":{"rendered":"Mapa mural de municipios y comarcas de Extremadura, foam, magn\u00e9tico, imanes"},"content":{"rendered":"<h1>Mapa mural con el nombre de todos los municipios de <strong data-start=\"197\" data-end=\"225\">Extremadura<\/strong><\/h1>\n<h1>Mapa mural con el nombre de todas las comarcas de <strong data-start=\"197\" data-end=\"225\">Extremadura<\/strong><\/h1>\n<p data-start=\"182\" data-end=\"503\">Disponemos de un <strong data-start=\"197\" data-end=\"225\">mapa vectorial <\/strong>que nos permite elaborar un <strong>mapa mural<\/strong> <strong data-start=\"197\" data-end=\"225\">de Extremadura<\/strong> con la divisi\u00f3n completa de <strong data-start=\"254\" data-end=\"279\">municipios y comarcas<\/strong>, dise\u00f1ado para ofrecer la m\u00e1xima calidad y precisi\u00f3n. Este archivo es totalmente <strong data-start=\"361\" data-end=\"394\">editable en <a href=\"http:\/\/www.adobe.es\">Adobe Illustrator<\/a><\/strong>, permitiendo personalizar colores, etiquetas y otros elementos gr\u00e1ficos seg\u00fan las necesidades del usuario.<\/p>\n<h2 data-start=\"1511\" data-end=\"1564\"><strong data-start=\"1515\" data-end=\"1562\">Ideal para Mapas Murales y Grandes Formatos<\/strong><\/h2>\n<p data-start=\"182\" data-end=\"503\">Este fichero nos permite imprimir \u00a0un mapa mural \u00a0personalizado en diferentes tama\u00f1os y materiales como papel, vinilo, pvc flexible, cart\u00f3n pluma\/foam, forex, vinilo f\u00e9rrico adem\u00e1s de completarlo con diferentes acabados , como laminado UV, laminado velleda o perfil de aluminio y as\u00ed entregarlo enmarcado para facilitar su colocaci\u00f3n.<\/p>\n<figure id=\"attachment_7594\" aria-describedby=\"caption-attachment-7594\" style=\"width: 306px\" class=\"wp-caption alignnone\"><a href=\"https:\/\/www.bc-maps.com\/wp-content\/uploads\/2025\/03\/Mapa-mural-municipios-comarcas-Extremadura.jpg\" target=\"_blank\" rel=\"noopener\"><img loading=\"lazy\" decoding=\"async\" class=\"wp-image-7594\" title=\"Mapa mural de municipios y comarcas de Extremadura\" src=\"https:\/\/www.bc-maps.com\/wp-content\/uploads\/2025\/03\/Mapa-mural-municipios-comarcas-Extremadura-270x300.jpg\" alt=\"Mapa mural de municipios y comarcas de Extremadura\" width=\"306\" height=\"340\" srcset=\"https:\/\/www.bc-maps.com\/wp-content\/uploads\/2025\/03\/Mapa-mural-municipios-comarcas-Extremadura-270x300.jpg 270w, https:\/\/www.bc-maps.com\/wp-content\/uploads\/2025\/03\/Mapa-mural-municipios-comarcas-Extremadura-920x1024.jpg 920w, https:\/\/www.bc-maps.com\/wp-content\/uploads\/2025\/03\/Mapa-mural-municipios-comarcas-Extremadura-768x855.jpg 768w, https:\/\/www.bc-maps.com\/wp-content\/uploads\/2025\/03\/Mapa-mural-municipios-comarcas-Extremadura-1380x1536.jpg 1380w, https:\/\/www.bc-maps.com\/wp-content\/uploads\/2025\/03\/Mapa-mural-municipios-comarcas-Extremadura.jpg 1701w\" sizes=\"auto, (max-width: 306px) 100vw, 306px\" \/><\/a><figcaption id=\"caption-attachment-7594\" class=\"wp-caption-text\">Mapa mural de municipios y comarcas de Extremadura<\/figcaption><\/figure>\n<figure id=\"attachment_6022\" aria-describedby=\"caption-attachment-6022\" style=\"width: 316px\" class=\"wp-caption alignnone\"><img loading=\"lazy\" decoding=\"async\" class=\"wp-image-6022\" title=\"Mapa vectorial illustrator municipios carreteras Extremadura\" src=\"https:\/\/www.bc-maps.com\/wp-content\/uploads\/2024\/02\/Mapa-vectorial-illustrator-municipios-carreteras-Extremadura-273x300.jpg\" alt=\"Mapa vectorial illustrator municipios carreteras Extremadura\" width=\"316\" height=\"347\" srcset=\"https:\/\/www.bc-maps.com\/wp-content\/uploads\/2024\/02\/Mapa-vectorial-illustrator-municipios-carreteras-Extremadura-273x300.jpg 273w, https:\/\/www.bc-maps.com\/wp-content\/uploads\/2024\/02\/Mapa-vectorial-illustrator-municipios-carreteras-Extremadura-931x1024.jpg 931w, https:\/\/www.bc-maps.com\/wp-content\/uploads\/2024\/02\/Mapa-vectorial-illustrator-municipios-carreteras-Extremadura-768x845.jpg 768w, https:\/\/www.bc-maps.com\/wp-content\/uploads\/2024\/02\/Mapa-vectorial-illustrator-municipios-carreteras-Extremadura-1396x1536.jpg 1396w, https:\/\/www.bc-maps.com\/wp-content\/uploads\/2024\/02\/Mapa-vectorial-illustrator-municipios-carreteras-Extremadura-1862x2048.jpg 1862w\" sizes=\"auto, (max-width: 316px) 100vw, 316px\" \/><figcaption id=\"caption-attachment-6022\" class=\"wp-caption-text\">Mapa vectorial illustrator municipios carreteras Extremadura<\/figcaption><\/figure>\n<h4 data-start=\"505\" data-end=\"566\"><strong data-start=\"509\" data-end=\"564\">Diferenciaci\u00f3n de Comarcas Oficiales y no oficiales<\/strong><\/h4>\n<p data-start=\"567\" data-end=\"1006\">En algunas comunidades aut\u00f3nomas, las <strong data-start=\"605\" data-end=\"617\">comarcas<\/strong> cuentan con una divisi\u00f3n oficial establecida por sus respectivas administraciones. Sin embargo, en otras regiones, no existe una delimitaci\u00f3n administrativa reconocida, por lo que hemos adoptado criterios basados en <strong data-start=\"834\" data-end=\"885\">comarcas hist\u00f3ricas, funcionales o de uso com\u00fan<\/strong> ampliamente aceptadas. De este modo, garantizamos que el mapa refleje la realidad territorial y cultural de cada zona.<\/p>\n<h4 data-start=\"505\" data-end=\"566\"><strong data-start=\"509\" data-end=\"564\">Comarcas de Castilla-La Mancha<\/strong><\/h4>\n<p style=\"font-weight: 400;\">Brozas, C\u00e1ceres, Coria, Herv\u00e1s, Jaraiz de la Vera, Logros\u00e1n, Navalmoral de la Mata, Plasencia, Trujillo, Valencia de Alc\u00e1ntara, Tierra de Badajoz , Tierra de M\u00e9rida &#8211; Vegas Bajas , L\u00e1cara, las Vegas Altas del Guadiana , La Siberia , La Serena , Sierra Grande &#8211; Tierra de Barros\u200b, Olivenza\u200b, Zafra &#8211; R\u00edo Bodi\u00f3n, Sierra Suroeste, Tentud\u00eda, Campi\u00f1a Sur, Los Bald\u00edos o Alburquerque.<\/p>\n<h3><strong data-start=\"1012\" data-end=\"1040\">Caracter\u00edsticas del Mapa<\/strong><\/h3>\n<ul data-start=\"1043\" data-end=\"1509\">\n<li data-start=\"1043\" data-end=\"1135\"><strong data-start=\"1045\" data-end=\"1066\">Formato vectorial<\/strong> totalmente editable en Illustrator, ideal para dise\u00f1o e impresi\u00f3n.<\/li>\n<li data-start=\"1136\" data-end=\"1209\"><strong data-start=\"1138\" data-end=\"1174\">Divisi\u00f3n completa por municipios<\/strong>, con sus l\u00edmites bien definidos.<\/li>\n<li data-start=\"1210\" data-end=\"1326\"><strong data-start=\"1212\" data-end=\"1267\">Diferenciaci\u00f3n de comarcas oficiales y no oficiales<\/strong>, respetando la estructura territorial de cada comunidad.<\/li>\n<li data-start=\"1327\" data-end=\"1416\"><strong data-start=\"1329\" data-end=\"1364\">Alta resoluci\u00f3n y escalabilidad<\/strong>, permitiendo ampliaciones sin p\u00e9rdida de calidad.<\/li>\n<li data-start=\"1417\" data-end=\"1509\"><strong data-start=\"1419\" data-end=\"1471\">Compatible con distintos materiales de impresi\u00f3n<\/strong>, como papel, vinilo o panel r\u00edgido.\n<p data-start=\"2467\" data-end=\"2854\" data-is-last-node=\"\" data-is-only-node=\"\">\n<\/li>\n<\/ul>\n<p data-start=\"1565\" data-end=\"1926\">\n","protected":false},"excerpt":{"rendered":"<p>Mapa mural con el nombre de todos los municipios de Extremadura Mapa mural con el nombre de todas las comarcas de Extremadura Disponemos de un mapa vectorial que nos permite elaborar un mapa mural de Extremadura con la divisi\u00f3n completa de municipios y comarcas, dise\u00f1ado para ofrecer la m\u00e1xima calidad y precisi\u00f3n. Este archivo es &hellip; <a href=\"https:\/\/www.bc-maps.com\/mapa-vectorial-eps\/mapa-mural-municipios-comarcas-extremadura-illustrator-foam-forex-imanes-velleda\/\" class=\"more-link\">Seguir leyendo <span class=\"screen-reader-text\">Mapa mural de municipios y comarcas de Extremadura, foam, magn\u00e9tico, imanes<\/span> <span class=\"meta-nav\">&rarr;<\/span><\/a><\/p>\n","protected":false},"author":1,"featured_media":7594,"parent":0,"menu_order":0,"comment_status":"closed","ping_status":"closed","template":"","meta":{"footnotes":""},"class_list":["post-7592","page","type-page","status-publish","has-post-thumbnail","hentry"],"_links":{"self":[{"href":"https:\/\/www.bc-maps.com\/mapa-vectorial-eps\/wp-json\/wp\/v2\/pages\/7592","targetHints":{"allow":["GET"]}}],"collection":[{"href":"https:\/\/www.bc-maps.com\/mapa-vectorial-eps\/wp-json\/wp\/v2\/pages"}],"about":[{"href":"https:\/\/www.bc-maps.com\/mapa-vectorial-eps\/wp-json\/wp\/v2\/types\/page"}],"author":[{"embeddable":true,"href":"https:\/\/www.bc-maps.com\/mapa-vectorial-eps\/wp-json\/wp\/v2\/users\/1"}],"replies":[{"embeddable":true,"href":"https:\/\/www.bc-maps.com\/mapa-vectorial-eps\/wp-json\/wp\/v2\/comments?post=7592"}],"version-history":[{"count":3,"href":"https:\/\/www.bc-maps.com\/mapa-vectorial-eps\/wp-json\/wp\/v2\/pages\/7592\/revisions"}],"predecessor-version":[{"id":7603,"href":"https:\/\/www.bc-maps.com\/mapa-vectorial-eps\/wp-json\/wp\/v2\/pages\/7592\/revisions\/7603"}],"wp:featuredmedia":[{"embeddable":true,"href":"https:\/\/www.bc-maps.com\/mapa-vectorial-eps\/wp-json\/wp\/v2\/media\/7594"}],"wp:attachment":[{"href":"https:\/\/www.bc-maps.com\/mapa-vectorial-eps\/wp-json\/wp\/v2\/media?parent=7592"}],"curies":[{"name":"wp","href":"https:\/\/api.w.org\/{rel}","templated":true}]}}