{"id":7550,"date":"2025-03-16T07:55:00","date_gmt":"2025-03-16T07:55:00","guid":{"rendered":"https:\/\/www.bc-maps.com\/mapa-vectorial-eps\/adeje-mapa-vectorial-ilustrator-eps-editable-2\/"},"modified":"2025-03-17T07:42:58","modified_gmt":"2025-03-17T07:42:58","slug":"mapa-vectorial-editable-municipios-comarcas-espana-illustrator-eps-editable","status":"publish","type":"page","link":"https:\/\/www.bc-maps.com\/mapa-vectorial-eps\/mapa-vectorial-editable-municipios-comarcas-espana-illustrator-eps-editable\/","title":{"rendered":"Mapa vectorial editable de municipios y comarcas de Espa\u00f1a, en illustrator"},"content":{"rendered":"<h1>Planos y mapas vectoriales de Espa\u00f1a<\/h1>\n<h2 data-start=\"125\" data-end=\"180\">Mapa Vectorial de Espa\u00f1a con Municipios y Comarcas<\/h2>\n<p data-start=\"182\" data-end=\"503\">Disponemos de un <strong data-start=\"197\" data-end=\"225\">mapa vectorial de Espa\u00f1a<\/strong> con la divisi\u00f3n completa de <strong data-start=\"254\" data-end=\"279\">municipios y comarcas<\/strong>, dise\u00f1ado para ofrecer la m\u00e1xima calidad y precisi\u00f3n. Este archivo es totalmente <strong data-start=\"361\" data-end=\"394\">editable en <a href=\"http:\/\/www.adobe.es\">Adobe Illustrator<\/a><\/strong>, permitiendo personalizar colores, etiquetas y otros elementos gr\u00e1ficos seg\u00fan las necesidades del usuario.<\/p>\n<p data-start=\"182\" data-end=\"503\">Se puede segmentar por Comunidades o zonas sin ning\u00fan tipo de problema, adapt\u00e1ndolo a las necesidades de cada cliente.<\/p>\n<figure id=\"attachment_7546\" aria-describedby=\"caption-attachment-7546\" style=\"width: 378px\" class=\"wp-caption alignnone\"><a href=\"https:\/\/www.bc-maps.com\/wp-content\/uploads\/2025\/03\/Mapa-municipios-Espana-vectorial-illustrator-eps.jpg\" target=\"_blank\" rel=\"noopener\"><img loading=\"lazy\" decoding=\"async\" class=\"wp-image-7546\" title=\"Mapa municipios y comarcas de Espa\u00f1a vectorial editable illustrator eps\" src=\"https:\/\/www.bc-maps.com\/wp-content\/uploads\/2025\/03\/Mapa-municipios-Espana-vectorial-illustrator-eps-300x193.jpg\" alt=\"Mapa municipios y comarcas de Espa\u00f1a vectorial editable illustrator eps\" width=\"378\" height=\"243\" srcset=\"https:\/\/www.bc-maps.com\/wp-content\/uploads\/2025\/03\/Mapa-municipios-Espana-vectorial-illustrator-eps-300x193.jpg 300w, https:\/\/www.bc-maps.com\/wp-content\/uploads\/2025\/03\/Mapa-municipios-Espana-vectorial-illustrator-eps-1024x658.jpg 1024w, https:\/\/www.bc-maps.com\/wp-content\/uploads\/2025\/03\/Mapa-municipios-Espana-vectorial-illustrator-eps-768x493.jpg 768w, https:\/\/www.bc-maps.com\/wp-content\/uploads\/2025\/03\/Mapa-municipios-Espana-vectorial-illustrator-eps-1536x987.jpg 1536w, https:\/\/www.bc-maps.com\/wp-content\/uploads\/2025\/03\/Mapa-municipios-Espana-vectorial-illustrator-eps-2048x1316.jpg 2048w\" sizes=\"auto, (max-width: 378px) 100vw, 378px\" \/><\/a><figcaption id=\"caption-attachment-7546\" class=\"wp-caption-text\">Mapa municipios y comarcas de Espa\u00f1a vectorial editable illustrator eps<\/figcaption><\/figure>\n<figure id=\"attachment_7547\" aria-describedby=\"caption-attachment-7547\" style=\"width: 300px\" class=\"wp-caption alignnone\"><a href=\"https:\/\/www.bc-maps.com\/wp-content\/uploads\/2025\/03\/Mapa-detalle-municipios-Espana-vectorial-illustrator-eps.jpg\" target=\"_blank\" rel=\"noopener\"><img loading=\"lazy\" decoding=\"async\" class=\"wp-image-7547 size-medium\" title=\"Detalle mapa municipios Espa\u00f1a vectorial illustrator eps\" src=\"https:\/\/www.bc-maps.com\/wp-content\/uploads\/2025\/03\/Mapa-detalle-municipios-Espana-vectorial-illustrator-eps-300x175.jpg\" alt=\"Mapa-detalle-municipios-Espa\u00f1a-vectorial-illustrator-eps\" width=\"300\" height=\"175\" srcset=\"https:\/\/www.bc-maps.com\/wp-content\/uploads\/2025\/03\/Mapa-detalle-municipios-Espana-vectorial-illustrator-eps-300x175.jpg 300w, https:\/\/www.bc-maps.com\/wp-content\/uploads\/2025\/03\/Mapa-detalle-municipios-Espana-vectorial-illustrator-eps-1024x598.jpg 1024w, https:\/\/www.bc-maps.com\/wp-content\/uploads\/2025\/03\/Mapa-detalle-municipios-Espana-vectorial-illustrator-eps-768x448.jpg 768w, https:\/\/www.bc-maps.com\/wp-content\/uploads\/2025\/03\/Mapa-detalle-municipios-Espana-vectorial-illustrator-eps-1536x897.jpg 1536w, https:\/\/www.bc-maps.com\/wp-content\/uploads\/2025\/03\/Mapa-detalle-municipios-Espana-vectorial-illustrator-eps.jpg 1701w\" sizes=\"auto, (max-width: 300px) 100vw, 300px\" \/><\/a><figcaption id=\"caption-attachment-7547\" class=\"wp-caption-text\">Detalle mapa municipios Espa\u00f1a vectorial illustrator eps<\/figcaption><\/figure>\n<h4 data-start=\"505\" data-end=\"566\"><strong data-start=\"509\" data-end=\"564\">Diferenciaci\u00f3n de Comarcas Oficiales y no oficiales<\/strong><\/h4>\n<p data-start=\"567\" data-end=\"1006\">En algunas comunidades aut\u00f3nomas, las <strong data-start=\"605\" data-end=\"617\">comarcas<\/strong> cuentan con una divisi\u00f3n oficial establecida por sus respectivas administraciones. Sin embargo, en otras regiones, no existe una delimitaci\u00f3n administrativa reconocida, por lo que hemos adoptado criterios basados en <strong data-start=\"834\" data-end=\"885\">comarcas hist\u00f3ricas, funcionales o de uso com\u00fan<\/strong> ampliamente aceptadas. De este modo, garantizamos que el mapa refleje la realidad territorial y cultural de cada zona.<\/p>\n<h3><strong data-start=\"1012\" data-end=\"1040\">Caracter\u00edsticas del Mapa<\/strong><\/h3>\n<ul data-start=\"1043\" data-end=\"1509\">\n<li data-start=\"1043\" data-end=\"1135\"><strong data-start=\"1045\" data-end=\"1066\">Formato vectorial<\/strong> totalmente editable en Illustrator, ideal para dise\u00f1o e impresi\u00f3n.<\/li>\n<li data-start=\"1136\" data-end=\"1209\"><strong data-start=\"1138\" data-end=\"1174\">Divisi\u00f3n completa por municipios<\/strong>, con sus l\u00edmites bien definidos.<\/li>\n<li data-start=\"1210\" data-end=\"1326\"><strong data-start=\"1212\" data-end=\"1267\">Diferenciaci\u00f3n de comarcas oficiales y no oficiales<\/strong>, respetando la estructura territorial de cada comunidad.<\/li>\n<li data-start=\"1327\" data-end=\"1416\"><strong data-start=\"1329\" data-end=\"1364\">Alta resoluci\u00f3n y escalabilidad<\/strong>, permitiendo ampliaciones sin p\u00e9rdida de calidad.<\/li>\n<li data-start=\"1417\" data-end=\"1509\"><strong data-start=\"1419\" data-end=\"1471\">Compatible con distintos materiales de impresi\u00f3n<\/strong>, como papel, vinilo o panel r\u00edgido.\n<p data-start=\"2467\" data-end=\"2854\" data-is-last-node=\"\" data-is-only-node=\"\">\n<\/li>\n<\/ul>\n<h3 data-start=\"1871\" data-end=\"1900\"><strong data-start=\"1875\" data-end=\"1898\">Usos y Aplicaciones<\/strong><\/h3>\n<p data-start=\"1901\" data-end=\"2465\">Este mapa vectorial es una herramienta esencial para m\u00faltiples aplicaciones. Este mapa permite una visualizaci\u00f3n clara de la divisi\u00f3n municipal y comarcal.<\/p>\n<p data-start=\"1901\" data-end=\"2465\">Es una excelente base para la elaboraci\u00f3n de <strong data-start=\"2357\" data-end=\"2412\">infograf\u00edas, an\u00e1lisis demogr\u00e1ficos y presentaciones<\/strong> en medios de comunicaci\u00f3n y estudios estad\u00edsticos, estudios de marketing e implementaci\u00f3n de empresas.<\/p>\n<p data-start=\"2467\" data-end=\"2854\" data-is-last-node=\"\" data-is-only-node=\"\">Su estructura vectorial ofrece una ventaja clave, ya que puede personalizarse f\u00e1cilmente, permitiendo la incorporaci\u00f3n de logotipos, colores institucionales o informaci\u00f3n adicional seg\u00fan el prop\u00f3sito del mapa.<\/p>\n<p style=\"font-weight: 400;\">\n","protected":false},"excerpt":{"rendered":"<p>Planos y mapas vectoriales de Espa\u00f1a Mapa Vectorial de Espa\u00f1a con Municipios y Comarcas Disponemos de un mapa vectorial de Espa\u00f1a con la divisi\u00f3n completa de municipios y comarcas, dise\u00f1ado para ofrecer la m\u00e1xima calidad y precisi\u00f3n. Este archivo es totalmente editable en Adobe Illustrator, permitiendo personalizar colores, etiquetas y otros elementos gr\u00e1ficos seg\u00fan las &hellip; <a href=\"https:\/\/www.bc-maps.com\/mapa-vectorial-eps\/mapa-vectorial-editable-municipios-comarcas-espana-illustrator-eps-editable\/\" class=\"more-link\">Seguir leyendo <span class=\"screen-reader-text\">Mapa vectorial editable de municipios y comarcas de Espa\u00f1a, en illustrator<\/span> <span class=\"meta-nav\">&rarr;<\/span><\/a><\/p>\n","protected":false},"author":1,"featured_media":7546,"parent":0,"menu_order":0,"comment_status":"closed","ping_status":"closed","template":"","meta":{"footnotes":""},"class_list":["post-7550","page","type-page","status-publish","has-post-thumbnail","hentry"],"_links":{"self":[{"href":"https:\/\/www.bc-maps.com\/mapa-vectorial-eps\/wp-json\/wp\/v2\/pages\/7550","targetHints":{"allow":["GET"]}}],"collection":[{"href":"https:\/\/www.bc-maps.com\/mapa-vectorial-eps\/wp-json\/wp\/v2\/pages"}],"about":[{"href":"https:\/\/www.bc-maps.com\/mapa-vectorial-eps\/wp-json\/wp\/v2\/types\/page"}],"author":[{"embeddable":true,"href":"https:\/\/www.bc-maps.com\/mapa-vectorial-eps\/wp-json\/wp\/v2\/users\/1"}],"replies":[{"embeddable":true,"href":"https:\/\/www.bc-maps.com\/mapa-vectorial-eps\/wp-json\/wp\/v2\/comments?post=7550"}],"version-history":[{"count":2,"href":"https:\/\/www.bc-maps.com\/mapa-vectorial-eps\/wp-json\/wp\/v2\/pages\/7550\/revisions"}],"predecessor-version":[{"id":7556,"href":"https:\/\/www.bc-maps.com\/mapa-vectorial-eps\/wp-json\/wp\/v2\/pages\/7550\/revisions\/7556"}],"wp:featuredmedia":[{"embeddable":true,"href":"https:\/\/www.bc-maps.com\/mapa-vectorial-eps\/wp-json\/wp\/v2\/media\/7546"}],"wp:attachment":[{"href":"https:\/\/www.bc-maps.com\/mapa-vectorial-eps\/wp-json\/wp\/v2\/media?parent=7550"}],"curies":[{"name":"wp","href":"https:\/\/api.w.org\/{rel}","templated":true}]}}