{"id":7507,"date":"2025-02-03T10:32:20","date_gmt":"2025-02-03T10:32:20","guid":{"rendered":"https:\/\/www.bc-maps.com\/mapa-vectorial-eps\/mapa-provincia-huelva-municipios-comarcas-ilustrator-eps-2\/"},"modified":"2025-02-27T16:04:24","modified_gmt":"2025-02-27T16:04:24","slug":"mapa-provincia-sevilla-municipios-comarcas-ilustrator-eps","status":"publish","type":"page","link":"https:\/\/www.bc-maps.com\/mapa-vectorial-eps\/mapa-provincia-sevilla-municipios-comarcas-ilustrator-eps\/","title":{"rendered":"Municipios y comarcas de la provincia de Sevilla mapa vectorial illustrator eps"},"content":{"rendered":"<h1>Mapas vectoriales de municipios de la provincia de Sevilla y sus comarcas<\/h1>\n<h2>Planos\u00a0editables eps illustrator de ciudades y de carreteras de\u00a0Andaluc\u00eda<\/h2>\n<h2>Mapas digitales de c\u00f3digos postales y municipios de Sevilla<\/h2>\n<figure id=\"attachment_7509\" aria-describedby=\"caption-attachment-7509\" style=\"width: 300px\" class=\"wp-caption alignnone\"><a href=\"https:\/\/www.bc-maps.com\/wp-content\/uploads\/2025\/02\/Mapa-vectorial-illustrator-eps-municipios-comarcas-provincia-Sevilla.jpg\" target=\"_blank\" rel=\"noopener\"><img loading=\"lazy\" decoding=\"async\" class=\"wp-image-7509 size-medium\" title=\"Mapa vectorial illustrator eps municipios y comarcas de la provincia de Sevilla\" src=\"https:\/\/www.bc-maps.com\/wp-content\/uploads\/2025\/02\/Mapa-vectorial-illustrator-eps-municipios-comarcas-provincia-Sevilla-300x274.jpg\" alt=\"Mapa vectorial illustrator eps municipios y comarcas de la provincia de Sevilla\" width=\"300\" height=\"274\" srcset=\"https:\/\/www.bc-maps.com\/wp-content\/uploads\/2025\/02\/Mapa-vectorial-illustrator-eps-municipios-comarcas-provincia-Sevilla-300x274.jpg 300w, https:\/\/www.bc-maps.com\/wp-content\/uploads\/2025\/02\/Mapa-vectorial-illustrator-eps-municipios-comarcas-provincia-Sevilla-1024x934.jpg 1024w, https:\/\/www.bc-maps.com\/wp-content\/uploads\/2025\/02\/Mapa-vectorial-illustrator-eps-municipios-comarcas-provincia-Sevilla-768x700.jpg 768w, https:\/\/www.bc-maps.com\/wp-content\/uploads\/2025\/02\/Mapa-vectorial-illustrator-eps-municipios-comarcas-provincia-Sevilla.jpg 1417w\" sizes=\"auto, (max-width: 300px) 100vw, 300px\" \/><\/a><figcaption id=\"caption-attachment-7509\" class=\"wp-caption-text\">Mapa vectorial illustrator eps municipios y comarcas de la provincia de Sevilla<\/figcaption><\/figure>\n<p>Podemos crear mapas de municipios y comarcas de la provincia de Sevilla mapas y planos de ciudades.<\/p>\n<p>Los mapas se entregan en formatos editables<span class=\"apple-converted-space\">\u00a0<\/span><a href=\"http:\/\/www.adobe.es\">adobe<\/a><span class=\"apple-converted-space\">\u00a0<\/span>illustrator, eps.<\/p>\n<h4>Municipios de Sevilla<\/h4>\n<p style=\"font-weight: 400;\">Aguadulce, Alan\u00eds, Albaida del Aljarafe, Alcal\u00e1 de Guada\u00edra, Alcal\u00e1 del R\u00edo, Alcolea del R\u00edo, La Algaba, Alg\u00e1mitas, Almad\u00e9n de la Plata, Almensilla, Arahal, Aznalc\u00e1zar, Aznalc\u00f3llar, Badolatosa, Benacaz\u00f3n, Bollullos de la Mitaci\u00f3n, Bormujos, Brenes, Burguillos, Las Cabezas de San Juan, Camas, La Campana, Cantillana,<\/p>\n<p style=\"font-weight: 400;\">Ca\u00f1ada Rosal, Carmona, Carri\u00f3n de los C\u00e9spedes, Casariche, Castilblanco de los Arroyos, Castilleja de Guzm\u00e1n, Castilleja de la Cuesta, Castilleja del Campo, El Castillo de las Guardas, Cazalla de la Sierra, Constantina, Coria del R\u00edo, Coripe, El Coronil, Los Corrales, El Cuervo de Sevilla, Dos Hermanas, \u00c9cija,<\/p>\n<p style=\"font-weight: 400;\">Espartinas, Estepa, Fuentes de Andaluc\u00eda, El Garrobo, Gelves, Gerena, Gilena, Gines, Guadalcanal, Guillena, Herrera, Hu\u00e9var del Aljarafe, Isla Mayor, Lantejuela, Lebrija, Lora de Estepa, Lora del R\u00edo, La Luisiana, El Madro\u00f1o, Mairena del Alcor, Mairena del Aljarafe, Marchena, Marinaleda, Mart\u00edn de la Jara, Los Molares,<\/p>\n<p style=\"font-weight: 400;\">Montellano, Mor\u00f3n de la Frontera, Las Navas de la Concepci\u00f3n, Olivares, Osuna, Los Palacios y Villafranca, El \u00a0Palmar de Troya, Palomares del R\u00edo, Paradas, Pedrera, El Pedroso, Pe\u00f1aflor, Pilas, Pruna, La Puebla de Cazalla, La Puebla de los Infantes, La Puebla del R\u00edo, El Real de la Jara, La Rinconada, La Roda de Andaluc\u00eda,<\/p>\n<p style=\"font-weight: 400;\">El Ronquillo, El Rubio, Salteras, San Juan de Aznalfarache, San Nicol\u00e1s del Puerto, Sanl\u00facar la Mayor, Santiponce, El Saucejo, <a href=\"https:\/\/www.bc-maps.com\/mapa-vectorial-eps\/mapas-vectoriales\/espana\/ciudades\/sevilla\/\">Sevilla<\/a>, Tocina, Tomares, Umbrete, Utrera, Valencina de la Concepci\u00f3n, Villamanrique de la Condesa, Villanueva de San Juan,<\/p>\n<p style=\"font-weight: 400;\">Villanueva del Ariscal, Villanueva del R\u00edo y Minas, Villaverde del R\u00edo, El Viso del Alcor.<\/p>\n<h5>Caracter\u00edsticas t\u00e9cnicas :<\/h5>\n<p style=\"font-weight: 400;\"><span style=\"font-size: revert;\">Los mapas de ciudades pueden contener el nombre de todas las calles o solo las principales, as\u00ed como los lugares de inter\u00e9s m\u00e1s importantes.<\/span><\/p>\n<p>El contenido de informaci\u00f3n depender\u00e1 del tama\u00f1o de la zona y la escala o medidas de reproducci\u00f3n.<\/p>\n<p>No trabajamos con textos inferiores a 5 puntos para que sean legibles.<\/p>\n<p>Todos nuestros mapas est\u00e1n estructurados por medio de capas y son totalmente editables, colores y textos.<\/p>\n<p>Los mapas son libres de derechos de reproducci\u00f3n, incluyendo nuestro copyright, s\u00f3lo pagar\u00e1 por ellos una vez independientemente de los usos que realice.<\/p>\n","protected":false},"excerpt":{"rendered":"<p>Mapas vectoriales de municipios de la provincia de Sevilla y sus comarcas Planos\u00a0editables eps illustrator de ciudades y de carreteras de\u00a0Andaluc\u00eda Mapas digitales de c\u00f3digos postales y municipios de Sevilla Podemos crear mapas de municipios y comarcas de la provincia de Sevilla mapas y planos de ciudades. Los mapas se entregan en formatos editables\u00a0adobe\u00a0illustrator, eps. &hellip; <a href=\"https:\/\/www.bc-maps.com\/mapa-vectorial-eps\/mapa-provincia-sevilla-municipios-comarcas-ilustrator-eps\/\" class=\"more-link\">Seguir leyendo <span class=\"screen-reader-text\">Municipios y comarcas de la provincia de Sevilla mapa vectorial illustrator eps<\/span> <span class=\"meta-nav\">&rarr;<\/span><\/a><\/p>\n","protected":false},"author":1,"featured_media":7509,"parent":0,"menu_order":0,"comment_status":"closed","ping_status":"closed","template":"","meta":{"footnotes":""},"class_list":["post-7507","page","type-page","status-publish","has-post-thumbnail","hentry"],"_links":{"self":[{"href":"https:\/\/www.bc-maps.com\/mapa-vectorial-eps\/wp-json\/wp\/v2\/pages\/7507","targetHints":{"allow":["GET"]}}],"collection":[{"href":"https:\/\/www.bc-maps.com\/mapa-vectorial-eps\/wp-json\/wp\/v2\/pages"}],"about":[{"href":"https:\/\/www.bc-maps.com\/mapa-vectorial-eps\/wp-json\/wp\/v2\/types\/page"}],"author":[{"embeddable":true,"href":"https:\/\/www.bc-maps.com\/mapa-vectorial-eps\/wp-json\/wp\/v2\/users\/1"}],"replies":[{"embeddable":true,"href":"https:\/\/www.bc-maps.com\/mapa-vectorial-eps\/wp-json\/wp\/v2\/comments?post=7507"}],"version-history":[{"count":2,"href":"https:\/\/www.bc-maps.com\/mapa-vectorial-eps\/wp-json\/wp\/v2\/pages\/7507\/revisions"}],"predecessor-version":[{"id":7511,"href":"https:\/\/www.bc-maps.com\/mapa-vectorial-eps\/wp-json\/wp\/v2\/pages\/7507\/revisions\/7511"}],"wp:featuredmedia":[{"embeddable":true,"href":"https:\/\/www.bc-maps.com\/mapa-vectorial-eps\/wp-json\/wp\/v2\/media\/7509"}],"wp:attachment":[{"href":"https:\/\/www.bc-maps.com\/mapa-vectorial-eps\/wp-json\/wp\/v2\/media?parent=7507"}],"curies":[{"name":"wp","href":"https:\/\/api.w.org\/{rel}","templated":true}]}}