{"id":7502,"date":"2025-02-03T10:32:20","date_gmt":"2025-02-03T10:32:20","guid":{"rendered":"https:\/\/www.bc-maps.com\/mapa-vectorial-eps\/mapa-almeria-municipios-ilustrator-2\/"},"modified":"2025-02-27T15:57:18","modified_gmt":"2025-02-27T15:57:18","slug":"mapa-provincia-huelva-municipios-comarcas-ilustrator-eps","status":"publish","type":"page","link":"https:\/\/www.bc-maps.com\/mapa-vectorial-eps\/mapa-provincia-huelva-municipios-comarcas-ilustrator-eps\/","title":{"rendered":"Municipios y comarcas de la provincia de Huelva mapa vectorial illustrator eps"},"content":{"rendered":"<h1>Mapas vectoriales de municipios de la provincia de Huelva y sus comarcas<\/h1>\n<h2>Planos\u00a0editables eps illustrator de ciudades y de carreteras de\u00a0Andaluc\u00eda<\/h2>\n<h2>Mapas digitales de c\u00f3digos postales y municipios de Huelva<\/h2>\n<figure id=\"attachment_7505\" aria-describedby=\"caption-attachment-7505\" style=\"width: 302px\" class=\"wp-caption alignnone\"><a href=\"https:\/\/www.bc-maps.com\/wp-content\/uploads\/2025\/02\/Mapa-vectorial-illustrator-eps-municipios-comarcas-provincia-Huelva.jpg\" target=\"_blank\" rel=\"noopener\"><img loading=\"lazy\" decoding=\"async\" class=\"wp-image-7505\" title=\"Mapa vectorial illustrator eps municipios comarcas de la provincia de Huelva\" src=\"https:\/\/www.bc-maps.com\/wp-content\/uploads\/2025\/02\/Mapa-vectorial-illustrator-eps-municipios-comarcas-provincia-Huelva-247x300.jpg\" alt=\"Mapa vectorial illustrator eps municipios comarcas de la provincia de Huelva\" width=\"302\" height=\"367\" srcset=\"https:\/\/www.bc-maps.com\/wp-content\/uploads\/2025\/02\/Mapa-vectorial-illustrator-eps-municipios-comarcas-provincia-Huelva-247x300.jpg 247w, https:\/\/www.bc-maps.com\/wp-content\/uploads\/2025\/02\/Mapa-vectorial-illustrator-eps-municipios-comarcas-provincia-Huelva-843x1024.jpg 843w, https:\/\/www.bc-maps.com\/wp-content\/uploads\/2025\/02\/Mapa-vectorial-illustrator-eps-municipios-comarcas-provincia-Huelva-768x932.jpg 768w, https:\/\/www.bc-maps.com\/wp-content\/uploads\/2025\/02\/Mapa-vectorial-illustrator-eps-municipios-comarcas-provincia-Huelva.jpg 934w\" sizes=\"auto, (max-width: 302px) 100vw, 302px\" \/><\/a><figcaption id=\"caption-attachment-7505\" class=\"wp-caption-text\">Mapa vectorial illustrator eps municipios comarcas de la provincia de Huelva<\/figcaption><\/figure>\n<p>Podemos crear mapas de municipios y comarcas de la provincia de Huelva, mapas y planos de ciudades.<\/p>\n<p>Los mapas se entregan en formatos editables<span class=\"apple-converted-space\">\u00a0<\/span><a href=\"http:\/\/www.adobe.es\">adobe<\/a><span class=\"apple-converted-space\">\u00a0<\/span>illustrator, eps.<\/p>\n<h3 style=\"font-weight: 400;\">Municipios de Huelva<\/h3>\n<p style=\"font-weight: 400;\">Al\u00e1jar, Aljaraque, El Almendro, Almonaster la Real, Almonte, Alosno, Aracena, Aroche, Arroyomolinos de Le\u00f3n, Ayamonte, Beas, Berrocal, Bollullos Par del Condado, Bonares, Cabezas Rubias, Cala, Cala\u00f1as,<\/p>\n<p style=\"font-weight: 400;\">El Campillo, Campofr\u00edo, Ca\u00f1averal de Le\u00f3n, Cartaya, Casta\u00f1o del Robledo, El Cerro de And\u00e9valo, Chucena, Corteconcepci\u00f3n, Cortegana, Cortelazor, Cumbres de Enmedio, Cumbres de San Bartolom\u00e9,<\/p>\n<p style=\"font-weight: 400;\">Cumbres Mayores, Encinasola, Escacena del Campo, Fuenteheridos, Galaroza, Gibrale\u00f3n, La Granada de R\u00edo-Tinto, El Granado, Higuera de la Sierra, Hinojales, Hinojos, Huelva, Isla Cristina, Jabugo, Lepe, Linares de la Sierra,<\/p>\n<p style=\"font-weight: 400;\">Lucena del Puerto, Manzanilla, Los Marines, Minas de Riotinto, Moguer, La Nava, Nerva, Niebla, La Palma del Condado, Palos de la Frontera, Paterna del Campo, Paymogo, Puebla de Guzm\u00e1n, Puerto Moral, Punta Umbr\u00eda, Rociana del Condado,<\/p>\n<p style=\"font-weight: 400;\">Rosal de la Frontera, San Bartolom\u00e9 de la Torre, San Juan del Puerto, San Silvestre de Guzm\u00e1n, Sanl\u00facar de Guadiana, Santa Ana la Real, Santa B\u00e1rbara de Casa, Santa Olalla del Cala, Trigueros, Valdelarco, Valverde del Camino, Villablanca,<\/p>\n<p style=\"font-weight: 400;\">Villalba del Alcor, Villanueva de las Cruces, Villanueva de los Castillejos, Villarrasa, Zalamea la Real, La Zarza-Perrunal, Zufre.<\/p>\n<p><span style=\"font-size: revert;\">Los mapas de ciudades pueden contener el nombre de todas las calles o solo las principales, as\u00ed como los lugares de inter\u00e9s m\u00e1s importantes.<\/span><\/p>\n<p>El contenido de informaci\u00f3n depender\u00e1 del tama\u00f1o de la zona y la escala o medidas de reproducci\u00f3n.<\/p>\n<p>No trabajamos con textos inferiores a 5 puntos para que sean legibles.<\/p>\n<p>Todos nuestros mapas est\u00e1n estructurados por medio de capas y son totalmente editables, colores y textos.<\/p>\n<p>Los mapas son libres de derechos de reproducci\u00f3n, incluyendo nuestro copyright, s\u00f3lo pagar\u00e1 por ellos una vez independientemente de los usos que realice.<\/p>\n","protected":false},"excerpt":{"rendered":"<p>Mapas vectoriales de municipios de la provincia de Huelva y sus comarcas Planos\u00a0editables eps illustrator de ciudades y de carreteras de\u00a0Andaluc\u00eda Mapas digitales de c\u00f3digos postales y municipios de Huelva Podemos crear mapas de municipios y comarcas de la provincia de Huelva, mapas y planos de ciudades. Los mapas se entregan en formatos editables\u00a0adobe\u00a0illustrator, eps. &hellip; <a href=\"https:\/\/www.bc-maps.com\/mapa-vectorial-eps\/mapa-provincia-huelva-municipios-comarcas-ilustrator-eps\/\" class=\"more-link\">Seguir leyendo <span class=\"screen-reader-text\">Municipios y comarcas de la provincia de Huelva mapa vectorial illustrator eps<\/span> <span class=\"meta-nav\">&rarr;<\/span><\/a><\/p>\n","protected":false},"author":1,"featured_media":7505,"parent":0,"menu_order":0,"comment_status":"closed","ping_status":"closed","template":"","meta":{"footnotes":""},"class_list":["post-7502","page","type-page","status-publish","has-post-thumbnail","hentry"],"_links":{"self":[{"href":"https:\/\/www.bc-maps.com\/mapa-vectorial-eps\/wp-json\/wp\/v2\/pages\/7502","targetHints":{"allow":["GET"]}}],"collection":[{"href":"https:\/\/www.bc-maps.com\/mapa-vectorial-eps\/wp-json\/wp\/v2\/pages"}],"about":[{"href":"https:\/\/www.bc-maps.com\/mapa-vectorial-eps\/wp-json\/wp\/v2\/types\/page"}],"author":[{"embeddable":true,"href":"https:\/\/www.bc-maps.com\/mapa-vectorial-eps\/wp-json\/wp\/v2\/users\/1"}],"replies":[{"embeddable":true,"href":"https:\/\/www.bc-maps.com\/mapa-vectorial-eps\/wp-json\/wp\/v2\/comments?post=7502"}],"version-history":[{"count":2,"href":"https:\/\/www.bc-maps.com\/mapa-vectorial-eps\/wp-json\/wp\/v2\/pages\/7502\/revisions"}],"predecessor-version":[{"id":7506,"href":"https:\/\/www.bc-maps.com\/mapa-vectorial-eps\/wp-json\/wp\/v2\/pages\/7502\/revisions\/7506"}],"wp:featuredmedia":[{"embeddable":true,"href":"https:\/\/www.bc-maps.com\/mapa-vectorial-eps\/wp-json\/wp\/v2\/media\/7505"}],"wp:attachment":[{"href":"https:\/\/www.bc-maps.com\/mapa-vectorial-eps\/wp-json\/wp\/v2\/media?parent=7502"}],"curies":[{"name":"wp","href":"https:\/\/api.w.org\/{rel}","templated":true}]}}