{"id":7462,"date":"2025-02-05T10:20:43","date_gmt":"2025-02-05T10:20:43","guid":{"rendered":"https:\/\/www.bc-maps.com\/mapa-vectorial-eps\/cat-mapa-sant-feliu-de-pallerols-vectorial-illustrator-eps-catalunya-2\/"},"modified":"2025-02-11T17:56:14","modified_gmt":"2025-02-11T17:56:14","slug":"cat-mapa-sarral-vectorial-illustrator-eps-catalunya","status":"publish","type":"page","link":"https:\/\/www.bc-maps.com\/mapa-vectorial-eps\/cat-mapa-sarral-vectorial-illustrator-eps-catalunya\/","title":{"rendered":"Sarral mapa vectorial illustrator eps"},"content":{"rendered":"<h1>Mapes vectorials i editables de municipis de la comarca de la Conca de Barber\u00e0<\/h1>\n<h2>Mapes de comarques de Catalunya en format ai o eps<\/h2>\n<p data-pm-slice=\"1 1 []\">Elaborem qualsevol mena de mapa del municipi de Sarral, Comarca de la Conca de Barber\u00e0, Catalunya, tant en format vectorial com impr\u00e8s, totalment personalitzats i adaptats a les seves necessitats.<\/p>\n<p data-pm-slice=\"1 1 []\">Mapes de carreteres, de nuclis urbans, urbanitzacions, rutes.. Etc<\/p>\n<h4><strong>Mapes vectorials de Sarral :<\/strong><\/h4>\n<p>Un parell d&#8217;exemples el primer el mapa del municipi i el segon el nucli urb\u00e0<\/p>\n<figure id=\"attachment_7464\" aria-describedby=\"caption-attachment-7464\" style=\"width: 300px\" class=\"wp-caption alignnone\"><a href=\"https:\/\/www.bc-maps.com\/wp-content\/uploads\/2025\/02\/Sarral-mapa-vectorial-illustrator-eps-municipis.jpg\" target=\"_blank\" rel=\"noopener\"><img loading=\"lazy\" decoding=\"async\" class=\"wp-image-7464 size-medium\" title=\"Sarral mapa vectorial illustrator eps municipis\" src=\"https:\/\/www.bc-maps.com\/wp-content\/uploads\/2025\/02\/Sarral-mapa-vectorial-illustrator-eps-municipis-300x265.jpg\" alt=\"Sarral mapa vectorial illustrator eps municipis\" width=\"300\" height=\"265\" srcset=\"https:\/\/www.bc-maps.com\/wp-content\/uploads\/2025\/02\/Sarral-mapa-vectorial-illustrator-eps-municipis-300x265.jpg 300w, https:\/\/www.bc-maps.com\/wp-content\/uploads\/2025\/02\/Sarral-mapa-vectorial-illustrator-eps-municipis-1024x905.jpg 1024w, https:\/\/www.bc-maps.com\/wp-content\/uploads\/2025\/02\/Sarral-mapa-vectorial-illustrator-eps-municipis-768x679.jpg 768w, https:\/\/www.bc-maps.com\/wp-content\/uploads\/2025\/02\/Sarral-mapa-vectorial-illustrator-eps-municipis-1536x1357.jpg 1536w, https:\/\/www.bc-maps.com\/wp-content\/uploads\/2025\/02\/Sarral-mapa-vectorial-illustrator-eps-municipis-2048x1810.jpg 2048w\" sizes=\"auto, (max-width: 300px) 100vw, 300px\" \/><\/a><figcaption id=\"caption-attachment-7464\" class=\"wp-caption-text\">Sarral mapa vectorial illustrator eps municipis<\/figcaption><\/figure>\n<figure id=\"attachment_7465\" aria-describedby=\"caption-attachment-7465\" style=\"width: 300px\" class=\"wp-caption alignnone\"><a href=\"https:\/\/www.bc-maps.com\/wp-content\/uploads\/2025\/02\/Sarral-mapa-vectorial-illustrator-eps-nucli-urba-scaled.jpg\" target=\"_blank\" rel=\"noopener\"><img loading=\"lazy\" decoding=\"async\" class=\"wp-image-7465 size-medium\" title=\"Sarral mapa vectorial illustrator eps nucli urba\" src=\"https:\/\/www.bc-maps.com\/wp-content\/uploads\/2025\/02\/Sarral-mapa-vectorial-illustrator-eps-nucli-urba-300x208.jpg\" alt=\"Sarral mapa vectorial illustrator eps nucli urba\" width=\"300\" height=\"208\" srcset=\"https:\/\/www.bc-maps.com\/wp-content\/uploads\/2025\/02\/Sarral-mapa-vectorial-illustrator-eps-nucli-urba-300x208.jpg 300w, https:\/\/www.bc-maps.com\/wp-content\/uploads\/2025\/02\/Sarral-mapa-vectorial-illustrator-eps-nucli-urba-1024x711.jpg 1024w, https:\/\/www.bc-maps.com\/wp-content\/uploads\/2025\/02\/Sarral-mapa-vectorial-illustrator-eps-nucli-urba-768x534.jpg 768w, https:\/\/www.bc-maps.com\/wp-content\/uploads\/2025\/02\/Sarral-mapa-vectorial-illustrator-eps-nucli-urba-1536x1067.jpg 1536w, https:\/\/www.bc-maps.com\/wp-content\/uploads\/2025\/02\/Sarral-mapa-vectorial-illustrator-eps-nucli-urba-2048x1423.jpg 2048w\" sizes=\"auto, (max-width: 300px) 100vw, 300px\" \/><\/a><figcaption id=\"caption-attachment-7465\" class=\"wp-caption-text\">Sarral mapa vectorial illustrator eps nucli urb\u00e0<\/figcaption><\/figure>\n<p>Els mapes es lliuren en formats editables com \u00a0<a href=\"http:\/\/www.adobe.es\">illustrator<\/a>, eps<\/p>\n<h5><strong>Caracter\u00edstiques t\u00e8cniques:<\/strong><\/h5>\n<p>1. Escalabilitat: Els mapes vectorials s\u00f3n escalables, cosa que significa que es poden ampliar o reduir sense perdre qualitat.<\/p>\n<p>2. Capes i atributs: Un mapa vectorial pot contenir diferents capes que representen diferents tipus d&#8217;informaci\u00f3, com a carreteres, rius, edificis, \u00e0rees verdes, entre altres.<\/p>\n<p>3. Edici\u00f3 i personalitzaci\u00f3: Els mapes vectorials s\u00f3n editables, la qual cosa permet agregar, eliminar o modificar elements segons les necessitats de l&#8217;usuari. Tamb\u00e9 es poden personalitzar mitjan\u00e7ant la selecci\u00f3 de colors, estils de l\u00ednia i s\u00edmbols.<\/p>\n<p>4. Compatibilitat: Els mapes vectorials solen estar disponibles en formats est\u00e0ndard, com SVG (Scalable Vector Graphics), AI (Adobe Illustrator), EPS (Encapsulated PostScript) o DXF(Drawing Exchange Format), la qual cosa permet la seva visualitzaci\u00f3 i edici\u00f3 en diferent programari de disseny i cartografia.<\/p>\n<h6><\/h6>\n<h1 style=\"text-align: center;\"><\/h1>\n","protected":false},"excerpt":{"rendered":"<p>Mapes vectorials i editables de municipis de la comarca de la Conca de Barber\u00e0 Mapes de comarques de Catalunya en format ai o eps Elaborem qualsevol mena de mapa del municipi de Sarral, Comarca de la Conca de Barber\u00e0, Catalunya, tant en format vectorial com impr\u00e8s, totalment personalitzats i adaptats a les seves necessitats. Mapes &hellip; <a href=\"https:\/\/www.bc-maps.com\/mapa-vectorial-eps\/cat-mapa-sarral-vectorial-illustrator-eps-catalunya\/\" class=\"more-link\">Seguir leyendo <span class=\"screen-reader-text\">Sarral mapa vectorial illustrator eps<\/span> <span class=\"meta-nav\">&rarr;<\/span><\/a><\/p>\n","protected":false},"author":1,"featured_media":7465,"parent":0,"menu_order":0,"comment_status":"closed","ping_status":"closed","template":"","meta":{"footnotes":""},"class_list":["post-7462","page","type-page","status-publish","has-post-thumbnail","hentry"],"_links":{"self":[{"href":"https:\/\/www.bc-maps.com\/mapa-vectorial-eps\/wp-json\/wp\/v2\/pages\/7462","targetHints":{"allow":["GET"]}}],"collection":[{"href":"https:\/\/www.bc-maps.com\/mapa-vectorial-eps\/wp-json\/wp\/v2\/pages"}],"about":[{"href":"https:\/\/www.bc-maps.com\/mapa-vectorial-eps\/wp-json\/wp\/v2\/types\/page"}],"author":[{"embeddable":true,"href":"https:\/\/www.bc-maps.com\/mapa-vectorial-eps\/wp-json\/wp\/v2\/users\/1"}],"replies":[{"embeddable":true,"href":"https:\/\/www.bc-maps.com\/mapa-vectorial-eps\/wp-json\/wp\/v2\/comments?post=7462"}],"version-history":[{"count":2,"href":"https:\/\/www.bc-maps.com\/mapa-vectorial-eps\/wp-json\/wp\/v2\/pages\/7462\/revisions"}],"predecessor-version":[{"id":7467,"href":"https:\/\/www.bc-maps.com\/mapa-vectorial-eps\/wp-json\/wp\/v2\/pages\/7462\/revisions\/7467"}],"wp:featuredmedia":[{"embeddable":true,"href":"https:\/\/www.bc-maps.com\/mapa-vectorial-eps\/wp-json\/wp\/v2\/media\/7465"}],"wp:attachment":[{"href":"https:\/\/www.bc-maps.com\/mapa-vectorial-eps\/wp-json\/wp\/v2\/media?parent=7462"}],"curies":[{"name":"wp","href":"https:\/\/api.w.org\/{rel}","templated":true}]}}