{"id":7428,"date":"2025-02-05T10:20:43","date_gmt":"2025-02-05T10:20:43","guid":{"rendered":"https:\/\/www.bc-maps.com\/mapa-vectorial-eps\/cat-mapa-guardiola-de-bergueda-vectorial-illustrator-eps-catalunya-2\/"},"modified":"2025-02-11T17:38:35","modified_gmt":"2025-02-11T17:38:35","slug":"cat-mapa-sant-feliu-de-pallerols-vectorial-illustrator-eps-catalunya","status":"publish","type":"page","link":"https:\/\/www.bc-maps.com\/mapa-vectorial-eps\/cat-mapa-sant-feliu-de-pallerols-vectorial-illustrator-eps-catalunya\/","title":{"rendered":"Sant Feliu de Pallerols mapa vectorial illustrator eps"},"content":{"rendered":"<h1>Mapes vectorials i editables de municipis de la comarca de la Garrotxa<\/h1>\n<h2>Mapes de comarques de Catalunya en format ai o eps<\/h2>\n<p data-pm-slice=\"1 1 []\">Elaborem qualsevol mena de mapa del municipi de Sant Feliu de Pallerols, Comarca de la Garrotxa, Catalunya, tant en format vectorial com impr\u00e8s, totalment personalitzats i adaptats a les seves necessitats.<\/p>\n<p data-pm-slice=\"1 1 []\">Mapes de carreteres, de nuclis urbans, urbanitzacions, rutes.. Etc<\/p>\n<h4><strong>Mapes vectorials de Sant Feliu de Pallerols :<\/strong><\/h4>\n<p>Un parell d&#8217;exemples el primer el mapa del municipi i el segon el nucli urb\u00e0<\/p>\n<figure id=\"attachment_7432\" aria-describedby=\"caption-attachment-7432\" style=\"width: 224px\" class=\"wp-caption alignnone\"><a href=\"https:\/\/www.bc-maps.com\/wp-content\/uploads\/2025\/02\/Sant-Feliu-de-Pallerols-mapa-vectorial-illustrator-eps-municipi.jpg\" target=\"_blank\" rel=\"noopener\"><img loading=\"lazy\" decoding=\"async\" class=\"wp-image-7432\" title=\"Sant Feliu de Pallerols mapa vectorial illustrator eps municipi\" src=\"https:\/\/www.bc-maps.com\/wp-content\/uploads\/2025\/02\/Sant-Feliu-de-Pallerols-mapa-vectorial-illustrator-eps-municipi-209x300.jpg\" alt=\"Sant Feliu de Pallerols mapa vectorial illustrator eps municipi\" width=\"224\" height=\"322\" srcset=\"https:\/\/www.bc-maps.com\/wp-content\/uploads\/2025\/02\/Sant-Feliu-de-Pallerols-mapa-vectorial-illustrator-eps-municipi-209x300.jpg 209w, https:\/\/www.bc-maps.com\/wp-content\/uploads\/2025\/02\/Sant-Feliu-de-Pallerols-mapa-vectorial-illustrator-eps-municipi-712x1024.jpg 712w, https:\/\/www.bc-maps.com\/wp-content\/uploads\/2025\/02\/Sant-Feliu-de-Pallerols-mapa-vectorial-illustrator-eps-municipi-768x1105.jpg 768w, https:\/\/www.bc-maps.com\/wp-content\/uploads\/2025\/02\/Sant-Feliu-de-Pallerols-mapa-vectorial-illustrator-eps-municipi.jpg 985w\" sizes=\"auto, (max-width: 224px) 100vw, 224px\" \/><\/a><figcaption id=\"caption-attachment-7432\" class=\"wp-caption-text\">Sant Feliu de Pallerols mapa vectorial illustrator eps municipi<\/figcaption><\/figure>\n<figure id=\"attachment_7433\" aria-describedby=\"caption-attachment-7433\" style=\"width: 316px\" class=\"wp-caption alignnone\"><a href=\"https:\/\/www.bc-maps.com\/wp-content\/uploads\/2025\/02\/Sant-Feliu-de-Pallerols-mapa-vectorial-illustrator-eps-nucli-urba.jpg\" target=\"_blank\" rel=\"noopener\"><img loading=\"lazy\" decoding=\"async\" class=\"wp-image-7433\" title=\"Sant Feliu de Pallerols mapa vectorial illustrator eps nucli urb\u00e0\" src=\"https:\/\/www.bc-maps.com\/wp-content\/uploads\/2025\/02\/Sant-Feliu-de-Pallerols-mapa-vectorial-illustrator-eps-nucli-urba-290x300.jpg\" alt=\"Sant Feliu de Pallerols mapa vectorial illustrator eps nucli urb\u00e0\" width=\"316\" height=\"327\" srcset=\"https:\/\/www.bc-maps.com\/wp-content\/uploads\/2025\/02\/Sant-Feliu-de-Pallerols-mapa-vectorial-illustrator-eps-nucli-urba-290x300.jpg 290w, https:\/\/www.bc-maps.com\/wp-content\/uploads\/2025\/02\/Sant-Feliu-de-Pallerols-mapa-vectorial-illustrator-eps-nucli-urba-990x1024.jpg 990w, https:\/\/www.bc-maps.com\/wp-content\/uploads\/2025\/02\/Sant-Feliu-de-Pallerols-mapa-vectorial-illustrator-eps-nucli-urba-768x795.jpg 768w, https:\/\/www.bc-maps.com\/wp-content\/uploads\/2025\/02\/Sant-Feliu-de-Pallerols-mapa-vectorial-illustrator-eps-nucli-urba-1484x1536.jpg 1484w, https:\/\/www.bc-maps.com\/wp-content\/uploads\/2025\/02\/Sant-Feliu-de-Pallerols-mapa-vectorial-illustrator-eps-nucli-urba.jpg 1808w\" sizes=\"auto, (max-width: 316px) 100vw, 316px\" \/><\/a><figcaption id=\"caption-attachment-7433\" class=\"wp-caption-text\">Sant Feliu de Pallerols mapa vectorial illustrator eps nucli urb\u00e0<\/figcaption><\/figure>\n<p>Els mapes es lliuren en formats editables com \u00a0<a href=\"http:\/\/www.adobe.es\">illustrator<\/a>, eps<\/p>\n<h5><strong>Caracter\u00edstiques t\u00e8cniques:<\/strong><\/h5>\n<p>1. Escalabilitat: Els mapes vectorials s\u00f3n escalables, cosa que significa que es poden ampliar o reduir sense perdre qualitat.<\/p>\n<p>2. Capes i atributs: Un mapa vectorial pot contenir diferents capes que representen diferents tipus d&#8217;informaci\u00f3, com a carreteres, rius, edificis, \u00e0rees verdes, entre altres.<\/p>\n<p>3. Edici\u00f3 i personalitzaci\u00f3: Els mapes vectorials s\u00f3n editables, la qual cosa permet agregar, eliminar o modificar elements segons les necessitats de l&#8217;usuari. Tamb\u00e9 es poden personalitzar mitjan\u00e7ant la selecci\u00f3 de colors, estils de l\u00ednia i s\u00edmbols.<\/p>\n<p>4. Compatibilitat: Els mapes vectorials solen estar disponibles en formats est\u00e0ndard, com SVG (Scalable Vector Graphics), AI (Adobe Illustrator), EPS (Encapsulated PostScript) o DXF(Drawing Exchange Format), la qual cosa permet la seva visualitzaci\u00f3 i edici\u00f3 en diferent programari de disseny i cartografia.<\/p>\n<h6><\/h6>\n<h1 style=\"text-align: center;\"><\/h1>\n","protected":false},"excerpt":{"rendered":"<p>Mapes vectorials i editables de municipis de la comarca de la Garrotxa Mapes de comarques de Catalunya en format ai o eps Elaborem qualsevol mena de mapa del municipi de Sant Feliu de Pallerols, Comarca de la Garrotxa, Catalunya, tant en format vectorial com impr\u00e8s, totalment personalitzats i adaptats a les seves necessitats. Mapes de &hellip; <a href=\"https:\/\/www.bc-maps.com\/mapa-vectorial-eps\/cat-mapa-sant-feliu-de-pallerols-vectorial-illustrator-eps-catalunya\/\" class=\"more-link\">Seguir leyendo <span class=\"screen-reader-text\">Sant Feliu de Pallerols mapa vectorial illustrator eps<\/span> <span class=\"meta-nav\">&rarr;<\/span><\/a><\/p>\n","protected":false},"author":1,"featured_media":7433,"parent":0,"menu_order":0,"comment_status":"closed","ping_status":"closed","template":"","meta":{"footnotes":""},"class_list":["post-7428","page","type-page","status-publish","has-post-thumbnail","hentry"],"_links":{"self":[{"href":"https:\/\/www.bc-maps.com\/mapa-vectorial-eps\/wp-json\/wp\/v2\/pages\/7428","targetHints":{"allow":["GET"]}}],"collection":[{"href":"https:\/\/www.bc-maps.com\/mapa-vectorial-eps\/wp-json\/wp\/v2\/pages"}],"about":[{"href":"https:\/\/www.bc-maps.com\/mapa-vectorial-eps\/wp-json\/wp\/v2\/types\/page"}],"author":[{"embeddable":true,"href":"https:\/\/www.bc-maps.com\/mapa-vectorial-eps\/wp-json\/wp\/v2\/users\/1"}],"replies":[{"embeddable":true,"href":"https:\/\/www.bc-maps.com\/mapa-vectorial-eps\/wp-json\/wp\/v2\/comments?post=7428"}],"version-history":[{"count":3,"href":"https:\/\/www.bc-maps.com\/mapa-vectorial-eps\/wp-json\/wp\/v2\/pages\/7428\/revisions"}],"predecessor-version":[{"id":7434,"href":"https:\/\/www.bc-maps.com\/mapa-vectorial-eps\/wp-json\/wp\/v2\/pages\/7428\/revisions\/7434"}],"wp:featuredmedia":[{"embeddable":true,"href":"https:\/\/www.bc-maps.com\/mapa-vectorial-eps\/wp-json\/wp\/v2\/media\/7433"}],"wp:attachment":[{"href":"https:\/\/www.bc-maps.com\/mapa-vectorial-eps\/wp-json\/wp\/v2\/media?parent=7428"}],"curies":[{"name":"wp","href":"https:\/\/api.w.org\/{rel}","templated":true}]}}