{"id":7401,"date":"2025-12-22T10:20:43","date_gmt":"2025-12-22T10:20:43","guid":{"rendered":"https:\/\/www.bc-maps.com\/mapa-vectorial-eps\/cat-mapa-conca-de-barbera-vectorial-illustrator-eps-comarca-catalunya-2\/"},"modified":"2025-12-22T16:38:27","modified_gmt":"2025-12-22T16:38:27","slug":"cat-mapa-terra-alta-vectorial-illustrator-eps-comarca-catalunya","status":"publish","type":"page","link":"https:\/\/www.bc-maps.com\/mapa-vectorial-eps\/cat-mapa-terra-alta-vectorial-illustrator-eps-comarca-catalunya\/","title":{"rendered":"Terra Alta mapa vectorial de la comarca en illustrator eps"},"content":{"rendered":"<h1>Pl\u00e0nols vectorials i editables de municipis de la comarca de la Terra Alta<\/h1>\n<h2>Mapes de comarques de Catalunya en format ai o eps<\/h2>\n<p data-pm-slice=\"1 1 []\">Elaborem qualsevol mena de mapa de la comarca de la Terra Alta Catalunya, tant en format vectorial com impr\u00e8s, totalment personalitzats i adaptats a les seves necessitats.<\/p>\n<p data-pm-slice=\"1 1 []\">Mapes de carreteres, de nuclis urbans, urbanitzacions, rutes.. Etc<\/p>\n<h4><strong>Mapes vectorials de la Terra Alta :<\/strong><\/h4>\n<figure id=\"attachment_8352\" aria-describedby=\"caption-attachment-8352\" style=\"width: 233px\" class=\"wp-caption aligncenter\"><a title=\"Mapa Terra Alta vectorial illustrator eps mural\" href=\"https:\/\/www.bc-maps.com\/wp-content\/uploads\/2025\/12\/Mapa-Terra-Alta-vectorial-illustrator-eps-mural.jpg\" target=\"_blank\" rel=\"noopener\"><img loading=\"lazy\" decoding=\"async\" class=\"size-medium wp-image-8352\" src=\"https:\/\/www.bc-maps.com\/wp-content\/uploads\/2025\/12\/Mapa-Terra-Alta-vectorial-illustrator-eps-mural-233x300.jpg\" alt=\"Mapa Terra Alta vectorial illustrator eps mural\" width=\"233\" height=\"300\" srcset=\"https:\/\/www.bc-maps.com\/wp-content\/uploads\/2025\/12\/Mapa-Terra-Alta-vectorial-illustrator-eps-mural-233x300.jpg 233w, https:\/\/www.bc-maps.com\/wp-content\/uploads\/2025\/12\/Mapa-Terra-Alta-vectorial-illustrator-eps-mural-796x1024.jpg 796w, https:\/\/www.bc-maps.com\/wp-content\/uploads\/2025\/12\/Mapa-Terra-Alta-vectorial-illustrator-eps-mural-768x988.jpg 768w, https:\/\/www.bc-maps.com\/wp-content\/uploads\/2025\/12\/Mapa-Terra-Alta-vectorial-illustrator-eps-mural-1194x1536.jpg 1194w, https:\/\/www.bc-maps.com\/wp-content\/uploads\/2025\/12\/Mapa-Terra-Alta-vectorial-illustrator-eps-mural.jpg 1322w\" sizes=\"auto, (max-width: 233px) 100vw, 233px\" \/><\/a><figcaption id=\"caption-attachment-8352\" class=\"wp-caption-text\">Mapa Terra Alta vectorial illustrator eps mural<\/figcaption><\/figure>\n<p>Una mostra d&#8217;un mapa b\u00e0sic amb la divisi\u00f3 municipal i carreteres principals.<\/p>\n<figure id=\"attachment_7403\" aria-describedby=\"caption-attachment-7403\" style=\"width: 289px\" class=\"wp-caption alignnone\"><a href=\"https:\/\/www.bc-maps.com\/wp-content\/uploads\/2025\/02\/comarca-Terra-Alta-mapa-vectorial-illustrator-eps-municipis.jpg\" target=\"_blank\" rel=\"noopener\"><img loading=\"lazy\" decoding=\"async\" class=\"wp-image-7403\" title=\"Comarca Terra Alta mapa vectorial illustrator eps municipis\" src=\"https:\/\/www.bc-maps.com\/wp-content\/uploads\/2025\/02\/comarca-Terra-Alta-mapa-vectorial-illustrator-eps-municipis-241x300.jpg\" alt=\"Comarca Terra Alta mapa vectorial illustrator eps municipis\" width=\"289\" height=\"360\" srcset=\"https:\/\/www.bc-maps.com\/wp-content\/uploads\/2025\/02\/comarca-Terra-Alta-mapa-vectorial-illustrator-eps-municipis-241x300.jpg 241w, https:\/\/www.bc-maps.com\/wp-content\/uploads\/2025\/02\/comarca-Terra-Alta-mapa-vectorial-illustrator-eps-municipis-824x1024.jpg 824w, https:\/\/www.bc-maps.com\/wp-content\/uploads\/2025\/02\/comarca-Terra-Alta-mapa-vectorial-illustrator-eps-municipis-768x954.jpg 768w, https:\/\/www.bc-maps.com\/wp-content\/uploads\/2025\/02\/comarca-Terra-Alta-mapa-vectorial-illustrator-eps-municipis-1236x1536.jpg 1236w, https:\/\/www.bc-maps.com\/wp-content\/uploads\/2025\/02\/comarca-Terra-Alta-mapa-vectorial-illustrator-eps-municipis.jpg 1302w\" sizes=\"auto, (max-width: 289px) 100vw, 289px\" \/><\/a><figcaption id=\"caption-attachment-7403\" class=\"wp-caption-text\">Comarca Terra Alta mapa vectorial illustrator eps<\/figcaption><\/figure>\n<p>Exemple d&#8217;un nucli urb\u00e0, Rocafort de Queralt., Conca de Barber\u00e0<\/p>\n<figure id=\"attachment_6085\" aria-describedby=\"caption-attachment-6085\" style=\"width: 208px\" class=\"wp-caption alignnone\"><a href=\"https:\/\/www.bc-maps.com\/wp-content\/uploads\/2024\/01\/mapa-Ajuntament-Rocafort-de-Queralt-2024-Conca-de-Barbera-scaled.jpg\" target=\"_blank\" rel=\"noopener\"><img loading=\"lazy\" decoding=\"async\" class=\"wp-image-6085 size-medium\" title=\"Mapa Ajuntament Rocafort de Queralt 2024 Conca de Barber\u00e0\" src=\"https:\/\/www.bc-maps.com\/wp-content\/uploads\/2024\/01\/mapa-Ajuntament-Rocafort-de-Queralt-2024-Conca-de-Barbera-208x300.jpg\" alt=\"Mapa Ajuntament Rocafort de Queralt 2024 Conca de Barber\u00e0\" width=\"208\" height=\"300\" srcset=\"https:\/\/www.bc-maps.com\/wp-content\/uploads\/2024\/01\/mapa-Ajuntament-Rocafort-de-Queralt-2024-Conca-de-Barbera-208x300.jpg 208w, https:\/\/www.bc-maps.com\/wp-content\/uploads\/2024\/01\/mapa-Ajuntament-Rocafort-de-Queralt-2024-Conca-de-Barbera-712x1024.jpg 712w, https:\/\/www.bc-maps.com\/wp-content\/uploads\/2024\/01\/mapa-Ajuntament-Rocafort-de-Queralt-2024-Conca-de-Barbera-768x1105.jpg 768w, https:\/\/www.bc-maps.com\/wp-content\/uploads\/2024\/01\/mapa-Ajuntament-Rocafort-de-Queralt-2024-Conca-de-Barbera-1067x1536.jpg 1067w, https:\/\/www.bc-maps.com\/wp-content\/uploads\/2024\/01\/mapa-Ajuntament-Rocafort-de-Queralt-2024-Conca-de-Barbera-1423x2048.jpg 1423w, https:\/\/www.bc-maps.com\/wp-content\/uploads\/2024\/01\/mapa-Ajuntament-Rocafort-de-Queralt-2024-Conca-de-Barbera-scaled.jpg 1779w\" sizes=\"auto, (max-width: 208px) 100vw, 208px\" \/><\/a><figcaption id=\"caption-attachment-6085\" class=\"wp-caption-text\">Mapa Ajuntament Rocafort de Queralt<\/figcaption><\/figure>\n<p>Tamb\u00e9 podem elaborar un tipus de mapa m\u00e9s complert, amb simbologia, com aquest exemple de la Conca de Barber\u00e0.<\/p>\n<figure id=\"attachment_7129\" aria-describedby=\"caption-attachment-7129\" style=\"width: 381px\" class=\"wp-caption alignnone\"><a href=\"https:\/\/www.bc-maps.com\/wp-content\/uploads\/2025\/01\/Conca-de-Barbera-illustrator-mapa-vectorial-eps.jpg\" target=\"_blank\" rel=\"noopener\"><img loading=\"lazy\" decoding=\"async\" class=\"wp-image-7129\" title=\"Conca de Barbera illustrator mapa vectorial eps\" src=\"https:\/\/www.bc-maps.com\/wp-content\/uploads\/2025\/01\/Conca-de-Barbera-illustrator-mapa-vectorial-eps-300x212.jpg\" alt=\"Conca de Barbera illustrator mapa vectorial eps\" width=\"381\" height=\"269\" srcset=\"https:\/\/www.bc-maps.com\/wp-content\/uploads\/2025\/01\/Conca-de-Barbera-illustrator-mapa-vectorial-eps-300x212.jpg 300w, https:\/\/www.bc-maps.com\/wp-content\/uploads\/2025\/01\/Conca-de-Barbera-illustrator-mapa-vectorial-eps-1024x724.jpg 1024w, https:\/\/www.bc-maps.com\/wp-content\/uploads\/2025\/01\/Conca-de-Barbera-illustrator-mapa-vectorial-eps-768x543.jpg 768w, https:\/\/www.bc-maps.com\/wp-content\/uploads\/2025\/01\/Conca-de-Barbera-illustrator-mapa-vectorial-eps-1536x1086.jpg 1536w, https:\/\/www.bc-maps.com\/wp-content\/uploads\/2025\/01\/Conca-de-Barbera-illustrator-mapa-vectorial-eps.jpg 1754w\" sizes=\"auto, (max-width: 381px) 100vw, 381px\" \/><\/a><figcaption id=\"caption-attachment-7129\" class=\"wp-caption-text\">Conca de Barbera illustrator mapa vectorial eps<\/figcaption><\/figure>\n<p>Els mapes de municipis es altre de les opciones disponibles, podem , com aquest exemple del municipi de Balsareny a la comarca del Bages<\/p>\n<figure id=\"attachment_7057\" aria-describedby=\"caption-attachment-7057\" style=\"width: 300px\" class=\"wp-caption alignnone\"><a href=\"https:\/\/www.bc-maps.com\/wp-content\/uploads\/2025\/01\/Mapa-municipi-Balsareny.jpg\" target=\"_blank\" rel=\"noopener\"><img loading=\"lazy\" decoding=\"async\" class=\"wp-image-7057 size-medium\" title=\"Mapa municipi Balsareny\" src=\"https:\/\/www.bc-maps.com\/wp-content\/uploads\/2025\/01\/Mapa-municipi-Balsareny-300x208.jpg\" alt=\"Mapa municipi Balsareny\" width=\"300\" height=\"208\" srcset=\"https:\/\/www.bc-maps.com\/wp-content\/uploads\/2025\/01\/Mapa-municipi-Balsareny-300x208.jpg 300w, https:\/\/www.bc-maps.com\/wp-content\/uploads\/2025\/01\/Mapa-municipi-Balsareny-1024x711.jpg 1024w, https:\/\/www.bc-maps.com\/wp-content\/uploads\/2025\/01\/Mapa-municipi-Balsareny-768x534.jpg 768w, https:\/\/www.bc-maps.com\/wp-content\/uploads\/2025\/01\/Mapa-municipi-Balsareny-1536x1067.jpg 1536w, https:\/\/www.bc-maps.com\/wp-content\/uploads\/2025\/01\/Mapa-municipi-Balsareny.jpg 1795w\" sizes=\"auto, (max-width: 300px) 100vw, 300px\" \/><\/a><figcaption id=\"caption-attachment-7057\" class=\"wp-caption-text\">Mapa municipi Balsareny<\/figcaption><\/figure>\n<h4 style=\"font-weight: 400;\"><strong>Municipis de la comarca de la Terra Alta <\/strong><\/h4>\n<p style=\"font-weight: 400;\">Arnes, Batea, Bot, Caseres, Corbera d&#8217;Ebre, Fatarella, la, Gandesa, Horta de Sant Joan, el Pinell de Brai, la Pobla de Massaluca, Prat de Comte, Vilalba dels Arcs<\/p>\n<p>Els mapes es lliuren en formats editables com \u00a0<a href=\"http:\/\/www.adobe.es\">illustrator<\/a>, eps<\/p>\n<h5><strong>Caracter\u00edstiques t\u00e8cniques:<\/strong><\/h5>\n<p>1. Escalabilitat: Els mapes vectorials s\u00f3n escalables, cosa que significa que es poden ampliar o reduir sense perdre qualitat.<\/p>\n<p>2. Capes i atributs: Un mapa vectorial pot contenir diferents capes que representen diferents tipus d&#8217;informaci\u00f3, com a carreteres, rius, edificis, \u00e0rees verdes, entre altres.<\/p>\n<p>3. Edici\u00f3 i personalitzaci\u00f3: Els mapes vectorials s\u00f3n editables, la qual cosa permet agregar, eliminar o modificar elements segons les necessitats de l&#8217;usuari. Tamb\u00e9 es poden personalitzar mitjan\u00e7ant la selecci\u00f3 de colors, estils de l\u00ednia i s\u00edmbols.<\/p>\n<p>4. Compatibilitat: Els mapes vectorials solen estar disponibles en formats est\u00e0ndard, com SVG (Scalable Vector Graphics), AI (Adobe Illustrator), EPS (Encapsulated PostScript) o DXF(Drawing Exchange Format), la qual cosa permet la seva visualitzaci\u00f3 i edici\u00f3 en diferent programari de disseny i cartografia.<\/p>\n<h6><\/h6>\n<h1 style=\"text-align: center;\"><\/h1>\n","protected":false},"excerpt":{"rendered":"<p>Pl\u00e0nols vectorials i editables de municipis de la comarca de la Terra Alta Mapes de comarques de Catalunya en format ai o eps Elaborem qualsevol mena de mapa de la comarca de la Terra Alta Catalunya, tant en format vectorial com impr\u00e8s, totalment personalitzats i adaptats a les seves necessitats. Mapes de carreteres, de nuclis &hellip; <a href=\"https:\/\/www.bc-maps.com\/mapa-vectorial-eps\/cat-mapa-terra-alta-vectorial-illustrator-eps-comarca-catalunya\/\" class=\"more-link\">Seguir leyendo <span class=\"screen-reader-text\">Terra Alta mapa vectorial de la comarca en illustrator eps<\/span> <span class=\"meta-nav\">&rarr;<\/span><\/a><\/p>\n","protected":false},"author":1,"featured_media":8352,"parent":0,"menu_order":0,"comment_status":"closed","ping_status":"closed","template":"","meta":{"footnotes":""},"class_list":["post-7401","page","type-page","status-publish","has-post-thumbnail","hentry"],"_links":{"self":[{"href":"https:\/\/www.bc-maps.com\/mapa-vectorial-eps\/wp-json\/wp\/v2\/pages\/7401","targetHints":{"allow":["GET"]}}],"collection":[{"href":"https:\/\/www.bc-maps.com\/mapa-vectorial-eps\/wp-json\/wp\/v2\/pages"}],"about":[{"href":"https:\/\/www.bc-maps.com\/mapa-vectorial-eps\/wp-json\/wp\/v2\/types\/page"}],"author":[{"embeddable":true,"href":"https:\/\/www.bc-maps.com\/mapa-vectorial-eps\/wp-json\/wp\/v2\/users\/1"}],"replies":[{"embeddable":true,"href":"https:\/\/www.bc-maps.com\/mapa-vectorial-eps\/wp-json\/wp\/v2\/comments?post=7401"}],"version-history":[{"count":3,"href":"https:\/\/www.bc-maps.com\/mapa-vectorial-eps\/wp-json\/wp\/v2\/pages\/7401\/revisions"}],"predecessor-version":[{"id":8353,"href":"https:\/\/www.bc-maps.com\/mapa-vectorial-eps\/wp-json\/wp\/v2\/pages\/7401\/revisions\/8353"}],"wp:featuredmedia":[{"embeddable":true,"href":"https:\/\/www.bc-maps.com\/mapa-vectorial-eps\/wp-json\/wp\/v2\/media\/8352"}],"wp:attachment":[{"href":"https:\/\/www.bc-maps.com\/mapa-vectorial-eps\/wp-json\/wp\/v2\/media?parent=7401"}],"curies":[{"name":"wp","href":"https:\/\/api.w.org\/{rel}","templated":true}]}}