{"id":7384,"date":"2025-02-05T10:20:43","date_gmt":"2025-02-05T10:20:43","guid":{"rendered":"https:\/\/www.bc-maps.com\/mapa-vectorial-eps\/cat-mapa-segria-vectorial-illustrator-eps-comarca-catalunya-2\/"},"modified":"2025-09-09T05:59:36","modified_gmt":"2025-09-09T05:59:36","slug":"cat-mapa-selva-vectorial-illustrator-eps-comarca-catalunya","status":"publish","type":"page","link":"https:\/\/www.bc-maps.com\/mapa-vectorial-eps\/cat-mapa-selva-vectorial-illustrator-eps-comarca-catalunya\/","title":{"rendered":"Selva mapa vectorial de la comarca en illustrator eps"},"content":{"rendered":"<h1>Pl\u00e0nols vectorials i editables de municipis de la comarca de la Selva,<\/h1>\n<h2>Mapes de comarques de Catalunya en format ai o eps<\/h2>\n<p data-pm-slice=\"1 1 []\">Elaborem qualsevol mena de mapa de la comarca de la Selva, Catalunya, tant en format vectorial com impr\u00e8s, totalment personalitzats i adaptats a les seves necessitats.<\/p>\n<p data-pm-slice=\"1 1 []\">Mapes de carreteres, de nuclis urbans, urbanitzacions, rutes.. Etc<\/p>\n<h4><strong>Mapes vectorials de la Selva,:<\/strong><\/h4>\n<p>Una mostra d&#8217;un mapa b\u00e0sic amb la divisi\u00f3 municipal i carreteres principals.<\/p>\n<figure id=\"attachment_7386\" aria-describedby=\"caption-attachment-7386\" style=\"width: 300px\" class=\"wp-caption alignnone\"><a href=\"https:\/\/www.bc-maps.com\/wp-content\/uploads\/2025\/02\/comarca-Selva-mapa-vectorial-illustrator-eps-municipis.jpg\" target=\"_blank\" rel=\"noopener\"><img loading=\"lazy\" decoding=\"async\" class=\"wp-image-7386 size-medium\" title=\"Comarca Selva mapa vectorial illustrator eps municipis\" src=\"https:\/\/www.bc-maps.com\/wp-content\/uploads\/2025\/02\/comarca-Selva-mapa-vectorial-illustrator-eps-municipis-300x277.jpg\" alt=\"Comarca Selva mapa vectorial illustrator eps municipis\" width=\"300\" height=\"277\" srcset=\"https:\/\/www.bc-maps.com\/wp-content\/uploads\/2025\/02\/comarca-Selva-mapa-vectorial-illustrator-eps-municipis-300x277.jpg 300w, https:\/\/www.bc-maps.com\/wp-content\/uploads\/2025\/02\/comarca-Selva-mapa-vectorial-illustrator-eps-municipis-1024x944.jpg 1024w, https:\/\/www.bc-maps.com\/wp-content\/uploads\/2025\/02\/comarca-Selva-mapa-vectorial-illustrator-eps-municipis-768x708.jpg 768w, https:\/\/www.bc-maps.com\/wp-content\/uploads\/2025\/02\/comarca-Selva-mapa-vectorial-illustrator-eps-municipis-1536x1416.jpg 1536w, https:\/\/www.bc-maps.com\/wp-content\/uploads\/2025\/02\/comarca-Selva-mapa-vectorial-illustrator-eps-municipis.jpg 1696w\" sizes=\"auto, (max-width: 300px) 100vw, 300px\" \/><\/a><figcaption id=\"caption-attachment-7386\" class=\"wp-caption-text\">Comarca Selva mapa vectorial illustrator eps municipis<\/figcaption><\/figure>\n<p>Un exemple d&#8217;un pl\u00e0nol d&#8217;un nucli urb\u00e0, Tossa de Mar<\/p>\n<figure id=\"attachment_7895\" aria-describedby=\"caption-attachment-7895\" style=\"width: 300px\" class=\"wp-caption alignnone\"><a href=\"https:\/\/www.bc-maps.com\/wp-content\/uploads\/2025\/09\/mapa-vectorial-illustrator-eps-centre-Tossa-de-mar.jpg\" target=\"_blank\" rel=\"noopener\"><img loading=\"lazy\" decoding=\"async\" class=\"wp-image-7895 size-medium\" title=\"Mapa vectorial illustrator eps centre Tossa de Mar\" src=\"https:\/\/www.bc-maps.com\/wp-content\/uploads\/2025\/09\/mapa-vectorial-illustrator-eps-centre-Tossa-de-mar-300x225.jpg\" alt=\"Mapa vectorial illustrator eps centre Tossa de Mar\" width=\"300\" height=\"225\" srcset=\"https:\/\/www.bc-maps.com\/wp-content\/uploads\/2025\/09\/mapa-vectorial-illustrator-eps-centre-Tossa-de-mar-300x225.jpg 300w, https:\/\/www.bc-maps.com\/wp-content\/uploads\/2025\/09\/mapa-vectorial-illustrator-eps-centre-Tossa-de-mar-1024x768.jpg 1024w, https:\/\/www.bc-maps.com\/wp-content\/uploads\/2025\/09\/mapa-vectorial-illustrator-eps-centre-Tossa-de-mar-768x576.jpg 768w, https:\/\/www.bc-maps.com\/wp-content\/uploads\/2025\/09\/mapa-vectorial-illustrator-eps-centre-Tossa-de-mar-1536x1152.jpg 1536w, https:\/\/www.bc-maps.com\/wp-content\/uploads\/2025\/09\/mapa-vectorial-illustrator-eps-centre-Tossa-de-mar.jpg 1701w\" sizes=\"auto, (max-width: 300px) 100vw, 300px\" \/><\/a><figcaption id=\"caption-attachment-7895\" class=\"wp-caption-text\">Mapa vectorial illustrator eps centre Tossa de Mar<\/figcaption><\/figure>\n<p>Un exemple d&#8217;un pl\u00e0nol d&#8217;un nucli urb\u00e0, Vidreres<\/p>\n<figure id=\"attachment_5020\" aria-describedby=\"caption-attachment-5020\" style=\"width: 300px\" class=\"wp-caption alignnone\"><a href=\"https:\/\/www.bc-maps.com\/wp-content\/uploads\/2021\/10\/mapa-vectorial-eps-nucli-vidreres--scaled.jpg\" target=\"_blank\" rel=\"noopener\"><img loading=\"lazy\" decoding=\"async\" class=\"wp-image-5020 size-medium\" title=\"Mapa vectorial eps nucli vidreres\" src=\"https:\/\/www.bc-maps.com\/wp-content\/uploads\/2021\/10\/mapa-vectorial-eps-nucli-vidreres--300x258.jpg\" alt=\"Mapa vectorial eps nucli vidreres\" width=\"300\" height=\"258\" srcset=\"https:\/\/www.bc-maps.com\/wp-content\/uploads\/2021\/10\/mapa-vectorial-eps-nucli-vidreres--300x258.jpg 300w, https:\/\/www.bc-maps.com\/wp-content\/uploads\/2021\/10\/mapa-vectorial-eps-nucli-vidreres--1024x879.jpg 1024w, https:\/\/www.bc-maps.com\/wp-content\/uploads\/2021\/10\/mapa-vectorial-eps-nucli-vidreres--768x659.jpg 768w, https:\/\/www.bc-maps.com\/wp-content\/uploads\/2021\/10\/mapa-vectorial-eps-nucli-vidreres--1536x1319.jpg 1536w, https:\/\/www.bc-maps.com\/wp-content\/uploads\/2021\/10\/mapa-vectorial-eps-nucli-vidreres--2048x1758.jpg 2048w\" sizes=\"auto, (max-width: 300px) 100vw, 300px\" \/><\/a><figcaption id=\"caption-attachment-5020\" class=\"wp-caption-text\">Mapa vectorial eps nucli vidreres<\/figcaption><\/figure>\n<p>Un exemple d&#8217;un mapa d&#8217;un municipi, Vidreres<\/p>\n<figure id=\"attachment_5019\" aria-describedby=\"caption-attachment-5019\" style=\"width: 300px\" class=\"wp-caption alignnone\"><img loading=\"lazy\" decoding=\"async\" class=\"size-medium wp-image-5019\" src=\"https:\/\/www.bc-maps.com\/wp-content\/uploads\/2021\/10\/mapa-vectorial-eps-Vidreres-municipi-300x214.jpg\" alt=\"Vidreres mapa vectorial eps illustrator eps municipio\" width=\"300\" height=\"214\" srcset=\"https:\/\/www.bc-maps.com\/wp-content\/uploads\/2021\/10\/mapa-vectorial-eps-Vidreres-municipi-300x214.jpg 300w, https:\/\/www.bc-maps.com\/wp-content\/uploads\/2021\/10\/mapa-vectorial-eps-Vidreres-municipi-1024x731.jpg 1024w, https:\/\/www.bc-maps.com\/wp-content\/uploads\/2021\/10\/mapa-vectorial-eps-Vidreres-municipi-768x549.jpg 768w, https:\/\/www.bc-maps.com\/wp-content\/uploads\/2021\/10\/mapa-vectorial-eps-Vidreres-municipi-1536x1097.jpg 1536w, https:\/\/www.bc-maps.com\/wp-content\/uploads\/2021\/10\/mapa-vectorial-eps-Vidreres-municipi-2048x1463.jpg 2048w\" sizes=\"auto, (max-width: 300px) 100vw, 300px\" \/><figcaption id=\"caption-attachment-5019\" class=\"wp-caption-text\">Vidreres mapa vectorial eps illustrator eps municipio<\/figcaption><\/figure>\n<p>Tamb\u00e9 podem elaborar un tipus de mapa m\u00e9s complert, amb simbologia, com aquest exemple de la Conca de Barber\u00e0.<\/p>\n<figure id=\"attachment_7129\" aria-describedby=\"caption-attachment-7129\" style=\"width: 381px\" class=\"wp-caption alignnone\"><a href=\"https:\/\/www.bc-maps.com\/wp-content\/uploads\/2025\/01\/Conca-de-Barbera-illustrator-mapa-vectorial-eps.jpg\" target=\"_blank\" rel=\"noopener\"><img loading=\"lazy\" decoding=\"async\" class=\"wp-image-7129\" title=\"Conca de Barbera illustrator mapa vectorial eps\" src=\"https:\/\/www.bc-maps.com\/wp-content\/uploads\/2025\/01\/Conca-de-Barbera-illustrator-mapa-vectorial-eps-300x212.jpg\" alt=\"Conca de Barbera illustrator mapa vectorial eps\" width=\"381\" height=\"269\" srcset=\"https:\/\/www.bc-maps.com\/wp-content\/uploads\/2025\/01\/Conca-de-Barbera-illustrator-mapa-vectorial-eps-300x212.jpg 300w, https:\/\/www.bc-maps.com\/wp-content\/uploads\/2025\/01\/Conca-de-Barbera-illustrator-mapa-vectorial-eps-1024x724.jpg 1024w, https:\/\/www.bc-maps.com\/wp-content\/uploads\/2025\/01\/Conca-de-Barbera-illustrator-mapa-vectorial-eps-768x543.jpg 768w, https:\/\/www.bc-maps.com\/wp-content\/uploads\/2025\/01\/Conca-de-Barbera-illustrator-mapa-vectorial-eps-1536x1086.jpg 1536w, https:\/\/www.bc-maps.com\/wp-content\/uploads\/2025\/01\/Conca-de-Barbera-illustrator-mapa-vectorial-eps.jpg 1754w\" sizes=\"auto, (max-width: 381px) 100vw, 381px\" \/><\/a><figcaption id=\"caption-attachment-7129\" class=\"wp-caption-text\">Conca de Barbera illustrator mapa vectorial eps<\/figcaption><\/figure>\n<h4 style=\"font-weight: 400;\"><strong>Municipis de la comarca de la Selva,<\/strong><\/h4>\n<p style=\"font-weight: 400;\">Amer, Angl\u00e8s, Arb\u00facies, Blanes, Breda, Brunyola i Sant Mart\u00ed Sapresa, Caldes de Malavella, la Cellera de Ter, Fogars de la Selva, Hostalric, Lloret de Mar, Ma\u00e7anet de la Selva, Massanes, Osor, Riells i Viabrea, Riudarenes, Riudellots de la Selva, Sant Feliu de Buixalleu, Sant Hilari Sacalm, Sant Juli\u00e0 del Llor i Bonmat\u00ed, Santa Coloma de Farners, Sils, Susqueda, Tossa de Mar, <a href=\"https:\/\/www.bc-maps.com\/mapa-vectorial-eps\/mapas-vectoriales\/espana\/ciudades\/vidrere\/\" target=\"_blank\" rel=\"noopener\">Vidreres<\/a>, Vilob\u00ed d&#8217;Onyar<\/p>\n<p>Els mapes es lliuren en formats editables com \u00a0<a href=\"http:\/\/www.adobe.es\">illustrator<\/a>, eps<\/p>\n<h5><strong>Caracter\u00edstiques t\u00e8cniques:<\/strong><\/h5>\n<p>1. Escalabilitat: Els mapes vectorials s\u00f3n escalables, cosa que significa que es poden ampliar o reduir sense perdre qualitat.<\/p>\n<p>2. Capes i atributs: Un mapa vectorial pot contenir diferents capes que representen diferents tipus d&#8217;informaci\u00f3, com a carreteres, rius, edificis, \u00e0rees verdes, entre altres.<\/p>\n<p>3. Edici\u00f3 i personalitzaci\u00f3: Els mapes vectorials s\u00f3n editables, la qual cosa permet agregar, eliminar o modificar elements segons les necessitats de l&#8217;usuari. Tamb\u00e9 es poden personalitzar mitjan\u00e7ant la selecci\u00f3 de colors, estils de l\u00ednia i s\u00edmbols.<\/p>\n<p>4. Compatibilitat: Els mapes vectorials solen estar disponibles en formats est\u00e0ndard, com SVG (Scalable Vector Graphics), AI (Adobe Illustrator), EPS (Encapsulated PostScript) o DXF(Drawing Exchange Format), la qual cosa permet la seva visualitzaci\u00f3 i edici\u00f3 en diferent programari de disseny i cartografia.<\/p>\n<h6><\/h6>\n<h1 style=\"text-align: center;\"><\/h1>\n","protected":false},"excerpt":{"rendered":"<p>Pl\u00e0nols vectorials i editables de municipis de la comarca de la Selva, Mapes de comarques de Catalunya en format ai o eps Elaborem qualsevol mena de mapa de la comarca de la Selva, Catalunya, tant en format vectorial com impr\u00e8s, totalment personalitzats i adaptats a les seves necessitats. Mapes de carreteres, de nuclis urbans, urbanitzacions, &hellip; <a href=\"https:\/\/www.bc-maps.com\/mapa-vectorial-eps\/cat-mapa-selva-vectorial-illustrator-eps-comarca-catalunya\/\" class=\"more-link\">Seguir leyendo <span class=\"screen-reader-text\">Selva mapa vectorial de la comarca en illustrator eps<\/span> <span class=\"meta-nav\">&rarr;<\/span><\/a><\/p>\n","protected":false},"author":1,"featured_media":7386,"parent":0,"menu_order":0,"comment_status":"closed","ping_status":"closed","template":"","meta":{"footnotes":""},"class_list":["post-7384","page","type-page","status-publish","has-post-thumbnail","hentry"],"_links":{"self":[{"href":"https:\/\/www.bc-maps.com\/mapa-vectorial-eps\/wp-json\/wp\/v2\/pages\/7384","targetHints":{"allow":["GET"]}}],"collection":[{"href":"https:\/\/www.bc-maps.com\/mapa-vectorial-eps\/wp-json\/wp\/v2\/pages"}],"about":[{"href":"https:\/\/www.bc-maps.com\/mapa-vectorial-eps\/wp-json\/wp\/v2\/types\/page"}],"author":[{"embeddable":true,"href":"https:\/\/www.bc-maps.com\/mapa-vectorial-eps\/wp-json\/wp\/v2\/users\/1"}],"replies":[{"embeddable":true,"href":"https:\/\/www.bc-maps.com\/mapa-vectorial-eps\/wp-json\/wp\/v2\/comments?post=7384"}],"version-history":[{"count":4,"href":"https:\/\/www.bc-maps.com\/mapa-vectorial-eps\/wp-json\/wp\/v2\/pages\/7384\/revisions"}],"predecessor-version":[{"id":7897,"href":"https:\/\/www.bc-maps.com\/mapa-vectorial-eps\/wp-json\/wp\/v2\/pages\/7384\/revisions\/7897"}],"wp:featuredmedia":[{"embeddable":true,"href":"https:\/\/www.bc-maps.com\/mapa-vectorial-eps\/wp-json\/wp\/v2\/media\/7386"}],"wp:attachment":[{"href":"https:\/\/www.bc-maps.com\/mapa-vectorial-eps\/wp-json\/wp\/v2\/media?parent=7384"}],"curies":[{"name":"wp","href":"https:\/\/api.w.org\/{rel}","templated":true}]}}