{"id":7316,"date":"2025-02-05T10:20:43","date_gmt":"2025-02-05T10:20:43","guid":{"rendered":"https:\/\/www.bc-maps.com\/mapa-vectorial-eps\/cat-mapa-alt-emporda-vectorial-illustrator-eps-comarca-catalunya-2\/"},"modified":"2025-02-11T11:49:57","modified_gmt":"2025-02-11T11:49:57","slug":"cat-mapa-moianes-vectorial-illustrator-eps-comarca-catalunya","status":"publish","type":"page","link":"https:\/\/www.bc-maps.com\/mapa-vectorial-eps\/cat-mapa-moianes-vectorial-illustrator-eps-comarca-catalunya\/","title":{"rendered":"Moian\u00e8s mapa vectorial de la comarca en illustrator eps"},"content":{"rendered":"<h1>Pl\u00e0nols vectorials i editables de municipis de la comarca del Moian\u00e8s<\/h1>\n<h2>Mapes de comarques de Catalunya en format ai o eps<\/h2>\n<p data-pm-slice=\"1 1 []\">Elaborem qualsevol mena de mapa de la comarca del Moian\u00e8s, Catalunya, tant en format vectorial com impr\u00e8s, totalment personalitzats i adaptats a les seves necessitats.<\/p>\n<p data-pm-slice=\"1 1 []\">Mapes de carreteres, de nuclis urbans, urbanitzacions, rutes.. Etc<\/p>\n<h4><strong>Mapes vectorials del Moian\u00e8s :<\/strong><\/h4>\n<p>Una mostra d&#8217;un mapa b\u00e0sic amb la divisi\u00f3 municipal i carreteres principals.<\/p>\n<figure id=\"attachment_7318\" aria-describedby=\"caption-attachment-7318\" style=\"width: 300px\" class=\"wp-caption alignnone\"><a href=\"https:\/\/www.bc-maps.com\/wp-content\/uploads\/2025\/02\/comarca-Moianes-mapa-vectorial-illustrator-eps-municipis.jpg\" target=\"_blank\" rel=\"noopener\"><img loading=\"lazy\" decoding=\"async\" class=\"wp-image-7318 size-medium\" title=\"Comarca Moian\u00e8s mapa vectorial illustrator eps municipis\" src=\"https:\/\/www.bc-maps.com\/wp-content\/uploads\/2025\/02\/comarca-Moianes-mapa-vectorial-illustrator-eps-municipis-300x267.jpg\" alt=\"Comarca Moian\u00e8s mapa vectorial illustrator eps municipis\" width=\"300\" height=\"267\" srcset=\"https:\/\/www.bc-maps.com\/wp-content\/uploads\/2025\/02\/comarca-Moianes-mapa-vectorial-illustrator-eps-municipis-300x267.jpg 300w, https:\/\/www.bc-maps.com\/wp-content\/uploads\/2025\/02\/comarca-Moianes-mapa-vectorial-illustrator-eps-municipis-1024x911.jpg 1024w, https:\/\/www.bc-maps.com\/wp-content\/uploads\/2025\/02\/comarca-Moianes-mapa-vectorial-illustrator-eps-municipis-768x683.jpg 768w, https:\/\/www.bc-maps.com\/wp-content\/uploads\/2025\/02\/comarca-Moianes-mapa-vectorial-illustrator-eps-municipis.jpg 1031w\" sizes=\"auto, (max-width: 300px) 100vw, 300px\" \/><\/a><figcaption id=\"caption-attachment-7318\" class=\"wp-caption-text\">Comarca Moian\u00e8s mapa vectorial illustrator eps municipis<\/figcaption><\/figure>\n<p>Un exemple d&#8217;un pl\u00e0nol d&#8217;un nucli urb\u00e0, Moi\u00e0<\/p>\n<figure id=\"attachment_2830\" aria-describedby=\"caption-attachment-2830\" style=\"width: 300px\" class=\"wp-caption alignnone\"><a href=\"https:\/\/www.bc-maps.com\/wp-content\/uploads\/2015\/09\/Moia-planol-impres-ajuntament-20182.jpg\" target=\"_blank\" rel=\"noopener\"><img loading=\"lazy\" decoding=\"async\" class=\"wp-image-2830 size-medium\" title=\"Moia pl\u00e0nol nucli urb\u00e0\" src=\"https:\/\/www.bc-maps.com\/wp-content\/uploads\/2015\/09\/Moia-planol-impres-ajuntament-20182-300x212.jpg\" alt=\"Moia pl\u00e0nol nucli urb\u00e0\" width=\"300\" height=\"212\" srcset=\"https:\/\/www.bc-maps.com\/wp-content\/uploads\/2015\/09\/Moia-planol-impres-ajuntament-20182-300x212.jpg 300w, https:\/\/www.bc-maps.com\/wp-content\/uploads\/2015\/09\/Moia-planol-impres-ajuntament-20182-768x543.jpg 768w, https:\/\/www.bc-maps.com\/wp-content\/uploads\/2015\/09\/Moia-planol-impres-ajuntament-20182-1024x725.jpg 1024w, https:\/\/www.bc-maps.com\/wp-content\/uploads\/2015\/09\/Moia-planol-impres-ajuntament-20182.jpg 1587w\" sizes=\"auto, (max-width: 300px) 100vw, 300px\" \/><\/a><figcaption id=\"caption-attachment-2830\" class=\"wp-caption-text\">Moia pl\u00e0nol nucli urb\u00e0<\/figcaption><\/figure>\n<p>Un exemple d&#8217;el mapa d&#8217;un municip\u00ec Calders<\/p>\n<figure id=\"attachment_4038\" aria-describedby=\"caption-attachment-4038\" style=\"width: 300px\" class=\"wp-caption alignnone\"><a href=\"https:\/\/www.bc-maps.com\/wp-content\/uploads\/2018\/11\/Planol-Calders-Terme-municipal.jpg\" target=\"_blank\" rel=\"noopener\"><img loading=\"lazy\" decoding=\"async\" class=\"wp-image-4038 size-medium\" title=\"Pl\u00e0nol Calders terme municipal, Moian\u00e8s\" src=\"https:\/\/www.bc-maps.com\/wp-content\/uploads\/2018\/11\/Planol-Calders-Terme-municipal-300x212.jpg\" alt=\"Pl\u00e0nol Calders terme municipal, Moian\u00e8s\" width=\"300\" height=\"212\" srcset=\"https:\/\/www.bc-maps.com\/wp-content\/uploads\/2018\/11\/Planol-Calders-Terme-municipal-300x212.jpg 300w, https:\/\/www.bc-maps.com\/wp-content\/uploads\/2018\/11\/Planol-Calders-Terme-municipal-768x543.jpg 768w, https:\/\/www.bc-maps.com\/wp-content\/uploads\/2018\/11\/Planol-Calders-Terme-municipal-1024x724.jpg 1024w\" sizes=\"auto, (max-width: 300px) 100vw, 300px\" \/><\/a><figcaption id=\"caption-attachment-4038\" class=\"wp-caption-text\">Pl\u00e0nol Calders terme municipal, Moian\u00e8s<\/figcaption><\/figure>\n<p>Tamb\u00e9 podem elaborar un tipus de mapa m\u00e9s complert, amb simbologia, com aquest exemple de la Conca de Barber\u00e0.<\/p>\n<figure id=\"attachment_7129\" aria-describedby=\"caption-attachment-7129\" style=\"width: 381px\" class=\"wp-caption alignnone\"><a href=\"https:\/\/www.bc-maps.com\/wp-content\/uploads\/2025\/01\/Conca-de-Barbera-illustrator-mapa-vectorial-eps.jpg\" target=\"_blank\" rel=\"noopener\"><img loading=\"lazy\" decoding=\"async\" class=\"wp-image-7129\" title=\"Conca de Barbera illustrator mapa vectorial eps\" src=\"https:\/\/www.bc-maps.com\/wp-content\/uploads\/2025\/01\/Conca-de-Barbera-illustrator-mapa-vectorial-eps-300x212.jpg\" alt=\"Conca de Barbera illustrator mapa vectorial eps\" width=\"381\" height=\"269\" srcset=\"https:\/\/www.bc-maps.com\/wp-content\/uploads\/2025\/01\/Conca-de-Barbera-illustrator-mapa-vectorial-eps-300x212.jpg 300w, https:\/\/www.bc-maps.com\/wp-content\/uploads\/2025\/01\/Conca-de-Barbera-illustrator-mapa-vectorial-eps-1024x724.jpg 1024w, https:\/\/www.bc-maps.com\/wp-content\/uploads\/2025\/01\/Conca-de-Barbera-illustrator-mapa-vectorial-eps-768x543.jpg 768w, https:\/\/www.bc-maps.com\/wp-content\/uploads\/2025\/01\/Conca-de-Barbera-illustrator-mapa-vectorial-eps-1536x1086.jpg 1536w, https:\/\/www.bc-maps.com\/wp-content\/uploads\/2025\/01\/Conca-de-Barbera-illustrator-mapa-vectorial-eps.jpg 1754w\" sizes=\"auto, (max-width: 381px) 100vw, 381px\" \/><\/a><figcaption id=\"caption-attachment-7129\" class=\"wp-caption-text\">Conca de Barbera illustrator mapa vectorial eps<\/figcaption><\/figure>\n<h4 style=\"font-weight: 400;\"><strong>Municipis de la comarca del Moian\u00e8s<\/strong><\/h4>\n<p style=\"font-weight: 400;\"><a href=\"https:\/\/www.bc-maps.com\/mapa-vectorial-eps\/planol-ajuntament-calders-moianes\/\" target=\"_blank\" rel=\"noopener\">Calders<\/a>, Castellcir, Castellter\u00e7ol, Collsuspina, l\u2019Estany, Granera, <a href=\"https:\/\/www.bc-maps.com\/mapa-vectorial-eps\/mapa-turistic-urb-planol-ajuntament-moia-2017\/\" target=\"_blank\" rel=\"noopener\">Moi\u00e0<\/a>, Monistrol de Calders, Sant Quirze Safaja, Santa Maria d&#8217;Ol\u00f3<\/p>\n<p>Els mapes es lliuren en formats editables com \u00a0<a href=\"http:\/\/www.adobe.es\" target=\"_blank\" rel=\"noopener\">illustrator<\/a>, eps<\/p>\n<h5><strong>Caracter\u00edstiques t\u00e8cniques:<\/strong><\/h5>\n<p>1. Escalabilitat: Els mapes vectorials s\u00f3n escalables, cosa que significa que es poden ampliar o reduir sense perdre qualitat.<\/p>\n<p>2. Capes i atributs: Un mapa vectorial pot contenir diferents capes que representen diferents tipus d&#8217;informaci\u00f3, com a carreteres, rius, edificis, \u00e0rees verdes, entre altres.<\/p>\n<p>3. Edici\u00f3 i personalitzaci\u00f3: Els mapes vectorials s\u00f3n editables, la qual cosa permet agregar, eliminar o modificar elements segons les necessitats de l&#8217;usuari. Tamb\u00e9 es poden personalitzar mitjan\u00e7ant la selecci\u00f3 de colors, estils de l\u00ednia i s\u00edmbols.<\/p>\n<p>4. Compatibilitat: Els mapes vectorials solen estar disponibles en formats est\u00e0ndard, com SVG (Scalable Vector Graphics), AI (Adobe Illustrator), EPS (Encapsulated PostScript) o DXF(Drawing Exchange Format), la qual cosa permet la seva visualitzaci\u00f3 i edici\u00f3 en diferent programari de disseny i cartografia.<\/p>\n<h6><\/h6>\n<h1 style=\"text-align: center;\"><\/h1>\n","protected":false},"excerpt":{"rendered":"<p>Pl\u00e0nols vectorials i editables de municipis de la comarca del Moian\u00e8s Mapes de comarques de Catalunya en format ai o eps Elaborem qualsevol mena de mapa de la comarca del Moian\u00e8s, Catalunya, tant en format vectorial com impr\u00e8s, totalment personalitzats i adaptats a les seves necessitats. Mapes de carreteres, de nuclis urbans, urbanitzacions, rutes.. Etc &hellip; <a href=\"https:\/\/www.bc-maps.com\/mapa-vectorial-eps\/cat-mapa-moianes-vectorial-illustrator-eps-comarca-catalunya\/\" class=\"more-link\">Seguir leyendo <span class=\"screen-reader-text\">Moian\u00e8s mapa vectorial de la comarca en illustrator eps<\/span> <span class=\"meta-nav\">&rarr;<\/span><\/a><\/p>\n","protected":false},"author":1,"featured_media":7318,"parent":0,"menu_order":0,"comment_status":"closed","ping_status":"closed","template":"","meta":{"footnotes":""},"class_list":["post-7316","page","type-page","status-publish","has-post-thumbnail","hentry"],"_links":{"self":[{"href":"https:\/\/www.bc-maps.com\/mapa-vectorial-eps\/wp-json\/wp\/v2\/pages\/7316","targetHints":{"allow":["GET"]}}],"collection":[{"href":"https:\/\/www.bc-maps.com\/mapa-vectorial-eps\/wp-json\/wp\/v2\/pages"}],"about":[{"href":"https:\/\/www.bc-maps.com\/mapa-vectorial-eps\/wp-json\/wp\/v2\/types\/page"}],"author":[{"embeddable":true,"href":"https:\/\/www.bc-maps.com\/mapa-vectorial-eps\/wp-json\/wp\/v2\/users\/1"}],"replies":[{"embeddable":true,"href":"https:\/\/www.bc-maps.com\/mapa-vectorial-eps\/wp-json\/wp\/v2\/comments?post=7316"}],"version-history":[{"count":2,"href":"https:\/\/www.bc-maps.com\/mapa-vectorial-eps\/wp-json\/wp\/v2\/pages\/7316\/revisions"}],"predecessor-version":[{"id":7320,"href":"https:\/\/www.bc-maps.com\/mapa-vectorial-eps\/wp-json\/wp\/v2\/pages\/7316\/revisions\/7320"}],"wp:featuredmedia":[{"embeddable":true,"href":"https:\/\/www.bc-maps.com\/mapa-vectorial-eps\/wp-json\/wp\/v2\/media\/7318"}],"wp:attachment":[{"href":"https:\/\/www.bc-maps.com\/mapa-vectorial-eps\/wp-json\/wp\/v2\/media?parent=7316"}],"curies":[{"name":"wp","href":"https:\/\/api.w.org\/{rel}","templated":true}]}}