{"id":7294,"date":"2025-02-05T10:20:43","date_gmt":"2025-02-05T10:20:43","guid":{"rendered":"https:\/\/www.bc-maps.com\/mapa-vectorial-eps\/cat-mapa-alt-emporda-vectorial-illustrator-eps-comarca-catalunya-2\/"},"modified":"2025-02-11T18:19:19","modified_gmt":"2025-02-11T18:19:19","slug":"cat-mapa-garrotxa-vectorial-illustrator-eps-comarca-catalunya","status":"publish","type":"page","link":"https:\/\/www.bc-maps.com\/mapa-vectorial-eps\/cat-mapa-garrotxa-vectorial-illustrator-eps-comarca-catalunya\/","title":{"rendered":"Garrotxa mapa vectorial de la comarca en illustrator eps"},"content":{"rendered":"<h1>Pl\u00e0nols vectorials i editables de municipis de la comarca de la Garrotxa<\/h1>\n<h2>Mapes de comarques de Catalunya en format ai o eps<\/h2>\n<p data-pm-slice=\"1 1 []\">Elaborem qualsevol mena de mapa de la comarca de la Garrotxa, Catalunya, tant en format vectorial com impr\u00e8s, totalment personalitzats i adaptats a les seves necessitats.<\/p>\n<p data-pm-slice=\"1 1 []\">Mapes de carreteres, de nuclis urbans, urbanitzacions, rutes.. Etc<\/p>\n<h4><strong>Mapes vectorials de la Garrotxa :<\/strong><\/h4>\n<p>Una mostra d&#8217;un mapa b\u00e0sic amb la divisi\u00f3 municipal i carreteres principals.<\/p>\n<figure id=\"attachment_7296\" aria-describedby=\"caption-attachment-7296\" style=\"width: 337px\" class=\"wp-caption alignnone\"><a href=\"https:\/\/www.bc-maps.com\/wp-content\/uploads\/2025\/02\/comarca-Garrotxa-mapa-vectrorial-illustrator-eps-municipis.jpg\" target=\"_blank\" rel=\"noopener\"><img loading=\"lazy\" decoding=\"async\" class=\"wp-image-7296\" title=\"Comarca de la Garrotxa mapa vectrorial illustrator eps municipis\" src=\"https:\/\/www.bc-maps.com\/wp-content\/uploads\/2025\/02\/comarca-Garrotxa-mapa-vectrorial-illustrator-eps-municipis-300x263.jpg\" alt=\"Comarca de la Garrotxa mapa vectrorial illustrator eps municipis\" width=\"337\" height=\"295\" srcset=\"https:\/\/www.bc-maps.com\/wp-content\/uploads\/2025\/02\/comarca-Garrotxa-mapa-vectrorial-illustrator-eps-municipis-300x263.jpg 300w, https:\/\/www.bc-maps.com\/wp-content\/uploads\/2025\/02\/comarca-Garrotxa-mapa-vectrorial-illustrator-eps-municipis-1024x899.jpg 1024w, https:\/\/www.bc-maps.com\/wp-content\/uploads\/2025\/02\/comarca-Garrotxa-mapa-vectrorial-illustrator-eps-municipis-768x674.jpg 768w, https:\/\/www.bc-maps.com\/wp-content\/uploads\/2025\/02\/comarca-Garrotxa-mapa-vectrorial-illustrator-eps-municipis.jpg 1407w\" sizes=\"auto, (max-width: 337px) 100vw, 337px\" \/><\/a><figcaption id=\"caption-attachment-7296\" class=\"wp-caption-text\">Comarca de la Garrotxa mapa vectrorial illustrator eps municipis<\/figcaption><\/figure>\n<p>Un exemple d&#8217;un pl\u00e0nol d&#8217;un nucli urb\u00e0, Sant Feliu de Pallerols<\/p>\n<figure id=\"attachment_7433\" aria-describedby=\"caption-attachment-7433\" style=\"width: 336px\" class=\"wp-caption alignnone\"><a href=\"https:\/\/www.bc-maps.com\/wp-content\/uploads\/2025\/02\/Sant-Feliu-de-Pallerols-mapa-vectorial-illustrator-eps-nucli-urba.jpg\" target=\"_blank\" rel=\"noopener\"><img loading=\"lazy\" decoding=\"async\" class=\"wp-image-7433\" title=\"Sant Feliu de Pallerols mapa vectorial illustrator eps nucli urb\u00e0\" src=\"https:\/\/www.bc-maps.com\/wp-content\/uploads\/2025\/02\/Sant-Feliu-de-Pallerols-mapa-vectorial-illustrator-eps-nucli-urba-290x300.jpg\" alt=\"Sant Feliu de Pallerols mapa vectorial illustrator eps nucli urb\u00e0\" width=\"336\" height=\"348\" srcset=\"https:\/\/www.bc-maps.com\/wp-content\/uploads\/2025\/02\/Sant-Feliu-de-Pallerols-mapa-vectorial-illustrator-eps-nucli-urba-290x300.jpg 290w, https:\/\/www.bc-maps.com\/wp-content\/uploads\/2025\/02\/Sant-Feliu-de-Pallerols-mapa-vectorial-illustrator-eps-nucli-urba-990x1024.jpg 990w, https:\/\/www.bc-maps.com\/wp-content\/uploads\/2025\/02\/Sant-Feliu-de-Pallerols-mapa-vectorial-illustrator-eps-nucli-urba-768x795.jpg 768w, https:\/\/www.bc-maps.com\/wp-content\/uploads\/2025\/02\/Sant-Feliu-de-Pallerols-mapa-vectorial-illustrator-eps-nucli-urba-1484x1536.jpg 1484w, https:\/\/www.bc-maps.com\/wp-content\/uploads\/2025\/02\/Sant-Feliu-de-Pallerols-mapa-vectorial-illustrator-eps-nucli-urba.jpg 1808w\" sizes=\"auto, (max-width: 336px) 100vw, 336px\" \/><\/a><figcaption id=\"caption-attachment-7433\" class=\"wp-caption-text\">Sant Feliu de Pallerols mapa vectorial illustrator eps nucli urb\u00e0<\/figcaption><\/figure>\n<p>Un exemple d&#8217;un mapa de terme municipal<\/p>\n<figure id=\"attachment_7432\" aria-describedby=\"caption-attachment-7432\" style=\"width: 291px\" class=\"wp-caption alignnone\"><a href=\"https:\/\/www.bc-maps.com\/wp-content\/uploads\/2025\/02\/Sant-Feliu-de-Pallerols-mapa-vectorial-illustrator-eps-municipi.jpg\" target=\"_blank\" rel=\"noopener\"><img loading=\"lazy\" decoding=\"async\" class=\"wp-image-7432\" title=\"Sant Feliu de Pallerols mapa vectorial illustrator eps municipi\" src=\"https:\/\/www.bc-maps.com\/wp-content\/uploads\/2025\/02\/Sant-Feliu-de-Pallerols-mapa-vectorial-illustrator-eps-municipi-209x300.jpg\" alt=\"Sant Feliu de Pallerols mapa vectorial illustrator eps municipi\" width=\"291\" height=\"418\" srcset=\"https:\/\/www.bc-maps.com\/wp-content\/uploads\/2025\/02\/Sant-Feliu-de-Pallerols-mapa-vectorial-illustrator-eps-municipi-209x300.jpg 209w, https:\/\/www.bc-maps.com\/wp-content\/uploads\/2025\/02\/Sant-Feliu-de-Pallerols-mapa-vectorial-illustrator-eps-municipi-712x1024.jpg 712w, https:\/\/www.bc-maps.com\/wp-content\/uploads\/2025\/02\/Sant-Feliu-de-Pallerols-mapa-vectorial-illustrator-eps-municipi-768x1105.jpg 768w, https:\/\/www.bc-maps.com\/wp-content\/uploads\/2025\/02\/Sant-Feliu-de-Pallerols-mapa-vectorial-illustrator-eps-municipi.jpg 985w\" sizes=\"auto, (max-width: 291px) 100vw, 291px\" \/><\/a><figcaption id=\"caption-attachment-7432\" class=\"wp-caption-text\">Sant Feliu de Pallerols mapa vectorial illustrator municipi<\/figcaption><\/figure>\n<p>Tamb\u00e9 podem elaborar un tipus de mapa m\u00e9s complert, amb simbologia, com aquest exemple de la Conca de Barber\u00e0.<\/p>\n<figure id=\"attachment_7129\" aria-describedby=\"caption-attachment-7129\" style=\"width: 381px\" class=\"wp-caption alignnone\"><a href=\"https:\/\/www.bc-maps.com\/wp-content\/uploads\/2025\/01\/Conca-de-Barbera-illustrator-mapa-vectorial-eps.jpg\" target=\"_blank\" rel=\"noopener\"><img loading=\"lazy\" decoding=\"async\" class=\"wp-image-7129\" title=\"Conca de Barbera illustrator mapa vectorial eps\" src=\"https:\/\/www.bc-maps.com\/wp-content\/uploads\/2025\/01\/Conca-de-Barbera-illustrator-mapa-vectorial-eps-300x212.jpg\" alt=\"Conca de Barbera illustrator mapa vectorial eps\" width=\"381\" height=\"269\" srcset=\"https:\/\/www.bc-maps.com\/wp-content\/uploads\/2025\/01\/Conca-de-Barbera-illustrator-mapa-vectorial-eps-300x212.jpg 300w, https:\/\/www.bc-maps.com\/wp-content\/uploads\/2025\/01\/Conca-de-Barbera-illustrator-mapa-vectorial-eps-1024x724.jpg 1024w, https:\/\/www.bc-maps.com\/wp-content\/uploads\/2025\/01\/Conca-de-Barbera-illustrator-mapa-vectorial-eps-768x543.jpg 768w, https:\/\/www.bc-maps.com\/wp-content\/uploads\/2025\/01\/Conca-de-Barbera-illustrator-mapa-vectorial-eps-1536x1086.jpg 1536w, https:\/\/www.bc-maps.com\/wp-content\/uploads\/2025\/01\/Conca-de-Barbera-illustrator-mapa-vectorial-eps.jpg 1754w\" sizes=\"auto, (max-width: 381px) 100vw, 381px\" \/><\/a><figcaption id=\"caption-attachment-7129\" class=\"wp-caption-text\">Conca de Barbera illustrator mapa vectorial eps<\/figcaption><\/figure>\n<h4 style=\"font-weight: 400;\"><strong>Municipis de la comarca de la Garrotxa:<\/strong><\/h4>\n<p style=\"font-weight: 400;\">Argelaguer, Besal\u00fa, Beuda, Castellfollit de la Roca, Mai\u00e0 de Montcal, Mieres, Montagut i Oix, Olot, les Planes d&#8217;Hostoles, les Preses, Riudaura, Sales de Llierca, Sant Aniol de Finestres, <a href=\"https:\/\/www.bc-maps.com\/mapa-vectorial-eps\/cat-mapa-sant-feliu-de-pallerols-vectorial-illustrator-eps-catalunya\/\" target=\"_blank\" rel=\"noopener\">Sant Feliu de Pallerols,<\/a> Sant Ferriol, Sant Jaume de Llierca, Sant Joan les Fonts, Santa Pau, Tortell\u00e0, la Vall d&#8217;en Bas, la Vall de Bianya.<\/p>\n<p>Els mapes es lliuren en formats editables com \u00a0<a href=\"http:\/\/www.adobe.es\" target=\"_blank\" rel=\"noopener\">illustrator<\/a>, eps<\/p>\n<h5><strong>Caracter\u00edstiques t\u00e8cniques:<\/strong><\/h5>\n<p>1. Escalabilitat: Els mapes vectorials s\u00f3n escalables, cosa que significa que es poden ampliar o reduir sense perdre qualitat.<\/p>\n<p>2. Capes i atributs: Un mapa vectorial pot contenir diferents capes que representen diferents tipus d&#8217;informaci\u00f3, com a carreteres, rius, edificis, \u00e0rees verdes, entre altres.<\/p>\n<p>3. Edici\u00f3 i personalitzaci\u00f3: Els mapes vectorials s\u00f3n editables, la qual cosa permet agregar, eliminar o modificar elements segons les necessitats de l&#8217;usuari. Tamb\u00e9 es poden personalitzar mitjan\u00e7ant la selecci\u00f3 de colors, estils de l\u00ednia i s\u00edmbols.<\/p>\n<p>4. Compatibilitat: Els mapes vectorials solen estar disponibles en formats est\u00e0ndard, com SVG (Scalable Vector Graphics), AI (Adobe Illustrator), EPS (Encapsulated PostScript) o DXF(Drawing Exchange Format), la qual cosa permet la seva visualitzaci\u00f3 i edici\u00f3 en diferent programari de disseny i cartografia.<\/p>\n<h6><\/h6>\n<h1 style=\"text-align: center;\"><\/h1>\n","protected":false},"excerpt":{"rendered":"<p>Pl\u00e0nols vectorials i editables de municipis de la comarca de la Garrotxa Mapes de comarques de Catalunya en format ai o eps Elaborem qualsevol mena de mapa de la comarca de la Garrotxa, Catalunya, tant en format vectorial com impr\u00e8s, totalment personalitzats i adaptats a les seves necessitats. Mapes de carreteres, de nuclis urbans, urbanitzacions, &hellip; <a href=\"https:\/\/www.bc-maps.com\/mapa-vectorial-eps\/cat-mapa-garrotxa-vectorial-illustrator-eps-comarca-catalunya\/\" class=\"more-link\">Seguir leyendo <span class=\"screen-reader-text\">Garrotxa mapa vectorial de la comarca en illustrator eps<\/span> <span class=\"meta-nav\">&rarr;<\/span><\/a><\/p>\n","protected":false},"author":1,"featured_media":7296,"parent":0,"menu_order":0,"comment_status":"closed","ping_status":"closed","template":"","meta":{"footnotes":""},"class_list":["post-7294","page","type-page","status-publish","has-post-thumbnail","hentry"],"_links":{"self":[{"href":"https:\/\/www.bc-maps.com\/mapa-vectorial-eps\/wp-json\/wp\/v2\/pages\/7294","targetHints":{"allow":["GET"]}}],"collection":[{"href":"https:\/\/www.bc-maps.com\/mapa-vectorial-eps\/wp-json\/wp\/v2\/pages"}],"about":[{"href":"https:\/\/www.bc-maps.com\/mapa-vectorial-eps\/wp-json\/wp\/v2\/types\/page"}],"author":[{"embeddable":true,"href":"https:\/\/www.bc-maps.com\/mapa-vectorial-eps\/wp-json\/wp\/v2\/users\/1"}],"replies":[{"embeddable":true,"href":"https:\/\/www.bc-maps.com\/mapa-vectorial-eps\/wp-json\/wp\/v2\/comments?post=7294"}],"version-history":[{"count":3,"href":"https:\/\/www.bc-maps.com\/mapa-vectorial-eps\/wp-json\/wp\/v2\/pages\/7294\/revisions"}],"predecessor-version":[{"id":7488,"href":"https:\/\/www.bc-maps.com\/mapa-vectorial-eps\/wp-json\/wp\/v2\/pages\/7294\/revisions\/7488"}],"wp:featuredmedia":[{"embeddable":true,"href":"https:\/\/www.bc-maps.com\/mapa-vectorial-eps\/wp-json\/wp\/v2\/media\/7296"}],"wp:attachment":[{"href":"https:\/\/www.bc-maps.com\/mapa-vectorial-eps\/wp-json\/wp\/v2\/media?parent=7294"}],"curies":[{"name":"wp","href":"https:\/\/api.w.org\/{rel}","templated":true}]}}