{"id":7269,"date":"2025-02-05T10:20:43","date_gmt":"2025-02-05T10:20:43","guid":{"rendered":"https:\/\/www.bc-maps.com\/mapa-vectorial-eps\/cat-mapa-bages-vectorial-illustrator-eps-comarca-catalunya-2\/"},"modified":"2025-02-11T18:16:18","modified_gmt":"2025-02-11T18:16:18","slug":"cat-mapa-bergueda-vectorial-illustrator-eps-comarca-catalunya","status":"publish","type":"page","link":"https:\/\/www.bc-maps.com\/mapa-vectorial-eps\/cat-mapa-bergueda-vectorial-illustrator-eps-comarca-catalunya\/","title":{"rendered":"Bergued\u00e0 mapa vectorial de la comarca en illustrator eps"},"content":{"rendered":"<h1>Pl\u00e0nols vectorials i editables de municipis de la comarca del Bergued\u00e0<\/h1>\n<h2>Mapes de comarques de Catalunya en format ai o eps<\/h2>\n<p data-pm-slice=\"1 1 []\">Elaborem qualsevol mena de mapa de la comarca del Bages, Catalunya, tant en format vectorial com impr\u00e8s, totalment personalitzats i adaptats a les seves necessitats.<\/p>\n<p data-pm-slice=\"1 1 []\">Mapes de carreteres, de nuclis urbans, urbanitzacions, rutes.. Etc<\/p>\n<h4><strong>Mapes vectorials del Bergued\u00e0 :<\/strong><\/h4>\n<p>Una mostra d&#8217;un mapa b\u00e0sic amb la divisi\u00f3 municipal i carreteres principals.<\/p>\n<figure id=\"attachment_7272\" aria-describedby=\"caption-attachment-7272\" style=\"width: 314px\" class=\"wp-caption alignnone\"><a href=\"https:\/\/www.bc-maps.com\/wp-content\/uploads\/2025\/02\/comarca-Bergueda-mapa-vectorial-illustrator-eps-municipis.jpg\" target=\"_blank\" rel=\"noopener\"><img loading=\"lazy\" decoding=\"async\" class=\"wp-image-7272\" title=\"Comarca Bergued\u00e0 mapa vectorial illustrator eps municipis\" src=\"https:\/\/www.bc-maps.com\/wp-content\/uploads\/2025\/02\/comarca-Bergueda-mapa-vectorial-illustrator-eps-municipis-277x300.jpg\" alt=\"Comarca Bergued\u00e0 mapa vectorial illustrator eps municipis\" width=\"314\" height=\"340\" srcset=\"https:\/\/www.bc-maps.com\/wp-content\/uploads\/2025\/02\/comarca-Bergueda-mapa-vectorial-illustrator-eps-municipis-277x300.jpg 277w, https:\/\/www.bc-maps.com\/wp-content\/uploads\/2025\/02\/comarca-Bergueda-mapa-vectorial-illustrator-eps-municipis-946x1024.jpg 946w, https:\/\/www.bc-maps.com\/wp-content\/uploads\/2025\/02\/comarca-Bergueda-mapa-vectorial-illustrator-eps-municipis-768x831.jpg 768w, https:\/\/www.bc-maps.com\/wp-content\/uploads\/2025\/02\/comarca-Bergueda-mapa-vectorial-illustrator-eps-municipis-1419x1536.jpg 1419w, https:\/\/www.bc-maps.com\/wp-content\/uploads\/2025\/02\/comarca-Bergueda-mapa-vectorial-illustrator-eps-municipis.jpg 1480w\" sizes=\"auto, (max-width: 314px) 100vw, 314px\" \/><\/a><figcaption id=\"caption-attachment-7272\" class=\"wp-caption-text\">Comarca Bergued\u00e0 mapa vectorial illustrator eps municipis<\/figcaption><\/figure>\n<p>Un exemple d&#8217;un pl\u00e0nol d&#8217;un nucli urb\u00e0, Guardiola de Bergued\u00e0<\/p>\n<figure id=\"attachment_7426\" aria-describedby=\"caption-attachment-7426\" style=\"width: 272px\" class=\"wp-caption alignnone\"><a href=\"https:\/\/www.bc-maps.com\/wp-content\/uploads\/2025\/02\/Guardiola-de-Bergueda-mapa-vectorial-illustrator-eps-nucli-urba.jpg\" target=\"_blank\" rel=\"noopener\"><img loading=\"lazy\" decoding=\"async\" class=\"wp-image-7426 size-medium\" title=\"Guardiola de Bergued\u00e0 mapa vectorial illustrator eps nucli urb\u00e0\" src=\"https:\/\/www.bc-maps.com\/wp-content\/uploads\/2025\/02\/Guardiola-de-Bergueda-mapa-vectorial-illustrator-eps-nucli-urba-272x300.jpg\" alt=\"Guardiola de Bergued\u00e0 mapa vectorial illustrator eps nucli urb\u00e0\" width=\"272\" height=\"300\" srcset=\"https:\/\/www.bc-maps.com\/wp-content\/uploads\/2025\/02\/Guardiola-de-Bergueda-mapa-vectorial-illustrator-eps-nucli-urba-272x300.jpg 272w, https:\/\/www.bc-maps.com\/wp-content\/uploads\/2025\/02\/Guardiola-de-Bergueda-mapa-vectorial-illustrator-eps-nucli-urba-929x1024.jpg 929w, https:\/\/www.bc-maps.com\/wp-content\/uploads\/2025\/02\/Guardiola-de-Bergueda-mapa-vectorial-illustrator-eps-nucli-urba-768x846.jpg 768w, https:\/\/www.bc-maps.com\/wp-content\/uploads\/2025\/02\/Guardiola-de-Bergueda-mapa-vectorial-illustrator-eps-nucli-urba-1394x1536.jpg 1394w, https:\/\/www.bc-maps.com\/wp-content\/uploads\/2025\/02\/Guardiola-de-Bergueda-mapa-vectorial-illustrator-eps-nucli-urba.jpg 1488w\" sizes=\"auto, (max-width: 272px) 100vw, 272px\" \/><\/a><figcaption id=\"caption-attachment-7426\" class=\"wp-caption-text\">Guardiola de Bergued\u00e0 mapa vectorial illustrator eps nucli urb\u00e0<\/figcaption><\/figure>\n<p>Un exemple d&#8217;un mapa d&#8217;un municipi<\/p>\n<figure id=\"attachment_7425\" aria-describedby=\"caption-attachment-7425\" style=\"width: 261px\" class=\"wp-caption alignnone\"><a href=\"https:\/\/www.bc-maps.com\/wp-content\/uploads\/2025\/02\/Guardiola-de-Bergueda-mapa-vectorial-illustrator-eps-municipi.jpg\" target=\"_blank\" rel=\"noopener\"><img loading=\"lazy\" decoding=\"async\" class=\"wp-image-7425 \" title=\"Guardiola de Bergued\u00e0 mapa vectorial illustrator eps municipi\" src=\"https:\/\/www.bc-maps.com\/wp-content\/uploads\/2025\/02\/Guardiola-de-Bergueda-mapa-vectorial-illustrator-eps-municipi-212x300.jpg\" alt=\"Guardiola de Bergued\u00e0 mapa vectorial illustrator eps municipi\" width=\"261\" height=\"369\" srcset=\"https:\/\/www.bc-maps.com\/wp-content\/uploads\/2025\/02\/Guardiola-de-Bergueda-mapa-vectorial-illustrator-eps-municipi-212x300.jpg 212w, https:\/\/www.bc-maps.com\/wp-content\/uploads\/2025\/02\/Guardiola-de-Bergueda-mapa-vectorial-illustrator-eps-municipi-724x1024.jpg 724w, https:\/\/www.bc-maps.com\/wp-content\/uploads\/2025\/02\/Guardiola-de-Bergueda-mapa-vectorial-illustrator-eps-municipi-768x1086.jpg 768w, https:\/\/www.bc-maps.com\/wp-content\/uploads\/2025\/02\/Guardiola-de-Bergueda-mapa-vectorial-illustrator-eps-municipi.jpg 1002w\" sizes=\"auto, (max-width: 261px) 100vw, 261px\" \/><\/a><figcaption id=\"caption-attachment-7425\" class=\"wp-caption-text\">Guardiola de Bergued\u00e0 mapa vectorial illustrator<\/figcaption><\/figure>\n<p>Tamb\u00e9 podem elaborar un tipus de mapa m\u00e9s complert, amb simbologia, com aquest exemple de la Conca de Barber\u00e0.<\/p>\n<figure id=\"attachment_7129\" aria-describedby=\"caption-attachment-7129\" style=\"width: 381px\" class=\"wp-caption alignnone\"><a href=\"https:\/\/www.bc-maps.com\/wp-content\/uploads\/2025\/01\/Conca-de-Barbera-illustrator-mapa-vectorial-eps.jpg\" target=\"_blank\" rel=\"noopener\"><img loading=\"lazy\" decoding=\"async\" class=\"wp-image-7129\" title=\"Conca de Barbera illustrator mapa vectorial eps\" src=\"https:\/\/www.bc-maps.com\/wp-content\/uploads\/2025\/01\/Conca-de-Barbera-illustrator-mapa-vectorial-eps-300x212.jpg\" alt=\"Conca de Barbera illustrator mapa vectorial eps\" width=\"381\" height=\"269\" srcset=\"https:\/\/www.bc-maps.com\/wp-content\/uploads\/2025\/01\/Conca-de-Barbera-illustrator-mapa-vectorial-eps-300x212.jpg 300w, https:\/\/www.bc-maps.com\/wp-content\/uploads\/2025\/01\/Conca-de-Barbera-illustrator-mapa-vectorial-eps-1024x724.jpg 1024w, https:\/\/www.bc-maps.com\/wp-content\/uploads\/2025\/01\/Conca-de-Barbera-illustrator-mapa-vectorial-eps-768x543.jpg 768w, https:\/\/www.bc-maps.com\/wp-content\/uploads\/2025\/01\/Conca-de-Barbera-illustrator-mapa-vectorial-eps-1536x1086.jpg 1536w, https:\/\/www.bc-maps.com\/wp-content\/uploads\/2025\/01\/Conca-de-Barbera-illustrator-mapa-vectorial-eps.jpg 1754w\" sizes=\"auto, (max-width: 381px) 100vw, 381px\" \/><\/a><figcaption id=\"caption-attachment-7129\" class=\"wp-caption-text\">Conca de Barbera illustrator mapa vectorial eps<\/figcaption><\/figure>\n<h4 style=\"font-weight: 400;\"><strong>Municipis de la comarca del Bergued\u00e0<\/strong><\/h4>\n<p style=\"font-weight: 400;\">Avi\u00e0, Bag\u00e0, Berga, Borred\u00e0, Capolat, Casserres, Castell de l&#8217;Areny, Castellar de n&#8217;Hug, Castellar del Riu, Cercs, l\u2019Espunyola, F\u00edgols, Gironella, Gisclareny, G\u00f3sol, <a href=\"https:\/\/www.bc-maps.com\/mapa-vectorial-eps\/cat-mapa-guardiola-de-bergueda-vectorial-illustrator-eps-catalunya\/\" target=\"_blank\" rel=\"noopener\">Guardiola de Bergued\u00e0<\/a>, Montclar, Montmajor, la Nou de Bergued\u00e0, Olvan, la Pobla de Lillet, Puig-reig, la Quar, Sag\u00e0s, Saldes, Sant Jaume de Frontany\u00e0, Sant Juli\u00e0 de Cerdanyola, Santa Maria de Merl\u00e8s, Vallcebre, Vilada, Viver i Serrateix<\/p>\n<p>Els mapes es lliuren en formats editables com \u00a0<a href=\"http:\/\/www.adobe.es\">illustrator<\/a>, eps<\/p>\n<h5><strong>Caracter\u00edstiques t\u00e8cniques:<\/strong><\/h5>\n<p>1. Escalabilitat: Els mapes vectorials s\u00f3n escalables, cosa que significa que es poden ampliar o reduir sense perdre qualitat.<\/p>\n<p>2. Capes i atributs: Un mapa vectorial pot contenir diferents capes que representen diferents tipus d&#8217;informaci\u00f3, com a carreteres, rius, edificis, \u00e0rees verdes, entre altres.<\/p>\n<p>3. Edici\u00f3 i personalitzaci\u00f3: Els mapes vectorials s\u00f3n editables, la qual cosa permet agregar, eliminar o modificar elements segons les necessitats de l&#8217;usuari. Tamb\u00e9 es poden personalitzar mitjan\u00e7ant la selecci\u00f3 de colors, estils de l\u00ednia i s\u00edmbols.<\/p>\n<p>4. Compatibilitat: Els mapes vectorials solen estar disponibles en formats est\u00e0ndard, com SVG (Scalable Vector Graphics), AI (Adobe Illustrator), EPS (Encapsulated PostScript) o DXF(Drawing Exchange Format), la qual cosa permet la seva visualitzaci\u00f3 i edici\u00f3 en diferent programari de disseny i cartografia.<\/p>\n<h6><\/h6>\n<h1 style=\"text-align: center;\"><\/h1>\n","protected":false},"excerpt":{"rendered":"<p>Pl\u00e0nols vectorials i editables de municipis de la comarca del Bergued\u00e0 Mapes de comarques de Catalunya en format ai o eps Elaborem qualsevol mena de mapa de la comarca del Bages, Catalunya, tant en format vectorial com impr\u00e8s, totalment personalitzats i adaptats a les seves necessitats. Mapes de carreteres, de nuclis urbans, urbanitzacions, rutes.. Etc &hellip; <a href=\"https:\/\/www.bc-maps.com\/mapa-vectorial-eps\/cat-mapa-bergueda-vectorial-illustrator-eps-comarca-catalunya\/\" class=\"more-link\">Seguir leyendo <span class=\"screen-reader-text\">Bergued\u00e0 mapa vectorial de la comarca en illustrator eps<\/span> <span class=\"meta-nav\">&rarr;<\/span><\/a><\/p>\n","protected":false},"author":1,"featured_media":7272,"parent":0,"menu_order":0,"comment_status":"closed","ping_status":"closed","template":"","meta":{"footnotes":""},"class_list":["post-7269","page","type-page","status-publish","has-post-thumbnail","hentry"],"_links":{"self":[{"href":"https:\/\/www.bc-maps.com\/mapa-vectorial-eps\/wp-json\/wp\/v2\/pages\/7269","targetHints":{"allow":["GET"]}}],"collection":[{"href":"https:\/\/www.bc-maps.com\/mapa-vectorial-eps\/wp-json\/wp\/v2\/pages"}],"about":[{"href":"https:\/\/www.bc-maps.com\/mapa-vectorial-eps\/wp-json\/wp\/v2\/types\/page"}],"author":[{"embeddable":true,"href":"https:\/\/www.bc-maps.com\/mapa-vectorial-eps\/wp-json\/wp\/v2\/users\/1"}],"replies":[{"embeddable":true,"href":"https:\/\/www.bc-maps.com\/mapa-vectorial-eps\/wp-json\/wp\/v2\/comments?post=7269"}],"version-history":[{"count":3,"href":"https:\/\/www.bc-maps.com\/mapa-vectorial-eps\/wp-json\/wp\/v2\/pages\/7269\/revisions"}],"predecessor-version":[{"id":7486,"href":"https:\/\/www.bc-maps.com\/mapa-vectorial-eps\/wp-json\/wp\/v2\/pages\/7269\/revisions\/7486"}],"wp:featuredmedia":[{"embeddable":true,"href":"https:\/\/www.bc-maps.com\/mapa-vectorial-eps\/wp-json\/wp\/v2\/media\/7272"}],"wp:attachment":[{"href":"https:\/\/www.bc-maps.com\/mapa-vectorial-eps\/wp-json\/wp\/v2\/media?parent=7269"}],"curies":[{"name":"wp","href":"https:\/\/api.w.org\/{rel}","templated":true}]}}