{"id":7256,"date":"2025-12-22T10:20:43","date_gmt":"2025-12-22T10:20:43","guid":{"rendered":"https:\/\/www.bc-maps.com\/mapa-vectorial-eps\/cat-mapa-baix-emporda-vectorial-illustrator-eps-comarca-catalunya-3\/"},"modified":"2025-12-22T16:27:10","modified_gmt":"2025-12-22T16:27:10","slug":"cat-mapa-baix-penedes-vectorial-illustrator-eps-comarca-catalunya","status":"publish","type":"page","link":"https:\/\/www.bc-maps.com\/mapa-vectorial-eps\/cat-mapa-baix-penedes-vectorial-illustrator-eps-comarca-catalunya\/","title":{"rendered":"Baix Pened\u00e8s mapa vectorial de la comarca en illustrator eps"},"content":{"rendered":"<h1>Pl\u00e0nols vectorials i editables de municipis de la comarca del Baix Pened\u00e8s<\/h1>\n<h2>Mapes de comarques de Catalunya en format ai o eps<\/h2>\n<p data-pm-slice=\"1 1 []\">Elaborem qualsevol mena de mapa de la comarca del Baix Pened\u00e8s Catalunya, tant en format vectorial com impr\u00e8s, totalment personalitzats i adaptats a les seves necessitats.<\/p>\n<p data-pm-slice=\"1 1 []\">Mapes de carreteres, de nuclis urbans, urbanitzacions, rutes.. Etc<\/p>\n<h4><strong>Mapes vectorials del Baix Pened\u00e8s :<\/strong><\/h4>\n<figure id=\"attachment_8338\" aria-describedby=\"caption-attachment-8338\" style=\"width: 300px\" class=\"wp-caption aligncenter\"><a title=\"Mapa Baix Penedes vectorial illustrator eps mural\" href=\"https:\/\/www.bc-maps.com\/wp-content\/uploads\/2025\/12\/Mapa-Baix-Penedes-vectorial-illustrator-eps-mural.jpg\" target=\"_blank\" rel=\"noopener\"><img loading=\"lazy\" decoding=\"async\" class=\"size-medium wp-image-8338\" src=\"https:\/\/www.bc-maps.com\/wp-content\/uploads\/2025\/12\/Mapa-Baix-Penedes-vectorial-illustrator-eps-mural-300x238.jpg\" alt=\"Mapa Baix Penedes vectorial illustrator eps mural\" width=\"300\" height=\"238\" srcset=\"https:\/\/www.bc-maps.com\/wp-content\/uploads\/2025\/12\/Mapa-Baix-Penedes-vectorial-illustrator-eps-mural-300x238.jpg 300w, https:\/\/www.bc-maps.com\/wp-content\/uploads\/2025\/12\/Mapa-Baix-Penedes-vectorial-illustrator-eps-mural-1024x813.jpg 1024w, https:\/\/www.bc-maps.com\/wp-content\/uploads\/2025\/12\/Mapa-Baix-Penedes-vectorial-illustrator-eps-mural-768x610.jpg 768w, https:\/\/www.bc-maps.com\/wp-content\/uploads\/2025\/12\/Mapa-Baix-Penedes-vectorial-illustrator-eps-mural-1536x1220.jpg 1536w, https:\/\/www.bc-maps.com\/wp-content\/uploads\/2025\/12\/Mapa-Baix-Penedes-vectorial-illustrator-eps-mural.jpg 1701w\" sizes=\"auto, (max-width: 300px) 100vw, 300px\" \/><\/a><figcaption id=\"caption-attachment-8338\" class=\"wp-caption-text\">Mapa Baix Penedes vectorial illustrator eps mural<\/figcaption><\/figure>\n<p>Una mostra d&#8217;un mapa b\u00e0sic amb la divisi\u00f3 municipal i carreteres principals.<\/p>\n<figure id=\"attachment_7262\" aria-describedby=\"caption-attachment-7262\" style=\"width: 240px\" class=\"wp-caption alignnone\"><a href=\"https:\/\/www.bc-maps.com\/wp-content\/uploads\/2025\/02\/comarca-Baix-Penedes-mapa-vectorial-illustrator-eps-municipis.jpg\" target=\"_blank\" rel=\"noopener\"><img loading=\"lazy\" decoding=\"async\" class=\"wp-image-7262 size-medium\" title=\"Comarca Baix Pened\u00e8s mapa vectorial illustrator eps municipis\" src=\"https:\/\/www.bc-maps.com\/wp-content\/uploads\/2025\/02\/comarca-Baix-Penedes-mapa-vectorial-illustrator-eps-municipis-240x300.jpg\" alt=\"Comarca Baix Pened\u00e8s mapa vectorial illustrator eps municipis\" width=\"240\" height=\"300\" srcset=\"https:\/\/www.bc-maps.com\/wp-content\/uploads\/2025\/02\/comarca-Baix-Penedes-mapa-vectorial-illustrator-eps-municipis-240x300.jpg 240w, https:\/\/www.bc-maps.com\/wp-content\/uploads\/2025\/02\/comarca-Baix-Penedes-mapa-vectorial-illustrator-eps-municipis.jpg 767w\" sizes=\"auto, (max-width: 240px) 100vw, 240px\" \/><\/a><figcaption id=\"caption-attachment-7262\" class=\"wp-caption-text\">Comarca Baix Pened\u00e8s mapa vectorial illustrator eps municipis<\/figcaption><\/figure>\n<p>Un exemple d&#8217;un pl\u00e0nol d&#8217;un nucli urb\u00e0, Sentmenat Comarca del Vall\u00e8s Occidental<\/p>\n<figure id=\"attachment_7052\" aria-describedby=\"caption-attachment-7052\" style=\"width: 300px\" class=\"wp-caption alignnone\"><a href=\"https:\/\/www.bc-maps.com\/wp-content\/uploads\/2025\/01\/Planol-Nucli-urba-Sentemenat.jpg\" target=\"_blank\" rel=\"noopener\"><img loading=\"lazy\" decoding=\"async\" class=\"wp-image-7052 size-medium\" title=\"Mapa vectorial Sentmenat illustrator eps\" src=\"https:\/\/www.bc-maps.com\/wp-content\/uploads\/2025\/01\/Planol-Nucli-urba-Sentemenat-300x212.jpg\" alt=\"Mapa vectorial Sentmenat illustrator eps\" width=\"300\" height=\"212\" srcset=\"https:\/\/www.bc-maps.com\/wp-content\/uploads\/2025\/01\/Planol-Nucli-urba-Sentemenat-300x212.jpg 300w, https:\/\/www.bc-maps.com\/wp-content\/uploads\/2025\/01\/Planol-Nucli-urba-Sentemenat-1024x725.jpg 1024w, https:\/\/www.bc-maps.com\/wp-content\/uploads\/2025\/01\/Planol-Nucli-urba-Sentemenat-768x543.jpg 768w, https:\/\/www.bc-maps.com\/wp-content\/uploads\/2025\/01\/Planol-Nucli-urba-Sentemenat-1536x1087.jpg 1536w, https:\/\/www.bc-maps.com\/wp-content\/uploads\/2025\/01\/Planol-Nucli-urba-Sentemenat.jpg 1587w\" sizes=\"auto, (max-width: 300px) 100vw, 300px\" \/><\/a><figcaption id=\"caption-attachment-7052\" class=\"wp-caption-text\">Mapa vectorial Sentmenat illustrator eps<\/figcaption><\/figure>\n<p>Un exemple d&#8217;un mapa d&#8217;un municipi, Bellcaire d&#8217;Empord\u00e0, comarca del Baix Empord\u00e0<\/p>\n<figure id=\"attachment_5227\" aria-describedby=\"caption-attachment-5227\" style=\"width: 300px\" class=\"wp-caption alignnone\"><a href=\"https:\/\/www.bc-maps.com\/wp-content\/uploads\/2023\/04\/Bellcaire-dEmporda-planol-ajuntament-cara-B.jpg\" target=\"_blank\" rel=\"noopener\"><img loading=\"lazy\" decoding=\"async\" class=\"wp-image-5227 size-medium\" title=\"Bellcaire d'Emporda ajuntament mapa municipi\" src=\"https:\/\/www.bc-maps.com\/wp-content\/uploads\/2023\/04\/Bellcaire-dEmporda-planol-ajuntament-cara-B-300x208.jpg\" alt=\"Bellcaire d'Emporda ajuntament mapa municipi\" width=\"300\" height=\"208\" srcset=\"https:\/\/www.bc-maps.com\/wp-content\/uploads\/2023\/04\/Bellcaire-dEmporda-planol-ajuntament-cara-B-300x208.jpg 300w, https:\/\/www.bc-maps.com\/wp-content\/uploads\/2023\/04\/Bellcaire-dEmporda-planol-ajuntament-cara-B-1024x711.jpg 1024w, https:\/\/www.bc-maps.com\/wp-content\/uploads\/2023\/04\/Bellcaire-dEmporda-planol-ajuntament-cara-B-768x534.jpg 768w, https:\/\/www.bc-maps.com\/wp-content\/uploads\/2023\/04\/Bellcaire-dEmporda-planol-ajuntament-cara-B-1536x1067.jpg 1536w, https:\/\/www.bc-maps.com\/wp-content\/uploads\/2023\/04\/Bellcaire-dEmporda-planol-ajuntament-cara-B.jpg 1772w\" sizes=\"auto, (max-width: 300px) 100vw, 300px\" \/><\/a><figcaption id=\"caption-attachment-5227\" class=\"wp-caption-text\">Bellcaire d&#8217;Emporda ajuntament mapa municipi<\/figcaption><\/figure>\n<p>Tamb\u00e9 podem elaborar un tipus de mapa m\u00e9s complert, amb simbologia, com aquest exemple de la Conca de Barber\u00e0.<\/p>\n<figure id=\"attachment_7129\" aria-describedby=\"caption-attachment-7129\" style=\"width: 381px\" class=\"wp-caption alignnone\"><a href=\"https:\/\/www.bc-maps.com\/wp-content\/uploads\/2025\/01\/Conca-de-Barbera-illustrator-mapa-vectorial-eps.jpg\" target=\"_blank\" rel=\"noopener\"><img loading=\"lazy\" decoding=\"async\" class=\"wp-image-7129\" title=\"Conca de Barbera illustrator mapa vectorial eps\" src=\"https:\/\/www.bc-maps.com\/wp-content\/uploads\/2025\/01\/Conca-de-Barbera-illustrator-mapa-vectorial-eps-300x212.jpg\" alt=\"Conca de Barbera illustrator mapa vectorial eps\" width=\"381\" height=\"269\" srcset=\"https:\/\/www.bc-maps.com\/wp-content\/uploads\/2025\/01\/Conca-de-Barbera-illustrator-mapa-vectorial-eps-300x212.jpg 300w, https:\/\/www.bc-maps.com\/wp-content\/uploads\/2025\/01\/Conca-de-Barbera-illustrator-mapa-vectorial-eps-1024x724.jpg 1024w, https:\/\/www.bc-maps.com\/wp-content\/uploads\/2025\/01\/Conca-de-Barbera-illustrator-mapa-vectorial-eps-768x543.jpg 768w, https:\/\/www.bc-maps.com\/wp-content\/uploads\/2025\/01\/Conca-de-Barbera-illustrator-mapa-vectorial-eps-1536x1086.jpg 1536w, https:\/\/www.bc-maps.com\/wp-content\/uploads\/2025\/01\/Conca-de-Barbera-illustrator-mapa-vectorial-eps.jpg 1754w\" sizes=\"auto, (max-width: 381px) 100vw, 381px\" \/><\/a><figcaption id=\"caption-attachment-7129\" class=\"wp-caption-text\">Conca de Barbera illustrator mapa vectorial eps<\/figcaption><\/figure>\n<h4 style=\"font-weight: 400;\"><strong>Municipis de la comarca del Baix Pened\u00e8s<\/strong><\/h4>\n<p style=\"font-weight: 400;\">Albinyana, l\u2019Arbo\u00e7, Banyeres del Pened\u00e8s, Bellvei, la Bisbal del Pened\u00e8s, Bonastre, Calafell, Cunit, Lloren\u00e7 del Pened\u00e8s, Maslloren\u00e7, el Montmell, Sant Jaume dels Domenys, Santa Oliva, el Vendrell<\/p>\n<p>Els mapes es lliuren en formats editables com \u00a0<a href=\"http:\/\/www.adobe.es\">illustrator<\/a>, eps<\/p>\n<h5><strong>Caracter\u00edstiques t\u00e8cniques:<\/strong><\/h5>\n<p>1. Escalabilitat: Els mapes vectorials s\u00f3n escalables, cosa que significa que es poden ampliar o reduir sense perdre qualitat.<\/p>\n<p>2. Capes i atributs: Un mapa vectorial pot contenir diferents capes que representen diferents tipus d&#8217;informaci\u00f3, com a carreteres, rius, edificis, \u00e0rees verdes, entre altres.<\/p>\n<p>3. Edici\u00f3 i personalitzaci\u00f3: Els mapes vectorials s\u00f3n editables, la qual cosa permet agregar, eliminar o modificar elements segons les necessitats de l&#8217;usuari. Tamb\u00e9 es poden personalitzar mitjan\u00e7ant la selecci\u00f3 de colors, estils de l\u00ednia i s\u00edmbols.<\/p>\n<p>4. Compatibilitat: Els mapes vectorials solen estar disponibles en formats est\u00e0ndard, com SVG (Scalable Vector Graphics), AI (Adobe Illustrator), EPS (Encapsulated PostScript) o DXF(Drawing Exchange Format), la qual cosa permet la seva visualitzaci\u00f3 i edici\u00f3 en diferent programari de disseny i cartografia.<\/p>\n<h6><\/h6>\n<h1 style=\"text-align: center;\"><\/h1>\n","protected":false},"excerpt":{"rendered":"<p>Pl\u00e0nols vectorials i editables de municipis de la comarca del Baix Pened\u00e8s Mapes de comarques de Catalunya en format ai o eps Elaborem qualsevol mena de mapa de la comarca del Baix Pened\u00e8s Catalunya, tant en format vectorial com impr\u00e8s, totalment personalitzats i adaptats a les seves necessitats. Mapes de carreteres, de nuclis urbans, urbanitzacions, &hellip; <a href=\"https:\/\/www.bc-maps.com\/mapa-vectorial-eps\/cat-mapa-baix-penedes-vectorial-illustrator-eps-comarca-catalunya\/\" class=\"more-link\">Seguir leyendo <span class=\"screen-reader-text\">Baix Pened\u00e8s mapa vectorial de la comarca en illustrator eps<\/span> <span class=\"meta-nav\">&rarr;<\/span><\/a><\/p>\n","protected":false},"author":1,"featured_media":8338,"parent":0,"menu_order":0,"comment_status":"closed","ping_status":"closed","template":"","meta":{"footnotes":""},"class_list":["post-7256","page","type-page","status-publish","has-post-thumbnail","hentry"],"_links":{"self":[{"href":"https:\/\/www.bc-maps.com\/mapa-vectorial-eps\/wp-json\/wp\/v2\/pages\/7256","targetHints":{"allow":["GET"]}}],"collection":[{"href":"https:\/\/www.bc-maps.com\/mapa-vectorial-eps\/wp-json\/wp\/v2\/pages"}],"about":[{"href":"https:\/\/www.bc-maps.com\/mapa-vectorial-eps\/wp-json\/wp\/v2\/types\/page"}],"author":[{"embeddable":true,"href":"https:\/\/www.bc-maps.com\/mapa-vectorial-eps\/wp-json\/wp\/v2\/users\/1"}],"replies":[{"embeddable":true,"href":"https:\/\/www.bc-maps.com\/mapa-vectorial-eps\/wp-json\/wp\/v2\/comments?post=7256"}],"version-history":[{"count":3,"href":"https:\/\/www.bc-maps.com\/mapa-vectorial-eps\/wp-json\/wp\/v2\/pages\/7256\/revisions"}],"predecessor-version":[{"id":8340,"href":"https:\/\/www.bc-maps.com\/mapa-vectorial-eps\/wp-json\/wp\/v2\/pages\/7256\/revisions\/8340"}],"wp:featuredmedia":[{"embeddable":true,"href":"https:\/\/www.bc-maps.com\/mapa-vectorial-eps\/wp-json\/wp\/v2\/media\/8338"}],"wp:attachment":[{"href":"https:\/\/www.bc-maps.com\/mapa-vectorial-eps\/wp-json\/wp\/v2\/media?parent=7256"}],"curies":[{"name":"wp","href":"https:\/\/api.w.org\/{rel}","templated":true}]}}