{"id":725,"date":"2012-05-21T16:00:50","date_gmt":"2012-05-21T16:00:50","guid":{"rendered":"http:\/\/www.bc-maps.com\/mapa-vectorial-eps\/"},"modified":"2024-12-04T05:25:17","modified_gmt":"2024-12-04T05:25:17","slug":"america-illustrator","status":"publish","type":"page","link":"https:\/\/www.bc-maps.com\/mapa-vectorial-eps\/america-illustrator\/","title":{"rendered":"America"},"content":{"rendered":"<h1>Mapa Norteamerica, Centroamerica, Caribe y Sudamerica Vectorial Eps y Cartografia digital.<\/h1>\n<h2>Am\u00e9rica, mapas vectorizados.<\/h2>\n<h3>Mapas Vectoriales editables de pa\u00edses de Am\u00e9rica<\/h3>\n<p>BC Maps elabora su cartograf\u00eda adapt\u00e1ndose a la necesidad de cada cliente.<\/p>\n<p>Un <strong>mapa vectorial en illustrator eps<\/strong> de <strong>Am\u00e9rica<\/strong>es un archivo digital que representa gr\u00e1ficamente la geograf\u00eda, la infraestructura y otros elementos geoespaciales del continente en forma de vectores.<\/p>\n<p>Los mapas se entregan en formatos editables <strong><a href=\"http:\/\/www.adobe.es\">adobe<\/a> illustrator, eps<\/strong><\/p>\n<p>Estas son algunas de las caracter\u00edsticas comunes de un mapa vectorial:<\/p>\n<p>1. Escalabilidad: Los mapas vectoriales son escalables, lo que significa que se pueden ampliar o reducir sin perder calidad.<\/p>\n<p>2. Geometr\u00eda precisa: Los elementos en un mapa vectorial se representan mediante formas geom\u00e9tricas, como l\u00edneas, puntos y pol\u00edgonos. Estas formas se definen matem\u00e1ticamente, lo que garantiza una representaci\u00f3n precisa de la geograf\u00eda y las caracter\u00edsticas del terreno.<\/p>\n<p>3. Capas y atributos: Un mapa vectorial puede contener diferentes capas que representan diferentes tipos de informaci\u00f3n, como carreteras, r\u00edos, edificios, \u00e1reas verdes, entre otros. .<\/p>\n<p>4. Edici\u00f3n y personalizaci\u00f3n: Los mapas vectoriales son editables, lo que permite agregar, eliminar o modificar elementos seg\u00fan las necesidades del usuario. Tambi\u00e9n se pueden personalizar mediante la selecci\u00f3n de colores, estilos de l\u00ednea y s\u00edmbolos.<\/p>\n<p>5. Compatibilidad: Los mapas vectoriales suelen estar disponibles en formatos est\u00e1ndar, como SVG (Scalable Vector Graphics), AI (Adobe Illustrator), EPS (Encapsulated PostScript) o DXF (Drawing Exchange Format), lo que permite su visualizaci\u00f3n y edici\u00f3n en diferentes software de dise\u00f1o y cartograf\u00eda.<\/p>\n<p>Estas caracter\u00edsticas hacen que los mapas vectoriales sean \u00fatiles para an\u00e1lisis espacial, planificaci\u00f3n urbana, navegaci\u00f3n, representaci\u00f3n cartogr\u00e1fica y otras aplicaciones donde la precisi\u00f3n y la flexibilidad son importantes.<a title=\"Mapa vectorial Sudamerica\" href=\"https:\/\/www.bc-maps.com\/mapa-vectorial-eps\/wp-content\/uploads\/2012\/05\/SUDAMERICA.jpg\" target=\"_self\" rel=\"noopener\"><br \/>\n<\/a><\/p>\n<p><strong>Mapas vectoriales editables de NORTEAMERICA<\/strong><\/p>\n<p>Antigua y Barbuda, Bahamas, Barbados, Belice, Bolivia, Brasil, Canada, Chile, Colombia, Costa Rica, Cuba, Dominica, Ecuador, El Salvador, Estados Unidos<\/p>\n<p>Granada, Guatemala, Guyana, Hait\u00ed, Honduras, Jamaica, Mexico, Nicaragua, Panama, Paraguay, Per\u00fa, Rep\u00fablica Dominicana, San Cristobal y Nieves, San Vicente y las Granadinas, Santa Luc\u00eda, Surinam.<\/p>\n<p><strong>Mapas vectoriales de ciudades de AMERICA<\/strong><\/p>\n<p><strong>NORTEAMERICA<\/strong><\/p>\n<p>Dallas, Las Vegas, Los Angeles, Miami, Montreal, New York, Otawa, San Francisco, Toronto, Washington.<\/p>\n<p><strong>CENTROAMERICA, CARIBE Y SUDAMERICA<\/strong><\/p>\n<p>Asunci\u00f3n, Belmopan, Bogota, Brasilia, Cali, Callao, Cancun, Caracas, <a href=\"https:\/\/www.bc-maps.com\/mapa-vectorial-eps\/cartagena-de-indias-ilustrator\/\">Cartagena de Indias<\/a>, Curitiba,DF, Guadalajara,\u00a0 Guayaquil, La Habana, La Paz, Lima, Managua, Medellin, Monterrey, Montreal, Montevideo, <a href=\"https:\/\/www.bc-maps.com\/mapa-vectorial-eps\/new-york-ilustrator\/\">New York<\/a>, Pananaribo, Puerto Principe, Quito, Recife, <a href=\"https:\/\/www.bc-maps.com\/mapa-vectorial-eps\/illustrator-rio-de-janeiro\/\">Rio de Janeiro<\/a>, San Jose, San Salvador, Santiago, Santo Domingo, Sucre, Tegucigalpa,\u00a0 Valparaiso,<\/p>\n<figure id=\"attachment_2884\" aria-describedby=\"caption-attachment-2884\" style=\"width: 228px\" class=\"wp-caption alignnone\"><a href=\"http:\/\/www.bc-maps.com\/wp-content\/uploads\/2012\/05\/NORTEAMERICA-1.jpg\" target=\"_blank\" rel=\"noopener noreferrer\"><img loading=\"lazy\" decoding=\"async\" class=\"wp-image-2884 size-medium\" title=\"Norteamerica mapa vectorial illustrator eps\" src=\"http:\/\/www.bc-maps.com\/wp-content\/uploads\/2012\/05\/NORTEAMERICA-1-228x300.jpg\" alt=\"Norteamerica mapa vectorial illustrator eps\" width=\"228\" height=\"300\" srcset=\"https:\/\/www.bc-maps.com\/wp-content\/uploads\/2012\/05\/NORTEAMERICA-1-228x300.jpg 228w, https:\/\/www.bc-maps.com\/wp-content\/uploads\/2012\/05\/NORTEAMERICA-1-768x1012.jpg 768w, https:\/\/www.bc-maps.com\/wp-content\/uploads\/2012\/05\/NORTEAMERICA-1-777x1024.jpg 777w, https:\/\/www.bc-maps.com\/wp-content\/uploads\/2012\/05\/NORTEAMERICA-1.jpg 854w\" sizes=\"auto, (max-width: 228px) 100vw, 228px\" \/><\/a><figcaption id=\"caption-attachment-2884\" class=\"wp-caption-text\">Norteamerica mapa vectorial illustrator eps<\/figcaption><\/figure>\n<figure id=\"attachment_2882\" aria-describedby=\"caption-attachment-2882\" style=\"width: 228px\" class=\"wp-caption alignnone\"><a href=\"http:\/\/www.bc-maps.com\/wp-content\/uploads\/2012\/05\/SUDAMERICA-1.jpg\" target=\"_blank\" rel=\"noopener noreferrer\"><img loading=\"lazy\" decoding=\"async\" class=\"wp-image-2882 size-medium\" title=\"Sudamerica mapa vectorial illustrator eps\" src=\"http:\/\/www.bc-maps.com\/wp-content\/uploads\/2012\/05\/SUDAMERICA-1-228x300.jpg\" alt=\"Sudamerica mapa vectorial illustrator eps\" width=\"228\" height=\"300\" srcset=\"https:\/\/www.bc-maps.com\/wp-content\/uploads\/2012\/05\/SUDAMERICA-1-228x300.jpg 228w, https:\/\/www.bc-maps.com\/wp-content\/uploads\/2012\/05\/SUDAMERICA-1-768x1010.jpg 768w, https:\/\/www.bc-maps.com\/wp-content\/uploads\/2012\/05\/SUDAMERICA-1-779x1024.jpg 779w, https:\/\/www.bc-maps.com\/wp-content\/uploads\/2012\/05\/SUDAMERICA-1.jpg 854w\" sizes=\"auto, (max-width: 228px) 100vw, 228px\" \/><\/a><figcaption id=\"caption-attachment-2882\" class=\"wp-caption-text\">Sudamerica mapa vectorial illustrator eps<\/figcaption><\/figure>\n<figure id=\"attachment_2880\" aria-describedby=\"caption-attachment-2880\" style=\"width: 300px\" class=\"wp-caption alignnone\"><a href=\"http:\/\/www.bc-maps.com\/wp-content\/uploads\/2012\/05\/CARIBE-LE-1.jpg\" target=\"_blank\" rel=\"noopener noreferrer\"><img loading=\"lazy\" decoding=\"async\" class=\"wp-image-2880 size-medium\" title=\"Caribe mapa vectorial illustrator eps\" src=\"http:\/\/www.bc-maps.com\/wp-content\/uploads\/2012\/05\/CARIBE-LE-1-300x214.jpg\" alt=\"Caribe mapa vectorial illustrator eps\" width=\"300\" height=\"214\" srcset=\"https:\/\/www.bc-maps.com\/wp-content\/uploads\/2012\/05\/CARIBE-LE-1-300x214.jpg 300w, https:\/\/www.bc-maps.com\/wp-content\/uploads\/2012\/05\/CARIBE-LE-1-768x547.jpg 768w, https:\/\/www.bc-maps.com\/wp-content\/uploads\/2012\/05\/CARIBE-LE-1.jpg 861w\" sizes=\"auto, (max-width: 300px) 100vw, 300px\" \/><\/a><figcaption id=\"caption-attachment-2880\" class=\"wp-caption-text\">Caribe mapa vectorial illustrator eps<\/figcaption><\/figure>\n<p>El contenido depender\u00e1 del tama\u00f1o de la zona y la escala o medidas de reproducci\u00f3n, no trabajamos con textos inferiores a 5 puntos para que sean legibles.<\/p>\n<p>La informaci\u00f3n disponible va desde\u00a0monumentos, lugares de inter\u00e9s y populares, museos, oficinas de turismo, centros comerciales, medios de transporte.<\/p>\n<p>Tambi\u00e9n podemos a\u00f1adir cualquier otra informaci\u00f3n pr\u00e1ctica que nos soliciten ustedes.<\/p>\n<p>Nuestros mapas est\u00e1n estructurados por medio de capas y son totalmente editables, modificables, \u00a0tanto \u00a0colores y\u00a0fuentes\/textos.<\/p>\n<p>Nuestro ficheros\u00a0son libres de derechos para cualquier reproducci\u00f3n, incluyendo nuestro copyright.<\/p>\n<p>Los maps\u00a0est\u00e1n creados con licencias oficiales de programas de Adobe, habitualmente entregamos en version CC, pero podemos entregar tambi\u00e9n en otras versiones.<\/p>\n","protected":false},"excerpt":{"rendered":"<p>Mapa Norteamerica, Centroamerica, Caribe y Sudamerica Vectorial Eps y Cartografia digital. Am\u00e9rica, mapas vectorizados. Mapas Vectoriales editables de pa\u00edses de Am\u00e9rica BC Maps elabora su cartograf\u00eda adapt\u00e1ndose a la necesidad de cada cliente. Un mapa vectorial en illustrator eps de Am\u00e9ricaes un archivo digital que representa gr\u00e1ficamente la geograf\u00eda, la infraestructura y otros elementos geoespaciales &hellip; <a href=\"https:\/\/www.bc-maps.com\/mapa-vectorial-eps\/america-illustrator\/\" class=\"more-link\">Seguir leyendo <span class=\"screen-reader-text\">America<\/span> <span class=\"meta-nav\">&rarr;<\/span><\/a><\/p>\n","protected":false},"author":1,"featured_media":2884,"parent":0,"menu_order":0,"comment_status":"closed","ping_status":"closed","template":"","meta":{"footnotes":""},"class_list":["post-725","page","type-page","status-publish","has-post-thumbnail","hentry"],"_links":{"self":[{"href":"https:\/\/www.bc-maps.com\/mapa-vectorial-eps\/wp-json\/wp\/v2\/pages\/725","targetHints":{"allow":["GET"]}}],"collection":[{"href":"https:\/\/www.bc-maps.com\/mapa-vectorial-eps\/wp-json\/wp\/v2\/pages"}],"about":[{"href":"https:\/\/www.bc-maps.com\/mapa-vectorial-eps\/wp-json\/wp\/v2\/types\/page"}],"author":[{"embeddable":true,"href":"https:\/\/www.bc-maps.com\/mapa-vectorial-eps\/wp-json\/wp\/v2\/users\/1"}],"replies":[{"embeddable":true,"href":"https:\/\/www.bc-maps.com\/mapa-vectorial-eps\/wp-json\/wp\/v2\/comments?post=725"}],"version-history":[{"count":9,"href":"https:\/\/www.bc-maps.com\/mapa-vectorial-eps\/wp-json\/wp\/v2\/pages\/725\/revisions"}],"predecessor-version":[{"id":7036,"href":"https:\/\/www.bc-maps.com\/mapa-vectorial-eps\/wp-json\/wp\/v2\/pages\/725\/revisions\/7036"}],"wp:featuredmedia":[{"embeddable":true,"href":"https:\/\/www.bc-maps.com\/mapa-vectorial-eps\/wp-json\/wp\/v2\/media\/2884"}],"wp:attachment":[{"href":"https:\/\/www.bc-maps.com\/mapa-vectorial-eps\/wp-json\/wp\/v2\/media?parent=725"}],"curies":[{"name":"wp","href":"https:\/\/api.w.org\/{rel}","templated":true}]}}