{"id":7240,"date":"2025-12-05T10:20:43","date_gmt":"2025-12-05T10:20:43","guid":{"rendered":"https:\/\/www.bc-maps.com\/mapa-vectorial-eps\/cat-mapa-alt-penedes-vectorial-illustrator-eps-comarca-catalunya-2\/"},"modified":"2025-12-22T13:00:48","modified_gmt":"2025-12-22T13:00:48","slug":"cat-mapa-baix-camp-vectorial-illustrator-eps-comarca-catalunya","status":"publish","type":"page","link":"https:\/\/www.bc-maps.com\/mapa-vectorial-eps\/cat-mapa-baix-camp-vectorial-illustrator-eps-comarca-catalunya\/","title":{"rendered":"Baix Camp mapa vectorial de la comarca en illustrator eps"},"content":{"rendered":"<h1>Pl\u00e0nols vectorials i editables de municipis de la comarca del Baix Camp<\/h1>\n<h2>Mapes de comarques de Catalunya en format ai o eps<\/h2>\n<p data-pm-slice=\"1 1 []\">Elaborem qualsevol mena de mapa de la comarca del Baix Camp Catalunya, tant en format vectorial com impr\u00e8s, totalment personalitzats i adaptats a les seves necessitats.<\/p>\n<p data-pm-slice=\"1 1 []\">Mapes de carreteres, de nuclis urbans, urbanitzacions, rutes.. Etc<\/p>\n<h4><strong>Mapes vectorials del Baix Camp\u00a0:<\/strong><\/h4>\n<p>Una mostra d&#8217;un mapa b\u00e0sic amb la divisi\u00f3 municipal i carreteres principals.<\/p>\n<figure id=\"attachment_8329\" aria-describedby=\"caption-attachment-8329\" style=\"width: 296px\" class=\"wp-caption aligncenter\"><a title=\"Mapa Baix Camp vectorial illustrator eps mural\" href=\"https:\/\/www.bc-maps.com\/wp-content\/uploads\/2025\/12\/Mapa-Baix-Camp-vectorial-illustrator-eps-mural.jpg\" target=\"_blank\" rel=\"noopener\"><img loading=\"lazy\" decoding=\"async\" class=\"size-medium wp-image-8329\" src=\"https:\/\/www.bc-maps.com\/wp-content\/uploads\/2025\/12\/Mapa-Baix-Camp-vectorial-illustrator-eps-mural-296x300.jpg\" alt=\"Mapa Baix Camp vectorial illustrator eps mural\" width=\"296\" height=\"300\" srcset=\"https:\/\/www.bc-maps.com\/wp-content\/uploads\/2025\/12\/Mapa-Baix-Camp-vectorial-illustrator-eps-mural-296x300.jpg 296w, https:\/\/www.bc-maps.com\/wp-content\/uploads\/2025\/12\/Mapa-Baix-Camp-vectorial-illustrator-eps-mural-1009x1024.jpg 1009w, https:\/\/www.bc-maps.com\/wp-content\/uploads\/2025\/12\/Mapa-Baix-Camp-vectorial-illustrator-eps-mural-768x779.jpg 768w, https:\/\/www.bc-maps.com\/wp-content\/uploads\/2025\/12\/Mapa-Baix-Camp-vectorial-illustrator-eps-mural-1514x1536.jpg 1514w, https:\/\/www.bc-maps.com\/wp-content\/uploads\/2025\/12\/Mapa-Baix-Camp-vectorial-illustrator-eps-mural.jpg 1701w\" sizes=\"auto, (max-width: 296px) 100vw, 296px\" \/><\/a><figcaption id=\"caption-attachment-8329\" class=\"wp-caption-text\">Mapa Baix Camp vectorial illustrator eps mural<\/figcaption><\/figure>\n<figure id=\"attachment_7243\" aria-describedby=\"caption-attachment-7243\" style=\"width: 334px\" class=\"wp-caption alignnone\"><a href=\"https:\/\/www.bc-maps.com\/wp-content\/uploads\/2025\/02\/comarca-Baix-Camp-mapa-vectorial-illustrator-eps-municipis.jpg\" target=\"_blank\" rel=\"noopener\"><img loading=\"lazy\" decoding=\"async\" class=\"wp-image-7243\" title=\"Comarca Baix Camp mapa vectorial illustrator eps municipis\" src=\"https:\/\/www.bc-maps.com\/wp-content\/uploads\/2025\/02\/comarca-Baix-Camp-mapa-vectorial-illustrator-eps-municipis-268x300.jpg\" alt=\"Comarca Baix Camp mapa vectorial illustrator eps municipis\" width=\"334\" height=\"374\" srcset=\"https:\/\/www.bc-maps.com\/wp-content\/uploads\/2025\/02\/comarca-Baix-Camp-mapa-vectorial-illustrator-eps-municipis-268x300.jpg 268w, https:\/\/www.bc-maps.com\/wp-content\/uploads\/2025\/02\/comarca-Baix-Camp-mapa-vectorial-illustrator-eps-municipis-915x1024.jpg 915w, https:\/\/www.bc-maps.com\/wp-content\/uploads\/2025\/02\/comarca-Baix-Camp-mapa-vectorial-illustrator-eps-municipis-768x860.jpg 768w, https:\/\/www.bc-maps.com\/wp-content\/uploads\/2025\/02\/comarca-Baix-Camp-mapa-vectorial-illustrator-eps-municipis-1372x1536.jpg 1372w, https:\/\/www.bc-maps.com\/wp-content\/uploads\/2025\/02\/comarca-Baix-Camp-mapa-vectorial-illustrator-eps-municipis.jpg 1407w\" sizes=\"auto, (max-width: 334px) 100vw, 334px\" \/><\/a><figcaption id=\"caption-attachment-7243\" class=\"wp-caption-text\">Comarca Baix Camp mapa vectorial illustrator eps municipis<\/figcaption><\/figure>\n<p>Un exemple d&#8217;un pl\u00e0nol d&#8217;un nucli urb\u00e0, Castellvell del Camp<\/p>\n<figure id=\"attachment_6156\" aria-describedby=\"caption-attachment-6156\" style=\"width: 300px\" class=\"wp-caption alignnone\"><a href=\"https:\/\/www.bc-maps.com\/wp-content\/uploads\/2024\/06\/Mapa-Ajuntament-de-Castellvell-del-Camp-1-scaled.jpg\" target=\"_blank\" rel=\"noopener\"><img loading=\"lazy\" decoding=\"async\" class=\"wp-image-6156 size-medium\" title=\"Mapa Ajuntament de Castellvell del Camp Nucli urb\u00e0\" src=\"https:\/\/www.bc-maps.com\/wp-content\/uploads\/2024\/06\/Mapa-Ajuntament-de-Castellvell-del-Camp-1-300x208.jpg\" alt=\"Mapa Ajuntament de Castellvell del Camp Nucli urb\u00e0\" width=\"300\" height=\"208\" srcset=\"https:\/\/www.bc-maps.com\/wp-content\/uploads\/2024\/06\/Mapa-Ajuntament-de-Castellvell-del-Camp-1-300x208.jpg 300w, https:\/\/www.bc-maps.com\/wp-content\/uploads\/2024\/06\/Mapa-Ajuntament-de-Castellvell-del-Camp-1-1024x711.jpg 1024w, https:\/\/www.bc-maps.com\/wp-content\/uploads\/2024\/06\/Mapa-Ajuntament-de-Castellvell-del-Camp-1-768x533.jpg 768w, https:\/\/www.bc-maps.com\/wp-content\/uploads\/2024\/06\/Mapa-Ajuntament-de-Castellvell-del-Camp-1-1536x1067.jpg 1536w, https:\/\/www.bc-maps.com\/wp-content\/uploads\/2024\/06\/Mapa-Ajuntament-de-Castellvell-del-Camp-1-2048x1423.jpg 2048w\" sizes=\"auto, (max-width: 300px) 100vw, 300px\" \/><\/a><figcaption id=\"caption-attachment-6156\" class=\"wp-caption-text\">Mapa Ajuntament de Castellvell del Camp Nucli urb\u00e0<\/figcaption><\/figure>\n<p>Un exemple d&#8217;un mapa d&#8217;un municipi, Castellet i la Gornal, comarca de l&#8217;Alt Pened\u00e8s<\/p>\n<figure id=\"attachment_2231\" aria-describedby=\"caption-attachment-2231\" style=\"width: 300px\" class=\"wp-caption alignnone\"><img loading=\"lazy\" decoding=\"async\" class=\"size-medium wp-image-2231\" src=\"https:\/\/www.bc-maps.com\/wp-content\/uploads\/2014\/05\/CASTELLET-I-LA-GORNAL-21-300x213.jpg\" alt=\"Mapa del municipi Castellet i la Gornal\" width=\"300\" height=\"213\" srcset=\"https:\/\/www.bc-maps.com\/wp-content\/uploads\/2014\/05\/CASTELLET-I-LA-GORNAL-21-300x213.jpg 300w, https:\/\/www.bc-maps.com\/wp-content\/uploads\/2014\/05\/CASTELLET-I-LA-GORNAL-21-1024x728.jpg 1024w, https:\/\/www.bc-maps.com\/wp-content\/uploads\/2014\/05\/CASTELLET-I-LA-GORNAL-21.jpg 1512w\" sizes=\"auto, (max-width: 300px) 100vw, 300px\" \/><figcaption id=\"caption-attachment-2231\" class=\"wp-caption-text\">Mapa del municipi Castellet i la Gornal<\/figcaption><\/figure>\n<p>Tamb\u00e9 podem elaborar un tipus de mapa m\u00e9s complert, amb simbologia, com aquest exemple de la Conca de Barber\u00e0.<\/p>\n<figure id=\"attachment_7129\" aria-describedby=\"caption-attachment-7129\" style=\"width: 381px\" class=\"wp-caption alignnone\"><a href=\"https:\/\/www.bc-maps.com\/wp-content\/uploads\/2025\/01\/Conca-de-Barbera-illustrator-mapa-vectorial-eps.jpg\" target=\"_blank\" rel=\"noopener\"><img loading=\"lazy\" decoding=\"async\" class=\"wp-image-7129\" title=\"Conca de Barbera illustrator mapa vectorial eps\" src=\"https:\/\/www.bc-maps.com\/wp-content\/uploads\/2025\/01\/Conca-de-Barbera-illustrator-mapa-vectorial-eps-300x212.jpg\" alt=\"Conca de Barbera illustrator mapa vectorial eps\" width=\"381\" height=\"269\" srcset=\"https:\/\/www.bc-maps.com\/wp-content\/uploads\/2025\/01\/Conca-de-Barbera-illustrator-mapa-vectorial-eps-300x212.jpg 300w, https:\/\/www.bc-maps.com\/wp-content\/uploads\/2025\/01\/Conca-de-Barbera-illustrator-mapa-vectorial-eps-1024x724.jpg 1024w, https:\/\/www.bc-maps.com\/wp-content\/uploads\/2025\/01\/Conca-de-Barbera-illustrator-mapa-vectorial-eps-768x543.jpg 768w, https:\/\/www.bc-maps.com\/wp-content\/uploads\/2025\/01\/Conca-de-Barbera-illustrator-mapa-vectorial-eps-1536x1086.jpg 1536w, https:\/\/www.bc-maps.com\/wp-content\/uploads\/2025\/01\/Conca-de-Barbera-illustrator-mapa-vectorial-eps.jpg 1754w\" sizes=\"auto, (max-width: 381px) 100vw, 381px\" \/><\/a><figcaption id=\"caption-attachment-7129\" class=\"wp-caption-text\">Conca de Barbera illustrator mapa vectorial eps<\/figcaption><\/figure>\n<h4 style=\"font-weight: 400;\"><strong>Municipis de la comarca del Baix Camp<\/strong><\/h4>\n<p style=\"font-weight: 400;\">l\u2019Albiol, l\u2019Aleixar, Alforja, Almoster, Arbol\u00ed, l\u2019Argentera, les Borges del Camp, Botarell, Cambrils, Capafonts, <a href=\"https:\/\/www.bc-maps.com\/mapa-vectorial-eps\/mapa-ajuntament-castellvell-del-camp-tarragona\/\">Castellvell del Camp<\/a>, Colldejou, Duesaig\u00fces, la Febr\u00f3, Maspujols, Mont-roig del Camp, Montbri\u00f3 del Camp, Prades, Pratdip, Reus, Riudecanyes, Riudecols, Riudoms, la Selva del Camp, Vandell\u00f2s i l&#8217;Hospitalet de l&#8217;Infant, Vilanova d&#8217;Escornalbou, Vilaplana, Vinyols i els Arcs,<\/p>\n<p>Els mapes es lliuren en formats editables com \u00a0<a href=\"http:\/\/www.adobe.es\">illustrator<\/a>, eps<\/p>\n<h5><strong>Caracter\u00edstiques t\u00e8cniques:<\/strong><\/h5>\n<p>1. Escalabilitat: Els mapes vectorials s\u00f3n escalables, cosa que significa que es poden ampliar o reduir sense perdre qualitat.<\/p>\n<p>2. Capes i atributs: Un mapa vectorial pot contenir diferents capes que representen diferents tipus d&#8217;informaci\u00f3, com a carreteres, rius, edificis, \u00e0rees verdes, entre altres.<\/p>\n<p>3. Edici\u00f3 i personalitzaci\u00f3: Els mapes vectorials s\u00f3n editables, la qual cosa permet agregar, eliminar o modificar elements segons les necessitats de l&#8217;usuari. Tamb\u00e9 es poden personalitzar mitjan\u00e7ant la selecci\u00f3 de colors, estils de l\u00ednia i s\u00edmbols.<\/p>\n<p>4. Compatibilitat: Els mapes vectorials solen estar disponibles en formats est\u00e0ndard, com SVG (Scalable Vector Graphics), AI (Adobe Illustrator), EPS (Encapsulated PostScript) o DXF(Drawing Exchange Format), la qual cosa permet la seva visualitzaci\u00f3 i edici\u00f3 en diferent programari de disseny i cartografia.<\/p>\n<h6><\/h6>\n<h1 style=\"text-align: center;\"><\/h1>\n","protected":false},"excerpt":{"rendered":"<p>Pl\u00e0nols vectorials i editables de municipis de la comarca del Baix Camp Mapes de comarques de Catalunya en format ai o eps Elaborem qualsevol mena de mapa de la comarca del Baix Camp Catalunya, tant en format vectorial com impr\u00e8s, totalment personalitzats i adaptats a les seves necessitats. Mapes de carreteres, de nuclis urbans, urbanitzacions, &hellip; <a href=\"https:\/\/www.bc-maps.com\/mapa-vectorial-eps\/cat-mapa-baix-camp-vectorial-illustrator-eps-comarca-catalunya\/\" class=\"more-link\">Seguir leyendo <span class=\"screen-reader-text\">Baix Camp mapa vectorial de la comarca en illustrator eps<\/span> <span class=\"meta-nav\">&rarr;<\/span><\/a><\/p>\n","protected":false},"author":1,"featured_media":8329,"parent":0,"menu_order":0,"comment_status":"closed","ping_status":"closed","template":"","meta":{"footnotes":""},"class_list":["post-7240","page","type-page","status-publish","has-post-thumbnail","hentry"],"_links":{"self":[{"href":"https:\/\/www.bc-maps.com\/mapa-vectorial-eps\/wp-json\/wp\/v2\/pages\/7240","targetHints":{"allow":["GET"]}}],"collection":[{"href":"https:\/\/www.bc-maps.com\/mapa-vectorial-eps\/wp-json\/wp\/v2\/pages"}],"about":[{"href":"https:\/\/www.bc-maps.com\/mapa-vectorial-eps\/wp-json\/wp\/v2\/types\/page"}],"author":[{"embeddable":true,"href":"https:\/\/www.bc-maps.com\/mapa-vectorial-eps\/wp-json\/wp\/v2\/users\/1"}],"replies":[{"embeddable":true,"href":"https:\/\/www.bc-maps.com\/mapa-vectorial-eps\/wp-json\/wp\/v2\/comments?post=7240"}],"version-history":[{"count":3,"href":"https:\/\/www.bc-maps.com\/mapa-vectorial-eps\/wp-json\/wp\/v2\/pages\/7240\/revisions"}],"predecessor-version":[{"id":8330,"href":"https:\/\/www.bc-maps.com\/mapa-vectorial-eps\/wp-json\/wp\/v2\/pages\/7240\/revisions\/8330"}],"wp:featuredmedia":[{"embeddable":true,"href":"https:\/\/www.bc-maps.com\/mapa-vectorial-eps\/wp-json\/wp\/v2\/media\/8329"}],"wp:attachment":[{"href":"https:\/\/www.bc-maps.com\/mapa-vectorial-eps\/wp-json\/wp\/v2\/media?parent=7240"}],"curies":[{"name":"wp","href":"https:\/\/api.w.org\/{rel}","templated":true}]}}