{"id":7235,"date":"2025-02-05T10:20:43","date_gmt":"2025-02-05T10:20:43","guid":{"rendered":"https:\/\/www.bc-maps.com\/mapa-vectorial-eps\/cat-mapa-alt-penedes-vectorial-illustrator-eps-comarca-catalunya-2\/"},"modified":"2025-02-10T11:37:01","modified_gmt":"2025-02-10T11:37:01","slug":"cat-mapa-bages-vectorial-illustrator-eps-comarca-catalunya","status":"publish","type":"page","link":"https:\/\/www.bc-maps.com\/mapa-vectorial-eps\/cat-mapa-bages-vectorial-illustrator-eps-comarca-catalunya\/","title":{"rendered":"Bages mapa vectorial de la comarca en illustrator eps"},"content":{"rendered":"<h1>Pl\u00e0nols vectorials i editables de municipis de la comarca del Bages<\/h1>\n<h2>Mapes de comarques de Catalunya en format ai o eps<\/h2>\n<p data-pm-slice=\"1 1 []\">Elaborem qualsevol mena de mapa de la comarca del Bages, Catalunya, tant en format vectorial com impr\u00e8s, totalment personalitzats i adaptats a les seves necessitats.<\/p>\n<p data-pm-slice=\"1 1 []\">Mapes de carreteres, de nuclis urbans, urbanitzacions, rutes.. Etc<\/p>\n<h4><strong>Mapes vectorials del Bages\u00a0:<\/strong><\/h4>\n<p>Una mostra d&#8217;un mapa b\u00e0sic amb la divisi\u00f3 municipal i carreteres principals.<\/p>\n<figure id=\"attachment_7238\" aria-describedby=\"caption-attachment-7238\" style=\"width: 306px\" class=\"wp-caption alignnone\"><a href=\"https:\/\/www.bc-maps.com\/wp-content\/uploads\/2025\/02\/comarca-Bages-mapa-vectorial-illustrator-eps-municipis.jpg\" target=\"_blank\" rel=\"noopener\"><img loading=\"lazy\" decoding=\"async\" class=\"wp-image-7238\" title=\"Comarca Bages mapa vectorial illustrator eps municipis\" src=\"https:\/\/www.bc-maps.com\/wp-content\/uploads\/2025\/02\/comarca-Bages-mapa-vectorial-illustrator-eps-municipis-271x300.jpg\" alt=\"Comarca Bages mapa vectorial illustrator eps municipis\" width=\"306\" height=\"339\" srcset=\"https:\/\/www.bc-maps.com\/wp-content\/uploads\/2025\/02\/comarca-Bages-mapa-vectorial-illustrator-eps-municipis-271x300.jpg 271w, https:\/\/www.bc-maps.com\/wp-content\/uploads\/2025\/02\/comarca-Bages-mapa-vectorial-illustrator-eps-municipis-924x1024.jpg 924w, https:\/\/www.bc-maps.com\/wp-content\/uploads\/2025\/02\/comarca-Bages-mapa-vectorial-illustrator-eps-municipis-768x851.jpg 768w, https:\/\/www.bc-maps.com\/wp-content\/uploads\/2025\/02\/comarca-Bages-mapa-vectorial-illustrator-eps-municipis-1387x1536.jpg 1387w, https:\/\/www.bc-maps.com\/wp-content\/uploads\/2025\/02\/comarca-Bages-mapa-vectorial-illustrator-eps-municipis.jpg 1401w\" sizes=\"auto, (max-width: 306px) 100vw, 306px\" \/><\/a><figcaption id=\"caption-attachment-7238\" class=\"wp-caption-text\">Comarca Bages mapa vectorial illustrator eps municipis<\/figcaption><\/figure>\n<p>Un exemple d&#8217;un pl\u00e0nol d&#8217;un nucli urb\u00e0, Aviny\u00f3<\/p>\n<figure id=\"attachment_2287\" aria-describedby=\"caption-attachment-2287\" style=\"width: 255px\" class=\"wp-caption alignnone\"><a href=\"https:\/\/www.bc-maps.com\/wp-content\/uploads\/2014\/09\/Mapa-vectorial-Avinyo-eps-illustrator.jpg\" target=\"_blank\" rel=\"noopener\"><img loading=\"lazy\" decoding=\"async\" class=\"wp-image-2287 size-medium\" title=\"Mapa vectorial Avinyo eps illustrator\" src=\"https:\/\/www.bc-maps.com\/wp-content\/uploads\/2014\/09\/Mapa-vectorial-Avinyo-eps-illustrator-255x300.jpg\" alt=\"Mapa vectorial Avinyo eps illustrator\" width=\"255\" height=\"300\" srcset=\"https:\/\/www.bc-maps.com\/wp-content\/uploads\/2014\/09\/Mapa-vectorial-Avinyo-eps-illustrator-255x300.jpg 255w, https:\/\/www.bc-maps.com\/wp-content\/uploads\/2014\/09\/Mapa-vectorial-Avinyo-eps-illustrator-873x1024.jpg 873w, https:\/\/www.bc-maps.com\/wp-content\/uploads\/2014\/09\/Mapa-vectorial-Avinyo-eps-illustrator.jpg 1570w\" sizes=\"auto, (max-width: 255px) 100vw, 255px\" \/><\/a><figcaption id=\"caption-attachment-2287\" class=\"wp-caption-text\">Mapa vectorial Avinyo eps illustrator<\/figcaption><\/figure>\n<p>Un exemple d&#8217;un mapa d&#8217;un municipi, El Pla del Pened\u00e8s<\/p>\n<figure id=\"attachment_2150\" aria-describedby=\"caption-attachment-2150\" style=\"width: 300px\" class=\"wp-caption alignnone\"><a href=\"https:\/\/www.bc-maps.com\/wp-content\/uploads\/2014\/01\/Mapa-Suria-municipi.jpg\" target=\"_blank\" rel=\"noopener\"><img loading=\"lazy\" decoding=\"async\" class=\"wp-image-2150 size-medium\" title=\"Mapa Suria municipi\" src=\"https:\/\/www.bc-maps.com\/wp-content\/uploads\/2014\/01\/Mapa-Suria-municipi-300x212.jpg\" alt=\"Mapa Suria municipi\" width=\"300\" height=\"212\" srcset=\"https:\/\/www.bc-maps.com\/wp-content\/uploads\/2014\/01\/Mapa-Suria-municipi-300x212.jpg 300w, https:\/\/www.bc-maps.com\/wp-content\/uploads\/2014\/01\/Mapa-Suria-municipi-1024x724.jpg 1024w\" sizes=\"auto, (max-width: 300px) 100vw, 300px\" \/><\/a><figcaption id=\"caption-attachment-2150\" class=\"wp-caption-text\">Mapa S\u00faria terme municipal<\/figcaption><\/figure>\n<p>Tamb\u00e9 podem elaborar un tipus de mapa m\u00e9s complert, amb simbologia, com aquest exemple de la Conca de Barber\u00e0.<\/p>\n<figure id=\"attachment_7129\" aria-describedby=\"caption-attachment-7129\" style=\"width: 381px\" class=\"wp-caption alignnone\"><a href=\"https:\/\/www.bc-maps.com\/wp-content\/uploads\/2025\/01\/Conca-de-Barbera-illustrator-mapa-vectorial-eps.jpg\" target=\"_blank\" rel=\"noopener\"><img loading=\"lazy\" decoding=\"async\" class=\"wp-image-7129\" title=\"Conca de Barbera illustrator mapa vectorial eps\" src=\"https:\/\/www.bc-maps.com\/wp-content\/uploads\/2025\/01\/Conca-de-Barbera-illustrator-mapa-vectorial-eps-300x212.jpg\" alt=\"Conca de Barbera illustrator mapa vectorial eps\" width=\"381\" height=\"269\" srcset=\"https:\/\/www.bc-maps.com\/wp-content\/uploads\/2025\/01\/Conca-de-Barbera-illustrator-mapa-vectorial-eps-300x212.jpg 300w, https:\/\/www.bc-maps.com\/wp-content\/uploads\/2025\/01\/Conca-de-Barbera-illustrator-mapa-vectorial-eps-1024x724.jpg 1024w, https:\/\/www.bc-maps.com\/wp-content\/uploads\/2025\/01\/Conca-de-Barbera-illustrator-mapa-vectorial-eps-768x543.jpg 768w, https:\/\/www.bc-maps.com\/wp-content\/uploads\/2025\/01\/Conca-de-Barbera-illustrator-mapa-vectorial-eps-1536x1086.jpg 1536w, https:\/\/www.bc-maps.com\/wp-content\/uploads\/2025\/01\/Conca-de-Barbera-illustrator-mapa-vectorial-eps.jpg 1754w\" sizes=\"auto, (max-width: 381px) 100vw, 381px\" \/><\/a><figcaption id=\"caption-attachment-7129\" class=\"wp-caption-text\">Conca de Barbera illustrator mapa vectorial eps<\/figcaption><\/figure>\n<h4 style=\"font-weight: 400;\"><strong>Municipis de la comarca del Bages<\/strong><\/h4>\n<p style=\"font-weight: 400;\">Aguilar de Segarra, Art\u00e9s, <a href=\"https:\/\/www.bc-maps.com\/mapa-vectorial-eps\/mapas-vectoriales\/espana\/ciudades\/avinyo-ilustrator\/\">Aviny\u00f3<\/a>, <a href=\"https:\/\/www.bc-maps.com\/mapa-vectorial-eps\/mapa-ajuntament-balsareny-bages\/\">Balsareny,<\/a> Call\u00fas, <a href=\"https:\/\/www.bc-maps.com\/mapa-vectorial-eps\/cat-mapes-ajuntament-cardona-bages-barcelona\/\">Cardona<\/a>, Castellbell i el Vilar, Castellfollit del Boix, Castellgal\u00ed, Castellnou de Bages, Fonollosa, Gai\u00e0, Manresa, Marganell, Monistrol de Montserrat, Mura, Navarcles, Nav\u00e0s, el Pont de Vilomara i Rocafort, Rajadell, Sallent, Sant Feliu Sasserra, Sant Fruit\u00f3s de Bages, Sant Joan de Vilatorrada, Sant Mateu de Bages, Sant Salvador de Guardiola, Sant Vicen\u00e7 de Castellet, Santpedor, S\u00faria, Talamanca<\/p>\n<p>Els mapes es lliuren en formats editables com \u00a0<a href=\"http:\/\/www.adobe.es\">illustrator<\/a>, eps<\/p>\n<h5><strong>Caracter\u00edstiques t\u00e8cniques:<\/strong><\/h5>\n<p>1. Escalabilitat: Els mapes vectorials s\u00f3n escalables, cosa que significa que es poden ampliar o reduir sense perdre qualitat.<\/p>\n<p>2. Capes i atributs: Un mapa vectorial pot contenir diferents capes que representen diferents tipus d&#8217;informaci\u00f3, com a carreteres, rius, edificis, \u00e0rees verdes, entre altres.<\/p>\n<p>3. Edici\u00f3 i personalitzaci\u00f3: Els mapes vectorials s\u00f3n editables, la qual cosa permet agregar, eliminar o modificar elements segons les necessitats de l&#8217;usuari. Tamb\u00e9 es poden personalitzar mitjan\u00e7ant la selecci\u00f3 de colors, estils de l\u00ednia i s\u00edmbols.<\/p>\n<p>4. Compatibilitat: Els mapes vectorials solen estar disponibles en formats est\u00e0ndard, com SVG (Scalable Vector Graphics), AI (Adobe Illustrator), EPS (Encapsulated PostScript) o DXF(Drawing Exchange Format), la qual cosa permet la seva visualitzaci\u00f3 i edici\u00f3 en diferent programari de disseny i cartografia.<\/p>\n<h6><\/h6>\n<h1 style=\"text-align: center;\"><\/h1>\n","protected":false},"excerpt":{"rendered":"<p>Pl\u00e0nols vectorials i editables de municipis de la comarca del Bages Mapes de comarques de Catalunya en format ai o eps Elaborem qualsevol mena de mapa de la comarca del Bages, Catalunya, tant en format vectorial com impr\u00e8s, totalment personalitzats i adaptats a les seves necessitats. Mapes de carreteres, de nuclis urbans, urbanitzacions, rutes.. Etc &hellip; <a href=\"https:\/\/www.bc-maps.com\/mapa-vectorial-eps\/cat-mapa-bages-vectorial-illustrator-eps-comarca-catalunya\/\" class=\"more-link\">Seguir leyendo <span class=\"screen-reader-text\">Bages mapa vectorial de la comarca en illustrator eps<\/span> <span class=\"meta-nav\">&rarr;<\/span><\/a><\/p>\n","protected":false},"author":1,"featured_media":7238,"parent":0,"menu_order":0,"comment_status":"closed","ping_status":"closed","template":"","meta":{"footnotes":""},"class_list":["post-7235","page","type-page","status-publish","has-post-thumbnail","hentry"],"_links":{"self":[{"href":"https:\/\/www.bc-maps.com\/mapa-vectorial-eps\/wp-json\/wp\/v2\/pages\/7235","targetHints":{"allow":["GET"]}}],"collection":[{"href":"https:\/\/www.bc-maps.com\/mapa-vectorial-eps\/wp-json\/wp\/v2\/pages"}],"about":[{"href":"https:\/\/www.bc-maps.com\/mapa-vectorial-eps\/wp-json\/wp\/v2\/types\/page"}],"author":[{"embeddable":true,"href":"https:\/\/www.bc-maps.com\/mapa-vectorial-eps\/wp-json\/wp\/v2\/users\/1"}],"replies":[{"embeddable":true,"href":"https:\/\/www.bc-maps.com\/mapa-vectorial-eps\/wp-json\/wp\/v2\/comments?post=7235"}],"version-history":[{"count":2,"href":"https:\/\/www.bc-maps.com\/mapa-vectorial-eps\/wp-json\/wp\/v2\/pages\/7235\/revisions"}],"predecessor-version":[{"id":7239,"href":"https:\/\/www.bc-maps.com\/mapa-vectorial-eps\/wp-json\/wp\/v2\/pages\/7235\/revisions\/7239"}],"wp:featuredmedia":[{"embeddable":true,"href":"https:\/\/www.bc-maps.com\/mapa-vectorial-eps\/wp-json\/wp\/v2\/media\/7238"}],"wp:attachment":[{"href":"https:\/\/www.bc-maps.com\/mapa-vectorial-eps\/wp-json\/wp\/v2\/media?parent=7235"}],"curies":[{"name":"wp","href":"https:\/\/api.w.org\/{rel}","templated":true}]}}