{"id":7207,"date":"2025-02-05T10:20:43","date_gmt":"2025-02-05T10:20:43","guid":{"rendered":"https:\/\/www.bc-maps.com\/mapa-vectorial-eps\/cat-mapa-alt-emporda-vectorial-illustrator-eps-comarca-catalunya-2\/"},"modified":"2025-02-11T18:27:27","modified_gmt":"2025-02-11T18:27:27","slug":"cat-mapa-alt-penedes-vectorial-illustrator-eps-comarca-catalunya","status":"publish","type":"page","link":"https:\/\/www.bc-maps.com\/mapa-vectorial-eps\/cat-mapa-alt-penedes-vectorial-illustrator-eps-comarca-catalunya\/","title":{"rendered":"Alt Pened\u00e8s mapa vectorial de la comarca en illustrator eps"},"content":{"rendered":"<h1>Pl\u00e0nols vectorials i editables de municipis de la comarca de l&#8217;Alt Pened\u00e8s<\/h1>\n<h2>Mapes de comarques de Catalunya en format ai o eps<\/h2>\n<p data-pm-slice=\"1 1 []\">Elaborem qualsevol mena de mapa de la comarca de l&#8217;Alt Pened\u00e8s, Catalunya, tant en format vectorial com impr\u00e8s, totalment personalitzats i adaptats a les seves necessitats.<\/p>\n<p data-pm-slice=\"1 1 []\">Mapes de carreteres, de nuclis urbans, urbanitzacions, rutes.. Etc<\/p>\n<h4><strong>Mapes vectorials de l&#8217;Alt Pened\u00e8s :<\/strong><\/h4>\n<p>Una mostra d&#8217;un mapa b\u00e0sic amb la divisi\u00f3 municipal i carreteres principals.<\/p>\n<figure id=\"attachment_7210\" aria-describedby=\"caption-attachment-7210\" style=\"width: 331px\" class=\"wp-caption alignnone\"><a href=\"https:\/\/www.bc-maps.com\/wp-content\/uploads\/2025\/02\/comarca-Alt-Penedes-mapa-vectorial-illustrator-eps-municipis.jpg\" target=\"_blank\" rel=\"noopener\"><img loading=\"lazy\" decoding=\"async\" class=\"wp-image-7210\" title=\"comarca Alt Pened\u00e8s mapa vectorial illustrator eps municipis\" src=\"https:\/\/www.bc-maps.com\/wp-content\/uploads\/2025\/02\/comarca-Alt-Penedes-mapa-vectorial-illustrator-eps-municipis-300x221.jpg\" alt=\"comarca Alt Pened\u00e8s mapa vectorial illustrator eps municipis\" width=\"331\" height=\"244\" srcset=\"https:\/\/www.bc-maps.com\/wp-content\/uploads\/2025\/02\/comarca-Alt-Penedes-mapa-vectorial-illustrator-eps-municipis-300x221.jpg 300w, https:\/\/www.bc-maps.com\/wp-content\/uploads\/2025\/02\/comarca-Alt-Penedes-mapa-vectorial-illustrator-eps-municipis-1024x754.jpg 1024w, https:\/\/www.bc-maps.com\/wp-content\/uploads\/2025\/02\/comarca-Alt-Penedes-mapa-vectorial-illustrator-eps-municipis-768x565.jpg 768w, https:\/\/www.bc-maps.com\/wp-content\/uploads\/2025\/02\/comarca-Alt-Penedes-mapa-vectorial-illustrator-eps-municipis-1536x1131.jpg 1536w, https:\/\/www.bc-maps.com\/wp-content\/uploads\/2025\/02\/comarca-Alt-Penedes-mapa-vectorial-illustrator-eps-municipis.jpg 1638w\" sizes=\"auto, (max-width: 331px) 100vw, 331px\" \/><\/a><figcaption id=\"caption-attachment-7210\" class=\"wp-caption-text\">comarca Alt Pened\u00e8s mapa vectorial illustrator eps municipis<\/figcaption><\/figure>\n<p>Un exemple d&#8217;un pl\u00e0nol d&#8217;un nucli urb\u00e0, Santa Fe del Pened\u00e8s<\/p>\n<figure id=\"attachment_3339\" aria-describedby=\"caption-attachment-3339\" style=\"width: 300px\" class=\"wp-caption alignnone\"><a href=\"https:\/\/www.bc-maps.com\/wp-content\/uploads\/2018\/03\/Planol-Santa-Fe-del-Penedes-20182.jpg\" target=\"_blank\" rel=\"noopener\"><img loading=\"lazy\" decoding=\"async\" class=\"wp-image-3339 size-medium\" title=\"Planol Santa Fe del Penedes 2018\" src=\"https:\/\/www.bc-maps.com\/wp-content\/uploads\/2018\/03\/Planol-Santa-Fe-del-Penedes-20182-300x208.jpg\" alt=\"Planol Santa Fe del Penedes 2018\" width=\"300\" height=\"208\" srcset=\"https:\/\/www.bc-maps.com\/wp-content\/uploads\/2018\/03\/Planol-Santa-Fe-del-Penedes-20182-300x208.jpg 300w, https:\/\/www.bc-maps.com\/wp-content\/uploads\/2018\/03\/Planol-Santa-Fe-del-Penedes-20182-768x534.jpg 768w, https:\/\/www.bc-maps.com\/wp-content\/uploads\/2018\/03\/Planol-Santa-Fe-del-Penedes-20182-1024x712.jpg 1024w\" sizes=\"auto, (max-width: 300px) 100vw, 300px\" \/><\/a><figcaption id=\"caption-attachment-3339\" class=\"wp-caption-text\">Planol Santa Fe del Penedes 2018<\/figcaption><\/figure>\n<p>Un exemple d&#8217;un mapa d&#8217;un municipi, El Pla del Pened\u00e8s<\/p>\n<figure id=\"attachment_3331\" aria-describedby=\"caption-attachment-3331\" style=\"width: 363px\" class=\"wp-caption alignnone\"><a href=\"https:\/\/www.bc-maps.com\/wp-content\/uploads\/2017\/12\/EL-PLA-DEL-PENEDES-2018.jpg\" target=\"_blank\" rel=\"noopener\"><img loading=\"lazy\" decoding=\"async\" class=\"wp-image-3331\" title=\"Mapa municipi El Pla del Penedes 2018 mapa vectorial \" src=\"https:\/\/www.bc-maps.com\/wp-content\/uploads\/2017\/12\/EL-PLA-DEL-PENEDES-2018-300x212.jpg\" alt=\"Mapa municipi El Pla del Penedes 2018 mapa vectorial \" width=\"363\" height=\"256\" srcset=\"https:\/\/www.bc-maps.com\/wp-content\/uploads\/2017\/12\/EL-PLA-DEL-PENEDES-2018-300x212.jpg 300w, https:\/\/www.bc-maps.com\/wp-content\/uploads\/2017\/12\/EL-PLA-DEL-PENEDES-2018-768x543.jpg 768w, https:\/\/www.bc-maps.com\/wp-content\/uploads\/2017\/12\/EL-PLA-DEL-PENEDES-2018-1024x724.jpg 1024w\" sizes=\"auto, (max-width: 363px) 100vw, 363px\" \/><\/a><figcaption id=\"caption-attachment-3331\" class=\"wp-caption-text\">Mapa municipi El Pla del Penedes 2018 mapa vectorial illustrator eps<\/figcaption><\/figure>\n<p>Tamb\u00e9 podem elaborar un tipus de mapa m\u00e9s complert, amb simbologia, com aquest exemple de la Conca de Barber\u00e0.<\/p>\n<figure id=\"attachment_7129\" aria-describedby=\"caption-attachment-7129\" style=\"width: 381px\" class=\"wp-caption alignnone\"><a href=\"https:\/\/www.bc-maps.com\/wp-content\/uploads\/2025\/01\/Conca-de-Barbera-illustrator-mapa-vectorial-eps.jpg\" target=\"_blank\" rel=\"noopener\"><img loading=\"lazy\" decoding=\"async\" class=\"wp-image-7129\" title=\"Conca de Barbera illustrator mapa vectorial eps\" src=\"https:\/\/www.bc-maps.com\/wp-content\/uploads\/2025\/01\/Conca-de-Barbera-illustrator-mapa-vectorial-eps-300x212.jpg\" alt=\"Conca de Barbera illustrator mapa vectorial eps\" width=\"381\" height=\"269\" srcset=\"https:\/\/www.bc-maps.com\/wp-content\/uploads\/2025\/01\/Conca-de-Barbera-illustrator-mapa-vectorial-eps-300x212.jpg 300w, https:\/\/www.bc-maps.com\/wp-content\/uploads\/2025\/01\/Conca-de-Barbera-illustrator-mapa-vectorial-eps-1024x724.jpg 1024w, https:\/\/www.bc-maps.com\/wp-content\/uploads\/2025\/01\/Conca-de-Barbera-illustrator-mapa-vectorial-eps-768x543.jpg 768w, https:\/\/www.bc-maps.com\/wp-content\/uploads\/2025\/01\/Conca-de-Barbera-illustrator-mapa-vectorial-eps-1536x1086.jpg 1536w, https:\/\/www.bc-maps.com\/wp-content\/uploads\/2025\/01\/Conca-de-Barbera-illustrator-mapa-vectorial-eps.jpg 1754w\" sizes=\"auto, (max-width: 381px) 100vw, 381px\" \/><\/a><figcaption id=\"caption-attachment-7129\" class=\"wp-caption-text\">Conca de Barbera illustrator mapa vectorial eps<\/figcaption><\/figure>\n<h4 style=\"font-weight: 400;\"><strong>Municipis de la comarca de l&#8217;Alt Pened\u00e8s<\/strong><\/h4>\n<p style=\"font-weight: 400;\">Avinyonet del Pened\u00e8s,les Cabanyes, <a href=\"https:\/\/www.bc-maps.com\/mapa-vectorial-eps\/mapa-turistic-ajuntament-castellet-i-la-gornal\/\">Castellet i la Gornal,<\/a> Castellv\u00ed de la Marca, Font-rub\u00ed, Gelida, la Granada, Mediona, Ol\u00e8rdola, Olesa de Bonesvalls, <a href=\"https:\/\/www.bc-maps.com\/mapa-vectorial-eps\/cat-mapa-pacs-del-penedes-vectorial-illustrator-eps-catalunya\/\" target=\"_blank\" rel=\"noopener\">Pacs del Pened\u00e8s<\/a>, e<a href=\"https:\/\/www.bc-maps.com\/mapa-vectorial-eps\/mapa-turistic-planol-ajuntament-el-pla-del-penedes-2018\/\">l Pla del Pened\u00e8s<\/a>, Pontons, Puigd\u00e0lber, Sant Cugat Sesgarrigues, Sant Lloren\u00e7 d&#8217;Hortons, Sant Mart\u00ed Sarroca, Sant Pere de Riudebitlles, Sant Quint\u00ed de Mediona, Sant Sadurn\u00ed d&#8217;Anoia, <a href=\"https:\/\/www.bc-maps.com\/mapa-vectorial-eps\/planol-ajuntament-santa-fe-del-penedes-2018\/\">Santa Fe del Pened\u00e8s<\/a>, Santa Margarida i els Monjos, Subirats, Torrelavit, Torrelles de Foix, Vilafranca del Pened\u00e8s, Vilob\u00ed del Pened\u00e8s<\/p>\n<p>Els mapes es lliuren en formats editables com \u00a0<a href=\"http:\/\/www.adobe.es\">illustrator<\/a>, eps<\/p>\n<h5><strong>Caracter\u00edstiques t\u00e8cniques:<\/strong><\/h5>\n<p>1. Escalabilitat: Els mapes vectorials s\u00f3n escalables, cosa que significa que es poden ampliar o reduir sense perdre qualitat.<\/p>\n<p>2. Capes i atributs: Un mapa vectorial pot contenir diferents capes que representen diferents tipus d&#8217;informaci\u00f3, com a carreteres, rius, edificis, \u00e0rees verdes, entre altres.<\/p>\n<p>3. Edici\u00f3 i personalitzaci\u00f3: Els mapes vectorials s\u00f3n editables, la qual cosa permet agregar, eliminar o modificar elements segons les necessitats de l&#8217;usuari. Tamb\u00e9 es poden personalitzar mitjan\u00e7ant la selecci\u00f3 de colors, estils de l\u00ednia i s\u00edmbols.<\/p>\n<p>4. Compatibilitat: Els mapes vectorials solen estar disponibles en formats est\u00e0ndard, com SVG (Scalable Vector Graphics), AI (Adobe Illustrator), EPS (Encapsulated PostScript) o DXF(Drawing Exchange Format), la qual cosa permet la seva visualitzaci\u00f3 i edici\u00f3 en diferent programari de disseny i cartografia.<\/p>\n<h6><\/h6>\n<h1 style=\"text-align: center;\"><\/h1>\n","protected":false},"excerpt":{"rendered":"<p>Pl\u00e0nols vectorials i editables de municipis de la comarca de l&#8217;Alt Pened\u00e8s Mapes de comarques de Catalunya en format ai o eps Elaborem qualsevol mena de mapa de la comarca de l&#8217;Alt Pened\u00e8s, Catalunya, tant en format vectorial com impr\u00e8s, totalment personalitzats i adaptats a les seves necessitats. Mapes de carreteres, de nuclis urbans, urbanitzacions, &hellip; <a href=\"https:\/\/www.bc-maps.com\/mapa-vectorial-eps\/cat-mapa-alt-penedes-vectorial-illustrator-eps-comarca-catalunya\/\" class=\"more-link\">Seguir leyendo <span class=\"screen-reader-text\">Alt Pened\u00e8s mapa vectorial de la comarca en illustrator eps<\/span> <span class=\"meta-nav\">&rarr;<\/span><\/a><\/p>\n","protected":false},"author":1,"featured_media":7210,"parent":0,"menu_order":0,"comment_status":"closed","ping_status":"closed","template":"","meta":{"footnotes":""},"class_list":["post-7207","page","type-page","status-publish","has-post-thumbnail","hentry"],"_links":{"self":[{"href":"https:\/\/www.bc-maps.com\/mapa-vectorial-eps\/wp-json\/wp\/v2\/pages\/7207","targetHints":{"allow":["GET"]}}],"collection":[{"href":"https:\/\/www.bc-maps.com\/mapa-vectorial-eps\/wp-json\/wp\/v2\/pages"}],"about":[{"href":"https:\/\/www.bc-maps.com\/mapa-vectorial-eps\/wp-json\/wp\/v2\/types\/page"}],"author":[{"embeddable":true,"href":"https:\/\/www.bc-maps.com\/mapa-vectorial-eps\/wp-json\/wp\/v2\/users\/1"}],"replies":[{"embeddable":true,"href":"https:\/\/www.bc-maps.com\/mapa-vectorial-eps\/wp-json\/wp\/v2\/comments?post=7207"}],"version-history":[{"count":4,"href":"https:\/\/www.bc-maps.com\/mapa-vectorial-eps\/wp-json\/wp\/v2\/pages\/7207\/revisions"}],"predecessor-version":[{"id":7494,"href":"https:\/\/www.bc-maps.com\/mapa-vectorial-eps\/wp-json\/wp\/v2\/pages\/7207\/revisions\/7494"}],"wp:featuredmedia":[{"embeddable":true,"href":"https:\/\/www.bc-maps.com\/mapa-vectorial-eps\/wp-json\/wp\/v2\/media\/7210"}],"wp:attachment":[{"href":"https:\/\/www.bc-maps.com\/mapa-vectorial-eps\/wp-json\/wp\/v2\/media?parent=7207"}],"curies":[{"name":"wp","href":"https:\/\/api.w.org\/{rel}","templated":true}]}}