{"id":7194,"date":"2025-12-22T10:20:43","date_gmt":"2025-12-22T10:20:43","guid":{"rendered":"https:\/\/www.bc-maps.com\/mapa-vectorial-eps\/cat-mapes-vectorials-illustrator-eps-comarques-catalunya-2\/"},"modified":"2025-12-22T13:05:09","modified_gmt":"2025-12-22T13:05:09","slug":"cat-mapa-alt-camp-vectorial-illustrator-eps-comarca-catalunya","status":"publish","type":"page","link":"https:\/\/www.bc-maps.com\/mapa-vectorial-eps\/cat-mapa-alt-camp-vectorial-illustrator-eps-comarca-catalunya\/","title":{"rendered":"Alt Camp mapa vectorial de la comarca en illustrator eps"},"content":{"rendered":"<h1>Pl\u00e0nols vectorials i editables de municipis de la comarca de l&#8217;Alt Camp<\/h1>\n<h2>Mapes de comarques de Catalunya en format ai o eps<\/h2>\n<p data-pm-slice=\"1 1 []\">Elaborem qualsevol mena de mapa de la comarca de l&#8217;Alt Camp, Catalunya, tant en format vectorial com impr\u00e8s, totalment personalitzats i adaptats a les seves necessitats.<\/p>\n<p data-pm-slice=\"1 1 []\">Mapes de carreteres, de nuclis urbans, urbanitzacions, rutes.. Etc<\/p>\n<h4><strong>Mapes vectorials de l&#8217;Alt Camp :<\/strong><\/h4>\n<figure id=\"attachment_8334\" aria-describedby=\"caption-attachment-8334\" style=\"width: 300px\" class=\"wp-caption aligncenter\"><a title=\"Mapa Alt Camp vectorial illustrator eps mural\" href=\"https:\/\/www.bc-maps.com\/wp-content\/uploads\/2025\/12\/Mapa-Alt-Camp-vectorial-illustrator-eps-mural.jpg\" target=\"_blank\" rel=\"noopener\"><img loading=\"lazy\" decoding=\"async\" class=\"size-medium wp-image-8334\" src=\"https:\/\/www.bc-maps.com\/wp-content\/uploads\/2025\/12\/Mapa-Alt-Camp-vectorial-illustrator-eps-mural-300x210.jpg\" alt=\"Mapa Alt Camp vectorial illustrator eps mural\" width=\"300\" height=\"210\" srcset=\"https:\/\/www.bc-maps.com\/wp-content\/uploads\/2025\/12\/Mapa-Alt-Camp-vectorial-illustrator-eps-mural-300x210.jpg 300w, https:\/\/www.bc-maps.com\/wp-content\/uploads\/2025\/12\/Mapa-Alt-Camp-vectorial-illustrator-eps-mural-1024x715.jpg 1024w, https:\/\/www.bc-maps.com\/wp-content\/uploads\/2025\/12\/Mapa-Alt-Camp-vectorial-illustrator-eps-mural-768x537.jpg 768w, https:\/\/www.bc-maps.com\/wp-content\/uploads\/2025\/12\/Mapa-Alt-Camp-vectorial-illustrator-eps-mural.jpg 1417w\" sizes=\"auto, (max-width: 300px) 100vw, 300px\" \/><\/a><figcaption id=\"caption-attachment-8334\" class=\"wp-caption-text\">Mapa Alt Camp vectorial illustrator eps mural<\/figcaption><\/figure>\n<p>Una mostra d&#8217;un mapa b\u00e0sic amb la divisi\u00f3 municipal i carreteres principals.<\/p>\n<figure id=\"attachment_7197\" aria-describedby=\"caption-attachment-7197\" style=\"width: 300px\" class=\"wp-caption alignnone\"><a href=\"https:\/\/www.bc-maps.com\/wp-content\/uploads\/2025\/02\/comarca-Alt-Camp-mapa-vectorial-illustrator-eps-municipis.jpg\" target=\"_blank\" rel=\"noopener\"><img loading=\"lazy\" decoding=\"async\" class=\"wp-image-7197 size-medium\" title=\"Comarca Alt Camp mapa vectorial illustrator eps municipis\" src=\"https:\/\/www.bc-maps.com\/wp-content\/uploads\/2025\/02\/comarca-Alt-Camp-mapa-vectorial-illustrator-eps-municipis-300x220.jpg\" alt=\"Comarca Alt Camp mapa vectorial illustrator eps municipis\" width=\"300\" height=\"220\" srcset=\"https:\/\/www.bc-maps.com\/wp-content\/uploads\/2025\/02\/comarca-Alt-Camp-mapa-vectorial-illustrator-eps-municipis-300x220.jpg 300w, https:\/\/www.bc-maps.com\/wp-content\/uploads\/2025\/02\/comarca-Alt-Camp-mapa-vectorial-illustrator-eps-municipis-1024x752.jpg 1024w, https:\/\/www.bc-maps.com\/wp-content\/uploads\/2025\/02\/comarca-Alt-Camp-mapa-vectorial-illustrator-eps-municipis-768x564.jpg 768w, https:\/\/www.bc-maps.com\/wp-content\/uploads\/2025\/02\/comarca-Alt-Camp-mapa-vectorial-illustrator-eps-municipis.jpg 1469w\" sizes=\"auto, (max-width: 300px) 100vw, 300px\" \/><\/a><figcaption id=\"caption-attachment-7197\" class=\"wp-caption-text\">Comarca Alt Camp mapa vectorial illustrator eps municipis<\/figcaption><\/figure>\n<p>Tamb\u00e9 podem elaborar un tipus de mapa m\u00e9s complert, amb simbologia, com aquest exemple de la Conca de Barber\u00e0.<\/p>\n<figure id=\"attachment_7129\" aria-describedby=\"caption-attachment-7129\" style=\"width: 381px\" class=\"wp-caption alignnone\"><a href=\"https:\/\/www.bc-maps.com\/wp-content\/uploads\/2025\/01\/Conca-de-Barbera-illustrator-mapa-vectorial-eps.jpg\" target=\"_blank\" rel=\"noopener\"><img loading=\"lazy\" decoding=\"async\" class=\"wp-image-7129\" title=\"Conca de Barbera illustrator mapa vectorial eps\" src=\"https:\/\/www.bc-maps.com\/wp-content\/uploads\/2025\/01\/Conca-de-Barbera-illustrator-mapa-vectorial-eps-300x212.jpg\" alt=\"Conca de Barbera illustrator mapa vectorial eps\" width=\"381\" height=\"269\" srcset=\"https:\/\/www.bc-maps.com\/wp-content\/uploads\/2025\/01\/Conca-de-Barbera-illustrator-mapa-vectorial-eps-300x212.jpg 300w, https:\/\/www.bc-maps.com\/wp-content\/uploads\/2025\/01\/Conca-de-Barbera-illustrator-mapa-vectorial-eps-1024x724.jpg 1024w, https:\/\/www.bc-maps.com\/wp-content\/uploads\/2025\/01\/Conca-de-Barbera-illustrator-mapa-vectorial-eps-768x543.jpg 768w, https:\/\/www.bc-maps.com\/wp-content\/uploads\/2025\/01\/Conca-de-Barbera-illustrator-mapa-vectorial-eps-1536x1086.jpg 1536w, https:\/\/www.bc-maps.com\/wp-content\/uploads\/2025\/01\/Conca-de-Barbera-illustrator-mapa-vectorial-eps.jpg 1754w\" sizes=\"auto, (max-width: 381px) 100vw, 381px\" \/><\/a><figcaption id=\"caption-attachment-7129\" class=\"wp-caption-text\">Conca de Barbera illustrator mapa vectorial eps<\/figcaption><\/figure>\n<p>Els mapes de municipis es altre de les opciones disponibles, podem , com aquest exemple del municipi de Balsareny a la comarca del Bages<\/p>\n<figure id=\"attachment_7057\" aria-describedby=\"caption-attachment-7057\" style=\"width: 300px\" class=\"wp-caption alignnone\"><a href=\"https:\/\/www.bc-maps.com\/wp-content\/uploads\/2025\/01\/Mapa-municipi-Balsareny.jpg\" target=\"_blank\" rel=\"noopener\"><img loading=\"lazy\" decoding=\"async\" class=\"wp-image-7057 size-medium\" title=\"Mapa municipi Balsareny\" src=\"https:\/\/www.bc-maps.com\/wp-content\/uploads\/2025\/01\/Mapa-municipi-Balsareny-300x208.jpg\" alt=\"Mapa municipi Balsareny\" width=\"300\" height=\"208\" srcset=\"https:\/\/www.bc-maps.com\/wp-content\/uploads\/2025\/01\/Mapa-municipi-Balsareny-300x208.jpg 300w, https:\/\/www.bc-maps.com\/wp-content\/uploads\/2025\/01\/Mapa-municipi-Balsareny-1024x711.jpg 1024w, https:\/\/www.bc-maps.com\/wp-content\/uploads\/2025\/01\/Mapa-municipi-Balsareny-768x534.jpg 768w, https:\/\/www.bc-maps.com\/wp-content\/uploads\/2025\/01\/Mapa-municipi-Balsareny-1536x1067.jpg 1536w, https:\/\/www.bc-maps.com\/wp-content\/uploads\/2025\/01\/Mapa-municipi-Balsareny.jpg 1795w\" sizes=\"auto, (max-width: 300px) 100vw, 300px\" \/><\/a><figcaption id=\"caption-attachment-7057\" class=\"wp-caption-text\">Mapa municipi Balsareny<\/figcaption><\/figure>\n<h4 style=\"font-weight: 400;\"><strong>Municipis de la comarca de l&#8217;Alt Camp<\/strong><\/h4>\n<p style=\"font-weight: 400;\">Aiguam\u00farcia, Alcover, Ali\u00f3, Br\u00e0fim, Cabra del Camp, Figuerola del Camp, els Garidells, la Mas\u00f3, el Mil\u00e0, Mont-ral, Montferri, Nulles, el Pla de Santa Maria, el Pont d&#8217;Armentera, Puigpelat, Querol, la Riba, Rodony\u00e0, el Rourell, Vallmoll, Valls, Vila-rodona, Vilabella.<\/p>\n<p>Els mapes es lliuren en formats editables com \u00a0<a href=\"http:\/\/www.adobe.es\">illustrator<\/a>, eps<\/p>\n<h5><strong>Caracter\u00edstiques t\u00e8cniques:<\/strong><\/h5>\n<p>1. Escalabilitat: Els mapes vectorials s\u00f3n escalables, cosa que significa que es poden ampliar o reduir sense perdre qualitat.<\/p>\n<p>2. Capes i atributs: Un mapa vectorial pot contenir diferents capes que representen diferents tipus d&#8217;informaci\u00f3, com a carreteres, rius, edificis, \u00e0rees verdes, entre altres.<\/p>\n<p>3. Edici\u00f3 i personalitzaci\u00f3: Els mapes vectorials s\u00f3n editables, la qual cosa permet agregar, eliminar o modificar elements segons les necessitats de l&#8217;usuari. Tamb\u00e9 es poden personalitzar mitjan\u00e7ant la selecci\u00f3 de colors, estils de l\u00ednia i s\u00edmbols.<\/p>\n<p>4. Compatibilitat: Els mapes vectorials solen estar disponibles en formats est\u00e0ndard, com SVG (Scalable Vector Graphics), AI (Adobe Illustrator), EPS (Encapsulated PostScript) o DXF(Drawing Exchange Format), la qual cosa permet la seva visualitzaci\u00f3 i edici\u00f3 en diferent programari de disseny i cartografia.<\/p>\n<h6><\/h6>\n<h1 style=\"text-align: center;\"><\/h1>\n","protected":false},"excerpt":{"rendered":"<p>Pl\u00e0nols vectorials i editables de municipis de la comarca de l&#8217;Alt Camp Mapes de comarques de Catalunya en format ai o eps Elaborem qualsevol mena de mapa de la comarca de l&#8217;Alt Camp, Catalunya, tant en format vectorial com impr\u00e8s, totalment personalitzats i adaptats a les seves necessitats. Mapes de carreteres, de nuclis urbans, urbanitzacions, &hellip; <a href=\"https:\/\/www.bc-maps.com\/mapa-vectorial-eps\/cat-mapa-alt-camp-vectorial-illustrator-eps-comarca-catalunya\/\" class=\"more-link\">Seguir leyendo <span class=\"screen-reader-text\">Alt Camp mapa vectorial de la comarca en illustrator eps<\/span> <span class=\"meta-nav\">&rarr;<\/span><\/a><\/p>\n","protected":false},"author":1,"featured_media":8334,"parent":0,"menu_order":0,"comment_status":"closed","ping_status":"closed","template":"","meta":{"footnotes":""},"class_list":["post-7194","page","type-page","status-publish","has-post-thumbnail","hentry"],"_links":{"self":[{"href":"https:\/\/www.bc-maps.com\/mapa-vectorial-eps\/wp-json\/wp\/v2\/pages\/7194","targetHints":{"allow":["GET"]}}],"collection":[{"href":"https:\/\/www.bc-maps.com\/mapa-vectorial-eps\/wp-json\/wp\/v2\/pages"}],"about":[{"href":"https:\/\/www.bc-maps.com\/mapa-vectorial-eps\/wp-json\/wp\/v2\/types\/page"}],"author":[{"embeddable":true,"href":"https:\/\/www.bc-maps.com\/mapa-vectorial-eps\/wp-json\/wp\/v2\/users\/1"}],"replies":[{"embeddable":true,"href":"https:\/\/www.bc-maps.com\/mapa-vectorial-eps\/wp-json\/wp\/v2\/comments?post=7194"}],"version-history":[{"count":6,"href":"https:\/\/www.bc-maps.com\/mapa-vectorial-eps\/wp-json\/wp\/v2\/pages\/7194\/revisions"}],"predecessor-version":[{"id":8335,"href":"https:\/\/www.bc-maps.com\/mapa-vectorial-eps\/wp-json\/wp\/v2\/pages\/7194\/revisions\/8335"}],"wp:featuredmedia":[{"embeddable":true,"href":"https:\/\/www.bc-maps.com\/mapa-vectorial-eps\/wp-json\/wp\/v2\/media\/8334"}],"wp:attachment":[{"href":"https:\/\/www.bc-maps.com\/mapa-vectorial-eps\/wp-json\/wp\/v2\/media?parent=7194"}],"curies":[{"name":"wp","href":"https:\/\/api.w.org\/{rel}","templated":true}]}}