{"id":719,"date":"2012-05-21T15:57:55","date_gmt":"2012-05-21T15:57:55","guid":{"rendered":"http:\/\/www.bc-maps.com\/mapa-vectorial-eps\/"},"modified":"2024-12-04T05:10:43","modified_gmt":"2024-12-04T05:10:43","slug":"oceania","status":"publish","type":"page","link":"https:\/\/www.bc-maps.com\/mapa-vectorial-eps\/oceania\/","title":{"rendered":"Oceania"},"content":{"rendered":"<h1>OCEANIA<\/h1>\n<h2>Mapa Vectorial Eps y Cartografia digital.<\/h2>\n<h3>Mapas vectoriales.<\/h3>\n<h4>Mapas vectoriales Eps de OCEANIA.<\/h4>\n<p>BC Maps elabora su cartograf\u00eda adapt\u00e1ndose a la necesidad de cada cliente.<\/p>\n<p>El mapa vectorial se entrega siempre totalmente editable, en adobe illustrator, eps, freehand, corel o pdf.<\/p>\n<figure id=\"attachment_7026\" aria-describedby=\"caption-attachment-7026\" style=\"width: 227px\" class=\"wp-caption alignnone\"><a href=\"https:\/\/www.bc-maps.com\/wp-content\/uploads\/2024\/12\/OCEANIA.jpg\" target=\"_blank\" rel=\"noopener\"><img loading=\"lazy\" decoding=\"async\" class=\"wp-image-7026 size-medium\" title=\"Oceania mapa vectorial Illustrator eps\" src=\"https:\/\/www.bc-maps.com\/wp-content\/uploads\/2024\/12\/OCEANIA-227x300.jpg\" alt=\"Oceania mapa vectorial Illustrator eps\" width=\"227\" height=\"300\" srcset=\"https:\/\/www.bc-maps.com\/wp-content\/uploads\/2024\/12\/OCEANIA-227x300.jpg 227w, https:\/\/www.bc-maps.com\/wp-content\/uploads\/2024\/12\/OCEANIA-775x1024.jpg 775w, https:\/\/www.bc-maps.com\/wp-content\/uploads\/2024\/12\/OCEANIA-768x1015.jpg 768w, https:\/\/www.bc-maps.com\/wp-content\/uploads\/2024\/12\/OCEANIA.jpg 852w\" sizes=\"auto, (max-width: 227px) 100vw, 227px\" \/><\/a><figcaption id=\"caption-attachment-7026\" class=\"wp-caption-text\">Oceania mapa vectorial Illustrator eps<\/figcaption><\/figure>\n<p><strong>MAPAS VECTORIALES POL\u00cdTICOS DE PA\u00cdSES DE OCEANIA<\/strong><\/p>\n<p>Australia, Fiyi, Islas Marshall, Islas Salom\u00f3n, Kiribati, Micronesia, Nauru, <a href=\"https:\/\/www.bc-maps.com\/mapa-vectorial-eps\/illustrator-nueva-zelanda\/\">Nueva Zelanda<\/a>, Palaos, Pap\u00faa Nueva, Guinea, Samoa, Tonga, Tuvalu, Vanuatu<\/p>\n<p><strong>MAPAS VECTORIALES DE CIUDADES DE OCEAN\u00cdA<\/strong><\/p>\n<p>Adelaida, Brisbane, Canberra, Melbourne, Sidney, Wellington<\/p>\n","protected":false},"excerpt":{"rendered":"<p>OCEANIA Mapa Vectorial Eps y Cartografia digital. Mapas vectoriales. Mapas vectoriales Eps de OCEANIA. BC Maps elabora su cartograf\u00eda adapt\u00e1ndose a la necesidad de cada cliente. El mapa vectorial se entrega siempre totalmente editable, en adobe illustrator, eps, freehand, corel o pdf. MAPAS VECTORIALES POL\u00cdTICOS DE PA\u00cdSES DE OCEANIA Australia, Fiyi, Islas Marshall, Islas Salom\u00f3n, &hellip; <a href=\"https:\/\/www.bc-maps.com\/mapa-vectorial-eps\/oceania\/\" class=\"more-link\">Seguir leyendo <span class=\"screen-reader-text\">Oceania<\/span> <span class=\"meta-nav\">&rarr;<\/span><\/a><\/p>\n","protected":false},"author":1,"featured_media":7026,"parent":0,"menu_order":0,"comment_status":"closed","ping_status":"closed","template":"","meta":{"footnotes":""},"class_list":["post-719","page","type-page","status-publish","has-post-thumbnail","hentry"],"_links":{"self":[{"href":"https:\/\/www.bc-maps.com\/mapa-vectorial-eps\/wp-json\/wp\/v2\/pages\/719","targetHints":{"allow":["GET"]}}],"collection":[{"href":"https:\/\/www.bc-maps.com\/mapa-vectorial-eps\/wp-json\/wp\/v2\/pages"}],"about":[{"href":"https:\/\/www.bc-maps.com\/mapa-vectorial-eps\/wp-json\/wp\/v2\/types\/page"}],"author":[{"embeddable":true,"href":"https:\/\/www.bc-maps.com\/mapa-vectorial-eps\/wp-json\/wp\/v2\/users\/1"}],"replies":[{"embeddable":true,"href":"https:\/\/www.bc-maps.com\/mapa-vectorial-eps\/wp-json\/wp\/v2\/comments?post=719"}],"version-history":[{"count":2,"href":"https:\/\/www.bc-maps.com\/mapa-vectorial-eps\/wp-json\/wp\/v2\/pages\/719\/revisions"}],"predecessor-version":[{"id":7028,"href":"https:\/\/www.bc-maps.com\/mapa-vectorial-eps\/wp-json\/wp\/v2\/pages\/719\/revisions\/7028"}],"wp:featuredmedia":[{"embeddable":true,"href":"https:\/\/www.bc-maps.com\/mapa-vectorial-eps\/wp-json\/wp\/v2\/media\/7026"}],"wp:attachment":[{"href":"https:\/\/www.bc-maps.com\/mapa-vectorial-eps\/wp-json\/wp\/v2\/media?parent=719"}],"curies":[{"name":"wp","href":"https:\/\/api.w.org\/{rel}","templated":true}]}}