{"id":713,"date":"2012-05-21T10:07:14","date_gmt":"2012-05-21T10:07:14","guid":{"rendered":"http:\/\/www.bc-maps.com\/mapa-vectorial-eps\/"},"modified":"2023-06-15T16:05:11","modified_gmt":"2023-06-15T16:05:11","slug":"africa-illustrator","status":"publish","type":"page","link":"https:\/\/www.bc-maps.com\/mapa-vectorial-eps\/africa-illustrator\/","title":{"rendered":"Africa mapa vectorial illustrator eps"},"content":{"rendered":"<h1>Mapa Vectorial Eps illustrator, Cartografia vectorial\u00a0de Africa .<\/h1>\n<h2>Africa mapa vectorial, mapas vectoriales de \u00c1frica.<\/h2>\n<p>Un mapa vectorial en illustrator eps de\u00c1frica es un archivo digital que representa gr\u00e1ficamente la geograf\u00eda, la infraestructura y otros elementos geoespaciales del continente n forma de vectores.<\/p>\n<p>Estas son algunas de las caracter\u00edsticas comunes de un mapa vectorial:<\/p>\n<p>1. Escalabilidad: Los mapas vectoriales son escalables, lo que significa que se pueden ampliar o reducir sin perder calidad.<\/p>\n<p>2. Geometr\u00eda precisa: Los elementos en un mapa vectorial se representan mediante formas geom\u00e9tricas, como l\u00edneas, puntos y pol\u00edgonos. Estas formas se definen matem\u00e1ticamente, lo que garantiza una representaci\u00f3n precisa de la geograf\u00eda y las caracter\u00edsticas del terreno.<\/p>\n<p>3. Capas y atributos: Un mapa vectorial puede contener diferentes capas que representan diferentes tipos de informaci\u00f3n, como carreteras, r\u00edos, edificios, \u00e1reas verdes, entre otros. .<\/p>\n<p>4. Edici\u00f3n y personalizaci\u00f3n: Los mapas vectoriales son editables, lo que permite agregar, eliminar o modificar elementos seg\u00fan las necesidades del usuario. Tambi\u00e9n se pueden personalizar mediante la selecci\u00f3n de colores, estilos de l\u00ednea y s\u00edmbolos.<\/p>\n<p>5. Compatibilidad: Los mapas vectoriales suelen estar disponibles en formatos est\u00e1ndar, como SVG (Scalable Vector Graphics), AI (Adobe Illustrator), EPS (Encapsulated PostScript) o DXF (Drawing Exchange Format), lo que permite su visualizaci\u00f3n y edici\u00f3n en diferentes software de dise\u00f1o y cartograf\u00eda.<\/p>\n<p>Estas caracter\u00edsticas hacen que los mapas vectoriales sean \u00fatiles para an\u00e1lisis espacial, planificaci\u00f3n urbana, navegaci\u00f3n, representaci\u00f3n cartogr\u00e1fica y otras aplicaciones donde la precisi\u00f3n y la flexibilidad son importantes.<\/p>\n<p><strong>MAPAS POL\u00cdTICOS VECTORIALES DE AFRICA<\/strong><br \/>\n<strong>Angola,Argelia,Ben\u00edn,Botsuana,Burkina Faso,Burundi,Cabo Verde,Camer\u00fan, Chad,Comoras,Congo,Costa de Marfil,Egipto,Eritrea,Etiop\u00eda,Gab\u00f3n,Gambia, Ghana,Guinea,Guinea Ecuatorial,Guinea-Bissau,Kenia,Lesoto,Liberia,Libia,Madagascar,Malaui,Mal\u00ed,Marruecos,Mauricio,Mauritania,Mozambique,Namibia, N\u00edger,Nigeria,Rep\u00fablica Centroafricana,Rep\u00fablica Democr\u00e1tica del Congo, Ruanda,Santo Tom\u00e9 y Pr\u00edncipe,Senegal,Seychelles,Sierra Leona,Somalia, Suazilandia,Sud\u00e1frica,Sud\u00e1n,Tanzania,Togo,T\u00fanez,Uganda,Yibuti,Zambia, Zimbabue.<\/strong><\/p>\n<p><a href=\"http:\/\/www.bc-maps.com\/wp-content\/uploads\/2012\/05\/AFRICA-POLITICO-LEG-1.jpg\" target=\"_blank\" rel=\"noopener noreferrer\"><img loading=\"lazy\" decoding=\"async\" class=\"Africa mapa vectorial eps illustrator pol\u00edtico wp-image-2869 size-medium\" title=\"Africa mapa vectorial eps illustrator pol\u00edtico\" src=\"http:\/\/www.bc-maps.com\/wp-content\/uploads\/2012\/05\/AFRICA-POLITICO-LEG-1-236x300.jpg\" alt=\"Africa mapa vectorial eps illustrator pol\u00edtico\" width=\"236\" height=\"300\" srcset=\"https:\/\/www.bc-maps.com\/wp-content\/uploads\/2012\/05\/AFRICA-POLITICO-LEG-1-236x300.jpg 236w, https:\/\/www.bc-maps.com\/wp-content\/uploads\/2012\/05\/AFRICA-POLITICO-LEG-1.jpg 641w\" sizes=\"auto, (max-width: 236px) 100vw, 236px\" \/><\/a><\/p>\n<div>\n<p>El contenido de informaci\u00f3n depender\u00e1 del tama\u00f1o de la zona y la escala o medidas de reproducci\u00f3n, ya que no trabajamos con textos inferiores a 5 puntos para que sean legibles.<\/p>\n<p>Habitualmente se entregan ficheros en formato\u00a0<a href=\"http:\/\/www.adobe.com\/es\/products\/illustrator.html\">Illustrator CC<\/a>, totalmente editables, colores y textos, estructurados por medio de casas de informaci\u00f3n para facilitar los cambios y personalizaciones, inclusi\u00f3n de lugares de inter\u00e9s, museos, colegios, monumentos&#8230;etc<\/p>\n<p><span style=\"color: #0000ee; -webkit-text-decorations-in-effect: underline;\">\u00a0<\/span><\/p>\n<\/div>\n","protected":false},"excerpt":{"rendered":"<p>Mapa Vectorial Eps illustrator, Cartografia vectorial\u00a0de Africa . Africa mapa vectorial, mapas vectoriales de \u00c1frica. Un mapa vectorial en illustrator eps de\u00c1frica es un archivo digital que representa gr\u00e1ficamente la geograf\u00eda, la infraestructura y otros elementos geoespaciales del continente n forma de vectores. Estas son algunas de las caracter\u00edsticas comunes de un mapa vectorial: 1. &hellip; <a href=\"https:\/\/www.bc-maps.com\/mapa-vectorial-eps\/africa-illustrator\/\" class=\"more-link\">Seguir leyendo <span class=\"screen-reader-text\">Africa mapa vectorial illustrator eps<\/span> <span class=\"meta-nav\">&rarr;<\/span><\/a><\/p>\n","protected":false},"author":1,"featured_media":2869,"parent":0,"menu_order":0,"comment_status":"closed","ping_status":"closed","template":"","meta":{"footnotes":""},"class_list":["post-713","page","type-page","status-publish","has-post-thumbnail","hentry"],"_links":{"self":[{"href":"https:\/\/www.bc-maps.com\/mapa-vectorial-eps\/wp-json\/wp\/v2\/pages\/713","targetHints":{"allow":["GET"]}}],"collection":[{"href":"https:\/\/www.bc-maps.com\/mapa-vectorial-eps\/wp-json\/wp\/v2\/pages"}],"about":[{"href":"https:\/\/www.bc-maps.com\/mapa-vectorial-eps\/wp-json\/wp\/v2\/types\/page"}],"author":[{"embeddable":true,"href":"https:\/\/www.bc-maps.com\/mapa-vectorial-eps\/wp-json\/wp\/v2\/users\/1"}],"replies":[{"embeddable":true,"href":"https:\/\/www.bc-maps.com\/mapa-vectorial-eps\/wp-json\/wp\/v2\/comments?post=713"}],"version-history":[{"count":7,"href":"https:\/\/www.bc-maps.com\/mapa-vectorial-eps\/wp-json\/wp\/v2\/pages\/713\/revisions"}],"predecessor-version":[{"id":5258,"href":"https:\/\/www.bc-maps.com\/mapa-vectorial-eps\/wp-json\/wp\/v2\/pages\/713\/revisions\/5258"}],"wp:featuredmedia":[{"embeddable":true,"href":"https:\/\/www.bc-maps.com\/mapa-vectorial-eps\/wp-json\/wp\/v2\/media\/2869"}],"wp:attachment":[{"href":"https:\/\/www.bc-maps.com\/mapa-vectorial-eps\/wp-json\/wp\/v2\/media?parent=713"}],"curies":[{"name":"wp","href":"https:\/\/api.w.org\/{rel}","templated":true}]}}