{"id":7093,"date":"2025-10-08T19:15:05","date_gmt":"2025-10-08T19:15:05","guid":{"rendered":"https:\/\/www.bc-maps.com\/mapa-vectorial-eps\/saint-dizier-mapa-ilustrator-eps-2\/"},"modified":"2025-10-11T09:15:35","modified_gmt":"2025-10-11T09:15:35","slug":"albania-mapa-vectorial-illustrator-eps","status":"publish","type":"page","link":"https:\/\/www.bc-maps.com\/mapa-vectorial-eps\/albania-mapa-vectorial-illustrator-eps\/","title":{"rendered":"Albania mapas vectoriales, illustrator, eps"},"content":{"rendered":"\n<h1 class=\"wp-block-heading\">Albania mapas editables vectoriales con capas<\/h1>\n\n\n\n<h2 class=\"wp-block-heading\">Mapas vectoriales de los diferentes qarks y regiones del pa\u00eds<\/h2>\n\n\n\n<h2 class=\"wp-block-heading\">Mapas editables eps illustrator ciudades de Albania<\/h2>\n\n\n\n<p>Podemos crear cualquier tipo de mapa de Albania mapas de ciudades, mapas de Lands, mapas de regiones &#8230;etc. Un ejemplo de lo que podemos hacer ser\u00eda este mapa :<\/p>\n\n\n\n<figure class=\"wp-block-gallery aligncenter has-nested-images columns-default is-cropped wp-block-gallery-1 is-layout-flex wp-block-gallery-is-layout-flex\">\n<figure class=\"wp-block-image size-large\"><a href=\"https:\/\/www.bc-maps.com\/wp-content\/uploads\/2025\/10\/Albania-mapa-vectorial-illustrator-eps.jpg\" target=\"_blank\" rel=\" noreferrer noopener\"><img loading=\"lazy\" decoding=\"async\" width=\"635\" height=\"1024\" data-id=\"7976\" src=\"https:\/\/www.bc-maps.com\/wp-content\/uploads\/2025\/10\/Albania-mapa-vectorial-illustrator-eps-635x1024.jpg\" alt=\"Albania mapa vectorial illustrator eps\" class=\"wp-image-7976\" srcset=\"https:\/\/www.bc-maps.com\/wp-content\/uploads\/2025\/10\/Albania-mapa-vectorial-illustrator-eps-635x1024.jpg 635w, https:\/\/www.bc-maps.com\/wp-content\/uploads\/2025\/10\/Albania-mapa-vectorial-illustrator-eps-186x300.jpg 186w, https:\/\/www.bc-maps.com\/wp-content\/uploads\/2025\/10\/Albania-mapa-vectorial-illustrator-eps.jpg 725w\" sizes=\"auto, (max-width: 635px) 100vw, 635px\" \/><\/a><figcaption class=\"wp-element-caption\">Albania mapa vectorial illustrator eps<\/figcaption><\/figure>\n<\/figure>\n\n\n\n<h5 class=\"wp-block-heading\">Qarqe (condados o prefecturas)<\/h5>\n\n\n\n<p>Berat, Diber, Durr\u00ebs, Elbasan, Fier, Gjrokastra, Kor\u00e7a, Kukes, Lezha, Shkodra, Tirana y Vlora<\/p>\n\n\n\n<h5 class=\"wp-block-heading\">CIUDADES<\/h5>\n\n\n\n<p>Tirana, Durr\u00ebs, Vlor\u00eb, Elbasan, Shkod\u00ebr, Kor\u00e7\u00eb, Fier, Berat, Kavaj\u00eb, Lushnj\u00eb, Pogradec, Gjirokast\u00ebr, Sarand\u00eb, La\u00e7, Lezh\u00eb, Kruj\u00eb, Patos, Ku\u00e7ov\u00eb, C\u00ebrrik, Shijak, Peshkopi, Kamz\u00eb, Burrel, Fush\u00eb-Kruj\u00eb, Librazhd, Kuk\u00ebs, Poli\u00e7an.<\/p>\n\n\n\n<p>Un <strong>mapa vectorial en illustrator eps<\/strong> de <strong>Albania <\/strong>, 100% editable, tanto texto como colores, le  permitir\u00e1 incorporarlo a sus publicaciones. Este archivo digital que representa gr\u00e1ficamente la geograf\u00eda, la infraestructura y otros elementos geoespaciales \u00a0en forma de vectores.<\/p>\n\n\n\n<p>Los mapas se entregan en formatos editables <strong><a href=\"http:\/\/www.adobe.es\">adobe<\/a> illustrator, eps<\/strong><\/p>\n\n\n\n<p>Estas son algunas de las caracter\u00edsticas comunes de un mapa vectorial:<\/p>\n\n\n\n<p>1. Escalabilidad: Los mapas vectoriales son escalables, lo que significa que se pueden ampliar o reducir sin perder calidad.<\/p>\n\n\n\n<p>2. Geometr\u00eda precisa: Los elementos en un mapa vectorial se representan mediante formas geom\u00e9tricas, como l\u00edneas, puntos y pol\u00edgonos. Estas formas se definen matem\u00e1ticamente, lo que garantiza una representaci\u00f3n precisa de la geograf\u00eda y las caracter\u00edsticas del terreno.<\/p>\n\n\n\n<p>3. Capas y atributos: Un mapa vectorial puede contener diferentes capas que representan diferentes tipos de informaci\u00f3n, como carreteras, r\u00edos, edificios, \u00e1reas verdes, entre otros. .<\/p>\n\n\n\n<p>4. Edici\u00f3n y personalizaci\u00f3n: Los mapas vectoriales son editables, lo que permite agregar, eliminar o modificar elementos seg\u00fan las necesidades del usuario. Tambi\u00e9n se pueden personalizar mediante la selecci\u00f3n de colores, estilos de l\u00ednea y s\u00edmbolos.<\/p>\n\n\n\n<p>5. Compatibilidad: Los mapas vectoriales suelen estar disponibles en formatos est\u00e1ndar, como SVG (Scalable Vector Graphics), AI (Adobe Illustrator), EPS (Encapsulated PostScript) o DXF (Drawing Exchange Format), lo que permite su visualizaci\u00f3n y edici\u00f3n en diferentes software de dise\u00f1o y cartograf\u00eda.<\/p>\n\n\n\n<p>Estas caracter\u00edsticas hacen que los mapas vectoriales sean \u00fatiles para an\u00e1lisis espacial, planificaci\u00f3n urbana, navegaci\u00f3n, representaci\u00f3n cartogr\u00e1fica y otras aplicaciones donde la precisi\u00f3n y la flexibilidad son importantes.<\/p>\n\n\n\n<p>Los mapas de ciudades pueden contener el nombre de todas las calles o solo las principales, as\u00ed como los lugares de inter\u00e9s m\u00e1s importantes.<\/p>\n\n\n\n<p>El contenido de informaci\u00f3n depender\u00e1 del tama\u00f1o de la zona y la escala o medidas de reproducci\u00f3n, ya que no trabajamos con textos inferiores a 5 puntos<\/p>\n\n\n\n<p>Todos nuestros mapas estan estructurados por medio de capas y son totalmenete editables, colores y textos.<\/p>\n\n\n\n<p>Los mapas son libres de derechos de reproducci\u00f3n, incluyendo nuestro copyright, s\u00f3lo pagar\u00e1 por ellos una vez.<\/p>\n","protected":false},"excerpt":{"rendered":"<p>Albania mapas editables vectoriales con capas Mapas vectoriales de los diferentes qarks y regiones del pa\u00eds Mapas editables eps illustrator ciudades de Albania Podemos crear cualquier tipo de mapa de Albania mapas de ciudades, mapas de Lands, mapas de regiones &#8230;etc. Un ejemplo de lo que podemos hacer ser\u00eda este mapa : Qarqe (condados o &hellip; <a href=\"https:\/\/www.bc-maps.com\/mapa-vectorial-eps\/albania-mapa-vectorial-illustrator-eps\/\" class=\"more-link\">Seguir leyendo <span class=\"screen-reader-text\">Albania mapas vectoriales, illustrator, eps<\/span> <span class=\"meta-nav\">&rarr;<\/span><\/a><\/p>\n","protected":false},"author":1,"featured_media":7976,"parent":0,"menu_order":0,"comment_status":"closed","ping_status":"closed","template":"","meta":{"footnotes":""},"class_list":["post-7093","page","type-page","status-publish","has-post-thumbnail","hentry"],"_links":{"self":[{"href":"https:\/\/www.bc-maps.com\/mapa-vectorial-eps\/wp-json\/wp\/v2\/pages\/7093","targetHints":{"allow":["GET"]}}],"collection":[{"href":"https:\/\/www.bc-maps.com\/mapa-vectorial-eps\/wp-json\/wp\/v2\/pages"}],"about":[{"href":"https:\/\/www.bc-maps.com\/mapa-vectorial-eps\/wp-json\/wp\/v2\/types\/page"}],"author":[{"embeddable":true,"href":"https:\/\/www.bc-maps.com\/mapa-vectorial-eps\/wp-json\/wp\/v2\/users\/1"}],"replies":[{"embeddable":true,"href":"https:\/\/www.bc-maps.com\/mapa-vectorial-eps\/wp-json\/wp\/v2\/comments?post=7093"}],"version-history":[{"count":15,"href":"https:\/\/www.bc-maps.com\/mapa-vectorial-eps\/wp-json\/wp\/v2\/pages\/7093\/revisions"}],"predecessor-version":[{"id":8021,"href":"https:\/\/www.bc-maps.com\/mapa-vectorial-eps\/wp-json\/wp\/v2\/pages\/7093\/revisions\/8021"}],"wp:featuredmedia":[{"embeddable":true,"href":"https:\/\/www.bc-maps.com\/mapa-vectorial-eps\/wp-json\/wp\/v2\/media\/7976"}],"wp:attachment":[{"href":"https:\/\/www.bc-maps.com\/mapa-vectorial-eps\/wp-json\/wp\/v2\/media?parent=7093"}],"curies":[{"name":"wp","href":"https:\/\/api.w.org\/{rel}","templated":true}]}}