{"id":6908,"date":"2024-11-28T09:28:05","date_gmt":"2024-11-28T09:28:05","guid":{"rendered":"https:\/\/www.bc-maps.com\/mapa-vectorial-eps\/amiens-ilustrator-eps-2-2\/"},"modified":"2024-11-28T11:50:02","modified_gmt":"2024-11-28T11:50:02","slug":"rennes-mapa-carte-map-ilustrator-eps","status":"publish","type":"page","link":"https:\/\/www.bc-maps.com\/mapa-vectorial-eps\/rennes-mapa-carte-map-ilustrator-eps\/","title":{"rendered":"Rennes mapa carte vectorial illustrator eps"},"content":{"rendered":"<div class=\"mceTemp\"><\/div>\n<h1>Rennes mapa vectorial illustrator eps<\/h1>\n<h2>Mapas editables eps illustrator ciudades de Francia, Rennes.<\/h2>\n<p>Podemos crear cualquier tipo de mapa de Rennes ,Francia, mapas de ciudades, mapas de departamentos, mapas de regiones de Francia.<\/p>\n<p>Un <strong>mapa vectorial en illustrator eps<\/strong> de Rennes es un archivo digital que representa gr\u00e1ficamente la geograf\u00eda, la infraestructura y otros elementos geoespaciales de la ciudad \u00a0en forma de vectores.<\/p>\n<p>Los mapas se entregan en formatos editables <strong><a href=\"http:\/\/www.adobe.es\">adobe<\/a> illustrator, eps<\/strong><\/p>\n<figure id=\"attachment_6921\" aria-describedby=\"caption-attachment-6921\" style=\"width: 300px\" class=\"wp-caption alignnone\"><a href=\"https:\/\/www.bc-maps.com\/wp-content\/uploads\/2024\/11\/Rennes-mapa-vectorial-illustrator-eps.jpg\" target=\"_blank\" rel=\"noopener\"><img loading=\"lazy\" decoding=\"async\" class=\"wp-image-6921 size-medium\" title=\"Rennes mapa vectorial illustrator eps\" src=\"https:\/\/www.bc-maps.com\/wp-content\/uploads\/2024\/11\/Rennes-mapa-vectorial-illustrator-eps-300x210.jpg\" alt=\"Rennes mapa vectorial illustrator eps\" width=\"300\" height=\"210\" srcset=\"https:\/\/www.bc-maps.com\/wp-content\/uploads\/2024\/11\/Rennes-mapa-vectorial-illustrator-eps-300x210.jpg 300w, https:\/\/www.bc-maps.com\/wp-content\/uploads\/2024\/11\/Rennes-mapa-vectorial-illustrator-eps-1024x717.jpg 1024w, https:\/\/www.bc-maps.com\/wp-content\/uploads\/2024\/11\/Rennes-mapa-vectorial-illustrator-eps-768x537.jpg 768w, https:\/\/www.bc-maps.com\/wp-content\/uploads\/2024\/11\/Rennes-mapa-vectorial-illustrator-eps.jpg 1236w\" sizes=\"auto, (max-width: 300px) 100vw, 300px\" \/><\/a><figcaption id=\"caption-attachment-6921\" class=\"wp-caption-text\">Rennes mapa vectorial illustrator eps<\/figcaption><\/figure>\n<p>Estas son algunas de las caracter\u00edsticas comunes de un mapa vectorial:<\/p>\n<p>1. Escalabilidad: Los mapas vectoriales son escalables, lo que significa que se pueden ampliar o reducir sin perder calidad.<\/p>\n<p>2. Geometr\u00eda precisa: Los elementos en un mapa vectorial se representan mediante formas geom\u00e9tricas, como l\u00edneas, puntos y pol\u00edgonos. Estas formas se definen matem\u00e1ticamente, lo que garantiza una representaci\u00f3n precisa de la geograf\u00eda y las caracter\u00edsticas del terreno.<\/p>\n<p>3. Capas y atributos: Un mapa vectorial puede contener diferentes capas que representan diferentes tipos de informaci\u00f3n, como carreteras, r\u00edos, edificios, \u00e1reas verdes, entre otros. .<\/p>\n<p>4. Edici\u00f3n y personalizaci\u00f3n: Los mapas vectoriales son editables, lo que permite agregar, eliminar o modificar elementos seg\u00fan las necesidades del usuario. Tambi\u00e9n se pueden personalizar mediante la selecci\u00f3n de colores, estilos de l\u00ednea y s\u00edmbolos.<\/p>\n<p>5. Compatibilidad: Los mapas vectoriales suelen estar disponibles en formatos est\u00e1ndar, como SVG (Scalable Vector Graphics), AI (Adobe Illustrator), EPS (Encapsulated PostScript) o DXF (Drawing Exchange Format), lo que permite su visualizaci\u00f3n y edici\u00f3n en diferentes software de dise\u00f1o y cartograf\u00eda.<\/p>\n<p>Estas caracter\u00edsticas hacen que los mapas vectoriales sean \u00fatiles para an\u00e1lisis espacial, planificaci\u00f3n urbana, navegaci\u00f3n, representaci\u00f3n cartogr\u00e1fica y otras aplicaciones donde la precisi\u00f3n y la flexibilidad son importantes.<\/p>\n<p>Los mapas de ciudades pueden contener el nombre de todas las calles o solo las principales, as\u00ed como los lugares de inter\u00e9s m\u00e1s importantes.<\/p>\n<p><a title=\"Mapas vectoriales de Francia\" href=\"https:\/\/www.bc-maps.com\/mapa-vectorial-eps\/illustrator-vector-map-carreteras-francia\/\"><strong>MAPAS DE FRANCIA<\/strong> <\/a><\/p>\n<p><strong>REGIONES<\/strong><br \/>\nAlsace, Aquitaine, Auvergne, Basse-Normandie, Bourgogne, Bretagne, Centre, <a title=\"CHAMPAGNE-ARDENNES mapa vectorial\" href=\"http:\/\/www.mapavectorial.com\/resources\/CHAMPAGNE+ARDENNES.jpg\" target=\"_blank\" rel=\"noopener noreferrer\">Champagne-Ardenne<\/a>s, Corse, Franche-Comt\u00e9, Guadeloupe, Guyane, Haute-Normandie, \u00cele-de-France, La R\u00e9union, Languedoc-Roussillon, as\u00ed como<\/p>\n<p>Limousin, Lorraine, Martinique, Mayotte, Midi-Pyr\u00e9n\u00e9es, Nord-Pas-de-Calais, Pays de la Loire, Picardie, Poitou-Charentes, Provence-Alpes-C\u00f4te d\u2019Azur, Rh\u00f4ne-Alpes.<\/p>\n<h5><strong>DEPARTAMENTOS<\/strong><\/h5>\n<p>Ain (01), Aisne (02), Allier (03), Alpes-de-Haute-Provence (04), Alpes-Maritimes (06), Ard\u00e8che (07), Ardennes (08), Ari\u00e8ge (09),<\/p>\n<p>Aube (10), Aude (11), Aveyron (12),\u00a0Bas-Rhin (67), Bouches-du-Rh\u00f4ne (13), Calvados (14), Cantal (15), Charente (16), adem\u00e1s<\/p>\n<p>Charente-Maritime (17), Cher (18), Corr\u00e8ze (19), Corse-du-Sud (2A), C\u00f4te-d\u2019Or (21), C\u00f4tes-d\u2019Armor (22),\u00a0Creuse (23), Deux-S\u00e8vres (79), Dordogne (24), adem\u00e1s<\/p>\n<p>Doubs (25),Dr\u00f4me (26), Essonne (91), Eure (27), Eure-et-Loir (28), Finist\u00e8re (29), Gard (30), Gers (32), Gironde (33), Guadeloupe (971),<\/p>\n<p>Guyane (973), Haute-Corse (2B), Haute-Garonne (31), Haute-Loire (43), Haute-Marne (52), Hautes-Alpes (05),\u00a0adem\u00e1s<\/p>\n<p>Haute-Sa\u00f4ne (70), Haute-Savoie (74), Hautes-Pyr\u00e9n\u00e9es (65), Haute-Vienne (87), Haut-Rhin (68), Hauts-de-Seine (92), H\u00e9rault (34), siguiendo<\/p>\n<p>Ille-et-Vilaine (35), Indre (36), Indre-et-Loire (37), Is\u00e8re (38),Jura (39), La R\u00e9union (974), Landes (40), Loire (42), Loire-Atlantique (44), Loiret (45), Loir-et-Cher (41), Lot (46), Lot-et-Garonne (47), as\u00ed como<\/p>\n<p>Loz\u00e8re (48), Maine-et-Loire (49), Manche (50), Marne (51), Martinique (972),\u00a0adem\u00e1s<\/p>\n<p>Mayenne (53), Mayotte (976), Meurthe-et-Moselle (54), Meuse (55), Morbihan (56), Moselle (57), Ni\u00e8vre (58), Nord (59), Oise (60), Orne (61), Paris (75),<\/p>\n<p>Pas-de-Calais (62), Puy-de-D\u00f4me (63), Pyr\u00e9n\u00e9es-Atlantiques (64),Pyr\u00e9n\u00e9es-Orientales (66), Rh\u00f4ne (69), Sa\u00f4ne-et-Loire (71), Sarthe (72), Savoie (73),<\/p>\n<p>Seine-et-Marne (77), Seine-Maritime (76), Seine-Saint-Denis (93), Somme (80), Tarn (81), Tarn-et-Garonne (82), Territoire de Belfort (90), finalmente<\/p>\n<p>Val-de-Marne (94), Val-d\u2019Oise (95), Var (83), Vaucluse (84), Vend\u00e9e (85), Vienne (86), Vosges (88), Yonne (89), Yvelines (78).<\/p>\n<h6><strong>PRINCIPALES CIUDADES<\/strong><\/h6>\n<p><a href=\"https:\/\/www.bc-maps.com\/mapa-vectorial-eps\/paris-ilustrator\/\">Paris<\/a>, Ajaccio, <a href=\"https:\/\/www.bc-maps.com\/mapa-vectorial-eps\/amiens-ilustrator-eps-2\/\">Amiens<\/a>, Basse-Terre, Besan\u00e7on, <a href=\"https:\/\/www.bc-maps.com\/mapa-vectorial-eps\/mapas-vectoriales\/mapas-de-europa\/ciudades\/bordeaux-ilustrator\/\">Bordeaux<\/a>, Caen, Cayenne, Ch\u00e2lons-en-Champagne, Clermont-Ferrand, Dijon, Fort-de-France,\u00a0siguiendo con<\/p>\n<p>Lille, Limoges, <a href=\"https:\/\/www.bc-maps.com\/mapa-vectorial-eps\/mapa-vectorial-lyon-illustrator-eps-cc\/\">Lyon,<\/a> Mamoudzou, Marseille, Metz, Montpellier, Nantes, Orl\u00e9ans, Poitiers, Rennes, Rouen,Saint-Denis, <a href=\"https:\/\/www.bc-maps.com\/mapa-vectorial-eps\/strasbourg-mapa-carte-map-ilustrator-eps\/\">Strasbourg<\/a>, Toulouse.<\/p>\n<p>El contenido de informaci\u00f3n depender\u00e1 del tama\u00f1o de la zona y la escala o medidas de reproducci\u00f3n, ya que no trabajamos con textos inferiores a 5 puntos<\/p>\n<p>Todos nuestros mapas estan estructurados por medio de capas y son totalmenete editables, colores y textos.<\/p>\n<p>Los mapas son libres de derechos de reproducci\u00f3n, incluyendo nuestro copyright, s\u00f3lo pagar\u00e1 por ellos una vez.<\/p>\n","protected":false},"excerpt":{"rendered":"<p>Rennes mapa vectorial illustrator eps Mapas editables eps illustrator ciudades de Francia, Rennes. Podemos crear cualquier tipo de mapa de Rennes ,Francia, mapas de ciudades, mapas de departamentos, mapas de regiones de Francia. Un mapa vectorial en illustrator eps de Rennes es un archivo digital que representa gr\u00e1ficamente la geograf\u00eda, la infraestructura y otros elementos &hellip; <a href=\"https:\/\/www.bc-maps.com\/mapa-vectorial-eps\/rennes-mapa-carte-map-ilustrator-eps\/\" class=\"more-link\">Seguir leyendo <span class=\"screen-reader-text\">Rennes mapa carte vectorial illustrator eps<\/span> <span class=\"meta-nav\">&rarr;<\/span><\/a><\/p>\n","protected":false},"author":1,"featured_media":6921,"parent":0,"menu_order":0,"comment_status":"closed","ping_status":"closed","template":"","meta":{"footnotes":""},"class_list":["post-6908","page","type-page","status-publish","has-post-thumbnail","hentry"],"_links":{"self":[{"href":"https:\/\/www.bc-maps.com\/mapa-vectorial-eps\/wp-json\/wp\/v2\/pages\/6908","targetHints":{"allow":["GET"]}}],"collection":[{"href":"https:\/\/www.bc-maps.com\/mapa-vectorial-eps\/wp-json\/wp\/v2\/pages"}],"about":[{"href":"https:\/\/www.bc-maps.com\/mapa-vectorial-eps\/wp-json\/wp\/v2\/types\/page"}],"author":[{"embeddable":true,"href":"https:\/\/www.bc-maps.com\/mapa-vectorial-eps\/wp-json\/wp\/v2\/users\/1"}],"replies":[{"embeddable":true,"href":"https:\/\/www.bc-maps.com\/mapa-vectorial-eps\/wp-json\/wp\/v2\/comments?post=6908"}],"version-history":[{"count":7,"href":"https:\/\/www.bc-maps.com\/mapa-vectorial-eps\/wp-json\/wp\/v2\/pages\/6908\/revisions"}],"predecessor-version":[{"id":6939,"href":"https:\/\/www.bc-maps.com\/mapa-vectorial-eps\/wp-json\/wp\/v2\/pages\/6908\/revisions\/6939"}],"wp:featuredmedia":[{"embeddable":true,"href":"https:\/\/www.bc-maps.com\/mapa-vectorial-eps\/wp-json\/wp\/v2\/media\/6921"}],"wp:attachment":[{"href":"https:\/\/www.bc-maps.com\/mapa-vectorial-eps\/wp-json\/wp\/v2\/media?parent=6908"}],"curies":[{"name":"wp","href":"https:\/\/api.w.org\/{rel}","templated":true}]}}