{"id":6903,"date":"2024-11-16T14:40:36","date_gmt":"2024-11-16T14:40:36","guid":{"rendered":"https:\/\/www.bc-maps.com\/mapa-vectorial-eps\/mapas-vectoriales\/espana\/ciudades\/mapa-vectorial-madrid-codigos-postales-illustrator-2\/"},"modified":"2024-11-16T15:03:48","modified_gmt":"2024-11-16T15:03:48","slug":"mapa-vectorial-madrid-distritos-barrios-illustrator","status":"publish","type":"page","link":"https:\/\/www.bc-maps.com\/mapa-vectorial-eps\/mapas-vectoriales\/espana\/ciudades\/mapa-vectorial-madrid-distritos-barrios-illustrator\/","title":{"rendered":"Mapa vectorial Madrid de con distritos y barrios en illustrator eps editable"},"content":{"rendered":"<h1>Mapa Madrid con distritos y barrios en \u00a0Illustrator eps<\/h1>\n<h2>Mapas vectoriales en Illustrator editables de la Comunidad de Madrid con sus distritos y barrios<\/h2>\n<h3>Mapa vectorial Madrid con sus distritos y barrios en formato ai, eps, CC<\/h3>\n<p>En <a href=\"https:\/\/www.bc-maps.com\/mapa-vectorial-eps\/empresa\/\">Bc Maps<\/a> podemos crear cualquier tipo de mapa vectorial o impreso de la ciudad de Madrid con sus distritos y barrios.<\/p>\n<p>Formatos editables, textos y colores, estructurados por medio de capas de informaci\u00f3n, illustrator, eps, pdf, svg.<\/p>\n<p>Tambi\u00e9n mapas murales personalizados con diferentes acabados, foam (alfileres), Vinicio f\u00e9rrico (Imanes) o laminado tipo veleta.<\/p>\n<figure id=\"attachment_6906\" aria-describedby=\"caption-attachment-6906\" style=\"width: 257px\" class=\"wp-caption alignnone\"><a href=\"https:\/\/www.bc-maps.com\/wp-content\/uploads\/2024\/11\/Madrid-mapa-distritos-scaled.jpg\" target=\"_blank\" rel=\"noopener\"><img loading=\"lazy\" decoding=\"async\" class=\"wp-image-6906 size-medium\" title=\"Madrid mapa distritos y barrios\" src=\"https:\/\/www.bc-maps.com\/wp-content\/uploads\/2024\/11\/Madrid-mapa-distritos-257x300.jpg\" alt=\"Madrid mapa distritos y barrios\" width=\"257\" height=\"300\" srcset=\"https:\/\/www.bc-maps.com\/wp-content\/uploads\/2024\/11\/Madrid-mapa-distritos-257x300.jpg 257w, https:\/\/www.bc-maps.com\/wp-content\/uploads\/2024\/11\/Madrid-mapa-distritos-878x1024.jpg 878w, https:\/\/www.bc-maps.com\/wp-content\/uploads\/2024\/11\/Madrid-mapa-distritos-768x896.jpg 768w, https:\/\/www.bc-maps.com\/wp-content\/uploads\/2024\/11\/Madrid-mapa-distritos-1316x1536.jpg 1316w, https:\/\/www.bc-maps.com\/wp-content\/uploads\/2024\/11\/Madrid-mapa-distritos-1755x2048.jpg 1755w\" sizes=\"auto, (max-width: 257px) 100vw, 257px\" \/><\/a><figcaption id=\"caption-attachment-6906\" class=\"wp-caption-text\">Madrid mapa distritos y barrios<\/figcaption><\/figure>\n<p>El contenido de informaci\u00f3n depender\u00e1 del tama\u00f1o de la zona y la escala o medidas de reproducci\u00f3n, ya que no trabajamos con textos inferiores a 5 puntos para que sean legibles.<\/p>\n<p>Habitualmente se entregan ficheros en formato\u00a0<a href=\"http:\/\/www.adobe.com\/es\/products\/illustrator.html\">Illustrator CC<\/a>, totalmente editables, colores y textos, estructurados por medio de capas de informaci\u00f3n para facilitar los cambios y personalizaciones.<\/p>\n<p>Incluimos de lugares de inter\u00e9s, Museos, Colegios, monumentos,..etc<\/p>\n<p>Asimismo podemos incluir medios de transporte p\u00fablico como autobuses, trenes, tranv\u00edas&#8230;etc y rutas tur\u00edsticas.<\/p>\n<p>Los mapas vectoriales se pueden escalar sin perdida de resoluci\u00f3n ni calidad de forma ilimitada.<\/p>\n<p>Los ficheros son libres de reproducci\u00f3n en cualquier formato tanto sea papel o digital no editable. Por ejemplo para incluir en una web, gu\u00eda, aplicaci\u00f3n, prohibi\u00e9ndose su venta a terceros en formatos abiertos.<\/p>\n<p>Los mapas han sido creados con licencias oficiales de Adobe.<\/p>\n<p>SI lo desean tambi\u00e9n podemos entregar el mapa impreso y personalizado en la medida y plegado que les interese creando lo que conocemos como <a href=\"https:\/\/www.bc-maps.com\/mapa-vectorial-eps\/mapa-ibiza-resort-7-pines-2021\/\">mapa personalizado<\/a><\/p>\n","protected":false},"excerpt":{"rendered":"<p>Mapa Madrid con distritos y barrios en \u00a0Illustrator eps Mapas vectoriales en Illustrator editables de la Comunidad de Madrid con sus distritos y barrios Mapa vectorial Madrid con sus distritos y barrios en formato ai, eps, CC En Bc Maps podemos crear cualquier tipo de mapa vectorial o impreso de la ciudad de Madrid con &hellip; <a href=\"https:\/\/www.bc-maps.com\/mapa-vectorial-eps\/mapas-vectoriales\/espana\/ciudades\/mapa-vectorial-madrid-distritos-barrios-illustrator\/\" class=\"more-link\">Seguir leyendo <span class=\"screen-reader-text\">Mapa vectorial Madrid de con distritos y barrios en illustrator eps editable<\/span> <span class=\"meta-nav\">&rarr;<\/span><\/a><\/p>\n","protected":false},"author":1,"featured_media":6906,"parent":52,"menu_order":0,"comment_status":"closed","ping_status":"closed","template":"","meta":{"footnotes":""},"class_list":["post-6903","page","type-page","status-publish","has-post-thumbnail","hentry"],"_links":{"self":[{"href":"https:\/\/www.bc-maps.com\/mapa-vectorial-eps\/wp-json\/wp\/v2\/pages\/6903","targetHints":{"allow":["GET"]}}],"collection":[{"href":"https:\/\/www.bc-maps.com\/mapa-vectorial-eps\/wp-json\/wp\/v2\/pages"}],"about":[{"href":"https:\/\/www.bc-maps.com\/mapa-vectorial-eps\/wp-json\/wp\/v2\/types\/page"}],"author":[{"embeddable":true,"href":"https:\/\/www.bc-maps.com\/mapa-vectorial-eps\/wp-json\/wp\/v2\/users\/1"}],"replies":[{"embeddable":true,"href":"https:\/\/www.bc-maps.com\/mapa-vectorial-eps\/wp-json\/wp\/v2\/comments?post=6903"}],"version-history":[{"count":2,"href":"https:\/\/www.bc-maps.com\/mapa-vectorial-eps\/wp-json\/wp\/v2\/pages\/6903\/revisions"}],"predecessor-version":[{"id":6907,"href":"https:\/\/www.bc-maps.com\/mapa-vectorial-eps\/wp-json\/wp\/v2\/pages\/6903\/revisions\/6907"}],"up":[{"embeddable":true,"href":"https:\/\/www.bc-maps.com\/mapa-vectorial-eps\/wp-json\/wp\/v2\/pages\/52"}],"wp:featuredmedia":[{"embeddable":true,"href":"https:\/\/www.bc-maps.com\/mapa-vectorial-eps\/wp-json\/wp\/v2\/media\/6906"}],"wp:attachment":[{"href":"https:\/\/www.bc-maps.com\/mapa-vectorial-eps\/wp-json\/wp\/v2\/media?parent=6903"}],"curies":[{"name":"wp","href":"https:\/\/api.w.org\/{rel}","templated":true}]}}