{"id":6836,"date":"2024-08-26T08:55:00","date_gmt":"2024-08-26T08:55:00","guid":{"rendered":"https:\/\/www.bc-maps.com\/mapa-vectorial-eps\/almassera-valencia-mapa-vectorial-illustrator-eps-ai-cc-2\/"},"modified":"2024-10-20T06:05:07","modified_gmt":"2024-10-20T06:05:07","slug":"tavernes-blanques-valencia-mapa-vectorial-illustrator-eps-ai-cc","status":"publish","type":"page","link":"https:\/\/www.bc-maps.com\/mapa-vectorial-eps\/tavernes-blanques-valencia-mapa-vectorial-illustrator-eps-ai-cc\/","title":{"rendered":"Tavernes Blanques mapa vectorial Illustrator eps ai CC"},"content":{"rendered":"<h1>Planos y mapas vectoriales de <strong>Tavernes Blanques<\/strong>, Valencia<\/h1>\n<h2>Mapas vectoriales editables estructurados con capas de <strong>Tavernes Blanques<\/strong><\/h2>\n<h3>Planos vectoriales de ciudades de la provincia de Valencia<\/h3>\n<p><strong>Tavernes Blanques<\/strong>\u00a0mapa vectorial <strong>illustrator<\/strong>, podemos crear cualquier tipo de mapa del municipio, planos parciales, planos generales, planos de detalle, \u2026etc.<\/p>\n<p>En el caso de necesitar un <strong>mapa tur\u00edstico impreso<\/strong> podemos realizar todas las fases del proceso desde la creaci\u00f3n del dise\u00f1o a la entrega de un producto ya impreso totalmente personalizado, \u00a0formato plegable, talonarios e incluso en versi\u00f3n mural.<\/p>\n<p>Los mapas vectoriales se entregan en formatos editables <a href=\"http:\/\/www.adobe.es\">adobe<\/a> illustrator, eps.<\/p>\n<figure id=\"attachment_6838\" aria-describedby=\"caption-attachment-6838\" style=\"width: 300px\" class=\"wp-caption alignnone\"><a href=\"https:\/\/www.bc-maps.com\/wp-content\/uploads\/2024\/10\/Tavernes-Blanques-mapa-vectorial-illustrator-eps.jpg\" target=\"_blank\" rel=\"noopener\"><img loading=\"lazy\" decoding=\"async\" class=\"Tavernes Blanques mapa vectorial illustrator eps wp-image-6838 size-medium\" title=\"Tavernes Blanques mapa vectorial illustrator eps\" src=\"https:\/\/www.bc-maps.com\/wp-content\/uploads\/2024\/10\/Tavernes-Blanques-mapa-vectorial-illustrator-eps-300x265.jpg\" alt=\"Tavernes Blanques mapa vectorial illustrator eps\" width=\"300\" height=\"265\" srcset=\"https:\/\/www.bc-maps.com\/wp-content\/uploads\/2024\/10\/Tavernes-Blanques-mapa-vectorial-illustrator-eps-300x265.jpg 300w, https:\/\/www.bc-maps.com\/wp-content\/uploads\/2024\/10\/Tavernes-Blanques-mapa-vectorial-illustrator-eps-1024x905.jpg 1024w, https:\/\/www.bc-maps.com\/wp-content\/uploads\/2024\/10\/Tavernes-Blanques-mapa-vectorial-illustrator-eps-768x679.jpg 768w, https:\/\/www.bc-maps.com\/wp-content\/uploads\/2024\/10\/Tavernes-Blanques-mapa-vectorial-illustrator-eps.jpg 1122w\" sizes=\"auto, (max-width: 300px) 100vw, 300px\" \/><\/a><figcaption id=\"caption-attachment-6838\" class=\"wp-caption-text\">Tavernes Blanques mapa vectorial illustrator eps<\/figcaption><\/figure>\n<p><strong>Tavernes Blanques<\/strong>, ubicado en la comarca de<strong> l&#8217;Horta Nord<\/strong>, Valencia, es un municipio peque\u00f1o que destaca por su ambiente tranquilo y su cercan\u00eda a la ciudad de Valencia. Entre sus principales atractivos se encuentra la <strong>Iglesia Parroquial de Santa Mar\u00eda Magdalena<\/strong>, que refleja la arquitectura religiosa local.<\/p>\n<p>El municipio es conocido por su actividad agr\u00edcola, especialmente por la producci\u00f3n de chufa, ingrediente clave para la horchata, una bebida t\u00edpica de la regi\u00f3n. Tavernes Blanques cuenta con varios parques y espacios verdes que ofrecen oportunidades para el ocio y el deporte al aire libre.<\/p>\n<p>Las <strong>fiestas en honor a Santa Mar\u00eda Magdalena<\/strong>, celebradas en julio, son uno de los eventos m\u00e1s destacados del a\u00f1o, con actividades culturales y tradicionales que re\u00fanen a la comunidad. Adem\u00e1s, las <strong>Fallas<\/strong> tambi\u00e9n se celebran con entusiasmo, llenando las calles de arte y color cada marzo. La combinaci\u00f3n de tradiciones, naturaleza y cercan\u00eda a Valencia hacen de Tavernes Blanques un lugar atractivo para vivir y disfrutar.<\/p>\n<p>El contenido de informaci\u00f3n depender\u00e1 del tama\u00f1o de la zona y la escala o medidas de reproducci\u00f3n, ya que no trabajamos con textos inferiores a 5 puntos para que sean legibles.<\/p>\n<p>La informaci\u00f3n disponible va desde\u00a0monumentos, lugares de inter\u00e9s y populares, museos, oficinas de turismo, centros comerciales, medios de transporte.<\/p>\n<p>Tambi\u00e9n podemos a\u00f1adir cualquier otra informaci\u00f3n pr\u00e1ctica que nos soliciten ustedes.<\/p>\n<p>Nuestros mapas est\u00e1n estructurados por medio de capas y son totalmente editables, modificables, \u00a0tanto \u00a0colores y\u00a0fuentes\/textos.<\/p>\n<p>Nuestro ficheros\u00a0son libres de derechos para cualquier reproducci\u00f3n, incluyendo nuestro copyright.<\/p>\n<p>Los mapas est\u00e1n creados con licencias oficiales de programas de Adobe, habitualmente entregamos en version CC, pero podemos entregar tambi\u00e9n en otras versiones.<\/p>\n","protected":false},"excerpt":{"rendered":"<p>Planos y mapas vectoriales de Tavernes Blanques, Valencia Mapas vectoriales editables estructurados con capas de Tavernes Blanques Planos vectoriales de ciudades de la provincia de Valencia Tavernes Blanques\u00a0mapa vectorial illustrator, podemos crear cualquier tipo de mapa del municipio, planos parciales, planos generales, planos de detalle, \u2026etc. En el caso de necesitar un mapa tur\u00edstico impreso &hellip; <a href=\"https:\/\/www.bc-maps.com\/mapa-vectorial-eps\/tavernes-blanques-valencia-mapa-vectorial-illustrator-eps-ai-cc\/\" class=\"more-link\">Seguir leyendo <span class=\"screen-reader-text\">Tavernes Blanques mapa vectorial Illustrator eps ai CC<\/span> <span class=\"meta-nav\">&rarr;<\/span><\/a><\/p>\n","protected":false},"author":1,"featured_media":6838,"parent":0,"menu_order":0,"comment_status":"closed","ping_status":"closed","template":"","meta":{"footnotes":""},"class_list":["post-6836","page","type-page","status-publish","has-post-thumbnail","hentry"],"_links":{"self":[{"href":"https:\/\/www.bc-maps.com\/mapa-vectorial-eps\/wp-json\/wp\/v2\/pages\/6836","targetHints":{"allow":["GET"]}}],"collection":[{"href":"https:\/\/www.bc-maps.com\/mapa-vectorial-eps\/wp-json\/wp\/v2\/pages"}],"about":[{"href":"https:\/\/www.bc-maps.com\/mapa-vectorial-eps\/wp-json\/wp\/v2\/types\/page"}],"author":[{"embeddable":true,"href":"https:\/\/www.bc-maps.com\/mapa-vectorial-eps\/wp-json\/wp\/v2\/users\/1"}],"replies":[{"embeddable":true,"href":"https:\/\/www.bc-maps.com\/mapa-vectorial-eps\/wp-json\/wp\/v2\/comments?post=6836"}],"version-history":[{"count":3,"href":"https:\/\/www.bc-maps.com\/mapa-vectorial-eps\/wp-json\/wp\/v2\/pages\/6836\/revisions"}],"predecessor-version":[{"id":6880,"href":"https:\/\/www.bc-maps.com\/mapa-vectorial-eps\/wp-json\/wp\/v2\/pages\/6836\/revisions\/6880"}],"wp:featuredmedia":[{"embeddable":true,"href":"https:\/\/www.bc-maps.com\/mapa-vectorial-eps\/wp-json\/wp\/v2\/media\/6838"}],"wp:attachment":[{"href":"https:\/\/www.bc-maps.com\/mapa-vectorial-eps\/wp-json\/wp\/v2\/media?parent=6836"}],"curies":[{"name":"wp","href":"https:\/\/api.w.org\/{rel}","templated":true}]}}