{"id":6813,"date":"2024-08-26T08:55:00","date_gmt":"2024-08-26T08:55:00","guid":{"rendered":"https:\/\/www.bc-maps.com\/mapa-vectorial-eps\/almassera-valencia-mapa-vectorial-illustrator-eps-ai-cc-2\/"},"modified":"2024-10-20T06:02:22","modified_gmt":"2024-10-20T06:02:22","slug":"quart-de-poblet-valencia-mapa-vectorial-illustrator-eps-ai-cc","status":"publish","type":"page","link":"https:\/\/www.bc-maps.com\/mapa-vectorial-eps\/quart-de-poblet-valencia-mapa-vectorial-illustrator-eps-ai-cc\/","title":{"rendered":"Quart de Poblet mapa vectorial Illustrator eps ai CC"},"content":{"rendered":"<h1>Planos y mapas vectoriales de <strong>Quart de Poblet<\/strong>, Valencia<\/h1>\n<h2>Mapas vectoriales editables estructurados con capas de <strong>Quart de Poblet<\/strong><\/h2>\n<h3>Planos vectoriales de ciudades de la provincia de Valencia<\/h3>\n<p><strong>Quart de Poblet<\/strong>\u00a0mapa vectorial <strong>illustrator<\/strong>, podemos crear cualquier tipo de mapa del municipio, planos parciales, planos generales, planos de detalle, \u2026etc.<\/p>\n<p>En el caso de necesitar un <strong>mapa tur\u00edstico impreso<\/strong> podemos realizar todas las fases del proceso desde la creaci\u00f3n del dise\u00f1o a la entrega de un producto ya impreso totalmente personalizado, \u00a0formato plegable, talonarios e incluso en versi\u00f3n mural.<\/p>\n<p>Los mapas vectoriales se entregan en formatos editables <a href=\"http:\/\/www.adobe.es\">adobe<\/a> illustrator, eps.<\/p>\n<figure id=\"attachment_6815\" aria-describedby=\"caption-attachment-6815\" style=\"width: 300px\" class=\"wp-caption alignnone\"><a href=\"https:\/\/www.bc-maps.com\/wp-content\/uploads\/2024\/10\/Quart-de-Poblet-mapa-vectorial-illustrator-eps.jpg\" target=\"_blank\" rel=\"noopener\"><img loading=\"lazy\" decoding=\"async\" class=\"Quart de Poblet mapa vectorial illustrator eps wp-image-6815 size-medium\" title=\"Quart de Poblet mapa vectorial illustrator eps\" src=\"https:\/\/www.bc-maps.com\/wp-content\/uploads\/2024\/10\/Quart-de-Poblet-mapa-vectorial-illustrator-eps-300x184.jpg\" alt=\"Quart de Poblet mapa vectorial illustrator eps\" width=\"300\" height=\"184\" srcset=\"https:\/\/www.bc-maps.com\/wp-content\/uploads\/2024\/10\/Quart-de-Poblet-mapa-vectorial-illustrator-eps-300x184.jpg 300w, https:\/\/www.bc-maps.com\/wp-content\/uploads\/2024\/10\/Quart-de-Poblet-mapa-vectorial-illustrator-eps-1024x628.jpg 1024w, https:\/\/www.bc-maps.com\/wp-content\/uploads\/2024\/10\/Quart-de-Poblet-mapa-vectorial-illustrator-eps-768x471.jpg 768w, https:\/\/www.bc-maps.com\/wp-content\/uploads\/2024\/10\/Quart-de-Poblet-mapa-vectorial-illustrator-eps-1536x942.jpg 1536w, https:\/\/www.bc-maps.com\/wp-content\/uploads\/2024\/10\/Quart-de-Poblet-mapa-vectorial-illustrator-eps.jpg 1701w\" sizes=\"auto, (max-width: 300px) 100vw, 300px\" \/><\/a><figcaption id=\"caption-attachment-6815\" class=\"wp-caption-text\">Quart de Poblet mapa vectorial illustrator eps<\/figcaption><\/figure>\n<figure id=\"attachment_6817\" aria-describedby=\"caption-attachment-6817\" style=\"width: 300px\" class=\"wp-caption alignnone\"><a href=\"https:\/\/www.bc-maps.com\/wp-content\/uploads\/2024\/10\/Quart-de-Poblet-mapa-vectorial-illustrator-eps-zoom.jpg\" target=\"_blank\" rel=\"noopener\"><img loading=\"lazy\" decoding=\"async\" class=\"Quart de Poblet mapa vectorial illustrator eps zoom wp-image-6817 size-medium\" title=\"Quart de Poblet mapa vectorial illustrator eps zoom\" src=\"https:\/\/www.bc-maps.com\/wp-content\/uploads\/2024\/10\/Quart-de-Poblet-mapa-vectorial-illustrator-eps-zoom-300x300.jpg\" alt=\"Quart de Poblet mapa vectorial illustrator eps zoom\" width=\"300\" height=\"300\" srcset=\"https:\/\/www.bc-maps.com\/wp-content\/uploads\/2024\/10\/Quart-de-Poblet-mapa-vectorial-illustrator-eps-zoom-300x300.jpg 300w, https:\/\/www.bc-maps.com\/wp-content\/uploads\/2024\/10\/Quart-de-Poblet-mapa-vectorial-illustrator-eps-zoom-150x150.jpg 150w, https:\/\/www.bc-maps.com\/wp-content\/uploads\/2024\/10\/Quart-de-Poblet-mapa-vectorial-illustrator-eps-zoom-768x766.jpg 768w, https:\/\/www.bc-maps.com\/wp-content\/uploads\/2024\/10\/Quart-de-Poblet-mapa-vectorial-illustrator-eps-zoom.jpg 1017w\" sizes=\"auto, (max-width: 300px) 100vw, 300px\" \/><\/a><figcaption id=\"caption-attachment-6817\" class=\"wp-caption-text\">Quart de Poblet mapa vectorial illustrator eps zoom<\/figcaption><\/figure>\n<p><strong>Quart de Poblet,<\/strong> ubicado en la comarca de <strong>l&#8217;Horta Oest<\/strong>, Valencia, es un municipio con un patrimonio cultural y natural significativo. Destaca la <strong>Iglesia de la Asunci\u00f3n<\/strong>, un hermoso edificio de estilo g\u00f3tico que forma parte del patrimonio religioso local. La <strong>Torre de Quart<\/strong>, una antigua torre de vigilancia, es otro punto de inter\u00e9s que refleja la historia medieval de la localidad.<\/p>\n<p>El <strong>Parque Natural del Turia<\/strong> ofrece un espacio verde ideal para paseos y actividades al aire libre, con rutas que permiten disfrutar de la naturaleza. Quart de Poblet tambi\u00e9n es conocido por sus festividades, como las <strong>Fallas<\/strong> y las <strong>Fiestas Patronales en honor a San Juan Bautista<\/strong>, que incluyen eventos culturales y actividades para toda la familia.<\/p>\n<p>La cercan\u00eda a Valencia, junto con su red de transporte eficiente, convierte a Quart de Poblet en un lugar atractivo para vivir y visitar, combinando la tranquilidad de un municipio peque\u00f1o con la vitalidad de la ciudad cercana.<\/p>\n<p>El contenido de informaci\u00f3n depender\u00e1 del tama\u00f1o de la zona y la escala o medidas de reproducci\u00f3n, ya que no trabajamos con textos inferiores a 5 puntos para que sean legibles.<\/p>\n<p>La informaci\u00f3n disponible va desde\u00a0monumentos, lugares de inter\u00e9s y populares, museos, oficinas de turismo, centros comerciales, medios de transporte.<\/p>\n<p>Tambi\u00e9n podemos a\u00f1adir cualquier otra informaci\u00f3n pr\u00e1ctica que nos soliciten ustedes.<\/p>\n<p>Nuestros mapas est\u00e1n estructurados por medio de capas y son totalmente editables, modificables, \u00a0tanto \u00a0colores y\u00a0fuentes\/textos.<\/p>\n<p>Nuestro ficheros\u00a0son libres de derechos para cualquier reproducci\u00f3n, incluyendo nuestro copyright.<\/p>\n<p>Los mapas est\u00e1n creados con licencias oficiales de programas de Adobe, habitualmente entregamos en version CC, pero podemos entregar tambi\u00e9n en otras versiones.<\/p>\n","protected":false},"excerpt":{"rendered":"<p>Planos y mapas vectoriales de Quart de Poblet, Valencia Mapas vectoriales editables estructurados con capas de Quart de Poblet Planos vectoriales de ciudades de la provincia de Valencia Quart de Poblet\u00a0mapa vectorial illustrator, podemos crear cualquier tipo de mapa del municipio, planos parciales, planos generales, planos de detalle, \u2026etc. En el caso de necesitar un &hellip; <a href=\"https:\/\/www.bc-maps.com\/mapa-vectorial-eps\/quart-de-poblet-valencia-mapa-vectorial-illustrator-eps-ai-cc\/\" class=\"more-link\">Seguir leyendo <span class=\"screen-reader-text\">Quart de Poblet mapa vectorial Illustrator eps ai CC<\/span> <span class=\"meta-nav\">&rarr;<\/span><\/a><\/p>\n","protected":false},"author":1,"featured_media":6815,"parent":0,"menu_order":0,"comment_status":"closed","ping_status":"closed","template":"","meta":{"footnotes":""},"class_list":["post-6813","page","type-page","status-publish","has-post-thumbnail","hentry"],"_links":{"self":[{"href":"https:\/\/www.bc-maps.com\/mapa-vectorial-eps\/wp-json\/wp\/v2\/pages\/6813","targetHints":{"allow":["GET"]}}],"collection":[{"href":"https:\/\/www.bc-maps.com\/mapa-vectorial-eps\/wp-json\/wp\/v2\/pages"}],"about":[{"href":"https:\/\/www.bc-maps.com\/mapa-vectorial-eps\/wp-json\/wp\/v2\/types\/page"}],"author":[{"embeddable":true,"href":"https:\/\/www.bc-maps.com\/mapa-vectorial-eps\/wp-json\/wp\/v2\/users\/1"}],"replies":[{"embeddable":true,"href":"https:\/\/www.bc-maps.com\/mapa-vectorial-eps\/wp-json\/wp\/v2\/comments?post=6813"}],"version-history":[{"count":3,"href":"https:\/\/www.bc-maps.com\/mapa-vectorial-eps\/wp-json\/wp\/v2\/pages\/6813\/revisions"}],"predecessor-version":[{"id":6876,"href":"https:\/\/www.bc-maps.com\/mapa-vectorial-eps\/wp-json\/wp\/v2\/pages\/6813\/revisions\/6876"}],"wp:featuredmedia":[{"embeddable":true,"href":"https:\/\/www.bc-maps.com\/mapa-vectorial-eps\/wp-json\/wp\/v2\/media\/6815"}],"wp:attachment":[{"href":"https:\/\/www.bc-maps.com\/mapa-vectorial-eps\/wp-json\/wp\/v2\/media?parent=6813"}],"curies":[{"name":"wp","href":"https:\/\/api.w.org\/{rel}","templated":true}]}}