{"id":6788,"date":"2024-08-26T08:55:00","date_gmt":"2024-08-26T08:55:00","guid":{"rendered":"https:\/\/www.bc-maps.com\/mapa-vectorial-eps\/almassera-valencia-mapa-vectorial-illustrator-eps-ai-cc-2\/"},"modified":"2024-10-20T05:58:57","modified_gmt":"2024-10-20T05:58:57","slug":"mislata-valencia-mapa-vectorial-illustrator-eps-ai-cc","status":"publish","type":"page","link":"https:\/\/www.bc-maps.com\/mapa-vectorial-eps\/mislata-valencia-mapa-vectorial-illustrator-eps-ai-cc\/","title":{"rendered":"Mislata mapa vectorial Illustrator eps ai CC"},"content":{"rendered":"<h1>Planos y mapas vectoriales de <strong>Mislata<\/strong>, Valencia<\/h1>\n<h2>Mapas vectoriales editables estructurados con capas de <strong>Mislata<\/strong><\/h2>\n<h3>Planos vectoriales de ciudades de la provincia de Valencia<\/h3>\n<p><strong>Mislata<\/strong>\u00a0mapa vectorial <strong>illustrator<\/strong>, podemos crear cualquier tipo de mapa del municipio, planos parciales, planos generales, planos de detalle, \u2026etc.<\/p>\n<p>En el caso de necesitar un <strong>mapa tur\u00edstico impreso<\/strong> podemos realizar todas las fases del proceso desde la creaci\u00f3n del dise\u00f1o a la entrega de un producto ya impreso totalmente personalizado, \u00a0formato plegable, talonarios e incluso en versi\u00f3n mural.<\/p>\n<p>Los mapas vectoriales se entregan en formatos editables <a href=\"http:\/\/www.adobe.es\">adobe<\/a> illustrator, eps.<\/p>\n<figure id=\"attachment_6790\" aria-describedby=\"caption-attachment-6790\" style=\"width: 300px\" class=\"wp-caption alignnone\"><a href=\"https:\/\/www.bc-maps.com\/wp-content\/uploads\/2024\/10\/Mislata-mapa-vectorial-illustrator-eps.jpg\" target=\"_blank\" rel=\"noopener\"><img loading=\"lazy\" decoding=\"async\" class=\"Mislata mapa vectorial illustrator eps wp-image-6790 size-medium\" title=\"Mislata mapa vectorial illustrator eps\" src=\"https:\/\/www.bc-maps.com\/wp-content\/uploads\/2024\/10\/Mislata-mapa-vectorial-illustrator-eps-300x300.jpg\" alt=\"Mislata mapa vectorial illustrator eps\" width=\"300\" height=\"300\" srcset=\"https:\/\/www.bc-maps.com\/wp-content\/uploads\/2024\/10\/Mislata-mapa-vectorial-illustrator-eps-300x300.jpg 300w, https:\/\/www.bc-maps.com\/wp-content\/uploads\/2024\/10\/Mislata-mapa-vectorial-illustrator-eps-1024x1024.jpg 1024w, https:\/\/www.bc-maps.com\/wp-content\/uploads\/2024\/10\/Mislata-mapa-vectorial-illustrator-eps-150x150.jpg 150w, https:\/\/www.bc-maps.com\/wp-content\/uploads\/2024\/10\/Mislata-mapa-vectorial-illustrator-eps-768x768.jpg 768w, https:\/\/www.bc-maps.com\/wp-content\/uploads\/2024\/10\/Mislata-mapa-vectorial-illustrator-eps.jpg 1420w\" sizes=\"auto, (max-width: 300px) 100vw, 300px\" \/><\/a><figcaption id=\"caption-attachment-6790\" class=\"wp-caption-text\">Mislata mapa vectorial illustrator eps<\/figcaption><\/figure>\n<figure id=\"attachment_6793\" aria-describedby=\"caption-attachment-6793\" style=\"width: 297px\" class=\"wp-caption alignnone\"><a href=\"https:\/\/www.bc-maps.com\/wp-content\/uploads\/2024\/10\/Mislata-mapa-vectorial-illustrator-eps-zoom.jpg\" target=\"_blank\" rel=\"noopener\"><img loading=\"lazy\" decoding=\"async\" class=\"Mislata mapa vectorial illustrator eps zoom wp-image-6793 size-medium\" title=\"Mislata mapa vectorial illustrator eps zoom\" src=\"https:\/\/www.bc-maps.com\/wp-content\/uploads\/2024\/10\/Mislata-mapa-vectorial-illustrator-eps-zoom-297x300.jpg\" alt=\"Mislata mapa vectorial illustrator eps zoom\" width=\"297\" height=\"300\" srcset=\"https:\/\/www.bc-maps.com\/wp-content\/uploads\/2024\/10\/Mislata-mapa-vectorial-illustrator-eps-zoom-297x300.jpg 297w, https:\/\/www.bc-maps.com\/wp-content\/uploads\/2024\/10\/Mislata-mapa-vectorial-illustrator-eps-zoom-768x776.jpg 768w, https:\/\/www.bc-maps.com\/wp-content\/uploads\/2024\/10\/Mislata-mapa-vectorial-illustrator-eps-zoom.jpg 1007w\" sizes=\"auto, (max-width: 297px) 100vw, 297px\" \/><\/a><figcaption id=\"caption-attachment-6793\" class=\"wp-caption-text\">Mislata mapa vectorial illustrator eps zoom<\/figcaption><\/figure>\n<p><strong>Mislata,<\/strong> municipio ubicado en la comarca de l&#8217;Horta Oest, Valencia, es un municipio con un rico patrimonio cultural y una vibrante vida urbana. Entre sus principales monumentos destaca la <strong>Iglesia de Nuestra Se\u00f1ora de los \u00c1ngeles<\/strong>, con su hermosa arquitectura barroca. El <strong>Centro Cultural Carmen Alborch<\/strong> es un espacio clave para la cultura local, donde se celebran exposiciones y eventos art\u00edsticos. Mislata cuenta con varios parques, como el <strong>Parque de La Canaleta<\/strong>, ideal para paseos y actividades al aire libre.<\/p>\n<p><strong>Mislata<\/strong> tambi\u00e9n es conocida por sus <strong>Fallas<\/strong>, una de las fiestas m\u00e1s importantes de la ciudad, as\u00ed como por las <strong>Fiestas Patronales en honor a San Francisco de As\u00eds<\/strong>. Adem\u00e1s, su proximidad a Valencia y su excelente red de transportes la convierten en un lugar atractivo para vivir y visitar.<\/p>\n<p>El contenido de informaci\u00f3n depender\u00e1 del tama\u00f1o de la zona y la escala o medidas de reproducci\u00f3n, ya que no trabajamos con textos inferiores a 5 puntos para que sean legibles.<\/p>\n<p>La informaci\u00f3n disponible va desde\u00a0monumentos, lugares de inter\u00e9s y populares, museos, oficinas de turismo, centros comerciales, medios de transporte.<\/p>\n<p>Tambi\u00e9n podemos a\u00f1adir cualquier otra informaci\u00f3n pr\u00e1ctica que nos soliciten ustedes.<\/p>\n<p>Nuestros mapas est\u00e1n estructurados por medio de capas y son totalmente editables, modificables, \u00a0tanto \u00a0colores y\u00a0fuentes\/textos.<\/p>\n<p>Nuestro ficheros\u00a0son libres de derechos para cualquier reproducci\u00f3n, incluyendo nuestro copyright.<\/p>\n<p>Los mapas est\u00e1n creados con licencias oficiales de programas de Adobe, habitualmente entregamos en version CC, pero podemos entregar tambi\u00e9n en otras versiones.<\/p>\n","protected":false},"excerpt":{"rendered":"<p>Planos y mapas vectoriales de Mislata, Valencia Mapas vectoriales editables estructurados con capas de Mislata Planos vectoriales de ciudades de la provincia de Valencia Mislata\u00a0mapa vectorial illustrator, podemos crear cualquier tipo de mapa del municipio, planos parciales, planos generales, planos de detalle, \u2026etc. En el caso de necesitar un mapa tur\u00edstico impreso podemos realizar todas &hellip; <a href=\"https:\/\/www.bc-maps.com\/mapa-vectorial-eps\/mislata-valencia-mapa-vectorial-illustrator-eps-ai-cc\/\" class=\"more-link\">Seguir leyendo <span class=\"screen-reader-text\">Mislata mapa vectorial Illustrator eps ai CC<\/span> <span class=\"meta-nav\">&rarr;<\/span><\/a><\/p>\n","protected":false},"author":1,"featured_media":6790,"parent":0,"menu_order":0,"comment_status":"closed","ping_status":"closed","template":"","meta":{"footnotes":""},"class_list":["post-6788","page","type-page","status-publish","has-post-thumbnail","hentry"],"_links":{"self":[{"href":"https:\/\/www.bc-maps.com\/mapa-vectorial-eps\/wp-json\/wp\/v2\/pages\/6788","targetHints":{"allow":["GET"]}}],"collection":[{"href":"https:\/\/www.bc-maps.com\/mapa-vectorial-eps\/wp-json\/wp\/v2\/pages"}],"about":[{"href":"https:\/\/www.bc-maps.com\/mapa-vectorial-eps\/wp-json\/wp\/v2\/types\/page"}],"author":[{"embeddable":true,"href":"https:\/\/www.bc-maps.com\/mapa-vectorial-eps\/wp-json\/wp\/v2\/users\/1"}],"replies":[{"embeddable":true,"href":"https:\/\/www.bc-maps.com\/mapa-vectorial-eps\/wp-json\/wp\/v2\/comments?post=6788"}],"version-history":[{"count":4,"href":"https:\/\/www.bc-maps.com\/mapa-vectorial-eps\/wp-json\/wp\/v2\/pages\/6788\/revisions"}],"predecessor-version":[{"id":6871,"href":"https:\/\/www.bc-maps.com\/mapa-vectorial-eps\/wp-json\/wp\/v2\/pages\/6788\/revisions\/6871"}],"wp:featuredmedia":[{"embeddable":true,"href":"https:\/\/www.bc-maps.com\/mapa-vectorial-eps\/wp-json\/wp\/v2\/media\/6790"}],"wp:attachment":[{"href":"https:\/\/www.bc-maps.com\/mapa-vectorial-eps\/wp-json\/wp\/v2\/media?parent=6788"}],"curies":[{"name":"wp","href":"https:\/\/api.w.org\/{rel}","templated":true}]}}