{"id":6776,"date":"2024-08-26T08:55:00","date_gmt":"2024-08-26T08:55:00","guid":{"rendered":"https:\/\/www.bc-maps.com\/mapa-vectorial-eps\/almassera-valencia-mapa-vectorial-illustrator-eps-ai-cc-2\/"},"modified":"2024-10-20T05:57:07","modified_gmt":"2024-10-20T05:57:07","slug":"massamagrell-valencia-mapa-vectorial-illustrator-eps-ai-cc","status":"publish","type":"page","link":"https:\/\/www.bc-maps.com\/mapa-vectorial-eps\/massamagrell-valencia-mapa-vectorial-illustrator-eps-ai-cc\/","title":{"rendered":"Massamagrell mapa vectorial Illustrator eps ai CC"},"content":{"rendered":"<h1>Planos y mapas vectoriales de <strong>Massamagrell<\/strong>, Valencia<\/h1>\n<h2>Mapas vectoriales editables estructurados con capas de <strong>Massamagrell<\/strong><\/h2>\n<h3>Planos vectoriales de ciudades de la provincia de Valencia<\/h3>\n<p><strong>Massamagrell<\/strong>\u00a0mapa vectorial <strong>illustrator<\/strong>, podemos crear cualquier tipo de mapa del municipio, planos parciales, planos generales, planos de detalle, \u2026etc.<\/p>\n<p>En el caso de necesitar un <strong>mapa tur\u00edstico impreso<\/strong> podemos realizar todas las fases del proceso desde la creaci\u00f3n del dise\u00f1o a la entrega de un producto ya impreso totalmente personalizado, \u00a0formato plegable, talonarios e incluso en versi\u00f3n mural.<\/p>\n<p>Los mapas vectoriales se entregan en formatos editables <a href=\"http:\/\/www.adobe.es\">adobe<\/a> illustrator, eps.<\/p>\n<figure id=\"attachment_6779\" aria-describedby=\"caption-attachment-6779\" style=\"width: 300px\" class=\"wp-caption alignnone\"><a href=\"https:\/\/www.bc-maps.com\/wp-content\/uploads\/2024\/10\/Massamagrell-mapa-vectorial-illustrator-eps.jpg\" target=\"_blank\" rel=\"noopener\"><img loading=\"lazy\" decoding=\"async\" class=\"Massamagrell mapa vectorial illustrator eps wp-image-6779 size-medium\" title=\"Massamagrell mapa vectorial illustrator eps\" src=\"https:\/\/www.bc-maps.com\/wp-content\/uploads\/2024\/10\/Massamagrell-mapa-vectorial-illustrator-eps-300x189.jpg\" alt=\"Massamagrell mapa vectorial illustrator eps\" width=\"300\" height=\"189\" srcset=\"https:\/\/www.bc-maps.com\/wp-content\/uploads\/2024\/10\/Massamagrell-mapa-vectorial-illustrator-eps-300x189.jpg 300w, https:\/\/www.bc-maps.com\/wp-content\/uploads\/2024\/10\/Massamagrell-mapa-vectorial-illustrator-eps-1024x644.jpg 1024w, https:\/\/www.bc-maps.com\/wp-content\/uploads\/2024\/10\/Massamagrell-mapa-vectorial-illustrator-eps-768x483.jpg 768w, https:\/\/www.bc-maps.com\/wp-content\/uploads\/2024\/10\/Massamagrell-mapa-vectorial-illustrator-eps-1536x966.jpg 1536w, https:\/\/www.bc-maps.com\/wp-content\/uploads\/2024\/10\/Massamagrell-mapa-vectorial-illustrator-eps.jpg 1701w\" sizes=\"auto, (max-width: 300px) 100vw, 300px\" \/><\/a><figcaption id=\"caption-attachment-6779\" class=\"wp-caption-text\">Massamagrell mapa vectorial illustrator eps<\/figcaption><\/figure>\n<figure id=\"attachment_6780\" aria-describedby=\"caption-attachment-6780\" style=\"width: 300px\" class=\"wp-caption alignnone\"><a href=\"https:\/\/www.bc-maps.com\/wp-content\/uploads\/2024\/10\/Massamagrell-mapa-vectorial-illustrator-eps-zoom.jpg\" target=\"_blank\" rel=\"noopener\"><img loading=\"lazy\" decoding=\"async\" class=\"Massamagrell mapa vectorial illustrator eps zoom wp-image-6780 size-medium\" title=\"Massamagrell mapa vectorial illustrator eps zoom\" src=\"https:\/\/www.bc-maps.com\/wp-content\/uploads\/2024\/10\/Massamagrell-mapa-vectorial-illustrator-eps-zoom-300x296.jpg\" alt=\"Massamagrell mapa vectorial illustrator eps zoom\" width=\"300\" height=\"296\" srcset=\"https:\/\/www.bc-maps.com\/wp-content\/uploads\/2024\/10\/Massamagrell-mapa-vectorial-illustrator-eps-zoom-300x296.jpg 300w, https:\/\/www.bc-maps.com\/wp-content\/uploads\/2024\/10\/Massamagrell-mapa-vectorial-illustrator-eps-zoom-768x757.jpg 768w, https:\/\/www.bc-maps.com\/wp-content\/uploads\/2024\/10\/Massamagrell-mapa-vectorial-illustrator-eps-zoom.jpg 1019w\" sizes=\"auto, (max-width: 300px) 100vw, 300px\" \/><\/a><figcaption id=\"caption-attachment-6780\" class=\"wp-caption-text\">Massamagrell mapa vectorial illustrator eps zoom<\/figcaption><\/figure>\n<p><strong>Massamagrell,<\/strong> en la comarca de <strong>l&#8217;Horta Nord<\/strong>, Valencia, es un municipio con un interesante patrimonio hist\u00f3rico y cultural. Entre sus principales puntos de inter\u00e9s est\u00e1 la <strong>Iglesia Parroquial de San Juan Ap\u00f3stol y Evangelista<\/strong>, de estilo barroco, con un destacado campanario. Otro lugar de inter\u00e9s es la <strong>Ermita de la Virgen del Rosario<\/strong>, que alberga una imagen muy venerada por los vecinos. El <strong>Calvario de Massamagrell<\/strong> es un sitio tradicional para paseos y celebraciones religiosas, con un entorno tranquilo y vistas panor\u00e1micas. Massamagrell tambi\u00e9n cuenta con acceso a la <strong>huerta valenciana<\/strong>, ideal para rutas a pie o en bicicleta. Las <strong>Fallas<\/strong> y las <strong>fiestas patronales en honor a la Virgen del Rosario<\/strong>son eventos culturales importantes, que incluyen procesiones, m\u00fasica y fuegos artificiales<\/p>\n<p>El contenido de informaci\u00f3n depender\u00e1 del tama\u00f1o de la zona y la escala o medidas de reproducci\u00f3n, ya que no trabajamos con textos inferiores a 5 puntos para que sean legibles.<\/p>\n<p>La informaci\u00f3n disponible va desde\u00a0monumentos, lugares de inter\u00e9s y populares, museos, oficinas de turismo, centros comerciales, medios de transporte.<\/p>\n<p>Tambi\u00e9n podemos a\u00f1adir cualquier otra informaci\u00f3n pr\u00e1ctica que nos soliciten ustedes.<\/p>\n<p>Nuestros mapas est\u00e1n estructurados por medio de capas y son totalmente editables, modificables, \u00a0tanto \u00a0colores y\u00a0fuentes\/textos.<\/p>\n<p>Nuestro ficheros\u00a0son libres de derechos para cualquier reproducci\u00f3n, incluyendo nuestro copyright.<\/p>\n<p>Los mapas est\u00e1n creados con licencias oficiales de programas de Adobe, habitualmente entregamos en version CC, pero podemos entregar tambi\u00e9n en otras versiones.<\/p>\n","protected":false},"excerpt":{"rendered":"<p>Planos y mapas vectoriales de Massamagrell, Valencia Mapas vectoriales editables estructurados con capas de Massamagrell Planos vectoriales de ciudades de la provincia de Valencia Massamagrell\u00a0mapa vectorial illustrator, podemos crear cualquier tipo de mapa del municipio, planos parciales, planos generales, planos de detalle, \u2026etc. En el caso de necesitar un mapa tur\u00edstico impreso podemos realizar todas &hellip; <a href=\"https:\/\/www.bc-maps.com\/mapa-vectorial-eps\/massamagrell-valencia-mapa-vectorial-illustrator-eps-ai-cc\/\" class=\"more-link\">Seguir leyendo <span class=\"screen-reader-text\">Massamagrell mapa vectorial Illustrator eps ai CC<\/span> <span class=\"meta-nav\">&rarr;<\/span><\/a><\/p>\n","protected":false},"author":1,"featured_media":6779,"parent":0,"menu_order":0,"comment_status":"closed","ping_status":"closed","template":"","meta":{"footnotes":""},"class_list":["post-6776","page","type-page","status-publish","has-post-thumbnail","hentry"],"_links":{"self":[{"href":"https:\/\/www.bc-maps.com\/mapa-vectorial-eps\/wp-json\/wp\/v2\/pages\/6776","targetHints":{"allow":["GET"]}}],"collection":[{"href":"https:\/\/www.bc-maps.com\/mapa-vectorial-eps\/wp-json\/wp\/v2\/pages"}],"about":[{"href":"https:\/\/www.bc-maps.com\/mapa-vectorial-eps\/wp-json\/wp\/v2\/types\/page"}],"author":[{"embeddable":true,"href":"https:\/\/www.bc-maps.com\/mapa-vectorial-eps\/wp-json\/wp\/v2\/users\/1"}],"replies":[{"embeddable":true,"href":"https:\/\/www.bc-maps.com\/mapa-vectorial-eps\/wp-json\/wp\/v2\/comments?post=6776"}],"version-history":[{"count":3,"href":"https:\/\/www.bc-maps.com\/mapa-vectorial-eps\/wp-json\/wp\/v2\/pages\/6776\/revisions"}],"predecessor-version":[{"id":6868,"href":"https:\/\/www.bc-maps.com\/mapa-vectorial-eps\/wp-json\/wp\/v2\/pages\/6776\/revisions\/6868"}],"wp:featuredmedia":[{"embeddable":true,"href":"https:\/\/www.bc-maps.com\/mapa-vectorial-eps\/wp-json\/wp\/v2\/media\/6779"}],"wp:attachment":[{"href":"https:\/\/www.bc-maps.com\/mapa-vectorial-eps\/wp-json\/wp\/v2\/media?parent=6776"}],"curies":[{"name":"wp","href":"https:\/\/api.w.org\/{rel}","templated":true}]}}