{"id":6765,"date":"2024-08-26T08:55:00","date_gmt":"2024-08-26T08:55:00","guid":{"rendered":"https:\/\/www.bc-maps.com\/mapa-vectorial-eps\/la-pobla-de-vallbona-valencia-mapa-vectorial-illustrator-eps-ai-cc-2\/"},"modified":"2024-10-20T05:55:43","modified_gmt":"2024-10-20T05:55:43","slug":"manises-valencia-mapa-vectorial-illustrator-eps-ai-cc","status":"publish","type":"page","link":"https:\/\/www.bc-maps.com\/mapa-vectorial-eps\/manises-valencia-mapa-vectorial-illustrator-eps-ai-cc\/","title":{"rendered":"Manises mapa vectorial Illustrator eps ai CC"},"content":{"rendered":"<h1>Planos y mapas vectoriales de <b>Manises<\/b>, Valencia<\/h1>\n<h2>Mapas vectoriales editables estructurados con capas de <b>Manises<\/b><\/h2>\n<h3>Planos vectoriales de ciudades de la provincia de Valencia<\/h3>\n<p><b>Manises <\/b>mapa vectorial <strong>illustrator<\/strong>, podemos crear cualquier tipo de mapa del municipio, planos parciales, planos generales, planos de detalle, \u2026etc.<\/p>\n<p>En el caso de necesitar un <strong>mapa tur\u00edstico impreso<\/strong> podemos realizar todas las fases del proceso desde la creaci\u00f3n del dise\u00f1o a la entrega de un producto ya impreso totalmente personalizado, \u00a0formato plegable, talonarios e incluso en versi\u00f3n mural.<\/p>\n<p>Los mapas vectoriales se entregan en formatos editables <a href=\"http:\/\/www.adobe.es\">adobe<\/a> illustrator, eps.<\/p>\n<figure id=\"attachment_6768\" aria-describedby=\"caption-attachment-6768\" style=\"width: 300px\" class=\"wp-caption alignnone\"><a href=\"https:\/\/www.bc-maps.com\/wp-content\/uploads\/2024\/10\/Manises-mapa-vectorial-illustrator-eps.jpg\" target=\"_blank\" rel=\"noopener\"><img loading=\"lazy\" decoding=\"async\" class=\"Manises mapa vectorial illustrator eps wp-image-6768 size-medium\" title=\"Manises mapa vectorial illustrator eps\" src=\"https:\/\/www.bc-maps.com\/wp-content\/uploads\/2024\/10\/Manises-mapa-vectorial-illustrator-eps-300x240.jpg\" alt=\"Manises mapa vectorial illustrator eps\" width=\"300\" height=\"240\" srcset=\"https:\/\/www.bc-maps.com\/wp-content\/uploads\/2024\/10\/Manises-mapa-vectorial-illustrator-eps-300x240.jpg 300w, https:\/\/www.bc-maps.com\/wp-content\/uploads\/2024\/10\/Manises-mapa-vectorial-illustrator-eps-1024x821.jpg 1024w, https:\/\/www.bc-maps.com\/wp-content\/uploads\/2024\/10\/Manises-mapa-vectorial-illustrator-eps-768x615.jpg 768w, https:\/\/www.bc-maps.com\/wp-content\/uploads\/2024\/10\/Manises-mapa-vectorial-illustrator-eps-1536x1231.jpg 1536w, https:\/\/www.bc-maps.com\/wp-content\/uploads\/2024\/10\/Manises-mapa-vectorial-illustrator-eps.jpg 1701w\" sizes=\"auto, (max-width: 300px) 100vw, 300px\" \/><\/a><figcaption id=\"caption-attachment-6768\" class=\"wp-caption-text\">Manises mapa vectorial illustrator eps<\/figcaption><\/figure>\n<figure id=\"attachment_6769\" aria-describedby=\"caption-attachment-6769\" style=\"width: 300px\" class=\"wp-caption alignnone\"><a href=\"https:\/\/www.bc-maps.com\/wp-content\/uploads\/2024\/10\/Manises-mapa-vectorial-illustrator-eps-zoom.jpg\" target=\"_blank\" rel=\"noopener\"><img loading=\"lazy\" decoding=\"async\" class=\"Manises mapa vectorial illustrator eps zoom wp-image-6769 size-medium\" title=\"Manises mapa vectorial illustrator eps zoom\" src=\"https:\/\/www.bc-maps.com\/wp-content\/uploads\/2024\/10\/Manises-mapa-vectorial-illustrator-eps-zoom-300x296.jpg\" alt=\"Manises mapa vectorial illustrator eps zoom\" width=\"300\" height=\"296\" srcset=\"https:\/\/www.bc-maps.com\/wp-content\/uploads\/2024\/10\/Manises-mapa-vectorial-illustrator-eps-zoom-300x296.jpg 300w, https:\/\/www.bc-maps.com\/wp-content\/uploads\/2024\/10\/Manises-mapa-vectorial-illustrator-eps-zoom-768x757.jpg 768w, https:\/\/www.bc-maps.com\/wp-content\/uploads\/2024\/10\/Manises-mapa-vectorial-illustrator-eps-zoom.jpg 1020w\" sizes=\"auto, (max-width: 300px) 100vw, 300px\" \/><\/a><figcaption id=\"caption-attachment-6769\" class=\"wp-caption-text\">Manises mapa vectorial illustrator eps zoom<\/figcaption><\/figure>\n<p><strong>Manises<\/strong>, en la comarca de <strong>l&#8217;Horta Oest<\/strong>, Valencia, es mundialmente conocida por su tradici\u00f3n cer\u00e1mica, que data del siglo XIV. El <strong>Museo de Cer\u00e1mica de Manises<\/strong> es uno de sus principales atractivos, donde se exhiben piezas hist\u00f3ricas y contempor\u00e1neas de esta artesan\u00eda local. Tambi\u00e9n destaca la <strong>Iglesia de San Juan Bautista<\/strong>, de estilo barroco, con una bella decoraci\u00f3n cer\u00e1mica. El <strong>Acueducto de Els Arcs<\/strong>, una antigua obra hidr\u00e1ulica, es otro lugar hist\u00f3rico importante. Manises cuenta con el <strong>Parque Natural del Turia<\/strong>, ideal para actividades al aire libre. Adem\u00e1s, las <strong>fiestas de San Vicente Ferrer<\/strong> y las <strong>Fallas<\/strong> son celebraciones populares que reflejan el rico patrimonio cultural el municipio.<\/p>\n<p>El contenido de informaci\u00f3n depender\u00e1 del tama\u00f1o de la zona y la escala o medidas de reproducci\u00f3n, ya que no trabajamos con textos inferiores a 5 puntos para que sean legibles.<\/p>\n<p>La informaci\u00f3n disponible va desde\u00a0monumentos, lugares de inter\u00e9s y populares, museos, oficinas de turismo, centros comerciales, medios de transporte.<\/p>\n<p>Tambi\u00e9n podemos a\u00f1adir cualquier otra informaci\u00f3n pr\u00e1ctica que nos soliciten ustedes.<\/p>\n<p>Nuestros mapas est\u00e1n estructurados por medio de capas y son totalmente editables, modificables, \u00a0tanto \u00a0colores y\u00a0fuentes\/textos.<\/p>\n<p>Nuestro ficheros\u00a0son libres de derechos para cualquier reproducci\u00f3n, incluyendo nuestro copyright.<\/p>\n<p>Los mapas est\u00e1n creados con licencias oficiales de programas de Adobe, habitualmente entregamos en version CC, pero podemos entregar tambi\u00e9n en otras versiones.<\/p>\n","protected":false},"excerpt":{"rendered":"<p>Planos y mapas vectoriales de Manises, Valencia Mapas vectoriales editables estructurados con capas de Manises Planos vectoriales de ciudades de la provincia de Valencia Manises mapa vectorial illustrator, podemos crear cualquier tipo de mapa del municipio, planos parciales, planos generales, planos de detalle, \u2026etc. En el caso de necesitar un mapa tur\u00edstico impreso podemos realizar &hellip; <a href=\"https:\/\/www.bc-maps.com\/mapa-vectorial-eps\/manises-valencia-mapa-vectorial-illustrator-eps-ai-cc\/\" class=\"more-link\">Seguir leyendo <span class=\"screen-reader-text\">Manises mapa vectorial Illustrator eps ai CC<\/span> <span class=\"meta-nav\">&rarr;<\/span><\/a><\/p>\n","protected":false},"author":1,"featured_media":6768,"parent":0,"menu_order":0,"comment_status":"closed","ping_status":"closed","template":"","meta":{"footnotes":""},"class_list":["post-6765","page","type-page","status-publish","has-post-thumbnail","hentry"],"_links":{"self":[{"href":"https:\/\/www.bc-maps.com\/mapa-vectorial-eps\/wp-json\/wp\/v2\/pages\/6765","targetHints":{"allow":["GET"]}}],"collection":[{"href":"https:\/\/www.bc-maps.com\/mapa-vectorial-eps\/wp-json\/wp\/v2\/pages"}],"about":[{"href":"https:\/\/www.bc-maps.com\/mapa-vectorial-eps\/wp-json\/wp\/v2\/types\/page"}],"author":[{"embeddable":true,"href":"https:\/\/www.bc-maps.com\/mapa-vectorial-eps\/wp-json\/wp\/v2\/users\/1"}],"replies":[{"embeddable":true,"href":"https:\/\/www.bc-maps.com\/mapa-vectorial-eps\/wp-json\/wp\/v2\/comments?post=6765"}],"version-history":[{"count":3,"href":"https:\/\/www.bc-maps.com\/mapa-vectorial-eps\/wp-json\/wp\/v2\/pages\/6765\/revisions"}],"predecessor-version":[{"id":6866,"href":"https:\/\/www.bc-maps.com\/mapa-vectorial-eps\/wp-json\/wp\/v2\/pages\/6765\/revisions\/6866"}],"wp:featuredmedia":[{"embeddable":true,"href":"https:\/\/www.bc-maps.com\/mapa-vectorial-eps\/wp-json\/wp\/v2\/media\/6768"}],"wp:attachment":[{"href":"https:\/\/www.bc-maps.com\/mapa-vectorial-eps\/wp-json\/wp\/v2\/media?parent=6765"}],"curies":[{"name":"wp","href":"https:\/\/api.w.org\/{rel}","templated":true}]}}