{"id":6752,"date":"2024-08-26T08:55:00","date_gmt":"2024-08-26T08:55:00","guid":{"rendered":"https:\/\/www.bc-maps.com\/mapa-vectorial-eps\/godella-valencia-mapa-vectorial-illustrator-eps-ai-cc-2\/"},"modified":"2024-10-20T05:54:53","modified_gmt":"2024-10-20T05:54:53","slug":"la-pobla-de-farnals-valencia-mapa-vectorial-illustrator-eps-ai-cc","status":"publish","type":"page","link":"https:\/\/www.bc-maps.com\/mapa-vectorial-eps\/la-pobla-de-farnals-valencia-mapa-vectorial-illustrator-eps-ai-cc\/","title":{"rendered":"La Pobla de Farnals mapa vectorial Illustrator eps ai CC"},"content":{"rendered":"<h1>Planos y mapas vectoriales de <b>La Pobla de Farnals<\/b>, Valencia<\/h1>\n<h2>Mapas vectoriales editables estructurados con capas de <b>La Pobla de Farnals<\/b><\/h2>\n<h3>Planos vectoriales de ciudades de la provincia de Valencia<\/h3>\n<p><b>La Pobla de Farnals <\/b>mapa vectorial <strong>illustrator<\/strong>, podemos crear cualquier tipo de mapa del municipio, planos parciales, planos generales, planos de detalle, \u2026etc.<\/p>\n<p>En el caso de necesitar un <strong>mapa tur\u00edstico impreso<\/strong> podemos realizar todas las fases del proceso desde la creaci\u00f3n del dise\u00f1o a la entrega de un producto ya impreso totalmente personalizado, \u00a0formato plegable, talonarios e incluso en versi\u00f3n mural.<\/p>\n<p>Los mapas vectoriales se entregan en formatos editables <a href=\"http:\/\/www.adobe.es\">adobe<\/a> illustrator, eps.<\/p>\n<figure id=\"attachment_6756\" aria-describedby=\"caption-attachment-6756\" style=\"width: 300px\" class=\"wp-caption alignnone\"><a href=\"https:\/\/www.bc-maps.com\/wp-content\/uploads\/2024\/10\/La-Pobla-de-Farnals-mapa-vectorial-illustrator-eps.jpg\" target=\"_blank\" rel=\"noopener\"><img loading=\"lazy\" decoding=\"async\" class=\"La Pobla de Farnals mapa vectorial illustrator eps wp-image-6756 size-medium\" title=\"La Pobla de Farnals mapa vectorial illustrator eps\" src=\"https:\/\/www.bc-maps.com\/wp-content\/uploads\/2024\/10\/La-Pobla-de-Farnals-mapa-vectorial-illustrator-eps-300x186.jpg\" alt=\"La Pobla de Farnals mapa vectorial illustrator eps\" width=\"300\" height=\"186\" srcset=\"https:\/\/www.bc-maps.com\/wp-content\/uploads\/2024\/10\/La-Pobla-de-Farnals-mapa-vectorial-illustrator-eps-300x186.jpg 300w, https:\/\/www.bc-maps.com\/wp-content\/uploads\/2024\/10\/La-Pobla-de-Farnals-mapa-vectorial-illustrator-eps-1024x633.jpg 1024w, https:\/\/www.bc-maps.com\/wp-content\/uploads\/2024\/10\/La-Pobla-de-Farnals-mapa-vectorial-illustrator-eps-768x475.jpg 768w, https:\/\/www.bc-maps.com\/wp-content\/uploads\/2024\/10\/La-Pobla-de-Farnals-mapa-vectorial-illustrator-eps-1536x950.jpg 1536w, https:\/\/www.bc-maps.com\/wp-content\/uploads\/2024\/10\/La-Pobla-de-Farnals-mapa-vectorial-illustrator-eps.jpg 1701w\" sizes=\"auto, (max-width: 300px) 100vw, 300px\" \/><\/a><figcaption id=\"caption-attachment-6756\" class=\"wp-caption-text\">La Pobla de Farnals mapa vectorial illustrator eps<\/figcaption><\/figure>\n<figure id=\"attachment_6757\" aria-describedby=\"caption-attachment-6757\" style=\"width: 298px\" class=\"wp-caption alignnone\"><a href=\"https:\/\/www.bc-maps.com\/wp-content\/uploads\/2024\/10\/La-Pobla-de-Farnals-mapa-vectorial-illustrator-eps-zoom.jpg\" target=\"_blank\" rel=\"noopener\"><img loading=\"lazy\" decoding=\"async\" class=\"La Pobla de Farnals mapa vectorial illustrator eps zoom wp-image-6757 size-medium\" title=\"La Pobla de Farnals mapa vectorial illustrator eps zoom\" src=\"https:\/\/www.bc-maps.com\/wp-content\/uploads\/2024\/10\/La-Pobla-de-Farnals-mapa-vectorial-illustrator-eps-zoom-298x300.jpg\" alt=\"La Pobla de Farnals mapa vectorial illustrator eps zoom\" width=\"298\" height=\"300\" srcset=\"https:\/\/www.bc-maps.com\/wp-content\/uploads\/2024\/10\/La-Pobla-de-Farnals-mapa-vectorial-illustrator-eps-zoom-298x300.jpg 298w, https:\/\/www.bc-maps.com\/wp-content\/uploads\/2024\/10\/La-Pobla-de-Farnals-mapa-vectorial-illustrator-eps-zoom-1018x1024.jpg 1018w, https:\/\/www.bc-maps.com\/wp-content\/uploads\/2024\/10\/La-Pobla-de-Farnals-mapa-vectorial-illustrator-eps-zoom-150x150.jpg 150w, https:\/\/www.bc-maps.com\/wp-content\/uploads\/2024\/10\/La-Pobla-de-Farnals-mapa-vectorial-illustrator-eps-zoom-768x773.jpg 768w, https:\/\/www.bc-maps.com\/wp-content\/uploads\/2024\/10\/La-Pobla-de-Farnals-mapa-vectorial-illustrator-eps-zoom.jpg 1020w\" sizes=\"auto, (max-width: 298px) 100vw, 298px\" \/><\/a><figcaption id=\"caption-attachment-6757\" class=\"wp-caption-text\">La Pobla de Farnals mapa vectorial illustrator eps zoom<\/figcaption><\/figure>\n<p><strong>La Pobla de Farnals <\/strong>es un municipio\u00a0en la comarca de<strong> l&#8217;Horta Nord<\/strong>, Valencia, es conocida por su proximidad a la costa y su encanto tanto rural como urbano. Uno de los principales atractivos es su <strong>playa<\/strong>, un destino tur\u00edstico popular con un paseo mar\u00edtimo lleno de restaurantes y zonas de ocio. El <strong>casco antiguo<\/strong> conserva su car\u00e1cter tradicional, con la <strong>Iglesia de San Jos\u00e9<\/strong> como uno de los edificios m\u00e1s destacados. Adem\u00e1s, la <strong>Torre de Guaita<\/strong>, una antigua torre defensiva, es un punto de inter\u00e9s hist\u00f3rico. La Pobla de Farnals tambi\u00e9n cuenta con una importante zona de huerta, ideal para paseos tranquilos. Las <strong>fiestas patronales<\/strong> y las <strong>Fallas<\/strong> son eventos clave en la vida cultural de la localidad.<\/p>\n<p>El contenido de informaci\u00f3n depender\u00e1 del tama\u00f1o de la zona y la escala o medidas de reproducci\u00f3n, ya que no trabajamos con textos inferiores a 5 puntos para que sean legibles.<\/p>\n<p>La informaci\u00f3n disponible va desde\u00a0monumentos, lugares de inter\u00e9s y populares, museos, oficinas de turismo, centros comerciales, medios de transporte.<\/p>\n<p>Tambi\u00e9n podemos a\u00f1adir cualquier otra informaci\u00f3n pr\u00e1ctica que nos soliciten ustedes.<\/p>\n<p>Nuestros mapas est\u00e1n estructurados por medio de capas y son totalmente editables, modificables, \u00a0tanto \u00a0colores y\u00a0fuentes\/textos.<\/p>\n<p>Nuestro ficheros\u00a0son libres de derechos para cualquier reproducci\u00f3n, incluyendo nuestro copyright.<\/p>\n<p>Los mapas est\u00e1n creados con licencias oficiales de programas de Adobe, habitualmente entregamos en version CC, pero podemos entregar tambi\u00e9n en otras versiones.<\/p>\n","protected":false},"excerpt":{"rendered":"<p>Planos y mapas vectoriales de La Pobla de Farnals, Valencia Mapas vectoriales editables estructurados con capas de La Pobla de Farnals Planos vectoriales de ciudades de la provincia de Valencia La Pobla de Farnals mapa vectorial illustrator, podemos crear cualquier tipo de mapa del municipio, planos parciales, planos generales, planos de detalle, \u2026etc. En el &hellip; <a href=\"https:\/\/www.bc-maps.com\/mapa-vectorial-eps\/la-pobla-de-farnals-valencia-mapa-vectorial-illustrator-eps-ai-cc\/\" class=\"more-link\">Seguir leyendo <span class=\"screen-reader-text\">La Pobla de Farnals mapa vectorial Illustrator eps ai CC<\/span> <span class=\"meta-nav\">&rarr;<\/span><\/a><\/p>\n","protected":false},"author":1,"featured_media":6756,"parent":0,"menu_order":0,"comment_status":"closed","ping_status":"closed","template":"","meta":{"footnotes":""},"class_list":["post-6752","page","type-page","status-publish","has-post-thumbnail","hentry"],"_links":{"self":[{"href":"https:\/\/www.bc-maps.com\/mapa-vectorial-eps\/wp-json\/wp\/v2\/pages\/6752","targetHints":{"allow":["GET"]}}],"collection":[{"href":"https:\/\/www.bc-maps.com\/mapa-vectorial-eps\/wp-json\/wp\/v2\/pages"}],"about":[{"href":"https:\/\/www.bc-maps.com\/mapa-vectorial-eps\/wp-json\/wp\/v2\/types\/page"}],"author":[{"embeddable":true,"href":"https:\/\/www.bc-maps.com\/mapa-vectorial-eps\/wp-json\/wp\/v2\/users\/1"}],"replies":[{"embeddable":true,"href":"https:\/\/www.bc-maps.com\/mapa-vectorial-eps\/wp-json\/wp\/v2\/comments?post=6752"}],"version-history":[{"count":4,"href":"https:\/\/www.bc-maps.com\/mapa-vectorial-eps\/wp-json\/wp\/v2\/pages\/6752\/revisions"}],"predecessor-version":[{"id":6865,"href":"https:\/\/www.bc-maps.com\/mapa-vectorial-eps\/wp-json\/wp\/v2\/pages\/6752\/revisions\/6865"}],"wp:featuredmedia":[{"embeddable":true,"href":"https:\/\/www.bc-maps.com\/mapa-vectorial-eps\/wp-json\/wp\/v2\/media\/6756"}],"wp:attachment":[{"href":"https:\/\/www.bc-maps.com\/mapa-vectorial-eps\/wp-json\/wp\/v2\/media?parent=6752"}],"curies":[{"name":"wp","href":"https:\/\/api.w.org\/{rel}","templated":true}]}}