{"id":6740,"date":"2024-08-26T08:55:00","date_gmt":"2024-08-26T08:55:00","guid":{"rendered":"https:\/\/www.bc-maps.com\/mapa-vectorial-eps\/eliana-valencia-mapa-vectorial-illustrator-eps-ai-cc-2\/"},"modified":"2024-10-20T05:52:45","modified_gmt":"2024-10-20T05:52:45","slug":"foios-valencia-mapa-vectorial-illustrator-eps-ai-cc","status":"publish","type":"page","link":"https:\/\/www.bc-maps.com\/mapa-vectorial-eps\/foios-valencia-mapa-vectorial-illustrator-eps-ai-cc\/","title":{"rendered":"Foios mapa vectorial Illustrator eps ai CC"},"content":{"rendered":"<h1>Planos y mapas vectoriales de <b>Foios <\/b>, Valencia<\/h1>\n<h2>Mapas vectoriales editables estructurados con capas de <b>Foios <\/b><\/h2>\n<h3>Planos vectoriales de ciudades de la provincia de Valencia<\/h3>\n<p><b>Foios <\/b>mapa vectorial <strong>illustrator<\/strong>, podemos crear cualquier tipo de mapa del municipio, planos parciales, planos generales, planos de detalle, \u2026etc.<\/p>\n<p>En el caso de necesitar un <strong>mapa tur\u00edstico impreso<\/strong> podemos realizar todas las fases del proceso desde la creaci\u00f3n del dise\u00f1o a la entrega de un producto ya impreso totalmente personalizado, \u00a0formato plegable, talonarios e incluso en versi\u00f3n mural.<\/p>\n<p>Los mapas vectoriales se entregan en formatos editables <a href=\"http:\/\/www.adobe.es\">adobe<\/a> illustrator, eps.<\/p>\n<figure id=\"attachment_6742\" aria-describedby=\"caption-attachment-6742\" style=\"width: 300px\" class=\"wp-caption alignnone\"><a href=\"https:\/\/www.bc-maps.com\/wp-content\/uploads\/2024\/10\/Foios-mapa-vectorial-illustrator-eps.jpg\" target=\"_blank\" rel=\"noopener\"><img loading=\"lazy\" decoding=\"async\" class=\"Foios mapa vectorial illustrator eps wp-image-6742 size-medium\" title=\"Foios mapa vectorial illustrator eps\" src=\"https:\/\/www.bc-maps.com\/wp-content\/uploads\/2024\/10\/Foios-mapa-vectorial-illustrator-eps-300x193.jpg\" alt=\"Foios mapa vectorial illustrator eps\" width=\"300\" height=\"193\" srcset=\"https:\/\/www.bc-maps.com\/wp-content\/uploads\/2024\/10\/Foios-mapa-vectorial-illustrator-eps-300x193.jpg 300w, https:\/\/www.bc-maps.com\/wp-content\/uploads\/2024\/10\/Foios-mapa-vectorial-illustrator-eps-1024x658.jpg 1024w, https:\/\/www.bc-maps.com\/wp-content\/uploads\/2024\/10\/Foios-mapa-vectorial-illustrator-eps-768x493.jpg 768w, https:\/\/www.bc-maps.com\/wp-content\/uploads\/2024\/10\/Foios-mapa-vectorial-illustrator-eps-1536x987.jpg 1536w, https:\/\/www.bc-maps.com\/wp-content\/uploads\/2024\/10\/Foios-mapa-vectorial-illustrator-eps.jpg 1701w\" sizes=\"auto, (max-width: 300px) 100vw, 300px\" \/><\/a><figcaption id=\"caption-attachment-6742\" class=\"wp-caption-text\">Foios mapa vectorial illustrator eps<\/figcaption><\/figure>\n<figure id=\"attachment_6744\" aria-describedby=\"caption-attachment-6744\" style=\"width: 300px\" class=\"wp-caption alignnone\"><a href=\"https:\/\/www.bc-maps.com\/wp-content\/uploads\/2024\/10\/Foios-mapa-vectorial-illustrator-eps-zoom.jpg\" target=\"_blank\" rel=\"noopener\"><img loading=\"lazy\" decoding=\"async\" class=\"Foios mapa vectorial illustrator eps zoom wp-image-6744 size-medium\" title=\"Foios mapa vectorial illustrator eps zoom\" src=\"https:\/\/www.bc-maps.com\/wp-content\/uploads\/2024\/10\/Foios-mapa-vectorial-illustrator-eps-zoom-300x300.jpg\" alt=\"Foios mapa vectorial illustrator eps zoom\" width=\"300\" height=\"300\" srcset=\"https:\/\/www.bc-maps.com\/wp-content\/uploads\/2024\/10\/Foios-mapa-vectorial-illustrator-eps-zoom-300x300.jpg 300w, https:\/\/www.bc-maps.com\/wp-content\/uploads\/2024\/10\/Foios-mapa-vectorial-illustrator-eps-zoom-150x150.jpg 150w, https:\/\/www.bc-maps.com\/wp-content\/uploads\/2024\/10\/Foios-mapa-vectorial-illustrator-eps-zoom-768x770.jpg 768w, https:\/\/www.bc-maps.com\/wp-content\/uploads\/2024\/10\/Foios-mapa-vectorial-illustrator-eps-zoom.jpg 1016w\" sizes=\"auto, (max-width: 300px) 100vw, 300px\" \/><\/a><figcaption id=\"caption-attachment-6744\" class=\"wp-caption-text\">Foios mapa vectorial illustrator eps zoom<\/figcaption><\/figure>\n<p><strong>Foios<\/strong> se encuentra\u00a0en la comarca de l&#8217;Horta Nord, Valencia, es un municipio que combina su tradici\u00f3n agr\u00edcola con un interesante patrimonio cultural. Uno de los principales puntos de inter\u00e9s es la <strong>Iglesia Parroquial de la Asunci\u00f3n<\/strong>, un edificio de estilo neocl\u00e1sico que destaca por su campanario y su interior art\u00edstico. El <strong>Palacio de Foios<\/strong> es otro lugar emblem\u00e1tico, una antigua casa se\u00f1orial que conserva elementos hist\u00f3ricos. El casco antiguo de Foios ofrece calles estrechas y casas tradicionales, perfectas para pasear y disfrutar de la tranquilidad. Adem\u00e1s, su proximidad a la huerta valenciana permite disfrutar de rutas naturales, donde se pueden ver cultivos t\u00edpicos como la chufa. Las <strong>fiestas patronales<\/strong>en honor a la Virgen del Patrocinio son un evento destacado del calendario cultural.<\/p>\n<p>El contenido de informaci\u00f3n depender\u00e1 del tama\u00f1o de la zona y la escala o medidas de reproducci\u00f3n, ya que no trabajamos con textos inferiores a 5 puntos para que sean legibles.<\/p>\n<p>La informaci\u00f3n disponible va desde\u00a0monumentos, lugares de inter\u00e9s y populares, museos, oficinas de turismo, centros comerciales, medios de transporte.<\/p>\n<p>Tambi\u00e9n podemos a\u00f1adir cualquier otra informaci\u00f3n pr\u00e1ctica que nos soliciten ustedes.<\/p>\n<p>Nuestros mapas est\u00e1n estructurados por medio de capas y son totalmente editables, modificables, \u00a0tanto \u00a0colores y\u00a0fuentes\/textos.<\/p>\n<p>Nuestro ficheros\u00a0son libres de derechos para cualquier reproducci\u00f3n, incluyendo nuestro copyright.<\/p>\n<p>Los mapas est\u00e1n creados con licencias oficiales de programas de Adobe, habitualmente entregamos en version CC, pero podemos entregar tambi\u00e9n en otras versiones.<\/p>\n","protected":false},"excerpt":{"rendered":"<p>Planos y mapas vectoriales de Foios , Valencia Mapas vectoriales editables estructurados con capas de Foios Planos vectoriales de ciudades de la provincia de Valencia Foios mapa vectorial illustrator, podemos crear cualquier tipo de mapa del municipio, planos parciales, planos generales, planos de detalle, \u2026etc. En el caso de necesitar un mapa tur\u00edstico impreso podemos &hellip; <a href=\"https:\/\/www.bc-maps.com\/mapa-vectorial-eps\/foios-valencia-mapa-vectorial-illustrator-eps-ai-cc\/\" class=\"more-link\">Seguir leyendo <span class=\"screen-reader-text\">Foios mapa vectorial Illustrator eps ai CC<\/span> <span class=\"meta-nav\">&rarr;<\/span><\/a><\/p>\n","protected":false},"author":1,"featured_media":6742,"parent":0,"menu_order":0,"comment_status":"closed","ping_status":"closed","template":"","meta":{"footnotes":""},"class_list":["post-6740","page","type-page","status-publish","has-post-thumbnail","hentry"],"_links":{"self":[{"href":"https:\/\/www.bc-maps.com\/mapa-vectorial-eps\/wp-json\/wp\/v2\/pages\/6740","targetHints":{"allow":["GET"]}}],"collection":[{"href":"https:\/\/www.bc-maps.com\/mapa-vectorial-eps\/wp-json\/wp\/v2\/pages"}],"about":[{"href":"https:\/\/www.bc-maps.com\/mapa-vectorial-eps\/wp-json\/wp\/v2\/types\/page"}],"author":[{"embeddable":true,"href":"https:\/\/www.bc-maps.com\/mapa-vectorial-eps\/wp-json\/wp\/v2\/users\/1"}],"replies":[{"embeddable":true,"href":"https:\/\/www.bc-maps.com\/mapa-vectorial-eps\/wp-json\/wp\/v2\/comments?post=6740"}],"version-history":[{"count":3,"href":"https:\/\/www.bc-maps.com\/mapa-vectorial-eps\/wp-json\/wp\/v2\/pages\/6740\/revisions"}],"predecessor-version":[{"id":6862,"href":"https:\/\/www.bc-maps.com\/mapa-vectorial-eps\/wp-json\/wp\/v2\/pages\/6740\/revisions\/6862"}],"wp:featuredmedia":[{"embeddable":true,"href":"https:\/\/www.bc-maps.com\/mapa-vectorial-eps\/wp-json\/wp\/v2\/media\/6742"}],"wp:attachment":[{"href":"https:\/\/www.bc-maps.com\/mapa-vectorial-eps\/wp-json\/wp\/v2\/media?parent=6740"}],"curies":[{"name":"wp","href":"https:\/\/api.w.org\/{rel}","templated":true}]}}