{"id":6711,"date":"2024-08-26T08:55:00","date_gmt":"2024-08-26T08:55:00","guid":{"rendered":"https:\/\/www.bc-maps.com\/mapa-vectorial-eps\/benimanet-valencia-mapa-vectorial-illustrator-eps-ai-cc-2\/"},"modified":"2024-10-19T08:53:14","modified_gmt":"2024-10-19T08:53:14","slug":"betera-valencia-mapa-vectorial-illustrator-eps-ai-cc","status":"publish","type":"page","link":"https:\/\/www.bc-maps.com\/mapa-vectorial-eps\/betera-valencia-mapa-vectorial-illustrator-eps-ai-cc\/","title":{"rendered":"B\u00e9tera mapa vectorial Illustrator eps ai CC"},"content":{"rendered":"<h1>Planos y mapas vectoriales de <b>B\u00e9tera<\/b>, Valencia<\/h1>\n<h2>Mapas vectoriales editables estructurados con capas de <b>B\u00e9tera<\/b><\/h2>\n<h3>Planos vectoriales de ciudades de la provincia de Valencia<\/h3>\n<p><b>B\u00e9tera<\/b>\u00a0mapa vectorial <strong>illustrator<\/strong>, podemos crear cualquier tipo de mapa del municipio, planos parciales, planos generales, planos de detalle, \u2026etc.<\/p>\n<p>En el caso de necesitar un <strong>mapa tur\u00edstico impreso<\/strong> podemos realizar todas las fases del proceso desde la creaci\u00f3n del dise\u00f1o a la entrega de un producto ya impreso totalmente personalizado, \u00a0formato plegable, talonarios e incluso en versi\u00f3n mural.<\/p>\n<p>Los mapas vectoriales se entregan en formatos editables <a href=\"http:\/\/www.adobe.es\">adobe<\/a> illustrator, eps.<\/p>\n<figure id=\"attachment_6713\" aria-describedby=\"caption-attachment-6713\" style=\"width: 300px\" class=\"wp-caption alignnone\"><a href=\"https:\/\/www.bc-maps.com\/wp-content\/uploads\/2024\/10\/Betera-mapa-vectorial-illustrator-eps.jpg\" target=\"_blank\" rel=\"noopener\"><img loading=\"lazy\" decoding=\"async\" class=\"Betera mapa vectorial illustrator eps wp-image-6713 size-medium\" title=\"Betera mapa vectorial illustrator eps\" src=\"https:\/\/www.bc-maps.com\/wp-content\/uploads\/2024\/10\/Betera-mapa-vectorial-illustrator-eps-300x224.jpg\" alt=\"Betera mapa vectorial illustrator eps\" width=\"300\" height=\"224\" srcset=\"https:\/\/www.bc-maps.com\/wp-content\/uploads\/2024\/10\/Betera-mapa-vectorial-illustrator-eps-300x224.jpg 300w, https:\/\/www.bc-maps.com\/wp-content\/uploads\/2024\/10\/Betera-mapa-vectorial-illustrator-eps-1024x764.jpg 1024w, https:\/\/www.bc-maps.com\/wp-content\/uploads\/2024\/10\/Betera-mapa-vectorial-illustrator-eps-768x573.jpg 768w, https:\/\/www.bc-maps.com\/wp-content\/uploads\/2024\/10\/Betera-mapa-vectorial-illustrator-eps-1536x1146.jpg 1536w, https:\/\/www.bc-maps.com\/wp-content\/uploads\/2024\/10\/Betera-mapa-vectorial-illustrator-eps.jpg 1701w\" sizes=\"auto, (max-width: 300px) 100vw, 300px\" \/><\/a><figcaption id=\"caption-attachment-6713\" class=\"wp-caption-text\">Betera mapa vectorial illustrator eps<\/figcaption><\/figure>\n<figure id=\"attachment_6715\" aria-describedby=\"caption-attachment-6715\" style=\"width: 300px\" class=\"wp-caption alignnone\"><a href=\"https:\/\/www.bc-maps.com\/wp-content\/uploads\/2024\/10\/Betera-mapa-vectorial-illustrator-eps-zoom.jpg\" target=\"_blank\" rel=\"noopener\"><img loading=\"lazy\" decoding=\"async\" class=\"Betera mapa vectorial illustrator eps zoom wp-image-6715 size-medium\" title=\"Betera mapa vectorial illustrator eps zoom\" src=\"https:\/\/www.bc-maps.com\/wp-content\/uploads\/2024\/10\/Betera-mapa-vectorial-illustrator-eps-zoom-300x300.jpg\" alt=\"Betera mapa vectorial illustrator eps zoom\" width=\"300\" height=\"300\" srcset=\"https:\/\/www.bc-maps.com\/wp-content\/uploads\/2024\/10\/Betera-mapa-vectorial-illustrator-eps-zoom-300x300.jpg 300w, https:\/\/www.bc-maps.com\/wp-content\/uploads\/2024\/10\/Betera-mapa-vectorial-illustrator-eps-zoom-150x150.jpg 150w, https:\/\/www.bc-maps.com\/wp-content\/uploads\/2024\/10\/Betera-mapa-vectorial-illustrator-eps-zoom-768x770.jpg 768w, https:\/\/www.bc-maps.com\/wp-content\/uploads\/2024\/10\/Betera-mapa-vectorial-illustrator-eps-zoom.jpg 1008w\" sizes=\"auto, (max-width: 300px) 100vw, 300px\" \/><\/a><figcaption id=\"caption-attachment-6715\" class=\"wp-caption-text\">Betera mapa vectorial illustrator eps zoom<\/figcaption><\/figure>\n<p><strong>B\u00e9tera<\/strong> est\u00e1 situado en la comarca del Camp de T\u00faria, Valencia, es un municipio con un rico patrimonio cultural y natural. Entre sus principales lugares de inter\u00e9s est\u00e1 el <strong>Castillo de B\u00e9tera<\/strong>, de origen medieval, y la Iglesia de la Pur\u00edsima Concepci\u00f3n, que combina elementos barrocos y neocl\u00e1sicos. El paraje natural de la <strong>Sierra Calderona<\/strong>, cercano a B\u00e9tera, es perfecto para senderismo y actividades al aire libre. La <strong>Villa Romana del Horta Vella<\/strong> es otro sitio arqueol\u00f3gico de importancia. Adem\u00e1s, B\u00e9tera es famosa por la fiesta de \u00abLes Alf\u00e0begues\u00bb, una festividad tradicional en honor a la Virgen de la Asunci\u00f3n, con alf\u00e0begues (albahacas gigantes) que adornan las calles.<\/p>\n<p>El contenido de informaci\u00f3n depender\u00e1 del tama\u00f1o de la zona y la escala o medidas de reproducci\u00f3n, ya que no trabajamos con textos inferiores a 5 puntos para que sean legibles.<\/p>\n<p>La informaci\u00f3n disponible va desde\u00a0monumentos, lugares de inter\u00e9s y populares, museos, oficinas de turismo, centros comerciales, medios de transporte.<\/p>\n<p>Tambi\u00e9n podemos a\u00f1adir cualquier otra informaci\u00f3n pr\u00e1ctica que nos soliciten ustedes.<\/p>\n<p>Nuestros mapas est\u00e1n estructurados por medio de capas y son totalmente editables, modificables, \u00a0tanto \u00a0colores y\u00a0fuentes\/textos.<\/p>\n<p>Nuestro ficheros\u00a0son libres de derechos para cualquier reproducci\u00f3n, incluyendo nuestro copyright.<\/p>\n<p>Los mapas est\u00e1n creados con licencias oficiales de programas de Adobe, habitualmente entregamos en version CC, pero podemos entregar tambi\u00e9n en otras versiones.<\/p>\n","protected":false},"excerpt":{"rendered":"<p>Planos y mapas vectoriales de B\u00e9tera, Valencia Mapas vectoriales editables estructurados con capas de B\u00e9tera Planos vectoriales de ciudades de la provincia de Valencia B\u00e9tera\u00a0mapa vectorial illustrator, podemos crear cualquier tipo de mapa del municipio, planos parciales, planos generales, planos de detalle, \u2026etc. En el caso de necesitar un mapa tur\u00edstico impreso podemos realizar todas &hellip; <a href=\"https:\/\/www.bc-maps.com\/mapa-vectorial-eps\/betera-valencia-mapa-vectorial-illustrator-eps-ai-cc\/\" class=\"more-link\">Seguir leyendo <span class=\"screen-reader-text\">B\u00e9tera mapa vectorial Illustrator eps ai CC<\/span> <span class=\"meta-nav\">&rarr;<\/span><\/a><\/p>\n","protected":false},"author":1,"featured_media":6713,"parent":0,"menu_order":0,"comment_status":"closed","ping_status":"closed","template":"","meta":{"footnotes":""},"class_list":["post-6711","page","type-page","status-publish","has-post-thumbnail","hentry"],"_links":{"self":[{"href":"https:\/\/www.bc-maps.com\/mapa-vectorial-eps\/wp-json\/wp\/v2\/pages\/6711","targetHints":{"allow":["GET"]}}],"collection":[{"href":"https:\/\/www.bc-maps.com\/mapa-vectorial-eps\/wp-json\/wp\/v2\/pages"}],"about":[{"href":"https:\/\/www.bc-maps.com\/mapa-vectorial-eps\/wp-json\/wp\/v2\/types\/page"}],"author":[{"embeddable":true,"href":"https:\/\/www.bc-maps.com\/mapa-vectorial-eps\/wp-json\/wp\/v2\/users\/1"}],"replies":[{"embeddable":true,"href":"https:\/\/www.bc-maps.com\/mapa-vectorial-eps\/wp-json\/wp\/v2\/comments?post=6711"}],"version-history":[{"count":3,"href":"https:\/\/www.bc-maps.com\/mapa-vectorial-eps\/wp-json\/wp\/v2\/pages\/6711\/revisions"}],"predecessor-version":[{"id":6855,"href":"https:\/\/www.bc-maps.com\/mapa-vectorial-eps\/wp-json\/wp\/v2\/pages\/6711\/revisions\/6855"}],"wp:featuredmedia":[{"embeddable":true,"href":"https:\/\/www.bc-maps.com\/mapa-vectorial-eps\/wp-json\/wp\/v2\/media\/6713"}],"wp:attachment":[{"href":"https:\/\/www.bc-maps.com\/mapa-vectorial-eps\/wp-json\/wp\/v2\/media?parent=6711"}],"curies":[{"name":"wp","href":"https:\/\/api.w.org\/{rel}","templated":true}]}}